{"id":27423,"date":"2022-06-20T17:13:31","date_gmt":"2022-06-20T10:13:31","guid":{"rendered":"https:\/\/havamall.com\/?post_type=product&#038;p=27423"},"modified":"2022-06-20T17:17:26","modified_gmt":"2022-06-20T10:17:26","slug":"mieng-lot-tamper-silicon-pha-ca-phe-espresso","status":"publish","type":"product","link":"https:\/\/havamall.com\/en\/shop\/mieng-lot-tamper-silicon-pha-ca-phe-espresso\/","title":{"rendered":"Mi\u1ebfng L\u00f3t Tamper Silicon Pha C\u00e0 Ph\u00ea Espresso"},"content":{"rendered":"<p>Trong kh\u00f4ng gian c\u1ee7a qu\u1ea7y pha ch\u1ebf th\u00ec b\u1ea5t c\u1ee9 lo\u1ea1i m\u00e1y m\u00f3c thi\u1ebft b\u1ecb n\u00e0o c\u00f3 m\u1eb7t c\u0169ng c\u1ea7n ph\u1ea3i ti\u1ec7n d\u1ee5ng, chi\u1ebfm \u00edt di\u1ec7n t\u00edch\/kh\u00f4ng gian m\u00e0 v\u1eabn ph\u00e1t huy hi\u1ec7u qu\u1ea3 cao. Mi\u1ebfng l\u00f3t Tamper ra \u0111\u1eddi \u0111\u00e1p \u1ee9ng \u0111\u1ee7 c\u00e1c y\u00eau c\u1ea7u \u0111\u00f3. C\u1ea5u tr\u00fac c\u1ee7a mi\u1ebfng l\u00f3t cho ph\u00e9p ng\u01b0\u1eddi d\u00f9ng c\u00f3 th\u1ec3 \u0111\u1eb7t l\u00ean b\u1ea5t c\u1ee9 b\u1ec1 m\u1eb7t n\u00e0o m\u00e0 v\u1eabn b\u00e1m d\u00ednh t\u1ed1t, ch\u1eafc ch\u1eafn. S\u1ea3n ph\u1ea9m c\u00f3 m\u1ed9t c\u1ea1nh \u0111\u1eb7t v\u1eeba kh\u00edt v\u1edbi c\u1ea1nh b\u00e0n\/qu\u1ea7y gi\u00fap ti\u1ebft ki\u1ec7m kh\u00f4ng gian m\u00e0 v\u1eabn ti\u1ec7n d\u1ee5ng trong su\u1ed1t qu\u00e1 tr\u00ecnh pha.<\/p>\n<p><img fetchpriority=\"high\" decoding=\"async\" class=\"wp-image-27424 aligncenter\" src=\"https:\/\/havamall.com\/wp-content\/uploads\/2022\/06\/1b1c1de11bad5-300x263.png\" alt=\"\" width=\"627\" height=\"550\" \/><\/p>\n<p>\u0110\u1ebf cao su n\u00e9n c\u00e0 ph\u00ea \u0111\u01b0\u1ee3c l\u00e0m t\u1eeb cao su si\u00eau b\u1ec1n v\u1edbi thi\u1ebft k\u1ebf \u0111\u01b0\u1eddng k\u00ednh v\u00e0 tr\u1ecdng l\u01b0\u1ee3ng ti\u00eau chu\u1ea9n. S\u1ea3n ph\u1ea9m n\u00e0y gi\u00fap b\u1ea1n d\u1ec5 d\u00e0ng d\u00f9ng Tamper n\u00e9n c\u00e0 ph\u00ea th\u00edch h\u1ee3p cho t\u1eebng t\u00e1ch c\u00e0 ph\u00ea ho\u00e0n h\u1ea3o.<\/p>\n<p>Ch\u1ed1ng tr\u01b0\u1ee3t , Gi\u1ea3m tr\u1ea7y x\u01b0\u1edbc mi\u1ebfng l\u00f3t Tamper gi\u1eef portafilter kh\u00f4ng b\u1ecb tr\u01b0\u1ee3t kh\u1ecfi m\u1eb7t b\u00e0n khi n\u00e9n c\u00e0 ph\u00ea c\u0169ng nh\u01b0 gi\u00fap m\u1eb7t b\u00e0n kh\u00f4ng b\u1ecb tr\u1ea7y x\u01b0\u1edbc v\u00e0 s\u1ee9t m\u1ebb.\u0110\u1ed9 \u0111\u00e0n h\u1ed3i t\u1ed1t -Tamping mat t\u1ea1o ra m\u1ed9t b\u1ec1 m\u1eb7t \u00eam \u00e1i v\u00e0 \u0111\u00e0n h\u1ed3i gi\u00fap l\u1ef1c n\u00e9n c\u1ee7a b\u1ea1n tr\u1ea3i \u0111\u1ec1u l\u00ean cafe khi gh\u00ec tay xu\u1ed1ng.<\/p>\n<p><img decoding=\"async\" class=\"wp-image-27425 aligncenter\" src=\"https:\/\/havamall.com\/wp-content\/uploads\/2022\/06\/25b6ea85-300x300.png\" alt=\"\" width=\"617\" height=\"617\" \/><\/p>\n<p>Thi\u1ebft k\u1ebf ti\u1ec7n l\u01a1\u0323i,thi\u1ebft k\u1ebf vu\u00f4ng g\u00f3c &amp; nh\u1ecf g\u1ecdn c\u1ee7a mi\u1ebfng l\u00f3t Tamper c\u00f3 th\u1ec3 \u00f4m l\u1ea5y b\u1ea5t c\u1ee9 c\u1ea1nh b\u00e0n n\u00e0o, gi\u00fap barista th\u1ef1c hi\u1ec7n thao t\u00e1c n\u00e9n c\u00e0 ph\u00ea r\u1ea5t thu\u1eadn ti\u1ec7n, chu\u1ea9n x\u00e1c v\u00e0 hi\u1ec7u qu\u1ea3. Thi\u1ebft k\u1ebf c\u00f2n t\u1ea1o ra m\u1ed9t kho\u1ea3ng kh\u00f4ng gian v\u1eeba v\u1eb7n \u0111\u1ec3 \u0111\u1eb7t chi\u1ebfc tamper tr\u00ean m\u1eb7t b\u00e0n pha ch\u1ebf. -B\u1ea3o v\u1ec7 c\u01a1 x\u01b0\u01a1ng c\u1ee7a barista<\/p>\n<p>Ch\u1ea5t li\u1ec7u silicone d\u00e0y t\u1ea1o ra m\u1ed9t \u0111\u1ed9 \u0111\u00e0n h\u1ed3i t\u1ed1t, ch\u00ednh \u0111i\u1ec1u n\u00e0y gi\u00fap b\u1ea3o v\u1ec7 x\u01b0\u01a1ng c\u01a1 vai v\u00e0 c\u1ed5 tay c\u1ee7a barista khi n\u00e9n c\u00e0 ph\u00ea so v\u1edbi vi\u1ec7c n\u00e9n tr\u00ean m\u1ed9t b\u1ec1 m\u1eb7t c\u1ee9ng trong th\u1eddi gian d\u00e0i. V\u00ec l\u00e0m b\u1eb1ng cao su d\u00e0y n\u00ean tu\u1ed5i th\u1ecd c\u1ee7a mi\u1ebfng l\u00f3t r\u1ea5t l\u00e2u. N\u00f3 c\u0169ng d\u1ec5 lau ch\u00f9i, c\u1ecd r\u1eeda, ph\u01a1i kh\u00f4.<\/p>\n<p><img decoding=\"async\" class=\"wp-image-27426 aligncenter\" src=\"https:\/\/havamall.com\/wp-content\/uploads\/2022\/06\/c9facd4380fda7b16368772bca305e38-300x200.jpg\" alt=\"\" width=\"632\" height=\"421\" \/><\/p>\n<h3><strong>C\u00f4ng d\u1ee5ng c\u1ee7a s\u1ea3n ph\u1ea9m:<\/strong><\/h3>\n<p>-Ch\u1ed1ng tr\u01b0\u1ee3t &#8211; Gi\u1ea3m tr\u1ea7y x\u01b0\u1edbc<\/p>\n<p>-Tamping mat gi\u1eef portafilter kh\u00f4ng b\u1ecb tr\u01b0\u1ee3t kh\u1ecfi m\u1eb7t b\u00e0n khi n\u00e9n c\u00e0 ph\u00ea c\u0169ng nh\u01b0 gi\u00fap m\u1eb7t b\u00e0n kh\u00f4ng b\u1ecb tr\u1ea7y x\u01b0\u1edbc v\u00e0 s\u1ee9t m\u1ebb.\u0110\u1ed9 \u0111\u00e0n h\u1ed3i t\u1ed1t<\/p>\n<p>-Tamping mat t\u1ea1o ra m\u1ed9t b\u1ec1 m\u1eb7t \u00eam \u00e1i v\u00e0 \u0111\u00e0n h\u1ed3i gi\u00fap l\u1ef1c n\u00e9n c\u1ee7a b\u1ea1n tr\u1ea3i \u0111\u1ec1u l\u00ean cafe khi gh\u00ec tay xu\u1ed1ng.<\/p>\n<p>-Thi\u1ebft k\u1ebf ti\u1ec7n l\u01a1\u0323i,thi\u1ebft k\u1ebf vu\u00f4ng g\u00f3c &amp; nh\u1ecf g\u1ecdn c\u1ee7a tamping mat c\u00f3 th\u1ec3 \u00f4m l\u1ea5y b\u1ea5t c\u1ee9 c\u1ea1nh b\u00e0n n\u00e0o, gi\u00fap barista th\u1ef1c hi\u1ec7n thao t\u00e1c n\u00e9n c\u00e0 ph\u00ea r\u1ea5t thu\u1eadn ti\u1ec7n, chu\u1ea9n x\u00e1c v\u00e0 hi\u1ec7u qu\u1ea3.<\/p>\n<p>&nbsp;<\/p>","protected":false},"excerpt":{"rendered":"<p>Trong kh\u00f4ng gian c\u1ee7a qu\u1ea7y pha ch\u1ebf th\u00ec b\u1ea5t c\u1ee9 lo\u1ea1i m\u00e1y m\u00f3c thi\u1ebft b\u1ecb n\u00e0o c\u00f3 m\u1eb7t c\u0169ng c\u1ea7n<\/p>","protected":false},"featured_media":27427,"comment_status":"open","ping_status":"closed","template":"","meta":[],"product_brand":[],"product_cat":[393,35],"product_tag":[],"class_list":{"0":"post-27423","1":"product","2":"type-product","3":"status-publish","4":"has-post-thumbnail","6":"product_cat-bep-phong-an","7":"product_cat-nha-cua-doi-song","9":"first","10":"instock","11":"sale","12":"shipping-taxable","13":"purchasable","14":"product-type-simple"},"_links":{"self":[{"href":"https:\/\/havamall.com\/en\/wp-json\/wp\/v2\/product\/27423","targetHints":{"allow":["GET"]}}],"collection":[{"href":"https:\/\/havamall.com\/en\/wp-json\/wp\/v2\/product"}],"about":[{"href":"https:\/\/havamall.com\/en\/wp-json\/wp\/v2\/types\/product"}],"replies":[{"embeddable":true,"href":"https:\/\/havamall.com\/en\/wp-json\/wp\/v2\/comments?post=27423"}],"version-history":[{"count":0,"href":"https:\/\/havamall.com\/en\/wp-json\/wp\/v2\/product\/27423\/revisions"}],"wp:featuredmedia":[{"embeddable":true,"href":"https:\/\/havamall.com\/en\/wp-json\/wp\/v2\/media\/27427"}],"wp:attachment":[{"href":"https:\/\/havamall.com\/en\/wp-json\/wp\/v2\/media?parent=27423"}],"wp:term":[{"taxonomy":"product_brand","embeddable":true,"href":"https:\/\/havamall.com\/en\/wp-json\/wp\/v2\/product_brand?post=27423"},{"taxonomy":"product_cat","embeddable":true,"href":"https:\/\/havamall.com\/en\/wp-json\/wp\/v2\/product_cat?post=27423"},{"taxonomy":"product_tag","embeddable":true,"href":"https:\/\/havamall.com\/en\/wp-json\/wp\/v2\/product_tag?post=27423"}],"curies":[{"name":"wp","href":"https:\/\/api.w.org\/{rel}","templated":true}]}}