{"id":27513,"date":"2022-06-28T10:48:59","date_gmt":"2022-06-28T03:48:59","guid":{"rendered":"https:\/\/havamall.com\/?post_type=product&#038;p=27513"},"modified":"2022-10-24T16:26:14","modified_gmt":"2022-10-24T09:26:14","slug":"mit-say-gion-khong-duong-wenatur-jackfruit-chips","status":"publish","type":"product","link":"https:\/\/havamall.com\/en\/shop\/mit-say-gion-khong-duong-wenatur-jackfruit-chips\/","title":{"rendered":"M\u00edt S\u1ea5y Gi\u00f2n Kh\u00f4ng \u0110\u01b0\u1eddng We&#8217;natur &#8211; JackFruit Chips"},"content":{"rendered":"<p>We&#8217;natur lu\u00f4n \u0111\u1eb7t m\u1ee5c ti\u00eau v\u00e0 \u0111\u1ecbnh h\u01b0\u1edbng ph\u00e1t tri\u1ec3n l\u00e2u d\u00e0i b\u1eb1ng vi\u1ec7c m\u1edf r\u1ed9ng tr\u1ed3ng tr\u1ecdt \u0111\u1ec3 \u0111\u1ea3m b\u1ea3o ngu\u1ed3n nguy\u00ean li\u1ec7u \u0111\u1ea7u v\u00e0o c\u00f3 ki\u1ec3m so\u00e1t v\u00e0 ch\u1ea5t l\u01b0\u1ee3ng nh\u1ea5t.\u00a0V\u1edbi c\u00e1c ti\u00eau ch\u00ed: Tr\u00e1i c\u00e2y t\u01b0\u01a1i ngon, \u0111\u1ea3m b\u1ea3o h\u01b0\u01a1ng v\u1ecb t\u1ef1 nhi\u00eaN, kh\u00f4ng ch\u1ea5t b\u1ea3o qu\u1ea3n, \u0111\u1ea1t chu\u1ea9n ISO &#8211; HACCP: 22000 &#8211; 2018.<\/p>\n<p>M\u00edt S\u1ea5y Gi\u00f2n Kh\u00f4ng \u0110\u01b0\u1eddng We&#8217;natur 100g g\u1ed3m nhi\u1ec1u ch\u1ea5t dinh d\u01b0\u1ee1ng quan tr\u1ecdng nh\u01b0 vitamin A, vitamin C, canxi, kali, s\u1eaft, thiamin, riboflavin, niacin, magneisum v\u00e0 nhi\u1ec1u ch\u1ea5t dinh d\u01b0\u1ee1ng kh\u00e1c.<\/p>\n<p><img fetchpriority=\"high\" decoding=\"async\" class=\"wp-image-27514 aligncenter\" src=\"https:\/\/havamall.com\/wp-content\/uploads\/2022\/06\/278536270-300x225.png\" alt=\"\" width=\"671\" height=\"503\" \/><\/p>\n<p>\u0110\u1eb7c bi\u1ec7t, m\u00edt s\u1ea5y gi\u00f2n we&#8217;natur c\u00f3 th\u00e0nh ph\u1ea7n 100% t\u1eeb m\u00edt t\u01b0\u01a1i, kh\u00f4ng \u0111\u01b0\u1eddng, kh\u00f4ng m\u00e0u v\u00e0 kh\u00f4ng ch\u1ea5t b\u1ea3o qu\u1ea3n. M\u00edt ch\u1ee9a nhi\u1ec1u ch\u1ea5t dinh d\u01b0\u1ee1ng c\u1ea7n thi\u1ebft cho c\u01a1 th\u1ec3, gi\u00fap c\u01a1 th\u1ec3 d\u1ec5 d\u00e0ng h\u1ea5p th\u1ee5 vitamin v\u00e0 c\u00e1c kho\u00e1ng ch\u1ea5t t\u1eeb c\u00e1c th\u1ef1c ph\u1ea9m l\u00e0m t\u1eeb m\u00edt.<\/p>\n<p>Tr\u00e1i c\u00e2y t\u01b0\u01a1i sau khi s\u1ea5y kh\u00f4 c\u0169ng l\u01b0u l\u1ea1i r\u1ea5t nhi\u1ec1u vitamin c\u00f3 s\u1eb5n trong ch\u00fang nh\u01b0 vitamin A, E, B6, B12, Niaxin\u2026 N\u1ebfu b\u1ea1n kh\u00f4ng th\u00edch ho\u1eb7c kh\u00f4ng c\u00f3 th\u1eddi gian \u0103n tr\u00e1i c\u00e2y t\u01b0\u01a1i, b\u1ea1n c\u00f3 th\u1ec3 thay th\u1ebf b\u1eb1ng c\u00e1ch ti\u00eau th\u1ee5 c\u00e1c lo\u1ea1i tr\u00e1i c\u00e2y s\u1ea5y \u0111\u1ec3 b\u1ed5 sung vitamin c\u1ea7n thi\u1ebft cho c\u01a1 th\u1ec3.<\/p>\n<p>M\u00edt S\u1ea5y Gi\u00f2n Kh\u00f4ng \u0110\u01b0\u1eddng We&#8217;natur \u0111\u01b0\u1ee3c tuy\u1ec3n ch\u1ecdn t\u1eeb nh\u1eefng tr\u00e1i m\u00edt t\u01b0\u01a1i, th\u01a1m, ng\u1ecdt, \u0111\u1ed9 ch\u00edn v\u1eeba ph\u1ea3i, qua s\u1ef1 kh\u00e9o l\u00e9o v\u00e0 t\u1ec9 m\u1ec9 theo c\u00f4ng th\u1ee9c \u0111\u1eb7c bi\u1ec7t, \u0111\u00e3 cho ra th\u00e0nh ph\u1ea9m nh\u1eefng mi\u1ebfng m\u00edt s\u1ea5y Yuki\u2019s gi\u00f2n, th\u01a1m.<img decoding=\"async\" class=\"wp-image-27515 aligncenter\" src=\"https:\/\/havamall.com\/wp-content\/uploads\/2022\/06\/274152017-300x300.png\" alt=\"\" width=\"678\" height=\"678\" \/><\/p>\n<h3><strong>C\u00f4ng d\u1ee5ng c\u1ee7a s\u1ea3n ph\u1ea9m:<\/strong><\/h3>\n<p>&gt; T\u1ed1t cho h\u1ec7 ti\u00eau h\u00f3a.<\/p>\n<p>&gt; T\u1ed1t cho s\u1ee9c kh\u1ecfe c\u1ee7a x\u01b0\u01a1ng.<\/p>\n<p>&gt; T\u1ed1t cho s\u1ee9c kh\u1ecfe c\u1ee7a m\u00e1u. T\u1ed1t cho vi\u1ec7c gi\u1ea3m c\u00e2n.<\/p>\n<h3><img decoding=\"async\" class=\"wp-image-27516 aligncenter\" src=\"https:\/\/havamall.com\/wp-content\/uploads\/2022\/06\/mit-say-291x300.png\" alt=\"\" width=\"690\" height=\"711\" \/><\/h3>\n<h3><strong>H\u01b0\u1edbng d\u1eabn s\u1eed d\u1ee5ng:<\/strong><\/h3>\n<p>&#8211; D\u00f9ng tr\u1ef1c ti\u1ebfp ho\u1eb7c ch\u1ebf bi\u1ebfn th\u00e0nh c\u00e1c m\u00f3n \u0103n kh\u00e1c.<\/p>\n<p>&#8211; M\u00edt s\u1ea5y gi\u00f2n we&#8217;natur c\u00f3 th\u1ec3 s\u1eed d\u1ee5ng g\u1ecdn nh\u1eb9 khi xem phim, du l\u1ecbch, picnic hay th\u01b0\u1edfng th\u1ee9c c\u00f9ng tr\u00e0 ho\u1eb7c c\u00e0 ph\u00ea.<\/p>\n<p>&#8211; L\u00e0 m\u1ed9t m\u00f3n \u0103n v\u1eb7t h\u1ea5p d\u1eabn d\u00e0nh t\u1eb7ng gia \u0111\u00ecnh, b\u1ea1n b\u00e8.<\/p>\n<p>S\u1ea3n ph\u1ea9m hi\u1ec7n \u0111\u00e3 c\u00f3 m\u1eb7t t\u1ea1i Havamall.<\/p>\n<p><img loading=\"lazy\" decoding=\"async\" class=\"wp-image-27517 aligncenter\" src=\"https:\/\/havamall.com\/wp-content\/uploads\/2022\/06\/277526026-300x300.png\" alt=\"\" width=\"689\" height=\"689\" \/><\/p>","protected":false},"excerpt":{"rendered":"<p>We&#8217;natur lu\u00f4n \u0111\u1eb7t m\u1ee5c ti\u00eau v\u00e0 \u0111\u1ecbnh h\u01b0\u1edbng ph\u00e1t tri\u1ec3n l\u00e2u d\u00e0i b\u1eb1ng vi\u1ec7c m\u1edf r\u1ed9ng tr\u1ed3ng tr\u1ecdt \u0111\u1ec3 \u0111\u1ea3m<\/p>","protected":false},"featured_media":27518,"comment_status":"open","ping_status":"closed","template":"","meta":[],"product_brand":[],"product_cat":[133,36,134],"product_tag":[],"class_list":{"0":"post-27513","1":"product","2":"type-product","3":"status-publish","4":"has-post-thumbnail","6":"product_cat-banh-keo-chocolate","7":"product_cat-thuc-pham-tieu-dung","8":"product_cat-thucpham-saykho","9":"pa_brand-wenatur","11":"first","12":"outofstock","13":"sale","14":"shipping-taxable","15":"purchasable","16":"product-type-variable"},"_links":{"self":[{"href":"https:\/\/havamall.com\/en\/wp-json\/wp\/v2\/product\/27513","targetHints":{"allow":["GET"]}}],"collection":[{"href":"https:\/\/havamall.com\/en\/wp-json\/wp\/v2\/product"}],"about":[{"href":"https:\/\/havamall.com\/en\/wp-json\/wp\/v2\/types\/product"}],"replies":[{"embeddable":true,"href":"https:\/\/havamall.com\/en\/wp-json\/wp\/v2\/comments?post=27513"}],"version-history":[{"count":0,"href":"https:\/\/havamall.com\/en\/wp-json\/wp\/v2\/product\/27513\/revisions"}],"wp:featuredmedia":[{"embeddable":true,"href":"https:\/\/havamall.com\/en\/wp-json\/wp\/v2\/media\/27518"}],"wp:attachment":[{"href":"https:\/\/havamall.com\/en\/wp-json\/wp\/v2\/media?parent=27513"}],"wp:term":[{"taxonomy":"product_brand","embeddable":true,"href":"https:\/\/havamall.com\/en\/wp-json\/wp\/v2\/product_brand?post=27513"},{"taxonomy":"product_cat","embeddable":true,"href":"https:\/\/havamall.com\/en\/wp-json\/wp\/v2\/product_cat?post=27513"},{"taxonomy":"product_tag","embeddable":true,"href":"https:\/\/havamall.com\/en\/wp-json\/wp\/v2\/product_tag?post=27513"}],"curies":[{"name":"wp","href":"https:\/\/api.w.org\/{rel}","templated":true}]}}