{"id":27528,"date":"2022-06-28T11:46:14","date_gmt":"2022-06-28T04:46:14","guid":{"rendered":"https:\/\/havamall.com\/?post_type=product&#038;p=27528"},"modified":"2022-10-24T16:26:08","modified_gmt":"2022-10-24T09:26:08","slug":"trai-cay-say-gion-wenatur-goi-100g-mixed-fruit-chips","status":"publish","type":"product","link":"https:\/\/havamall.com\/en\/shop\/trai-cay-say-gion-wenatur-goi-100g-mixed-fruit-chips\/","title":{"rendered":"Tr\u00e1i C\u00e2y S\u1ea5y Gi\u00f2n We&#8217;natur G\u00f3i 100g &#8211; Mixed Fruit Chips"},"content":{"rendered":"<p>We\u2019natur lu\u00f4n \u0111\u1eb7t m\u1ee5c ti\u00eau v\u00e0 \u0111\u1ecbnh h\u01b0\u1edbng ph\u00e1t tri\u1ec3n l\u00e2u d\u00e0i b\u1eb1ng vi\u1ec7c m\u1edf r\u1ed9ng tr\u1ed3ng tr\u1ecdt \u0111\u1ec3 \u0111\u1ea3m b\u1ea3o ngu\u1ed3n nguy\u00ean li\u1ec7u \u0111\u1ea7u v\u00e0o c\u00f3 ki\u1ec3m so\u00e1t v\u00e0 ch\u1ea5t l\u01b0\u1ee3ng nh\u1ea5t.\u00a0V\u1edbi c\u00e1c ti\u00eau ch\u00ed: Tr\u00e1i c\u00e2y t\u01b0\u01a1i ngon, \u0111\u1ea3m b\u1ea3o h\u01b0\u01a1ng v\u1ecb t\u1ef1 nhi\u00eaN, kh\u00f4ng ch\u1ea5t b\u1ea3o qu\u1ea3n, \u0111\u1ea1t chu\u1ea9n ISO \u2013 HACCP: 22000 \u2013 2018.<\/p>\n<p>Tr\u00e1i c\u00e2y t\u01b0\u01a1i sau khi s\u1ea5y kh\u00f4 c\u0169ng l\u01b0u l\u1ea1i r\u1ea5t nhi\u1ec1u vitamin c\u00f3 s\u1eb5n trong ch\u00fang nh\u01b0 vitamin\u2026 N\u1ebfu b\u1ea1n kh\u00f4ng th\u00edch ho\u1eb7c kh\u00f4ng c\u00f3 th\u1eddi gian \u0103n tr\u00e1i c\u00e2y t\u01b0\u01a1i, b\u1ea1n c\u00f3 th\u1ec3 thay th\u1ebf b\u1eb1ng c\u00e1ch ti\u00eau th\u1ee5 c\u00e1c lo\u1ea1i tr\u00e1i c\u00e2y s\u1ea5y \u0111\u1ec3 b\u1ed5 sung vitamin c\u1ea7n thi\u1ebft cho c\u01a1 th\u1ec3.<\/p>\n<p><img fetchpriority=\"high\" decoding=\"async\" class=\"wp-image-27541 aligncenter\" src=\"https:\/\/havamall.com\/wp-content\/uploads\/2022\/06\/288205596_560163295772100_3129929578809581158_n-300x300.jpg\" alt=\"\" width=\"628\" height=\"628\" \/><\/p>\n<p>Tr\u00e1i c\u00e2y s\u1ea5y kh\u00f4ng \u0111\u01b0\u1eddng we&#8217;natur 100g c\u00f3 5 th\u00e0nh ph\u1ea7n g\u1ed3m m\u00edt, chu\u1ed1i, khoai m\u00f4n, khoai lang v\u00e0ng v\u00e0 khoai lang t\u00edm ch\u1ee9a nhi\u1ec1u ngu\u1ed3n dinh d\u01b0\u1ee1ng, gi\u00fap b\u1ea1n h\u1ea5p th\u1ee5 m\u1ed9t c\u00e1ch d\u1ec5 d\u00e0ng v\u00e0 hi\u1ec7u qu\u1ea3. \u0110\u1eb7c bi\u1ec7t, s\u1ea3n ph\u1ea9m l\u00e0 m\u1ed9t m\u00f3n \u0103n v\u1eb7t kh\u00f4ng th\u1ec3 thi\u1ebfu \u0111\u1ed1i v\u1edbi d\u00e2n v\u0103n ph\u00f2ng th\u1ef1c th\u1ee5.<\/p>\n<p>Tr\u00e1i c\u00e2y s\u1ea5y gi\u00f2n we&#8217;natur c\u00f3 th\u1ec3 s\u1eed d\u1ee5ng g\u1ecdn nh\u1eb9 khi xem phim, du l\u1ecbch, picnic hay th\u01b0\u1edfng th\u1ee9c c\u00f9ng tr\u00e0 ho\u1eb7c c\u00e0 ph\u00ea. L\u00e0 m\u1ed9t m\u00f3n \u0103n v\u1eb7t h\u1ea5p d\u1eabn d\u00e0nh t\u1eb7ng gia \u0111\u00ecnh, b\u1ea1n b\u00e8.<\/p>\n<p><img decoding=\"async\" class=\"wp-image-27530 aligncenter\" src=\"https:\/\/havamall.com\/wp-content\/uploads\/2022\/06\/2bbaf800a2985-300x290.png\" alt=\"\" width=\"631\" height=\"610\" \/><\/p>\n<p>\u0110\u01b0\u1ee3c s\u1ea3n xu\u1ea5t theo c\u00f4ng ngh\u1ec7 s\u1ea5y ch\u00e2n kh\u00f4ng, m\u1ed9t c\u00f4ng ngh\u1ec7 m\u1edbi ti\u00ean ti\u1ebfn nh\u1ea5t n\u00ean s\u1ea3n ph\u1ea9m sau khi s\u1ea5y v\u1eabn gi\u1eef \u0111\u01b0\u1ee3c nguy\u00ean h\u01b0\u01a1ng v\u1ecb c\u1ee7a n\u00f3, m\u00e0u s\u1eafc c\u1ee7a thi\u00ean nhi\u00ean, c\u00e1c Vitamin c\u1ee7a s\u1ea3n ph\u1ea9m kh\u00f4ng b\u1ecb bi\u1ebfn \u0111\u1ed5i nh\u01b0 khi s\u1ea5y \u1edf nhi\u1ec7t \u0111\u1ed9 cao, ch\u1ea5t b\u00e9o th\u1ea5p, t\u00ednh kh\u00f4 gi\u00f2n t\u1ea1o c\u1ea3m gi\u00e1c ngon mi\u1ec7ng.<\/p>\n<p><img decoding=\"async\" class=\"wp-image-27531 aligncenter\" src=\"https:\/\/havamall.com\/wp-content\/uploads\/2022\/06\/6ba7f15c8e01d4375f268dc402424a35-300x300.jpg\" alt=\"\" width=\"635\" height=\"635\" \/><\/p>\n<p>Tr\u00e1i c\u00e2y s\u1ea5y We&#8217;natur l\u00e0 m\u00f3n \u0103n v\u1eb7t \u0111\u01b0\u1ee3c nhi\u1ec1u ng\u01b0\u1eddi th\u00edch b\u1edfi th\u01b0\u1edfng th\u1ee9c \u0111\u01b0\u1ee3c nhi\u1ec1u h\u01b0\u01a1ng v\u1ecb th\u01a1m ngon th\u00fa v\u1ecb nhi\u1ec1u lo\u1ea1i tr\u00e1i c\u00e2y rau c\u1ee7 qu\u1ea3 s\u1ea5y c\u00f3 v\u1ecb ng\u1ecdt thanh t\u1ef1 nhi\u00ean \u0111\u1eb7c tr\u01b0ng c\u1ee7a m\u1ed7i lo\u1ea1i m\u00edt, chu\u1ed1i, khoai m\u00f4n, khoai lang t\u00edm, khoai lang v\u00e0ng,.. kh\u00f4ng \u0111\u01b0\u1eddng gi\u00f2n x\u1ed1p, s\u1ea3n ph\u1ea9m ho\u00e0n to\u00e0n kh\u00f4ng s\u1eed d\u1ee5ng h\u00f3a ch\u1ea5t v\u00e0 ph\u1ee5 gia th\u1ef1c ph\u1ea9m.<\/p>\n<p>Th\u1eadp c\u1ea9m s\u1ea5y ch\u1ee9a \u00edt ch\u1ea5t b\u00e9o b\u00e3o h\u00f2a,cholesterol, gi\u00e0u axit b\u00e9o omega 3, omega 6. Ngo\u00e0i ra c\u00f2n c\u00f3 vitamin t\u1ed1t cho c\u01a1 vitamin A, vitamin C, vitamin E v\u00e0 vitamin B6,v\u00e0 kho\u00e1ng ch\u1ea5t nh\u01b0 s\u1eaft, magie, ph\u1ed1t pho, kali v\u00e0 mangan, v\u00e0 h\u00e0m l\u01b0\u1ee3ng ch\u1ea5t x\u01a1 r\u1ea5t cao.<\/p>\n<p><img loading=\"lazy\" decoding=\"async\" class=\"wp-image-27532 aligncenter\" src=\"https:\/\/havamall.com\/wp-content\/uploads\/2022\/06\/167588355-300x169.png\" alt=\"\" width=\"652\" height=\"367\" \/><\/p>\n<h3><strong>C\u00f4ng d\u1ee5ng c\u1ee7a s\u1ea3n ph\u1ea9m:<\/strong><\/h3>\n<p>&gt; T\u1ed1t cho h\u1ec7 ti\u00eau h\u00f3a.<\/p>\n<p>&gt; T\u1ed1t cho s\u1ee9c kh\u1ecfe c\u1ee7a x\u01b0\u01a1ng.<\/p>\n<p>&gt; T\u1ed1t cho s\u1ee9c kh\u1ecfe c\u1ee7a m\u00e1u. T\u1ed1t cho vi\u1ec7c gi\u1ea3m c\u00e2n.<\/p>\n<h3><img loading=\"lazy\" decoding=\"async\" class=\"wp-image-27534 aligncenter\" src=\"https:\/\/havamall.com\/wp-content\/uploads\/2022\/06\/ae32d0a3c5ddbbac32e831d1b922bb55-300x300.jpg\" alt=\"\" width=\"655\" height=\"655\" \/><\/h3>\n<h3><strong>H\u01b0\u1edbng d\u1eabn s\u1eed d\u1ee5ng:<\/strong><\/h3>\n<p>\u2013 D\u00f9ng tr\u1ef1c ti\u1ebfp ho\u1eb7c ch\u1ebf bi\u1ebfn th\u00e0nh c\u00e1c m\u00f3n \u0103n kh\u00e1c.<\/p>\n<p>\u2013 Tr\u00e1i c\u00e2y s\u1ea5y s\u1ea5y gi\u00f2n we\u2019natur c\u00f3 th\u1ec3 s\u1eed d\u1ee5ng g\u1ecdn nh\u1eb9 khi xem phim, du l\u1ecbch, picnic hay th\u01b0\u1edfng th\u1ee9c c\u00f9ng tr\u00e0 ho\u1eb7c c\u00e0 ph\u00ea.<\/p>\n<p>\u2013 L\u00e0 m\u1ed9t m\u00f3n \u0103n v\u1eb7t h\u1ea5p d\u1eabn d\u00e0nh t\u1eb7ng gia \u0111\u00ecnh, b\u1ea1n b\u00e8.<\/p>\n<p>S\u1ea3n ph\u1ea9m hi\u1ec7n \u0111\u00e3 c\u00f3 m\u1eb7t t\u1ea1i Havamall.<\/p>\n<h3><img loading=\"lazy\" decoding=\"async\" class=\"aligncenter\" src=\"https:\/\/cf.shopee.vn\/file\/db8b48f6fdf53b0818a5b7a9db186189\" alt=\"Tr\u00e1i C\u00e2y S\u1ea5y Gi\u00f2n] Combo 2 G\u00f3i Tr\u00e1i C\u00e2y S\u1ea5y Gi\u00f2n We'natur 100g | Shopee Vi\u1ec7t Nam\" width=\"659\" height=\"659\" \/><\/h3>","protected":false},"excerpt":{"rendered":"<p>We\u2019natur lu\u00f4n \u0111\u1eb7t m\u1ee5c ti\u00eau v\u00e0 \u0111\u1ecbnh h\u01b0\u1edbng ph\u00e1t tri\u1ec3n l\u00e2u d\u00e0i b\u1eb1ng vi\u1ec7c m\u1edf r\u1ed9ng tr\u1ed3ng tr\u1ecdt \u0111\u1ec3 \u0111\u1ea3m<\/p>","protected":false},"featured_media":27535,"comment_status":"open","ping_status":"closed","template":"","meta":[],"product_brand":[],"product_cat":[36,134],"product_tag":[],"class_list":{"0":"post-27528","1":"product","2":"type-product","3":"status-publish","4":"has-post-thumbnail","6":"product_cat-thuc-pham-tieu-dung","7":"product_cat-thucpham-saykho","8":"pa_brand-wenatur","10":"first","11":"outofstock","12":"sale","13":"shipping-taxable","14":"purchasable","15":"product-type-simple"},"_links":{"self":[{"href":"https:\/\/havamall.com\/en\/wp-json\/wp\/v2\/product\/27528","targetHints":{"allow":["GET"]}}],"collection":[{"href":"https:\/\/havamall.com\/en\/wp-json\/wp\/v2\/product"}],"about":[{"href":"https:\/\/havamall.com\/en\/wp-json\/wp\/v2\/types\/product"}],"replies":[{"embeddable":true,"href":"https:\/\/havamall.com\/en\/wp-json\/wp\/v2\/comments?post=27528"}],"version-history":[{"count":0,"href":"https:\/\/havamall.com\/en\/wp-json\/wp\/v2\/product\/27528\/revisions"}],"wp:featuredmedia":[{"embeddable":true,"href":"https:\/\/havamall.com\/en\/wp-json\/wp\/v2\/media\/27535"}],"wp:attachment":[{"href":"https:\/\/havamall.com\/en\/wp-json\/wp\/v2\/media?parent=27528"}],"wp:term":[{"taxonomy":"product_brand","embeddable":true,"href":"https:\/\/havamall.com\/en\/wp-json\/wp\/v2\/product_brand?post=27528"},{"taxonomy":"product_cat","embeddable":true,"href":"https:\/\/havamall.com\/en\/wp-json\/wp\/v2\/product_cat?post=27528"},{"taxonomy":"product_tag","embeddable":true,"href":"https:\/\/havamall.com\/en\/wp-json\/wp\/v2\/product_tag?post=27528"}],"curies":[{"name":"wp","href":"https:\/\/api.w.org\/{rel}","templated":true}]}}