{"id":27536,"date":"2022-06-28T13:34:48","date_gmt":"2022-06-28T06:34:48","guid":{"rendered":"https:\/\/havamall.com\/?post_type=product&#038;p=27536"},"modified":"2022-10-24T16:25:56","modified_gmt":"2022-10-24T09:25:56","slug":"cu-sen-say-gion-nguyen-chat-wenatur-goi-50g-lotus-root-chips","status":"publish","type":"product","link":"https:\/\/havamall.com\/en\/shop\/cu-sen-say-gion-nguyen-chat-wenatur-goi-50g-lotus-root-chips\/","title":{"rendered":"C\u1ee7 Sen S\u1ea5y Gi\u00f2n Nguy\u00ean Ch\u1ea5t We&#8217;natur G\u00f3i 50g &#8211; Lotus Root Chips"},"content":{"rendered":"<p>C\u1ee7 sen s\u1ea5y\u00a0s\u1ebd b\u1ea3o qu\u1ea3n \u0111\u01b0\u1ee3c l\u00e2u h\u01a1n v\u00e0 v\u1eabn kh\u00f4ng thay \u0111\u1ed5i h\u00e0m l\u01b0\u1ee3ng dinh d\u01b0\u1ee1ng c\u00f3 trong c\u1ee7 sen. C\u0169ng nh\u01b0 h\u1ea1t sen t\u01b0\u01a1i, h\u1ea1t sen kh\u00f4, c\u1ee7 sen \u0111\u01b0\u1ee3c s\u1eed d\u1ee5ng nh\u01b0 m\u1ed9t d\u01b0\u1ee3c li\u1ec7u trong \u0110\u00f4ng Y, l\u00e0 nguy\u00ean li\u1ec7u \u0111\u1ea7u v\u00e0o tuy\u1ec7t v\u1eddi \u0111\u1ec3 ch\u1ebf bi\u1ebfn n\u00ean nhi\u1ec1u m\u00f3n \u0103n ngon.<\/p>\n<p>B\u1ea1n th\u01b0\u1eddng ch\u1ebf bi\u1ebfn c\u1ee7 sen v\u1edbi c\u00e1c m\u00f3n \u0103n quen thu\u1ed9c h\u00e0ng ng\u00e0y nh\u01b0 l\u00e0 canh c\u1ee7 sen h\u1ea7m x\u01b0\u01a1ng, canh c\u1ee7 sen n\u1ea5u v\u1edbi t\u00f4m, c\u1ee7 sen k\u1eb9p th\u1ecbt chi\u00ean gi\u00f2n, kim chi c\u1ee7 sen,\u2026 Nh\u01b0ng m\u00f3n \u0103n v\u1eb7t \u0111\u01b0\u1ee3c g\u1ecdi l\u00e0 \u201cth\u1ea7n th\u00e1nh\u201d ch\u00ednh l\u00e0 c\u1ee7 sen s\u1ea5y.<\/p>\n<p><img fetchpriority=\"high\" decoding=\"async\" class=\"wp-image-27514 aligncenter\" src=\"https:\/\/havamall.com\/wp-content\/uploads\/2022\/06\/278536270-300x225.png\" alt=\"\" width=\"621\" height=\"466\" \/><\/p>\n<p>C\u1ee7 Sen S\u1ea5y Gi\u00f2n Nguy\u00ean Ch\u1ea5t We&#8217;natur \u0111\u01b0\u1ee3c l\u1ef1a ch\u1ecdn k\u1ef9 l\u01b0\u1ee1ng t\u1eeb 100% C\u1ee7 sen t\u01b0\u01a1i k\u1ebft h\u1ee3p v\u1edbi ph\u01b0\u01a1ng ph\u00e1p s\u1ea5y truy\u1ec1n th\u1ed1ng, an to\u00e0n v\u00e0 v\u1ec7 sinh t\u1ea1o n\u00ean s\u1ea3n ph\u1ea9m C\u1ee7 sen s\u1ea5y th\u01a1m ngon. S\u1ea3n ph\u1ea9m ch\u1ee9a \u00edt calories v\u00e0 c\u00f3 l\u01b0\u1ee3ng ch\u1ea5t x\u01a1 c\u1ea7n thi\u1ebft, ph\u00f9 h\u1ee3p v\u1edbi ng\u01b0\u1eddi \u0111ang \u0103n ki\u00eang. S\u1ea3n ph\u1ea9m th\u00edch h\u1ee3p l\u00e0m qu\u00e0 t\u1eb7ng, l\u00e0 m\u00f3n \u0103n v\u1eb7t h\u1ea5p d\u1eabn ho\u1eb7c ch\u1ebf bi\u1ebfn l\u00e0m b\u00e1nh k\u1eb9o, m\u00f3n tr\u00e1ng mi\u1ec7ng,&#8230;<\/p>\n<p><img decoding=\"async\" class=\"wp-image-27539 aligncenter\" src=\"https:\/\/havamall.com\/wp-content\/uploads\/2022\/06\/186481175-300x190.png\" alt=\"\" width=\"630\" height=\"399\" \/><\/p>\n<p>\u0110\u01b0\u1ee3c l\u1ef1a ch\u1ecdn k\u1ef9 l\u01b0\u1ee1ng t\u1eeb kh\u00e2u nguy\u00ean li\u1ec7u, lu\u00f4n \u0111\u1ea3m b\u1ea3o \u0111\u1ed9 nghi\u00eam ng\u1eb7t trong quy tr\u00ecnh s\u1ea3n xu\u1ea5t &amp; ch\u1ebf bi\u1ebfn th\u1ef1c ph\u1ea9m c\u00f9ng v\u1edbi c\u00f4ng ngh\u1ec7 m\u00e1y m\u00f3c hi\u1ec7n \u0111\u1ea1i t\u1ea1o n\u00ean s\u1ea3n ph\u1ea9m C\u1ee7 sen s\u1ea5y v\u1eabn gi\u1eef nguy\u00ean \u0111\u01b0\u1ee3c h\u01b0\u01a1ng v\u1ecb t\u1ef1 nhi\u00ean &amp; th\u01a1m ngon nh\u1ea5t.<\/p>\n<p><img decoding=\"async\" class=\"wp-image-27537 aligncenter\" src=\"https:\/\/havamall.com\/wp-content\/uploads\/2022\/06\/908a7da905ffc4-300x300.png\" alt=\"\" width=\"613\" height=\"613\" \/><\/p>\n<h3 id=\"ftoc-heading-2\" class=\"ftwp-heading\"><strong>C\u00f4ng d\u1ee5ng c\u1ee7a c\u1ee7 sen s\u1ea5y \u0111\u1ed1i v\u1edbi s\u1ee9c kh\u1ecfe<\/strong><\/h3>\n<p>H\u1ea7u nh\u01b0 b\u1ed9 ph\u1eadn n\u00e0o tr\u00ean c\u00e2y sen \u0111\u1ec1u c\u00f3 th\u1ec3 s\u1eed d\u1ee5ng h\u1ebft. Trong Y h\u1ecdc c\u1ed5 truy\u1ec1n c\u1ee7a Vi\u1ec7t Nam \u0111\u1ec1u s\u1eed d\u1ee5ng c\u00e1c th\u00e0nh ph\u1ea7n t\u1eeb sen v\u1edbi m\u1ee5c \u0111\u00edch l\u00e0m d\u01b0\u1ee3c li\u1ec7u. Trong \u0111\u00f3, h\u1ea1t sen v\u00e0 c\u1ee7 sen \u0111\u01b0\u1ee3c \u0111\u00e1nh gi\u00e1 l\u00e0 c\u00f3 c\u00f4ng d\u1ee5ng l\u1edbn trong vi\u1ec7c \u0111i\u1ec1u tr\u1ecb nhi\u1ec1u lo\u1ea1i b\u1ec7nh.<\/p>\n<ul>\n<li id=\"ftoc-heading-3\" class=\"ftwp-heading\">L\u01b0u th\u00f4ng m\u00e1u<\/li>\n<li id=\"ftoc-heading-4\" class=\"ftwp-heading\">C\u00e2n b\u1eb1ng huy\u1ebft \u00e1p<\/li>\n<li id=\"ftoc-heading-5\" class=\"ftwp-heading\">B\u1ea3o v\u1ec7 h\u1ec7 ti\u00eau h\u00f3a<\/li>\n<li id=\"ftoc-heading-6\" class=\"ftwp-heading\">Cung c\u1ea5p vitamin C<\/li>\n<li id=\"ftoc-heading-7\" class=\"ftwp-heading\">Gi\u00fap an th\u1ea7n<\/li>\n<li id=\"ftoc-heading-8\" class=\"ftwp-heading\">B\u1ea3o v\u1ec7 tim m\u1ea1ch<\/li>\n<li id=\"ftoc-heading-9\" class=\"ftwp-heading\">Cung c\u1ea5p vitamin A<\/li>\n<li id=\"ftoc-heading-10\" class=\"ftwp-heading\">Gi\u1ea3m c\u00e2n<\/li>\n<li id=\"ftoc-heading-11\" class=\"ftwp-heading\">T\u1ed1t cho h\u1ec7 h\u00f4 h\u1ea5p<\/li>\n<li id=\"ftoc-heading-12\" class=\"ftwp-heading\">Ph\u00f2ng ch\u1ed1ng c\u00e1c b\u1ec7nh \u0111\u01b0\u1eddng ru\u1ed9t<\/li>\n<\/ul>\n<h3><img loading=\"lazy\" decoding=\"async\" class=\"wp-image-27538 aligncenter\" src=\"https:\/\/havamall.com\/wp-content\/uploads\/2022\/06\/18425246-300x240.png\" alt=\"\" width=\"644\" height=\"515\" \/><\/h3>\n<h3><strong>Th\u00e0nh ph\u1ea7n dinh d\u01b0\u1ee1ng trong 100gr c\u1ee7 sen c\u00f3 ch\u1ee9a:<\/strong><\/h3>\n<ul>\n<li>Ch\u1ea5t x\u01a1: 13%<\/li>\n<li>Kh\u00f4ng ch\u1ee9a cholesterol<\/li>\n<li>Vitamin C: 73%<\/li>\n<li>Gi\u00e0u h\u00e0m l\u01b0\u1ee3ng \u0111\u1ed3ng v\u00e0 s\u1eaft<\/li>\n<li>H\u00e0m l\u01b0\u1ee3ng ch\u1ea5t b\u00e9o th\u1ea5p<\/li>\n<li>Ch\u1ee9a h\u1ed7n h\u1ee3p vitamin B<\/li>\n<li>Gi\u00e0u ch\u1ea5t kho\u00e1ng v\u00e0 protein.<\/li>\n<li>Calories: 74 cal<\/li>\n<\/ul>\n<p><img loading=\"lazy\" decoding=\"async\" class=\"wp-image-27542 aligncenter\" src=\"https:\/\/havamall.com\/wp-content\/uploads\/2022\/06\/286979108n-300x300.jpg\" alt=\"\" width=\"631\" height=\"631\" \/><\/p>","protected":false},"excerpt":{"rendered":"<p>C\u1ee7 sen s\u1ea5y\u00a0s\u1ebd b\u1ea3o qu\u1ea3n \u0111\u01b0\u1ee3c l\u00e2u h\u01a1n v\u00e0 v\u1eabn kh\u00f4ng thay \u0111\u1ed5i h\u00e0m l\u01b0\u1ee3ng dinh d\u01b0\u1ee1ng c\u00f3 trong c\u1ee7<\/p>","protected":false},"featured_media":27540,"comment_status":"open","ping_status":"closed","template":"","meta":[],"product_brand":[],"product_cat":[133,36,134],"product_tag":[],"class_list":{"0":"post-27536","1":"product","2":"type-product","3":"status-publish","4":"has-post-thumbnail","6":"product_cat-banh-keo-chocolate","7":"product_cat-thuc-pham-tieu-dung","8":"product_cat-thucpham-saykho","9":"pa_brand-wenatur","11":"first","12":"outofstock","13":"sale","14":"shipping-taxable","15":"purchasable","16":"product-type-simple"},"_links":{"self":[{"href":"https:\/\/havamall.com\/en\/wp-json\/wp\/v2\/product\/27536","targetHints":{"allow":["GET"]}}],"collection":[{"href":"https:\/\/havamall.com\/en\/wp-json\/wp\/v2\/product"}],"about":[{"href":"https:\/\/havamall.com\/en\/wp-json\/wp\/v2\/types\/product"}],"replies":[{"embeddable":true,"href":"https:\/\/havamall.com\/en\/wp-json\/wp\/v2\/comments?post=27536"}],"version-history":[{"count":0,"href":"https:\/\/havamall.com\/en\/wp-json\/wp\/v2\/product\/27536\/revisions"}],"wp:featuredmedia":[{"embeddable":true,"href":"https:\/\/havamall.com\/en\/wp-json\/wp\/v2\/media\/27540"}],"wp:attachment":[{"href":"https:\/\/havamall.com\/en\/wp-json\/wp\/v2\/media?parent=27536"}],"wp:term":[{"taxonomy":"product_brand","embeddable":true,"href":"https:\/\/havamall.com\/en\/wp-json\/wp\/v2\/product_brand?post=27536"},{"taxonomy":"product_cat","embeddable":true,"href":"https:\/\/havamall.com\/en\/wp-json\/wp\/v2\/product_cat?post=27536"},{"taxonomy":"product_tag","embeddable":true,"href":"https:\/\/havamall.com\/en\/wp-json\/wp\/v2\/product_tag?post=27536"}],"curies":[{"name":"wp","href":"https:\/\/api.w.org\/{rel}","templated":true}]}}