{"id":27544,"date":"2022-06-28T14:16:46","date_gmt":"2022-06-28T07:16:46","guid":{"rendered":"https:\/\/havamall.com\/?post_type=product&#038;p=27544"},"modified":"2022-10-24T16:25:48","modified_gmt":"2022-10-24T09:25:48","slug":"dua-say-gion-wenatur-goi-100g-toasted-coconut-chips","status":"publish","type":"product","link":"https:\/\/havamall.com\/en\/shop\/dua-say-gion-wenatur-goi-100g-toasted-coconut-chips\/","title":{"rendered":"D\u1eeba S\u1ea5y Gi\u00f2n We&#8217;natur G\u00f3i 100g &#8211; Toasted Coconut Chips"},"content":{"rendered":"<p>We\u2019natur lu\u00f4n \u0111\u1eb7t m\u1ee5c ti\u00eau v\u00e0 \u0111\u1ecbnh h\u01b0\u1edbng ph\u00e1t tri\u1ec3n l\u00e2u d\u00e0i b\u1eb1ng vi\u1ec7c m\u1edf r\u1ed9ng tr\u1ed3ng tr\u1ecdt \u0111\u1ec3 \u0111\u1ea3m b\u1ea3o ngu\u1ed3n nguy\u00ean li\u1ec7u \u0111\u1ea7u v\u00e0o c\u00f3 ki\u1ec3m so\u00e1t v\u00e0 ch\u1ea5t l\u01b0\u1ee3ng nh\u1ea5t.\u00a0V\u1edbi c\u00e1c ti\u00eau ch\u00ed: Tr\u00e1i c\u00e2y t\u01b0\u01a1i ngon, \u0111\u1ea3m b\u1ea3o h\u01b0\u01a1ng v\u1ecb t\u1ef1 nhi\u00eaN, kh\u00f4ng ch\u1ea5t b\u1ea3o qu\u1ea3n, \u0111\u1ea1t chu\u1ea9n ISO \u2013 HACCP: 22000 \u2013 2018.<\/p>\n<p>D\u1eeba s\u1ea5y gi\u00f2n We&#8217;natur gi\u00f2n r\u1ee5m \u0111\u01b0\u1ee3c s\u1ea3n xu\u1ea5t t\u1eeb nh\u1eefng qu\u1ea3 d\u1eeba ngon h\u1ea3o h\u1ea1ng , mang h\u01b0\u01a1ng v\u1ecb th\u01a1m ngon, b\u00e9o b\u00f9i, kh\u00f4ng qu\u00e1 ng\u1ecdt s\u1ebd h\u1ea5p d\u1eabn b\u1ea1n \u0111\u1ebfn t\u1eadn mi\u1ebfng cu\u1ed1i c\u00f9ng.<img fetchpriority=\"high\" decoding=\"async\" class=\"wp-image-27545 aligncenter\" src=\"https:\/\/havamall.com\/wp-content\/uploads\/2022\/06\/be755b33a81d9c9c97082c014aa41ca8-300x300.jpg\" alt=\"\" width=\"665\" height=\"665\" \/><\/p>\n<p>D\u1eeba s\u1ea5y We&#8217;natur \u0111\u01b0\u1ee3c l\u1ef1a ch\u1ecdn k\u1ef9 l\u01b0\u1ee1ng t\u1eeb kh\u00e2u nguy\u00ean li\u1ec7u, lu\u00f4n \u0111\u1ea3m b\u1ea3o \u0111\u1ed9 nghi\u00eam ng\u1eb7t trong quy tr\u00ecnh s\u1ea3n xu\u1ea5t &amp; ch\u1ebf bi\u1ebfn th\u1ef1c ph\u1ea9m, c\u00f9ng v\u1edbi c\u00f4ng ngh\u1ec7 m\u00e1y m\u00f3c hi\u1ec7n \u0111\u1ea1i t\u1ea1o n\u00ean s\u1ea3n ph\u1ea9m D\u1eeba s\u1ea5y gi\u00f2n v\u1eabn gi\u1eef nguy\u00ean \u0111\u01b0\u1ee3c h\u01b0\u01a1ng v\u1ecb t\u1ef1 nhi\u00ean &amp; th\u01a1m ngon nh\u1ea5t.<\/p>\n<p>V\u1edbi v\u1ecb ng\u1ecdt v\u1eeba ph\u1ea3i, \u0111\u1ed9 b\u00e9o t\u1ef1 nhi\u00ean t\u1eeb c\u01a1m d\u1eeba; \u0111\u1ed9 gi\u00f2n v\u00e0 h\u01b0\u01a1ng th\u01a1m c\u1ee7a s\u1ea3n ph\u1ea9m khi\u1ebfn cho b\u1ea5t k\u1ef3 ai th\u01b0\u1edfng th\u1ee9c kh\u00f4ng th\u1ec3 qu\u00ean \u0111i.<\/p>\n<p>Th\u01b0\u1edfng th\u1ee9c tr\u1ef1c ti\u1ebfp c\u01a1m d\u1eeba s\u1ea5y gi\u00f2n nh\u01b0 b\u00e1nh snack. D\u00f9ng k\u00e8m v\u1edbi c\u00e1c lo\u1ea1i b\u00e1nh, ch\u00e8 ho\u1eb7c yaourt, sinh t\u1ed1, kem. D\u1eeba s\u1ea5y gi\u00f2n s\u1ebd l\u00e0m trung h\u00f2a v\u1ecb ng\u1ecdt trong c\u00e1c m\u00f3n \u0103n v\u1eb7t s\u1ebd l\u00e0m c\u00e1c m\u00f3n \u0103n v\u1eb7t tr\u1edf n\u00ean h\u1ea5p d\u1eabn h\u01a1n.<\/p>\n<p><img decoding=\"async\" class=\"wp-image-27546 aligncenter\" src=\"https:\/\/havamall.com\/wp-content\/uploads\/2022\/06\/242617330_435609271781979-300x300.png\" alt=\"\" width=\"664\" height=\"664\" \/><\/p>\n<h3><strong>C\u00f4ng d\u1ee5ng c\u1ee7a c\u01a1m d\u1eeba:<\/strong><\/h3>\n<p>&#8211; \u0102n d\u1eeba h\u1ed7 tr\u1ee3 tim kh\u1ecfe nh\u1edd c\u01a1m d\u1eeba r\u1ea5t gi\u00e0u ch\u1ea5t x\u01a1.<\/p>\n<p>&#8211; H\u1ed7 tr\u1ee3 c\u1ea3i thi\u1ec7n ch\u1ee9c n\u0103ng n\u00e3o b\u1ed9: \u0103n c\u01a1m d\u1eeba g\u00f3p ph\u1ea7n h\u1ed7 tr\u1ee3 l\u00e0m ch\u1eadm s\u1ef1 ti\u1ebfn tri\u1ec3n c\u1ee7a Alzheimer (m\u1ed9t d\u1ea1ng b\u1ec7nh m\u1ea5t tr\u00ed nh\u1edb).<\/p>\n<p>&#8211; H\u1ed7 tr\u1ee3 t\u0103ng c\u01b0\u1eddng h\u1ec7 mi\u1ec5n d\u1ecbch nh\u1edd c\u01a1m d\u1eeba ch\u1ee9a 5,2 microgam selen, ch\u1ea5t k\u00edch th\u00edch s\u1ea3n xu\u1ea5t selenoprotein.<\/p>\n<p>&#8211; C\u01a1m d\u1eeba gi\u00e0u kho\u00e1ng ch\u1ea5t, c\u00f3 th\u1ec3 h\u1ed7 tr\u1ee3 ng\u0103n ng\u1eeba ch\u1ee9ng v\u00f4 sinh \u1edf nam gi\u1edbi.<\/p>\n<p>&#8211; C\u01a1m d\u1eeba h\u1ed7 tr\u1ee3 ng\u0103n ng\u1eeba nhi\u1ec1u v\u1ea5n \u0111\u1ec1 v\u1ec1 ti\u00eau h\u00f3a &#8211; V\u00ec c\u01a1m d\u1eeba kh\u00f4ng c\u00f3 t\u00e1c d\u1ee5ng ph\u1ee5 n\u00ean ng\u01b0\u1eddi \u1edf m\u1ecdi l\u1ee9a tu\u1ed5i \u0111\u1ec1u c\u00f3 th\u1ec3 d\u00f9ng \u0111\u01b0\u1ee3c.<img decoding=\"async\" class=\"wp-image-27547 aligncenter\" src=\"https:\/\/havamall.com\/wp-content\/uploads\/2022\/06\/fab9d01a37-300x245.png\" alt=\"\" width=\"638\" height=\"521\" \/><\/p>\n<h3><strong>\u0110\u1eb7c \u0111i\u1ec3m n\u1ed5i b\u1eadt c\u1ee7a s\u1ea3n ph\u1ea9m:<\/strong><\/h3>\n<div>&#8211; 100% nguy\u00ean li\u1ec7u d\u1eeba t\u1ef1 nhi\u00ean<\/div>\n<div><\/div>\n<div>&#8211; S\u1ea3n ph\u1ea9m c\u00f3 \u0111\u1ed9 gi\u00f2n tan th\u01a1m ngon<\/div>\n<div><\/div>\n<div>&#8211; C\u00f4ng ngh\u1ec7 s\u1ea3n xu\u1ea5t hi\u1ec7n \u0111\u1ea1i, an to\u00e0n<\/div>\n<div><\/div>\n<div>&#8211; Kh\u00f4ng cholesterol v\u00e0 ch\u1ea5t b\u1ea3o qu\u1ea3n g\u00e2y h\u1ea1i.<\/div>\n<div><img loading=\"lazy\" decoding=\"async\" class=\"wp-image-27548 aligncenter\" src=\"https:\/\/havamall.com\/wp-content\/uploads\/2022\/06\/286807078_556248566163573-300x300.png\" alt=\"\" width=\"638\" height=\"638\" \/><\/div>","protected":false},"excerpt":{"rendered":"<p>We\u2019natur lu\u00f4n \u0111\u1eb7t m\u1ee5c ti\u00eau v\u00e0 \u0111\u1ecbnh h\u01b0\u1edbng ph\u00e1t tri\u1ec3n l\u00e2u d\u00e0i b\u1eb1ng vi\u1ec7c m\u1edf r\u1ed9ng tr\u1ed3ng tr\u1ecdt \u0111\u1ec3 \u0111\u1ea3m<\/p>","protected":false},"featured_media":27549,"comment_status":"open","ping_status":"closed","template":"","meta":[],"product_brand":[],"product_cat":[133,36,134],"product_tag":[],"class_list":{"0":"post-27544","1":"product","2":"type-product","3":"status-publish","4":"has-post-thumbnail","6":"product_cat-banh-keo-chocolate","7":"product_cat-thuc-pham-tieu-dung","8":"product_cat-thucpham-saykho","9":"pa_brand-wenatur","11":"first","12":"outofstock","13":"sale","14":"shipping-taxable","15":"purchasable","16":"product-type-simple"},"_links":{"self":[{"href":"https:\/\/havamall.com\/en\/wp-json\/wp\/v2\/product\/27544","targetHints":{"allow":["GET"]}}],"collection":[{"href":"https:\/\/havamall.com\/en\/wp-json\/wp\/v2\/product"}],"about":[{"href":"https:\/\/havamall.com\/en\/wp-json\/wp\/v2\/types\/product"}],"replies":[{"embeddable":true,"href":"https:\/\/havamall.com\/en\/wp-json\/wp\/v2\/comments?post=27544"}],"version-history":[{"count":0,"href":"https:\/\/havamall.com\/en\/wp-json\/wp\/v2\/product\/27544\/revisions"}],"wp:featuredmedia":[{"embeddable":true,"href":"https:\/\/havamall.com\/en\/wp-json\/wp\/v2\/media\/27549"}],"wp:attachment":[{"href":"https:\/\/havamall.com\/en\/wp-json\/wp\/v2\/media?parent=27544"}],"wp:term":[{"taxonomy":"product_brand","embeddable":true,"href":"https:\/\/havamall.com\/en\/wp-json\/wp\/v2\/product_brand?post=27544"},{"taxonomy":"product_cat","embeddable":true,"href":"https:\/\/havamall.com\/en\/wp-json\/wp\/v2\/product_cat?post=27544"},{"taxonomy":"product_tag","embeddable":true,"href":"https:\/\/havamall.com\/en\/wp-json\/wp\/v2\/product_tag?post=27544"}],"curies":[{"name":"wp","href":"https:\/\/api.w.org\/{rel}","templated":true}]}}