{"id":27560,"date":"2022-06-28T15:55:27","date_gmt":"2022-06-28T08:55:27","guid":{"rendered":"https:\/\/havamall.com\/?post_type=product&#038;p=27560"},"modified":"2025-06-16T11:48:42","modified_gmt":"2025-06-16T04:48:42","slug":"hat-thi-la-ba-tu-say-lanh-havafoodie-goi-100g-caraway-seed","status":"publish","type":"product","link":"https:\/\/havamall.com\/en\/shop\/hat-thi-la-ba-tu-say-lanh-havafoodie-goi-100g-caraway-seed\/","title":{"rendered":"H\u1ea1t Th\u00ec L\u00e0 Ba T\u01b0 S\u1ea5y L\u1ea1nh Havafoodie G\u00f3i 100g \u2013 Caraway Seed"},"content":{"rendered":"<p>Caraway, c\u00f2n \u0111\u01b0\u1ee3c g\u1ecdi l\u00e0 c\u00e2y th\u00ec l\u00e0 Ba T\u01b0, c\u00e2y th\u00ec l\u00e0 hay t\u00ean khoa h\u1ecdc c\u1ee7a n\u00f3,\u00a0Carum, l\u00e0 m\u1ed9t lo\u1ea1i c\u00e2y c\u00f3 li\u00ean quan ch\u1eb7t ch\u1ebd v\u1edbi c\u00e0 r\u1ed1t, rau m\u00f9i t\u00e2y, c\u1ea7n t\u00e2y,\u00a0rau m\u00f9i\u00a0v\u00e0 th\u00ec l\u00e0. N\u00f3 c\u00f3 l\u00e1 c\u00f3 l\u00f4ng v\u00e0 t\u1ea1o ra nh\u1eefng b\u00f4ng hoa nh\u1ecf m\u00e0u h\u1ed3ng v\u00e0 tr\u1eafng \u2013 c\u0169ng nh\u01b0 m\u1ed9t qu\u1ea3 h\u00ecnh l\u01b0\u1ee1i li\u1ec1m, c\u00f2n \u0111\u01b0\u1ee3c g\u1ecdi l\u00e0 h\u1ea1t gi\u1ed1ng c\u00e2y caraway.<img fetchpriority=\"high\" decoding=\"async\" class=\"wp-image-27551 aligncenter\" src=\"https:\/\/havamall.com\/wp-content\/uploads\/2022\/06\/caraway-300x184.png\" alt=\"\" width=\"655\" height=\"402\" \/><\/p>\n<p>H\u1ea1t caraway c\u00f3 h\u01b0\u01a1ng v\u1ecb m\u1ea1nh m\u1ebd, cay n\u1ed3ng v\u00e0 m\u00f9i th\u01a1m. \u0110i\u1ec1u n\u00e0y l\u00e0 do s\u1ef1 hi\u1ec7n di\u1ec7n c\u1ee7a c\u00e1c h\u1ee3p ch\u1ea5t nh\u01b0 limonene, carvone v\u00e0 anethole. Ch\u00fang th\u01b0\u1eddng \u0111\u01b0\u1ee3c s\u1eed d\u1ee5ng to\u00e0n b\u1ed9 trong m\u00f3n tr\u00e1ng mi\u1ec7ng, salad, s\u00fap, m\u00f3n h\u1ea7m v\u00e0 \u0111\u1ed3 n\u01b0\u1edbng. C\u00e1c lo\u1ea1i tinh d\u1ea7u c\u1ee7a tr\u00e1i c\u00e2y c\u0169ng \u0111\u01b0\u1ee3c chi\u1ebft xu\u1ea5t v\u00e0 s\u1eed d\u1ee5ng trong nhi\u1ec1u s\u1ea3n ph\u1ea9m th\u01b0\u01a1ng m\u1ea1i, nh\u01b0 thu\u1ed1c v\u00e0 r\u01b0\u1ee3u m\u00f9i c\u00f3 h\u01b0\u01a1ng v\u1ecb.<\/p>\n<p>H\u1ea1t carawayc\u00f3 h\u01b0\u01a1ng th\u01a1m c\u1ee7a h\u1ed3i h\u01b0\u01a1ng, pha l\u1eabn ch\u00fat h\u01b0\u01a1ng cam v\u00e0 n\u1ed3ng \u1ea5m c\u1ee7a ti\u00eau. M\u00f3n \u0103n ph\u1ed5 bi\u1ebfn nh\u1ea5t m\u00e0 gia v\u1ecb h\u1ea1t xu\u1ea5t hi\u1ec7n ch\u00ednh l\u00e0 m\u00f3n b\u00e1nh m\u00ec l\u00faa m\u1ea1ch \u0111en, b\u00e1nh m\u00ec v\u00f2ng bagel, t\u1ea5t nhi\u00ean l\u00e0 l\u00e0m v\u00e0 n\u01b0\u1edbng theo phong c\u00e1ch ph\u01b0\u01a1ng T\u00e2y.<\/p>\n<p><img decoding=\"async\" class=\"wp-image-27552 aligncenter\" src=\"https:\/\/havamall.com\/wp-content\/uploads\/2022\/06\/11-Black-300x265.png\" alt=\"\" width=\"656\" height=\"579\" \/><\/p>\n<p>M\u1ed9t s\u1ed1 l\u1ee3i \u00edch c\u1ee7a h\u1ea1t caraway ti\u1ec1m n\u0103ng bao g\u1ed3m t\u0103ng gi\u1ea3m c\u00e2n, gi\u1ea3m l\u01b0\u1ee3ng \u0111\u01b0\u1eddng trong m\u00e1u v\u00e0 c\u1ea3i thi\u1ec7n s\u1ee9c kh\u1ecfe ti\u00eau h\u00f3a. Ch\u00fang c\u0169ng l\u00e0 m\u1ed9t ngu\u1ed3n tuy\u1ec7t v\u1eddi c\u1ee7a m\u1ed9t s\u1ed1 vitamin, kho\u00e1ng ch\u1ea5t v\u00e0 ch\u1ea5t ch\u1ed1ng oxy h\u00f3a quan tr\u1ecdng, l\u00e0m cho ch\u00fang tr\u1edf th\u00e0nh m\u1ed9t b\u1ed5 sung tuy\u1ec7t v\u1eddi \u0111\u1ec3 c\u00e2n b\u1eb1ng t\u1ed1t,\u00a0ch\u1ebf \u0111\u1ed9 \u0103n u\u1ed1ng ch\u1eefa b\u1ec7nh.<img decoding=\"async\" class=\"wp-image-27553 aligncenter\" src=\"https:\/\/havamall.com\/wp-content\/uploads\/2022\/06\/Soft-Pretzels-with-278x300.png\" alt=\"\" width=\"648\" height=\"699\" \/><\/p>\n<p>H\u1ea1t gi\u1ed1ng \u0111\u01b0\u1ee3c coi l\u00e0 m\u1ed9t\u00a0th\u1ee9c \u0103n \u0111\u1eadm \u0111\u1eb7c ch\u1ea5t dinh d\u01b0\u1ee1ng. \u0110i\u1ec1u n\u00e0y c\u00f3 ngh\u0129a l\u00e0 ch\u00fang c\u00f3 l\u01b0\u1ee3ng calo th\u1ea5p nh\u01b0ng \u0111\u00f3ng g\u00f3i m\u1ed9t l\u01b0\u1ee3ng ch\u1ea5t x\u01a1 v\u00e0 ch\u1ea5t ch\u1ed1ng oxy h\u00f3a t\u1ed1t v\u00e0o m\u1ed7i kh\u1ea9u ph\u1ea7n. Ch\u00fang c\u0169ng ch\u1ee9a m\u1ed9t s\u1ed1 quan tr\u1ecdng\u00a0vi ch\u1ea5t dinh d\u01b0\u1ee1ng, bao g\u1ed3m s\u1eaft, magi\u00ea, ph\u1ed1t pho v\u00e0 k\u1ebdm.<\/p>\n<p>Ngo\u00e0i c\u00e1c vitamin v\u00e0 kho\u00e1ng ch\u1ea5t h\u1ea1t caraway c\u00f2n ch\u1ee9a m\u1ed9t l\u01b0\u1ee3ng nh\u1ecf niacin, vitamin B6, folate, vitamin A, vitamin C, vitamin E, choline, k\u1ebdm v\u00e0 selen.<\/p>\n<p><img loading=\"lazy\" decoding=\"async\" class=\"wp-image-27554 aligncenter\" src=\"https:\/\/havamall.com\/wp-content\/uploads\/2022\/06\/69cda1-splendid-table-2014-10-01-vms-017-300x192.jpg\" alt=\"\" width=\"652\" height=\"417\" \/><\/p>\n<h3><strong>C\u00e1ch d\u00f9ng\u00a0h\u1ea1t caraway:<\/strong><\/h3>\n<p>R\u1eafc tr\u1ef1c ti\u1ebfp l\u00ean m\u00f3n \u0103n nh\u01b0<\/p>\n<p>\u2013 Khoai n\u01b0\u1edbng<\/p>\n<p>\u2013 Ph\u00f4 mai<\/p>\n<p>\u2013 B\u00e1nh k\u1eb9o ng\u1ecdt, b\u00e1nh soda<\/p>\n<p>C\u00e1c m\u00f3n n\u1ea5u t\u1eeb b\u00f2<\/p>\n<p>\u2013 C\u00e1c m\u00f3n t\u1eeb th\u1ecbt l\u1ee3n, l\u01b0\u1ee3n rang<\/p>\n<p><img loading=\"lazy\" decoding=\"async\" class=\"wp-image-27555 aligncenter\" src=\"https:\/\/havamall.com\/wp-content\/uploads\/2022\/06\/Rustic-Rye-Brea-300x283.png\" alt=\"\" width=\"673\" height=\"635\" \/><\/p>\n<h3><strong><span id=\"6_loi_ich_hat_giong_hang_dau\">6 l\u1ee3i \u00edch h\u1ea1t gi\u1ed1ng h\u00e0ng \u0111\u1ea7u c\u1ee7a h\u1ea1t caraway:<\/span><\/strong><\/h3>\n<p>\u2013 Ch\u1ea5t ch\u1ed1ng oxy h\u00f3a cao<\/p>\n<p>\u2013 H\u1ed7 tr\u1ee3 s\u1ee9c kh\u1ecfe ti\u00eau h\u00f3a<\/p>\n<p>\u2013 Th\u00fac \u0111\u1ea9y gi\u1ea3m c\u00e2n<\/p>\n<p>\u2013 C\u00f3 th\u1ec3 gi\u00fap ch\u1ed1ng l\u1ea1i c\u00e1c t\u1ebf b\u00e0o ung th\u01b0<\/p>\n<p>\u2013 C\u00f3 th\u1ec3 ng\u0103n ng\u1eeba \u0111\u1ed9ng kinh<\/p>\n<p>\u2013 \u1ed4n \u0111\u1ecbnh l\u01b0\u1ee3ng \u0111\u01b0\u1eddng trong m\u00e1u<\/p>\n<p><img loading=\"lazy\" decoding=\"async\" class=\"wp-image-27557 aligncenter\" src=\"https:\/\/havamall.com\/wp-content\/uploads\/2022\/06\/KING_OYSTER_MUSHROOM_CARAWAY_TORTE-960-240x300.jpg\" alt=\"\" width=\"666\" height=\"833\" \/><\/p>","protected":false},"excerpt":{"rendered":"<p>Caraway, c\u00f2n \u0111\u01b0\u1ee3c g\u1ecdi l\u00e0 c\u00e2y th\u00ec l\u00e0 Ba T\u01b0, c\u00e2y th\u00ec l\u00e0 hay t\u00ean khoa h\u1ecdc c\u1ee7a n\u00f3,\u00a0Carum, l\u00e0<\/p>","protected":false},"featured_media":40720,"comment_status":"open","ping_status":"closed","template":"","meta":[],"product_brand":[],"product_cat":[595,36,134],"product_tag":[],"class_list":{"0":"post-27560","1":"product","2":"type-product","3":"status-publish","4":"has-post-thumbnail","6":"product_cat-gia-vi-va-che-bien","7":"product_cat-thuc-pham-tieu-dung","8":"product_cat-thucpham-saykho","9":"pa_brand-skx","11":"first","12":"instock","13":"sale","14":"shipping-taxable","15":"purchasable","16":"product-type-simple"},"_links":{"self":[{"href":"https:\/\/havamall.com\/en\/wp-json\/wp\/v2\/product\/27560","targetHints":{"allow":["GET"]}}],"collection":[{"href":"https:\/\/havamall.com\/en\/wp-json\/wp\/v2\/product"}],"about":[{"href":"https:\/\/havamall.com\/en\/wp-json\/wp\/v2\/types\/product"}],"replies":[{"embeddable":true,"href":"https:\/\/havamall.com\/en\/wp-json\/wp\/v2\/comments?post=27560"}],"version-history":[{"count":0,"href":"https:\/\/havamall.com\/en\/wp-json\/wp\/v2\/product\/27560\/revisions"}],"wp:featuredmedia":[{"embeddable":true,"href":"https:\/\/havamall.com\/en\/wp-json\/wp\/v2\/media\/40720"}],"wp:attachment":[{"href":"https:\/\/havamall.com\/en\/wp-json\/wp\/v2\/media?parent=27560"}],"wp:term":[{"taxonomy":"product_brand","embeddable":true,"href":"https:\/\/havamall.com\/en\/wp-json\/wp\/v2\/product_brand?post=27560"},{"taxonomy":"product_cat","embeddable":true,"href":"https:\/\/havamall.com\/en\/wp-json\/wp\/v2\/product_cat?post=27560"},{"taxonomy":"product_tag","embeddable":true,"href":"https:\/\/havamall.com\/en\/wp-json\/wp\/v2\/product_tag?post=27560"}],"curies":[{"name":"wp","href":"https:\/\/api.w.org\/{rel}","templated":true}]}}