{"id":27594,"date":"2022-06-29T14:43:19","date_gmt":"2022-06-29T07:43:19","guid":{"rendered":"https:\/\/havamall.com\/?post_type=product&#038;p=27594"},"modified":"2025-12-03T04:15:17","modified_gmt":"2025-12-02T21:15:17","slug":"phin-ca-phe-kari-nhieu-mau-fin-for-coffee","status":"publish","type":"product","link":"https:\/\/havamall.com\/en\/shop\/phin-ca-phe-kari-nhieu-mau-fin-for-coffee\/","title":{"rendered":"Phin C\u00e0 Ph\u00ea KAR\u00cd Nhi\u1ec1u M\u00e0u &#8211; Fin For Coffee"},"content":{"rendered":"<p>N\u00f3i t\u1edbi phin c\u00e0 ph\u00ea, th\u00ec kh\u00f4ng ai trong ch\u00fang ta c\u00f2n xa l\u1ea1 c\u1ea3. H\u00ecnh \u1ea3nh ly c\u00e0 ph\u00ea phin g\u1eafn li\u1ec1n xuy\u00ean su\u1ed1t chi\u1ec1u d\u00e0i l\u1ecbch s\u1eed v\u0103n h\u00f3a c\u00e0 ph\u00ea c\u1ee7a ng\u01b0\u1eddi Vi\u1ec7t. V\u00e0 h\u01a1n th\u1ebf, c\u00e0 ph\u00ea phin \u0111\u00e3 mang t\u1ea7m th\u01b0\u01a1ng hi\u1ec7u, m\u1ed9t n\u00e9t \u0111\u1eb7c tr\u01b0ng ri\u00eang, b\u1ea3n s\u1eafc ri\u00eang c\u1ee7a ng\u01b0\u1eddi Vi\u1ec7t Nam.<\/p>\n<p>Phin pha c\u00e0 ph\u00ea KAR\u00cd \u0111\u01b0\u1ee3c l\u00e0m t\u1eeb inox cao c\u1ea5p n\u00ean s\u1edf h\u1eefu \u0111\u1ed9 b\u1ec1n cao, ch\u1ecbu nhi\u1ec7t t\u1ed1t v\u00ec th\u1ebf b\u1ea1n c\u00f3 th\u1ec3 y\u00ean t\u00e2m s\u1eed d\u1ee5ng s\u1ea3n ph\u1ea9m trong th\u1eddi gian l\u00e2u d\u00e0i.<\/p>\n<p><img fetchpriority=\"high\" decoding=\"async\" class=\"wp-image-27595 aligncenter\" src=\"https:\/\/havamall.com\/wp-content\/uploads\/2022\/06\/32010c279c20a96a9c2b5072f18fbef2-300x237.png\" alt=\"\" width=\"569\" height=\"450\" \/><\/p>\n<p>B\u00ean c\u1ea1nh \u0111\u00f3, ch\u1ea5t li\u1ec7u kh\u00f4ng sinh \u0111\u1ed9c h\u1ea1i, an to\u00e0n cho ng\u01b0\u1eddi s\u1eed d\u1ee5ng c\u00f9ng v\u1edbi k\u00edch th\u01b0\u1edbc nh\u1ecf g\u1ecdn c\u00f3 th\u1ec3 mang \u0111\u1ebfn b\u1ea5t c\u1ee9 n\u01a1i n\u00e0o \u0111\u1ec3 s\u1eed d\u1ee5ng, t\u1ea1o s\u1ef1 linh ho\u1ea1t v\u00e0 thu\u1eadn ti\u1ec7n nh\u1ea5t.<\/p>\n<p>H\u01a1n n\u1eefa, c\u00e1c b\u1ed9 ph\u1eadn c\u00f3 th\u1ec3 d\u1ec5 d\u00e0ng th\u00e1o r\u1eddi \u0111\u1ec3 v\u1ec7 sinh sau khi s\u1eed d\u1ee5ng, ti\u1ebft ki\u1ec7m th\u1eddi gian h\u01a1n trong vi\u1ec7c ch\u00f9i r\u1eeda v\u00e0 b\u1ea3o qu\u1ea3n s\u1ea3n ph\u1ea9m.<img decoding=\"async\" class=\"wp-image-27596 aligncenter\" src=\"https:\/\/havamall.com\/wp-content\/uploads\/2022\/06\/8dc2a1bf59fb9bcd99038fed3b6be43b-300x199.png\" alt=\"\" width=\"566\" height=\"375\" \/><\/p>\n<p>Phin c\u00e0 ph\u00ea KAR\u00cd v\u1edbi thi\u1ebft k\u1ebf b\u1ec1n \u0111\u1eb9p v\u00e0 ch\u1eafc ch\u1eafn. Phin \u0111\u01b0\u1ee3c l\u00e0m t\u1eeb ch\u1ea5t li\u1ec7u inox kh\u00f4ng g\u1ec9, mang \u0111\u1ebfn c\u1ea3m gi\u00e1c ch\u1eafc tay khi c\u1ea7m phin. M\u00e0u s\u00e1ng b\u1ea1c c\u1ee7a phin g\u00f3p ph\u1ea7n mang \u0111\u1ebfn s\u1ef1 sang tr\u1ecdng cho s\u1ea3n ph\u1ea9m, b\u1ea1n c\u00f3 th\u1ec3 s\u1eed d\u1ee5ng phin \u0111\u1ec3 trang tr\u00ed cho kh\u00f4ng gian qu\u00e1n c\u00e0 ph\u00ea, qu\u00e1n bar c\u1ee7a b\u1ea1n.<\/p>\n<p><img decoding=\"async\" class=\"wp-image-27597 aligncenter\" src=\"https:\/\/havamall.com\/wp-content\/uploads\/2022\/06\/2cf622b204befc54e-300x255.png\" alt=\"\" width=\"580\" height=\"493\" \/><\/p>\n<h3><strong>\u0110\u1eb7c \u0111i\u1ec3m n\u1ed5i b\u1eadt c\u1ee7a s\u1ea3n ph\u1ea9m:<\/strong><\/h3>\n<ul>\n<li>Phin cafe nh\u00f4m<span style=\"color: #333333; font-family: Arial, 'Times New Roman', 'Bitstream Charter', Times, serif; font-size: 16px;\">\u00a0m\u1ea1 m\u00e0u c\u00f3 kh\u1ea3 n\u0103ng gi\u1eef nhi\u1ec7t t\u1ed1t.<\/span><\/li>\n<li>Th\u1ea9m m\u1ef9 cao v\u1edbi hoa v\u0103n \u0111\u01b0\u1ee3c kh\u1eafc lazer tr\u00ean n\u1eafp phin.<\/li>\n<li>C\u00f4ng ngh\u1ec7 anod h\u00f3a nh\u00f4m t\u1ea1o v\u1eadt li\u1ec7u anod nh\u00f4m c\u1ef1c k\u1ef3 b\u1ec1n v\u00e0 \u0111\u1ed9 c\u1ee9ng c\u00f3 th\u1ec3 \u0111\u01b0\u1ee3c x\u1ebfp sau kim c\u01b0\u01a1ng.<\/li>\n<li>L\u1edbp b\u1ec1 m\u1eb7t c\u1ee7a nh\u00f4m c\u1ee9ng, r\u1eafn ch\u1eafc.<\/li>\n<li>H\u1ea1n ch\u1ebf tr\u1ea7y x\u01b0\u1edbc.<\/li>\n<li>Kh\u00f4ng d\u1ec5 b\u1ecb \u0103n m\u00f2n.<\/li>\n<li>Kh\u00f4ng b\u1ecb s\u1ee7i b\u1ec1 m\u1eb7t trong n\u01b0\u1edbc mu\u1ed1i, b\u1ecb m\u1ed1c, b\u1ecb m\u1edd, \u1ed1 c\u0169ng nh\u01b0 kh\u00f4ng g\u00e2y ra ph\u1ea3n \u1ee9ng ho\u00e1 h\u1ecdc v\u1edbi th\u1ee9c \u0103n.<\/li>\n<li>Truy\u1ec1n nhi\u1ec7t nhanh, t\u1ecfa nhi\u1ec7t \u0111\u1ec1u, tr\u1ecdng l\u01b0\u1ee3ng nh\u1eb9, thi\u1ebft k\u1ebf s\u00e1ng \u0111\u1eb9p, d\u1ec5 v\u1ec7 sinh.<\/li>\n<\/ul>\n<h3><img loading=\"lazy\" decoding=\"async\" class=\"wp-image-27603 aligncenter\" src=\"https:\/\/havamall.com\/wp-content\/uploads\/2022\/06\/phin-cafe-nhieu-mau-tuyet-dep-300x300.png\" alt=\"\" width=\"540\" height=\"540\" \/><\/h3>\n<h3><strong>H\u01b0\u1edbng d\u1eabn s\u1eed d\u1ee5ng:<\/strong><\/h3>\n<p>&gt; B\u01b0\u1edbc 1: Tr\u01b0\u1edbc khi pha, ch\u00fang ta tr\u00e1ng phin c\u00e0 ph\u00ea qua n\u01b0\u1edbc n\u00f3ng \u0111\u1ec3 \u0111\u1ea3m b\u1ea3o \u0111\u1ee7 l\u01b0\u1ee3ng nhi\u1ec7t h\u1ea5p th\u1ee5 \u0111\u1ec1u cho c\u00e0 ph\u00ea \u0111\u01b0\u1ee3c th\u01a1m ngon<\/p>\n<p>&gt; B\u01b0\u1edbc 2: cho 8 ho\u1eb7c 15g c\u00e0 ph\u00ea b\u1ed9t cho v\u00e0o phin. V\u1edbi c\u00e0 ph\u00ea nguy\u00ean ch\u1ea5t, nh\u1eefng b\u1ea1n th\u00edch u\u1ed1ng c\u00e0 ph\u00ea \u0111\u1eadm th\u01b0\u1eddng n\u00ean cho c\u00e0 ph\u00ea ch\u1eebng n\u1eeda phin.<\/p>\n<p>&gt; B\u01b0\u1edbc 3: Ch\u1ebf m\u1ed9t \u00edt n\u01b0\u1edbc s\u00f4i v\u00e0o phin \u0111\u1ee7 cho c\u00e0 ph\u00ea trong phin n\u00f3ng l\u00ean v\u00e0 n\u1edf ra, ch\u1edd m\u1ed9t l\u00e1t cho n\u01b0\u1edbc s\u00f4i th\u1ea5m h\u1ebft v\u00e0o c\u00e0 ph\u00ea.<\/p>\n<p>&gt; B\u01b0\u1edbc 4: Sau \u0111\u00f3 ch\u1ebf ti\u1ebfp n\u01b0\u1edbc s\u00f4i v\u00e0o phin, c\u00e0 ph\u00ea nguy\u00ean ch\u1ea5t g\u1eb7p n\u01b0\u1edbc s\u00f4i s\u1ebd n\u1edf bung. \u0110\u1eady n\u1eafp phin l\u1ea1i v\u00e0 b\u1ea1n s\u1ebd c\u00f3 1 ly c\u00e0 ph\u00ea th\u01a1m ngon nguy\u00ean ch\u1ea5t.<\/p>\n<p>&nbsp;<\/p>","protected":false},"excerpt":{"rendered":"<p>N\u00f3i t\u1edbi phin c\u00e0 ph\u00ea, th\u00ec kh\u00f4ng ai trong ch\u00fang ta c\u00f2n xa l\u1ea1 c\u1ea3. H\u00ecnh \u1ea3nh ly c\u00e0 ph\u00ea<\/p>","protected":false},"featured_media":27604,"comment_status":"open","ping_status":"closed","template":"","meta":[],"product_brand":[],"product_cat":[393,35],"product_tag":[],"class_list":{"0":"post-27594","1":"product","2":"type-product","3":"status-publish","4":"has-post-thumbnail","6":"product_cat-bep-phong-an","7":"product_cat-nha-cua-doi-song","9":"first","10":"outofstock","11":"sale","12":"shipping-taxable","13":"purchasable","14":"product-type-simple"},"_links":{"self":[{"href":"https:\/\/havamall.com\/en\/wp-json\/wp\/v2\/product\/27594","targetHints":{"allow":["GET"]}}],"collection":[{"href":"https:\/\/havamall.com\/en\/wp-json\/wp\/v2\/product"}],"about":[{"href":"https:\/\/havamall.com\/en\/wp-json\/wp\/v2\/types\/product"}],"replies":[{"embeddable":true,"href":"https:\/\/havamall.com\/en\/wp-json\/wp\/v2\/comments?post=27594"}],"version-history":[{"count":0,"href":"https:\/\/havamall.com\/en\/wp-json\/wp\/v2\/product\/27594\/revisions"}],"wp:featuredmedia":[{"embeddable":true,"href":"https:\/\/havamall.com\/en\/wp-json\/wp\/v2\/media\/27604"}],"wp:attachment":[{"href":"https:\/\/havamall.com\/en\/wp-json\/wp\/v2\/media?parent=27594"}],"wp:term":[{"taxonomy":"product_brand","embeddable":true,"href":"https:\/\/havamall.com\/en\/wp-json\/wp\/v2\/product_brand?post=27594"},{"taxonomy":"product_cat","embeddable":true,"href":"https:\/\/havamall.com\/en\/wp-json\/wp\/v2\/product_cat?post=27594"},{"taxonomy":"product_tag","embeddable":true,"href":"https:\/\/havamall.com\/en\/wp-json\/wp\/v2\/product_tag?post=27594"}],"curies":[{"name":"wp","href":"https:\/\/api.w.org\/{rel}","templated":true}]}}