{"id":27614,"date":"2022-06-29T15:25:14","date_gmt":"2022-06-29T08:25:14","guid":{"rendered":"https:\/\/havamall.com\/?post_type=product&#038;p=27614"},"modified":"2026-03-21T03:57:14","modified_gmt":"2026-03-20T20:57:14","slug":"dua-tuoi-dong-lon-wenatur-pineapple-in-light-syrup-565g","status":"publish","type":"product","link":"https:\/\/havamall.com\/en\/shop\/dua-tuoi-dong-lon-wenatur-pineapple-in-light-syrup-565g\/","title":{"rendered":"D\u1ee9a T\u01b0\u01a1i \u0110\u00f3ng Lon We&#8217;natur &#8211; Pineapple In Light Syrup 565g"},"content":{"rendered":"<p>D\u1ee9a\u00a0l\u00e0 lo\u1ea1i tr\u00e1i c\u00e2y nhi\u1ec7t \u0111\u1edbi r\u1ea5t gi\u00e0u vitamin, enzym v\u00e0 ch\u1ea5t ch\u1ed1ng oxy h\u00f3a. Ch\u00fang c\u00f3 th\u1ec3 gi\u00fap t\u0103ng c\u01b0\u1eddng h\u1ec7 th\u1ed1ng mi\u1ec5n d\u1ecbch, x\u00e2y d\u1ef1ng x\u01b0\u01a1ng ch\u1eafc kh\u1ecfe v\u00e0 h\u1ed7 tr\u1ee3 ch\u1ee9ng kh\u00f3 ti\u00eau. Th\u00eam v\u00e0o \u0111\u00f3, m\u1eb7c d\u00f9 c\u00f3 v\u1ecb ng\u1ecdt nh\u01b0ng d\u1ee9a l\u1ea1i ch\u1ee9a \u00edt calo.<\/p>\n<p>Theo USDA, m\u1ed9t c\u1ed1c d\u1ee9a ch\u1ec9 ch\u1ee9a 74 calo.\u00a0D\u1ee9a \u0111\u00f3ng lon\u00a0c\u0169ng kh\u00f4ng c\u00f3 ch\u1ea5t b\u00e9o, kh\u00f4ng cholesterol v\u00e0 \u00edt natri. Vi\u1ec7n Linus Pauling t\u1ea1i \u0110\u1ea1i h\u1ecdc bang Oregon t\u1eebng cho bi\u1ebft d\u1ee9a \u0111\u00f3ng lon c\u00f3 ch\u1ee9a m\u1ed9t l\u01b0\u1ee3ng \u0111\u00e1ng k\u1ec3 vitamin C, m\u1ed9t ch\u1ea5t ch\u1ed1ng oxy h\u00f3a h\u00f2a tan trong n\u01b0\u1edbc ch\u1ed1ng l\u1ea1i t\u1ed5n th\u01b0\u01a1ng t\u1ebf b\u00e0o. \u0110i\u1ec1u n\u00e0y l\u00e0m cho vitamin C tr\u1edf th\u00e0nh m\u1ed9t chi\u1ebfn binh h\u1eefu \u00edch ch\u1ed1ng l\u1ea1i c\u00e1c v\u1ea5n \u0111\u1ec1 nh\u01b0 b\u1ec7nh tim v\u00e0 \u0111au kh\u1edbp.<\/p>\n<p><img fetchpriority=\"high\" decoding=\"async\" class=\"wp-image-27615 aligncenter\" src=\"https:\/\/havamall.com\/wp-content\/uploads\/2022\/06\/124184625-300x200.png\" alt=\"\" width=\"668\" height=\"445\" \/><\/p>\n<p>D\u1ee9a t\u01b0\u01a1i\u00a0hay d\u1ee9a \u0111\u00f3ng lon c\u00f3 th\u1ec3 gi\u00fap b\u1ea1n ph\u00e1t tri\u1ec3n chi\u1ec1u cao v\u1ec1 m\u1eb7t ngo\u1ea1i h\u00ecnh v\u00e0 c\u00f3 s\u1ee9c \u0111\u1ec1 kh\u00e1ng m\u1ea1nh m\u1ebd. Nh\u01b0ng kh\u00f4ng gi\u1ed1ng nh\u01b0 nhi\u1ec1u lo\u1ea1i tr\u00e1i c\u00e2y v\u00e0 rau kh\u00e1c, d\u1ee9a ch\u1ee9a m\u1ed9t l\u01b0\u1ee3ng \u0111\u00e1ng k\u1ec3 bromelain, m\u1ed9t lo\u1ea1i enzyme ph\u00e2n h\u1ee7y protein, c\u00f3 th\u1ec3 gi\u00fap ti\u00eau h\u00f3a. Nhi\u1ec1u nghi\u00ean c\u1ee9u \u0111\u00e3 g\u1ee3i \u00fd r\u1eb1ng bromelain c\u0169ng c\u00f3 th\u1ec3 h\u1eefu \u00edch trong vi\u1ec7c \u0111i\u1ec1u tr\u1ecb vi\u00eam x\u01b0\u01a1ng kh\u1edbp.<\/p>\n<p>D\u1ee9a \u0111\u00f3ng lon Na&#8217;tur \u0111\u01b0\u1ee3c tuy\u1ec3n ch\u1ecdn t\u1eeb nh\u1eefng tr\u00e1i d\u1ee9a t\u01b0\u01a1i ngon m\u1ecdng n\u01b0\u1edbc, \u0111\u1ea3m b\u1ea3o \u0111\u1ed9 gi\u00f2n ng\u1ecdt, s\u1ea3n ph\u1ea9m D\u1ee9a T\u01b0\u01a1i \u0111\u00f3ng lon Dann Food s\u1eed d\u1ee5ng c\u00f4ng ngh\u1ec7 thanh tr\u00f9ng cao c\u1ea5p gi\u00fap mang l\u1ea1i h\u01b0\u01a1ng v\u1ecb th\u01a1m ngon ngon, an to\u00e0n v\u00e0 cung c\u1ea5p dinh d\u01b0\u1ee1ng cho s\u1ee9c kh\u1ecfe b\u1ea1n &amp; gia \u0111\u00ecnh th\u00e2n y\u00eau.<\/p>\n<p><img decoding=\"async\" class=\"aligncenter\" src=\"https:\/\/havamall.com\/wp-content\/uploads\/2022\/06\/pineapple-slices-in-syrup.jpg\" width=\"662\" height=\"536\" \/><\/p>\n<p>Ngo\u00e0i vi\u1ec7c c\u00f3 nhi\u1ec1u vitamin C, bromelain trong d\u1ee9a c\u00f3 th\u1ec3 gi\u00fap gi\u1ea3m ch\u1ea5t nh\u1ea7y trong c\u1ed5 h\u1ecdng v\u00e0 m\u0169i khi k\u1ebft h\u1ee3p v\u1edbi m\u1eadt ong. V\u00ec v\u1eady, n\u1ebfu b\u1ea1n b\u1ecb c\u1ea3m l\u1ea1nh v\u00e0 ho, h\u00e3y th\u1eed m\u1ed9t v\u00e0i mi\u1ebfng d\u1ee9a. Nh\u1eefng ng\u01b0\u1eddi b\u1ecb d\u1ecb \u1ee9ng c\u00f3 th\u1ec3 c\u00e2n nh\u1eafc k\u1ebft h\u1ee3p d\u1ee9a v\u00e0o ch\u1ebf \u0111\u1ed9 \u0103n u\u1ed1ng c\u1ee7a h\u1ecd th\u01b0\u1eddng xuy\u00ean h\u01a1n \u0111\u1ec3 gi\u1ea3m ch\u1ea5t nh\u1ea7y xoang l\u00e2u d\u00e0i.<\/p>\n<p><img decoding=\"async\" class=\"aligncenter\" src=\"https:\/\/havamall.com\/wp-content\/uploads\/2022\/06\/content web-min(2).jpg\" alt=\"\" width=\"674\" height=\"539\" \/><\/p>","protected":false},"excerpt":{"rendered":"<p>D\u1ee9a\u00a0l\u00e0 lo\u1ea1i tr\u00e1i c\u00e2y nhi\u1ec7t \u0111\u1edbi r\u1ea5t gi\u00e0u vitamin, enzym v\u00e0 ch\u1ea5t ch\u1ed1ng oxy h\u00f3a. Ch\u00fang c\u00f3 th\u1ec3 gi\u00fap t\u0103ng<\/p>","protected":false},"featured_media":27616,"comment_status":"open","ping_status":"closed","template":"","meta":[],"product_brand":[],"product_cat":[36,143],"product_tag":[],"class_list":{"0":"post-27614","1":"product","2":"type-product","3":"status-publish","4":"has-post-thumbnail","6":"product_cat-thuc-pham-tieu-dung","7":"product_cat-thuc-pham-dong-hop","8":"pa_brand-wenatur","10":"first","11":"outofstock","12":"sale","13":"shipping-taxable","14":"purchasable","15":"product-type-simple"},"_links":{"self":[{"href":"https:\/\/havamall.com\/en\/wp-json\/wp\/v2\/product\/27614","targetHints":{"allow":["GET"]}}],"collection":[{"href":"https:\/\/havamall.com\/en\/wp-json\/wp\/v2\/product"}],"about":[{"href":"https:\/\/havamall.com\/en\/wp-json\/wp\/v2\/types\/product"}],"replies":[{"embeddable":true,"href":"https:\/\/havamall.com\/en\/wp-json\/wp\/v2\/comments?post=27614"}],"version-history":[{"count":0,"href":"https:\/\/havamall.com\/en\/wp-json\/wp\/v2\/product\/27614\/revisions"}],"wp:featuredmedia":[{"embeddable":true,"href":"https:\/\/havamall.com\/en\/wp-json\/wp\/v2\/media\/27616"}],"wp:attachment":[{"href":"https:\/\/havamall.com\/en\/wp-json\/wp\/v2\/media?parent=27614"}],"wp:term":[{"taxonomy":"product_brand","embeddable":true,"href":"https:\/\/havamall.com\/en\/wp-json\/wp\/v2\/product_brand?post=27614"},{"taxonomy":"product_cat","embeddable":true,"href":"https:\/\/havamall.com\/en\/wp-json\/wp\/v2\/product_cat?post=27614"},{"taxonomy":"product_tag","embeddable":true,"href":"https:\/\/havamall.com\/en\/wp-json\/wp\/v2\/product_tag?post=27614"}],"curies":[{"name":"wp","href":"https:\/\/api.w.org\/{rel}","templated":true}]}}