{"id":27621,"date":"2022-06-29T16:11:37","date_gmt":"2022-06-29T09:11:37","guid":{"rendered":"https:\/\/havamall.com\/?post_type=product&#038;p=27621"},"modified":"2022-10-24T16:25:14","modified_gmt":"2022-10-24T09:25:14","slug":"nhan-tuoi-dong-lon-wenatur-565g-longan-in-syrup","status":"publish","type":"product","link":"https:\/\/havamall.com\/en\/shop\/nhan-tuoi-dong-lon-wenatur-565g-longan-in-syrup\/","title":{"rendered":"Nh\u00e3n T\u01b0\u01a1i \u0110\u00f3ng Lon We&#8217;natur 565g &#8211; Longan In Syrup"},"content":{"rendered":"<p>We\u2019natur lu\u00f4n \u0111\u1eb7t m\u1ee5c ti\u00eau v\u00e0 \u0111\u1ecbnh h\u01b0\u1edbng ph\u00e1t tri\u1ec3n l\u00e2u d\u00e0i b\u1eb1ng vi\u1ec7c m\u1edf r\u1ed9ng tr\u1ed3ng tr\u1ecdt \u0111\u1ec3 \u0111\u1ea3m b\u1ea3o ngu\u1ed3n nguy\u00ean li\u1ec7u \u0111\u1ea7u v\u00e0o c\u00f3 ki\u1ec3m so\u00e1t v\u00e0 ch\u1ea5t l\u01b0\u1ee3ng nh\u1ea5t.\u00a0V\u1edbi c\u00e1c ti\u00eau ch\u00ed: Tr\u00e1i c\u00e2y t\u01b0\u01a1i ngon, \u0111\u1ea3m b\u1ea3o h\u01b0\u01a1ng v\u1ecb t\u1ef1 nhi\u00eaN, kh\u00f4ng ch\u1ea5t b\u1ea3o qu\u1ea3n, \u0111\u1ea1t chu\u1ea9n ISO \u2013 HACCP: 22000 \u2013 2018.<\/p>\n<p>Nh\u00e3n \u0111\u00f3ng lon We&#8217;natur \u0111\u01b0\u1ee3c tuy\u1ec3n l\u1ef1a t\u1eeb nh\u1eefng tr\u00e1i Nh\u00e3n t\u01b0\u01a1i ngon nh\u1ea5t, ch\u00fang t\u00f4i mong mu\u1ed1n \u0111em \u0111\u1ebfn s\u1ea3n ph\u1ea9m Nh\u00e3n t\u01b0\u01a1i \u0111\u00f3ng lon \u0111\u1ea3m b\u1ea3o an to\u00e0n, dinh d\u01b0\u1ee1ng cho s\u1ee9c kh\u1ecfe b\u1ea1n &amp; gia \u0111\u00ecnh th\u00e2n y\u00eau.<\/p>\n<p><img fetchpriority=\"high\" decoding=\"async\" class=\"wp-image-27623 aligncenter\" src=\"https:\/\/havamall.com\/wp-content\/uploads\/2022\/06\/canned-300x225.png\" alt=\"\" width=\"632\" height=\"474\" \/><\/p>\n<p>S\u1ea3n ph\u1ea9m \u0111\u01b0\u1ee3c s\u1ea3n xu\u1ea5t tr\u00ean d\u00e2y chuy\u1ec1n hi\u1ec7n \u0111\u1ea1i, s\u1ea3n ph\u1ea9m \u0111\u01b0\u1ee3c \u0111\u00f3ng h\u1ed9p b\u1eb1ng ch\u1ea5t li\u1ec7u thi\u1ebfc an to\u00e0n, ch\u1eafc ch\u1eafn v\u1edbi kh\u1ed1i l\u01b0\u1ee3ng 565g.<\/p>\n<p>Nh\u00e3n c\u00f3 v\u1ecb ng\u1ecdt, t\u00ednh b\u00ecnh, qu\u1ea3 m\u00e0u v\u00e0ng n\u00e2u, h\u1ea1t \u0111en nh\u00e1nh, l\u1edbp c\u01a1m d\u00e0y m\u00e0u tr\u1eafng bao b\u1ecdc h\u1ea1t. Theo nghi\u00ean c\u1ee9u khoa h\u1ecdc, qu\u1ea3 nh\u00e3n c\u00f3 ch\u1ee9a c\u00e1c vi ch\u1ea5t nh\u01b0 S\u1eaft, Magie, K\u1ebdm, Kali, Photpho, Protein, ch\u1ea5t b\u00e9o, \u0111\u01b0\u1eddng Sacaroza, Glucoza.<\/p>\n<p><img decoding=\"async\" class=\"wp-image-27624 aligncenter\" src=\"https:\/\/havamall.com\/wp-content\/uploads\/2022\/06\/288675086_-300x296.png\" alt=\"\" width=\"635\" height=\"626\" \/><\/p>\n<h3><strong>C\u00f4ng d\u1ee5ng c\u1ee7a nh\u00e3n:<\/strong><\/h3>\n<p>\u2013 Nh\u00e3n c\u00f3 nhi\u1ec1u Vitamin A, C, axit h\u1eefu c\u01a1 v\u00e0 ch\u1ea5t x\u01a1 c\u00f3 t\u00e1c d\u1ee5ng r\u1ea5t t\u1ed1t cho s\u1ee9c kh\u1ecfe.<\/p>\n<p>\u2013 H\u00e0m l\u01b0\u1ee3ng vitamin C trong nh\u00e3n d\u1ed3i d\u00e0o gi\u00fap n\u00e2ng cao s\u1ee9c \u0111\u1ec1 kh\u00e1ng cho c\u01a1 th\u1ec3, ng\u0103n ng\u1eeba cao huy\u1ebft \u00e1p v\u00e0 m\u1ed9t s\u1ed1 b\u1ec7nh v\u1ec1 tim m\u1ea1ch.<\/p>\n<p>\u2013 Nh\u00e3n ch\u1ee9a nhi\u1ec1u d\u01b0\u1ee1ng ch\u1ea5t, \u0111\u1eb7c bi\u1ec7t l\u00e0 \u0111\u1ed3ng v\u00e0 canxi trong nh\u00e3n gi\u00fap x\u01b0\u01a1ng kh\u01a1\u0301p ch\u0103\u0301c kho\u0309e, giu\u0301p x\u01b0\u01a1ng pha\u0301t tri\u00ea\u0309n, ng\u01b0\u0300a b\u00ea\u0323nh loa\u0303ng x\u01b0\u01a1ng.<\/p>\n<p>\u2013 Trong qu\u1ea3 nh\u00e3n ch\u1ee9a h\u00e0m l\u01b0\u1ee3ng l\u1edbn ch\u1ea5t s\u1eaft gi\u00fap ph\u00f2ng ng\u1eeba \u0111\u01b0\u1ee3c b\u1ec7nh thi\u1ebfu m\u00e1u.<\/p>\n<p><img decoding=\"async\" class=\"wp-image-27625 aligncenter\" src=\"https:\/\/havamall.com\/wp-content\/uploads\/2022\/06\/277161474-300x300.png\" alt=\"\" width=\"641\" height=\"641\" \/><\/p>\n<h3><strong>H\u01b0\u1edbng d\u1eabn s\u1eed d\u1ee5ng:<\/strong><\/h3>\n<p>\u2013 Nh\u00e3n \u0111\u00f3ng lon We&#8217;natur v\u1edbi h\u01b0\u01a1ng v\u1ecb th\u01a1m ngon ri\u00eang, c\u00f3 th\u1ec3 d\u00f9ng v\u1edbi nhi\u1ec1u m\u1ee5c \u0111\u00edch s\u1eed d\u1ee5ng kh\u00e1c nhau.<\/p>\n<p>\u2013 B\u1ea1n c\u00f3 th\u1ec3 d\u00f9ng s\u1ea3n ph\u1ea9m \u0111\u1ec3 pha ch\u1ebf n\u01b0\u1edbc u\u1ed1ng gi\u1ea3i kh\u00e1t<\/p>\n<p>\u2013 Ch\u1ebf bi\u1ebfn th\u00e0nh c\u00e1c m\u00f3n \u0103n<\/p>\n<p>\u2013\u00a0C\u00f3 th\u1ec3 \u0103n ngay, kh\u00f4ng c\u1ea7n qua x\u1eed l\u00fd nhi\u1ec7t.<\/p>","protected":false},"excerpt":{"rendered":"<p>We\u2019natur lu\u00f4n \u0111\u1eb7t m\u1ee5c ti\u00eau v\u00e0 \u0111\u1ecbnh h\u01b0\u1edbng ph\u00e1t tri\u1ec3n l\u00e2u d\u00e0i b\u1eb1ng vi\u1ec7c m\u1edf r\u1ed9ng tr\u1ed3ng tr\u1ecdt \u0111\u1ec3 \u0111\u1ea3m<\/p>","protected":false},"featured_media":27622,"comment_status":"open","ping_status":"closed","template":"","meta":[],"product_brand":[],"product_cat":[36,143],"product_tag":[],"class_list":{"0":"post-27621","1":"product","2":"type-product","3":"status-publish","4":"has-post-thumbnail","6":"product_cat-thuc-pham-tieu-dung","7":"product_cat-thuc-pham-dong-hop","8":"pa_brand-wenatur","10":"first","11":"outofstock","12":"sale","13":"shipping-taxable","14":"purchasable","15":"product-type-simple"},"_links":{"self":[{"href":"https:\/\/havamall.com\/en\/wp-json\/wp\/v2\/product\/27621","targetHints":{"allow":["GET"]}}],"collection":[{"href":"https:\/\/havamall.com\/en\/wp-json\/wp\/v2\/product"}],"about":[{"href":"https:\/\/havamall.com\/en\/wp-json\/wp\/v2\/types\/product"}],"replies":[{"embeddable":true,"href":"https:\/\/havamall.com\/en\/wp-json\/wp\/v2\/comments?post=27621"}],"version-history":[{"count":0,"href":"https:\/\/havamall.com\/en\/wp-json\/wp\/v2\/product\/27621\/revisions"}],"wp:featuredmedia":[{"embeddable":true,"href":"https:\/\/havamall.com\/en\/wp-json\/wp\/v2\/media\/27622"}],"wp:attachment":[{"href":"https:\/\/havamall.com\/en\/wp-json\/wp\/v2\/media?parent=27621"}],"wp:term":[{"taxonomy":"product_brand","embeddable":true,"href":"https:\/\/havamall.com\/en\/wp-json\/wp\/v2\/product_brand?post=27621"},{"taxonomy":"product_cat","embeddable":true,"href":"https:\/\/havamall.com\/en\/wp-json\/wp\/v2\/product_cat?post=27621"},{"taxonomy":"product_tag","embeddable":true,"href":"https:\/\/havamall.com\/en\/wp-json\/wp\/v2\/product_tag?post=27621"}],"curies":[{"name":"wp","href":"https:\/\/api.w.org\/{rel}","templated":true}]}}