{"id":27626,"date":"2022-06-30T10:08:31","date_gmt":"2022-06-30T03:08:31","guid":{"rendered":"https:\/\/havamall.com\/?post_type=product&#038;p=27626"},"modified":"2022-10-24T16:25:20","modified_gmt":"2022-10-24T09:25:20","slug":"chom-chom-nhan-dua-dong-lon-wenatur-565g-rambutan-stuffed-with-pineapple-in-syrup","status":"publish","type":"product","link":"https:\/\/havamall.com\/en\/shop\/chom-chom-nhan-dua-dong-lon-wenatur-565g-rambutan-stuffed-with-pineapple-in-syrup\/","title":{"rendered":"Ch\u00f4m Ch\u00f4m Nh\u00e2n D\u1ee9a \u0110\u00f3ng Lon We&#8217;natur 565g &#8211; Rambutan Stuffed With Pineapple In Syrup"},"content":{"rendered":"<p>Ch\u00f4m ch\u00f4m nh\u00e2n d\u1ee9a We&#8217;natur \u0111\u01b0\u1ee3c tuy\u1ec3n ch\u1ecdn t\u1eeb nh\u1eefng tr\u00e1i ch\u00f4m ch\u00f4m t\u01b0\u01a1i ngon \u0111\u1ea3m b\u1ea3o \u0111\u1ed9 gi\u00f2n ng\u1ecdt nh\u1ea5t, k\u1ebft h\u1ee3p v\u1edbi nh\u1eefng tr\u00e1i D\u1ee9a ch\u00edn c\u00e2y, l\u00e0 lo\u1ea1i D\u1ee9a \u201c\u0111\u1eb7c bi\u1ec7t\u201d th\u01a1m ngon \u0111\u01b0\u1ee3c tr\u1ed3ng tr\u00ean v\u00f9ng \u0111\u1ea5t \u0111\u1ed3i n\u00fai, c\u00f9ng v\u1edbi c\u00f4ng ngh\u1ec7 thanh tr\u00f9ng cao c\u1ea5p t\u1ea1o n\u00ean s\u1ea3n ph\u1ea9m Ch\u00f4m ch\u00f4m nh\u00e2n d\u1ee9a h\u1ed9i t\u1ee5 y\u1ebfu t\u1ed1 th\u01a1m ngon, an to\u00e0n, \u0111\u1ee7 ch\u1ea5t dinh d\u01b0\u1ee1ng cho s\u1ee9c kh\u1ecfe b\u1ea1n &amp; gia \u0111\u00ecnh th\u00e2n y\u00eau.<\/p>\n<p>Ch\u00f4m ch\u00f4m nh\u00e2n d\u1ee9a \u0111\u00f3ng h\u1ed9p We&#8217;c\u00f3 h\u01b0\u01a1ng v\u1ecb th\u01a1m ngon, m\u00e0u tr\u1eafng t\u1ef1 nhi\u00ean, khi \u0103n m\u1ec1m v\u00e0 c\u00f3 v\u1ecb ng\u1ecdt thanh, c\u01a1m d\u00e0y d\u00f9ng \u0111\u1ec3 gi\u1ea3i kh\u00e1t, tr\u00e1ng mi\u1ec7ng. \u0110\u1ed3ng th\u1eddi, n\u01b0\u1edbc ch\u00f4m ch\u00f4m h\u01a1i s\u00e1nh l\u1ea1i th\u00edch h\u1ee3p d\u00f9ng trong pha ch\u1ebf r\u1ea5t tuy\u1ec7t h\u1ea3o.<img fetchpriority=\"high\" decoding=\"async\" class=\"wp-image-27630 aligncenter\" src=\"https:\/\/havamall.com\/wp-content\/uploads\/2022\/06\/282187667-300x260.png\" alt=\"\" width=\"620\" height=\"538\" \/><\/p>\n<p>Ch\u00f4m ch\u00f4m nh\u00e2n D\u1ee9a ng\u00e2m \u0111\u01b0\u1ee3c l\u1ef1a ch\u1ecdn t\u1eeb nh\u1eefng tr\u00e1i t\u01b0\u01a1i ngon tr\u1ea3i qua qu\u00e1 tr\u00ecnh x\u1eed l\u00fd v\u00e0 cho v\u00e0o ng\u00e2m c\u00f9ng n\u01b0\u1edbc \u0111\u01b0\u1eddng t\u1ea1o n\u00ean v\u1ecb chua ng\u1ecdt c\u00f9ng m\u00f9i th\u01a1m r\u1ea5t \u0111\u1eb7c tr\u01b0ng.<\/p>\n<p>B\u1ea1n c\u00f3 th\u1ec3 d\u00f9ng \u0111\u1ec3 pha c\u00e1c lo\u1ea1i cocktail, ch\u00e8 kh\u00fac b\u1ea1ch, tr\u00e0 v\u1ea3i hot nh\u01b0 hi\u1ec7n nay ho\u1eb7c ch\u1ebf bi\u1ebfn m\u00f3n \u0103n theo s\u00e1ng t\u1ea1o ri\u00eang c\u1ee7a b\u1ea3n th\u00e2n.<img decoding=\"async\" class=\"wp-image-27631 aligncenter\" src=\"https:\/\/havamall.com\/wp-content\/uploads\/2022\/06\/ch\u00f4m-ch\u00f4m-300x300.png\" alt=\"\" width=\"616\" height=\"616\" \/><\/p>\n<h4><strong>L\u1ee3i \u00edch c\u1ee7a ch\u00f4m ch\u00f4m:<\/strong><\/h4>\n<p>&gt;Ch\u00f4m ch\u00f4m c\u00f3 c\u00f4ng d\u1ee5ng ch\u1ee9a nhi\u1ec1u ch\u1ea5t x\u01a1, d\u01b0\u1ee1ng ch\u1ea5t t\u1ed1t cho s\u1ee9c kh\u1ecfe, ch\u1ed1ng m\u1ea5t ng\u1ee7, c\u0103ng th\u1eb3ng, m\u1ec7t m\u1ecfi\u2026<\/p>\n<p>&gt;Ch\u00f4m ch\u00f4m c\u00f2n ch\u1ee9a nhi\u1ec1u kali. Ngo\u00e0i ra cung c\u1ea5p vitamin C ch\u1ea5t dinh d\u01b0\u1ee1ng ch\u1ed1ng l\u1ea1i s\u1ef1 oxy h\u00f3a gi\u1eefa c\u00e1c m\u00f4 li\u00ean k\u1ebft kh\u00e1c.<\/p>\n<p>&gt;Ch\u00f4m ch\u00f4m c\u00f3 ch\u1ee9a nhi\u1ec1u ch\u1ea5t kho\u00e1ng, \u0111\u1eb7c bi\u1ec7t l\u00e0 \u0111\u1ed3ng v\u00e0 s\u1eaft n\u00ean mang l\u1ea1i nhi\u1ec1u c\u00f4ng d\u1ee5ng t\u1ed1t cho s\u1ee9c kh\u1ecfe. N\u00f3 gi\u00fap k\u00edch th\u00edch s\u1ea3n sinh c\u00e1c t\u1ebf b\u00e0o h\u1ed3ng c\u1ea7u v\u00e0 b\u1ea1ch c\u1ea7u r\u1ea5t t\u1ed1t cho m\u00e1u, t\u1eeb \u0111\u00f3 ki\u1ec3m so\u00e1t \u0111\u01b0\u1ee3c t\u00ecnh tr\u1ea1ng ch\u00f3ng m\u1eb7t, h\u1ea1 huy\u1ebft \u00e1p,\u2026<\/p>\n<p><img decoding=\"async\" class=\"wp-image-19657 aligncenter\" src=\"https:\/\/havamall.com\/wp-content\/uploads\/2021\/04\/southeast-1-300x200.jpg\" alt=\"\" width=\"611\" height=\"407\" \/><\/p>\n<h4><strong>H\u01b0\u1edbng d\u1eabn s\u1eed d\u1ee5ng:<\/strong><\/h4>\n<p>\u2013 Ch\u00f4m Ch\u00f4m nh\u00e2n d\u1ee9a th\u00edch h\u1ee3p l\u00e0m c\u00e1c m\u00f3n tr\u00e1ng mi\u1ec7ng m\u00e1t m\u1ebb cho m\u00f9a h\u00e8<\/p>\n<p>\u2013 D\u00f9ng \u0111\u1ec3 \u0103n tr\u1ef1c ti\u1ebfp<\/p>\n<p>\u2013 \u0102n tr\u1ef1c ti\u1ebfp<\/p>\n<p>\u2013 D\u00f9ng \u0111\u1ec3 ch\u1ebf bi\u1ebfn tr\u00e0 ch\u00f4m ch\u00f4m nh\u00e2n d\u1ee9a<\/p>\n<p>\u2013 Yourt, panna cotta, bingsu, trang tr\u00ed b\u00e1nh v\u00e0 c\u00e1c m\u00f3n tr\u00e1ng mi\u1ec7ng.<\/p>","protected":false},"excerpt":{"rendered":"<p>Ch\u00f4m ch\u00f4m nh\u00e2n d\u1ee9a We&#8217;natur \u0111\u01b0\u1ee3c tuy\u1ec3n ch\u1ecdn t\u1eeb nh\u1eefng tr\u00e1i ch\u00f4m ch\u00f4m t\u01b0\u01a1i ngon \u0111\u1ea3m b\u1ea3o \u0111\u1ed9 gi\u00f2n ng\u1ecdt<\/p>","protected":false},"featured_media":27632,"comment_status":"open","ping_status":"closed","template":"","meta":[],"product_brand":[],"product_cat":[36,143],"product_tag":[],"class_list":{"0":"post-27626","1":"product","2":"type-product","3":"status-publish","4":"has-post-thumbnail","6":"product_cat-thuc-pham-tieu-dung","7":"product_cat-thuc-pham-dong-hop","8":"pa_brand-wenatur","10":"first","11":"outofstock","12":"sale","13":"shipping-taxable","14":"purchasable","15":"product-type-simple"},"_links":{"self":[{"href":"https:\/\/havamall.com\/en\/wp-json\/wp\/v2\/product\/27626","targetHints":{"allow":["GET"]}}],"collection":[{"href":"https:\/\/havamall.com\/en\/wp-json\/wp\/v2\/product"}],"about":[{"href":"https:\/\/havamall.com\/en\/wp-json\/wp\/v2\/types\/product"}],"replies":[{"embeddable":true,"href":"https:\/\/havamall.com\/en\/wp-json\/wp\/v2\/comments?post=27626"}],"version-history":[{"count":0,"href":"https:\/\/havamall.com\/en\/wp-json\/wp\/v2\/product\/27626\/revisions"}],"wp:featuredmedia":[{"embeddable":true,"href":"https:\/\/havamall.com\/en\/wp-json\/wp\/v2\/media\/27632"}],"wp:attachment":[{"href":"https:\/\/havamall.com\/en\/wp-json\/wp\/v2\/media?parent=27626"}],"wp:term":[{"taxonomy":"product_brand","embeddable":true,"href":"https:\/\/havamall.com\/en\/wp-json\/wp\/v2\/product_brand?post=27626"},{"taxonomy":"product_cat","embeddable":true,"href":"https:\/\/havamall.com\/en\/wp-json\/wp\/v2\/product_cat?post=27626"},{"taxonomy":"product_tag","embeddable":true,"href":"https:\/\/havamall.com\/en\/wp-json\/wp\/v2\/product_tag?post=27626"}],"curies":[{"name":"wp","href":"https:\/\/api.w.org\/{rel}","templated":true}]}}