{"id":27634,"date":"2022-06-30T10:23:48","date_gmt":"2022-06-30T03:23:48","guid":{"rendered":"https:\/\/havamall.com\/?post_type=product&#038;p=27634"},"modified":"2022-10-24T16:25:24","modified_gmt":"2022-10-24T09:25:24","slug":"cocktail-trai-cay-nhiet-doi-dong-lon-wenatur-565g-tropical-fruit-cocktail","status":"publish","type":"product","link":"https:\/\/havamall.com\/en\/shop\/cocktail-trai-cay-nhiet-doi-dong-lon-wenatur-565g-tropical-fruit-cocktail\/","title":{"rendered":"Cocktail Tr\u00e1i C\u00e2y Nhi\u1ec7t \u0110\u1edbi \u0110\u00f3ng Lon We&#8217;natur 565g \u2013 Tropical Fruit Cocktail"},"content":{"rendered":"<p>We\u2019natur lu\u00f4n \u0111\u1eb7t m\u1ee5c ti\u00eau v\u00e0 \u0111\u1ecbnh h\u01b0\u1edbng ph\u00e1t tri\u1ec3n l\u00e2u d\u00e0i b\u1eb1ng vi\u1ec7c m\u1edf r\u1ed9ng tr\u1ed3ng tr\u1ecdt \u0111\u1ec3 \u0111\u1ea3m b\u1ea3o ngu\u1ed3n nguy\u00ean li\u1ec7u \u0111\u1ea7u v\u00e0o c\u00f3 ki\u1ec3m so\u00e1t v\u00e0 ch\u1ea5t l\u01b0\u1ee3ng nh\u1ea5t.\u00a0V\u1edbi c\u00e1c ti\u00eau ch\u00ed: Tr\u00e1i c\u00e2y t\u01b0\u01a1i ngon, \u0111\u1ea3m b\u1ea3o h\u01b0\u01a1ng v\u1ecb t\u1ef1 nhi\u00eaN, kh\u00f4ng ch\u1ea5t b\u1ea3o qu\u1ea3n, \u0111\u1ea1t chu\u1ea9n ISO \u2013 HACCP: 22000 \u2013 2018.<\/p>\n<p>T\u1eeb nh\u1eefng tr\u00e1i c\u00e2y \u0111\u01b0\u1ee3c tr\u1ed3ng an to\u00e0n tr\u00ean \u0111\u1ed3i n\u00fai hoang s\u01a1 c\u1ee7a x\u1ee9 s\u1ecf \u201cHoa v\u00e0ng tr\u00ean c\u1ecf xanh\u201d, d\u1ee9a \u0110\u1ed3ng Dinh, \u0111u \u0111\u1ee7 Hairieng\u2026\u0111\u01b0\u1ee3c s\u1ea3n xu\u1ea5t b\u1eb1ng c\u00f4ng ngh\u1ec7 thanh-ti\u1ec7t tr\u00f9ng cao c\u1ea5p, t\u1ea1o n\u00ean nh\u1eefng lon tr\u00e1i c\u00e2y t\u01b0\u01a1i ngon-t\u1ef1 nhi\u00ean.<\/p>\n<p><img fetchpriority=\"high\" decoding=\"async\" class=\"wp-image-27635 aligncenter\" src=\"https:\/\/havamall.com\/wp-content\/uploads\/2022\/06\/284851399-300x300.png\" alt=\"\" width=\"616\" height=\"616\" \/><\/p>\n<p>Cocktail tr\u00e1i c\u00e2y We&#8217;natur \u0111\u01b0\u1ee3c s\u1ea3n xu\u1ea5t tr\u00ean quy tr\u00ecnh c\u00f4ng ngh\u1ec7 hi\u1ec7n \u0111\u1ea1i, \u0111\u1ea3m b\u1ea3o ch\u1ea5t l\u01b0\u1ee3ng v\u00e0 an to\u00e0n cho ng\u01b0\u1eddi s\u1eed d\u1ee5ng. S\u1ea3n ph\u1ea9m tr\u00e1i c\u00e2y \u0111\u00f3ng h\u1ed9p ch\u1ee9a nhi\u1ec1u vitamin r\u1ea5t t\u1ed1t cho s\u1ee9c kh\u1ecfe ng\u01b0\u1eddi s\u1eed d\u1ee5ng.<\/p>\n<p><img decoding=\"async\" class=\"wp-image-20613 aligncenter\" src=\"https:\/\/havamall.com\/wp-content\/uploads\/2018\/05\/bbff-300x300.png\" alt=\"\" width=\"609\" height=\"608\" \/><\/p>\n<p>Tr\u00e1i c\u00e2y l\u00e0 ngu\u1ed3n th\u1ef1c ph\u1ea9m v\u1eeba c\u00f3 t\u00ednh gi\u1ea3i nhi\u1ec7t, l\u1ea1i c\u00f3 th\u00e0nh ph\u1ea7n dinh d\u01b0\u1ee1ng cao cung c\u1ea5p cho c\u01a1 th\u1ec3 n\u00ean kh\u00f4ng kh\u00f3 \u0111\u1ec3 hi\u1ec3u v\u00ec sao nhi\u1ec1u b\u1ea1n r\u1ea5t \u01b0a chu\u1ed9ng tr\u00e1i c\u00e2y v\u00e0 l\u00fac n\u00e0o trong nh\u00e0 c\u0169ng c\u00f3 kh\u00f4ng nhi\u1ec1u th\u00ec \u00edt. Tuy nhi\u00ean tr\u00e1i c\u00e2y th\u01b0\u1eddng kh\u00f3 b\u1ea3o qu\u1ea3n l\u00e2u \u0111\u1ec3 s\u1eed d\u1ee5ng d\u1ea7n \u0111\u01b0\u1ee3c v\u00ec th\u1ebf m\u00e0 cocktail tr\u00e1i c\u00e2y nhi\u1ec7t \u0111\u1edbi We&#8217;natur ra \u0111\u1eddi nh\u01b0 m\u1ed9t v\u1ecb c\u1ee9u tinh c\u1ee7a b\u1ea1n.<\/p>\n<p><img decoding=\"async\" class=\"wp-image-20614 aligncenter\" src=\"https:\/\/havamall.com\/wp-content\/uploads\/2018\/05\/vfv-f-300x200.png\" alt=\"\" width=\"614\" height=\"410\" \/><\/p>\n<p>Cocktail tr\u00e1i c\u00e2y \u0111\u01b0\u1ee3c l\u00e0m t\u1eeb nhi\u1ec1u lo\u1ea1i hoa qu\u1ea3 t\u01b0\u01a1i nh\u01b0 d\u1eeba, \u0111u \u0111\u1ee7, anh \u0111\u00e0o gi\u00fap cung c\u1ea5p n\u01b0\u1edbc v\u00e0 c\u00e1c vitamin c\u1ea7n thi\u1ebft cho c\u01a1 th\u1ec3, mang l\u1ea1i cho b\u1ea1n v\u00f3c d\u00e1ng v\u00e0 l\u00e0n da ho\u00e0n h\u1ea3o.<\/p>\n<h4><strong>\u0110\u1eb7c \u0111i\u1ec3m s\u1ea3n ph\u1ea9m:<\/strong><\/h4>\n<p>\u2013 H\u01b0\u01a1ng v\u1ecb chua ng\u1ecdt v\u1eeba v\u1eb7n, g\u1ed3m nhi\u1ec1u lo\u1ea1i tr\u00e1i c\u00e2y kh\u00e1c nhau mang \u0111\u1ebfn h\u01b0\u01a1ng v\u1ecb tr\u00e1i c\u00e2y nhi\u1ec7t \u0111\u1edbi b\u00f9ng n\u1ed5 m\u1ea1nh m\u1ebd.<\/p>\n<p>\u2013 Cung c\u1ea5p n\u01b0\u1edbc v\u00e0 c\u00e1c vitamin thi\u1ebft y\u1ebfu cho c\u01a1 th\u1ec3, mang l\u1ea1i cho b\u1ea1n v\u00f3c d\u00e1ng v\u00e0 l\u00e0n da ho\u00e0n h\u1ea3o.<\/p>\n<p>\u2013 S\u1ea3n xu\u1ea5t tr\u00ean quy tr\u00ecnh hi\u1ec7n \u0111\u1ea1i, kh\u00e2u ki\u1ec3m tra nghi\u00eam ng\u1eb7t.<\/p>\n<p>\u2013 \u0110\u00f3ng h\u1ed9p c\u1ea9n th\u1eadn, bao b\u00ec, th\u00f4ng tin chi ti\u1ebft.<\/p>\n<p>\u2013 Kh\u00f4ng ch\u1ee9a ch\u1ea5t b\u1ea3o qu\u1ea3n \u0111\u1ed9c h\u1ea1i, \u0111\u1ea3m b\u1ea3o v\u1ec7 sinh an to\u00e0n th\u1ef1c ph\u1ea9m.<\/p>\n<p>\u2013 S\u1ea3n ph\u1ea9m v\u1edbi d\u1ea1ng lon ti\u1ec7n d\u1ee5ng, b\u1ea1n c\u00f3 th\u1ec3 mang theo khi \u0111i ch\u01a1i, \u0111i l\u00e0m ho\u1eb7c trong c\u00e1c chuy\u1ebfn du l\u1ecbch, d\u00e3 ngo\u1ea1i\u2026 v\u00e0 b\u1ed5 sung ngu\u1ed3n n\u0103ng l\u01b0\u1ee3ng k\u1ecbp th\u1eddi cho c\u01a1 th\u1ec3 ngay khi c\u1ea7n thi\u1ebft.<\/p>\n<p><img loading=\"lazy\" decoding=\"async\" class=\"wp-image-27636 aligncenter\" src=\"https:\/\/havamall.com\/wp-content\/uploads\/2022\/06\/tr\u00e1i-c\u00e2y-\u0111\u00f3ng-lon-1-min-300x300.jpg\" alt=\"\" width=\"618\" height=\"618\" \/><\/p>\n<h4><strong>H\u01b0\u1edbng d\u1eabn s\u1eed d\u1ee5ng:<\/strong><\/h4>\n<p>\u2013 \u0102n tr\u1ef1c ti\u1ebfp ho\u1eb7c c\u00f3 th\u1ec3 d\u00f9ng \u0111\u1ec3 pha cocktail, l\u00e0m b\u00e1nh ho\u1eb7c c\u00e1c m\u00f3n tr\u00e1ng mi\u1ec7ng.<\/p>\n<p>\u2013 L\u00e0m salad gi\u00fap gi\u1ea3m c\u00e2n gi\u1eef d\u00e1ng.<\/p>\n<p>\u2013 L\u00e0m kem gi\u1ea3i nhi\u1ec7t m\u00f9a h\u00e8.<\/p>\n<p>S\u1ea3n ph\u1ea9m hi\u1ec7n \u0111\u00e3 c\u00f3 m\u1eb7t t\u1ea1i Havamall.<\/p>","protected":false},"excerpt":{"rendered":"<p>We\u2019natur lu\u00f4n \u0111\u1eb7t m\u1ee5c ti\u00eau v\u00e0 \u0111\u1ecbnh h\u01b0\u1edbng ph\u00e1t tri\u1ec3n l\u00e2u d\u00e0i b\u1eb1ng vi\u1ec7c m\u1edf r\u1ed9ng tr\u1ed3ng tr\u1ecdt \u0111\u1ec3 \u0111\u1ea3m<\/p>","protected":false},"featured_media":27637,"comment_status":"open","ping_status":"closed","template":"","meta":[],"product_brand":[],"product_cat":[36,143],"product_tag":[],"class_list":{"0":"post-27634","1":"product","2":"type-product","3":"status-publish","4":"has-post-thumbnail","6":"product_cat-thuc-pham-tieu-dung","7":"product_cat-thuc-pham-dong-hop","8":"pa_brand-wenatur","10":"first","11":"outofstock","12":"sale","13":"shipping-taxable","14":"purchasable","15":"product-type-simple"},"_links":{"self":[{"href":"https:\/\/havamall.com\/en\/wp-json\/wp\/v2\/product\/27634","targetHints":{"allow":["GET"]}}],"collection":[{"href":"https:\/\/havamall.com\/en\/wp-json\/wp\/v2\/product"}],"about":[{"href":"https:\/\/havamall.com\/en\/wp-json\/wp\/v2\/types\/product"}],"replies":[{"embeddable":true,"href":"https:\/\/havamall.com\/en\/wp-json\/wp\/v2\/comments?post=27634"}],"version-history":[{"count":0,"href":"https:\/\/havamall.com\/en\/wp-json\/wp\/v2\/product\/27634\/revisions"}],"wp:featuredmedia":[{"embeddable":true,"href":"https:\/\/havamall.com\/en\/wp-json\/wp\/v2\/media\/27637"}],"wp:attachment":[{"href":"https:\/\/havamall.com\/en\/wp-json\/wp\/v2\/media?parent=27634"}],"wp:term":[{"taxonomy":"product_brand","embeddable":true,"href":"https:\/\/havamall.com\/en\/wp-json\/wp\/v2\/product_brand?post=27634"},{"taxonomy":"product_cat","embeddable":true,"href":"https:\/\/havamall.com\/en\/wp-json\/wp\/v2\/product_cat?post=27634"},{"taxonomy":"product_tag","embeddable":true,"href":"https:\/\/havamall.com\/en\/wp-json\/wp\/v2\/product_tag?post=27634"}],"curies":[{"name":"wp","href":"https:\/\/api.w.org\/{rel}","templated":true}]}}