{"id":27663,"date":"2022-07-01T10:23:02","date_gmt":"2022-07-01T03:23:02","guid":{"rendered":"https:\/\/havamall.com\/?post_type=product&#038;p=27663"},"modified":"2025-08-21T15:04:09","modified_gmt":"2025-08-21T08:04:09","slug":"bot-mu-tat-vang-havafoodies-goi-100g-mustard-powder","status":"publish","type":"product","link":"https:\/\/havamall.com\/en\/shop\/bot-mu-tat-vang-havafoodies-goi-100g-mustard-powder\/","title":{"rendered":"B\u1ed9t M\u00f9 T\u1ea1t V\u00e0ng Havafoodies G\u00f3i 100g &#8211; Mustard Powder"},"content":{"rendered":"<p>M\u00f9 t\u1ea1c hay m\u00f9 t\u1ea1t (ti\u1ebfng Ph\u00e1p &#8220;moutarde&#8221;) l\u00e0 t\u00ean g\u1ecdi chung \u0111\u1ec3 ch\u1ec9 m\u1ed9t s\u1ed1 lo\u00e0i th\u1ef1c v\u1eadt thu\u1ed9c chi Brassica v\u00e0 chi Sinapis c\u00f3 h\u1ea1t nh\u1ecf \u0111\u01b0\u1ee3c s\u1eed d\u1ee5ng \u0111\u1ec3 l\u00e0m gia v\u1ecb b\u1eb1ng c\u00e1ch nghi\u1ec1n nh\u1ecf sau \u0111\u00f3 tr\u1ed9n v\u1edbi n\u01b0\u1edbc, d\u1ea5m hay c\u00e1c ch\u1ea5t l\u1ecfng kh\u00e1c tr\u1edf th\u00e0nh c\u00e1c lo\u1ea1i b\u1ed9t nh\u00e3o l\u00e0m m\u00f9 t\u1ea1c th\u01b0\u01a1ng ph\u1ea9m.<\/p>\n<p>M\u00f9 t\u1ea1t \u0111\u01b0\u1ee3c s\u1eed d\u1ee5ng nh\u01b0 m\u1ed9t lo\u1ea1i gia v\u1ecb c\u1ee7a c\u00e1c b\u1eefa \u0103n n\u1eb7ng t\u00ednh k\u00edch th\u00edch ti\u00eau h\u00f3a v\u00e0 do \u0111\u00f3 gi\u00fap ti\u00eau h\u00f3a th\u1ee9c \u0103n. M\u00f9 t\u1ea1t gi\u00fap h\u1ed7 tr\u1ee3 cho tri\u1ec7u ch\u1ee9ng \u0111\u1ea7y h\u01a1i v\u00e0 t\u00e1o b\u00f3n.<\/p>\n<p><img fetchpriority=\"high\" decoding=\"async\" class=\"wp-image-27653 aligncenter\" src=\"https:\/\/havamall.com\/wp-content\/uploads\/2022\/07\/Mustard_Powder_1600x-300x300.png\" alt=\"\" width=\"603\" height=\"603\" \/><br \/>\nM\u00f9 t\u1ea1t l\u00e0 m\u1ed9t trong nh\u1eefng gia v\u1ecb th\u01a1m ngon l\u00e0m t\u0103ng h\u01b0\u01a1ng v\u1ecb cho c\u00e1c m\u00f3n \u0103n \u0111\u01b0\u1ee3c nhi\u1ec1u ng\u01b0\u1eddi \u01b0a th\u00edch. V\u1ecb cay n\u1ed3ng \u0111\u1eb7c bi\u1ec7t c\u1ee7a m\u00f9 t\u1ea1t v\u1eeba l\u00e0m \u00e1t \u0111i m\u00f9i tanh c\u1ee7a th\u1ecbt c\u00e1 s\u1ed1ng v\u1eeba k\u00edch th\u00edch v\u1ecb gi\u00e1c. Ai \u0111\u00e3 t\u1eebng ch\u1ea5m m\u00f9 t\u1ea1t v\u1edbi sushi hay sashimi ch\u1eafc h\u1eb3n \u0111\u1ec1u kh\u00f4ng qu\u00ean \u0111\u01b0\u1ee3c v\u1ecb cay n\u1ed3ng th\u1ea5m v\u00e0o \u0111\u1ea7u l\u01b0\u1ee1i v\u00e0 x\u00f4ng l\u00ean t\u1eadn m\u0169i.<\/p>\n<p>B\u1ed9t m\u00f9 t\u1ea1t Havafood c\u00f3 th\u00e0nh ph\u1ea7n \u0111\u01b0\u1ee3c ch\u1ecdn l\u1ecdc k\u1ef9 l\u01b0\u1ee1ng c\u00f9ng v\u1edbi c\u00f4ng th\u1ee9c ch\u1ebf bi\u1ebfn \u0111\u1eb7c bi\u1ec7t mang t\u1edbi h\u01b0\u01a1ng v\u1ecb \u0111\u1eb7c tr\u01b0ng cay n\u1ed3ng, k\u00edch th\u00edch v\u1ecb gi\u00e1c. S\u1ea3n ph\u1ea9m l\u00e0m t\u0103ng h\u01b0\u01a1ng v\u1ecb cho m\u00f3n \u0103n, \u0111\u1eb7c bi\u1ec7t l\u00e0 c\u00e1c m\u00f3n g\u1ecfi, h\u1ea3i s\u1ea3n.<\/p>\n<p><img decoding=\"async\" class=\"wp-image-27654 aligncenter\" src=\"https:\/\/havamall.com\/wp-content\/uploads\/2022\/07\/rsw_1280-300x225.png\" alt=\"\" width=\"600\" height=\"450\" \/>Khi d\u00f9ng, b\u1ea1n ch\u1ec9 vi\u1ec7c tr\u1ed9n b\u1ed9t v\u1edbi gi\u1ea5m, d\u1ea7u, t\u00f9y theo \u00fd th\u00edch ho\u1eb7c s\u1eed d\u1ee5ng nh\u01b0 m\u1ed9t lo\u1ea1i gia v\u1ecb cho v\u00e0o m\u00f3n \u0103n. Th\u00f4ng th\u01b0\u1eddng, ng\u01b0\u1eddi \u0111\u1ea7u b\u1ebfp kh\u00f4ng tr\u1ed9n m\u00f9 t\u1ea1t v\u1edbi n\u01b0\u1edbc n\u00f3ng m\u00e0 tr\u1ed9n v\u1edbi chanh ho\u1eb7c gi\u1ea5m, v\u1ecb s\u1ebd ngon h\u01a1n r\u1ea5t nhi\u1ec1u.<\/p>\n<p>M\u00f9i h\u01b0\u01a1ng \u0111\u1eadm, n\u1ed3ng, \u0111\u00f4i l\u00fac h\u01a1i g\u1eaft c\u1ee7a m\u00f9 t\u1ea1t len l\u1ecfi v\u00e0o t\u1eebng th\u1edb th\u1ecbt. V\u1ecb cay cay \u0111\u1eb7c tr\u01b0ng d\u01b0\u1eddng nh\u01b0 l\u00e0m cho mi\u1ebfng th\u1ecbt th\u00eam ng\u1ecdt ng\u00e0o, \u0111\u1eadm \u0111\u00e0 v\u00e0 mang \u0111\u1ebfn c\u1ea3m gi\u00e1c nong n\u00f3ng th\u1eadt d\u1ec5 ch\u1ecbu khi th\u01b0\u1edfng th\u1ee9c.<\/p>\n<p>\u0110\u1ed1i v\u1edbi nh\u1eefng lo\u1ea1i th\u1ecbt h\u01a1i n\u1eb7ng m\u00f9i nh\u01b0 d\u00ea, c\u1eebu\u2026 m\u00f9 t\u1ea1t c\u00e0ng ch\u1ee9ng t\u1ecf c\u00f4ng d\u1ee5ng tuy\u1ec7t v\u1eddi c\u1ee7a m\u00ecnh. N\u00f3 kh\u00f4ng ch\u1ec9 l\u00e0m tan bi\u1ebfn h\u1ebft m\u00f9i v\u1ecb kh\u00f3 ch\u1ecbu m\u00e0 c\u00f2n t\u1ea1o n\u00ean m\u1ed9t h\u01b0\u01a1ng v\u1ecb r\u1ea5t ri\u00eang, r\u1ea5t l\u1ea1 mi\u1ec7ng v\u00e0 kh\u00f3 qu\u00ean.<\/p>\n<p><img decoding=\"async\" class=\"wp-image-27655 aligncenter\" src=\"https:\/\/havamall.com\/wp-content\/uploads\/2022\/07\/VEGETABLE_CURRY_01_1024x1024-1-300x300.png\" alt=\"\" width=\"600\" height=\"600\" \/><\/p>\n<h3><strong>\u0110\u1eb7c \u0111i\u1ec3m n\u1ed5i b\u1eadt c\u1ee7a s\u1ea3n ph\u1ea9m:<\/strong><\/h3>\n<p>&#8211; S\u1ea3n ph\u1ea9m \u0111\u01b0\u1ee3c \u0111\u00f3ng g\u00f3i nh\u1ecf g\u1ecdn, ti\u1ec7n l\u1ee3i trong vi\u1ec7c s\u1eed d\u1ee5ng v\u00e0 ti\u1ebft ki\u1ec7m kh\u00f4ng gian b\u1ea3o qu\u1ea3n.<\/p>\n<p>&#8211; \u0110\u1ea3m b\u1ea3o v\u1ec7 sinh an to\u00e0n th\u1ef1c ph\u1ea9m<\/p>\n<p>&#8211; \u0110\u01b0\u1ee3c s\u1ea3n xu\u1ea5t tr\u00ean d\u00e2y chuy\u1ec1n ti\u00ean ti\u1ebfn theo c\u00f4ng ngh\u1ec7 hi\u1ec7n \u0111\u1ea1i.<\/p>\n<p>&#8211; Th\u00e0nh ph\u1ea7n c\u1ee7a s\u1ea3n ph\u1ea9m ho\u00e0n to\u00e0n t\u1ef1 nhi\u00ean, kh\u00f4ng s\u1eed d\u1ee5ng h\u00f3a ch\u1ea5t, ch\u1ea5t b\u1ea3o qu\u1ea3n \u0111\u1ed9c h\u1ea1i, \u0111\u1ea3m b\u1ea3o an to\u00e0n cho s\u1ee9c kh\u1ecfe ng\u01b0\u1eddi ti\u00eau d\u00f9ng.<\/p>\n<p>S\u1ea3n ph\u1ea9m hi\u1ec7n \u0111\u00e3 c\u00f3 m\u1eb7t t\u1ea1i Havamall.<\/p>\n<p><img loading=\"lazy\" decoding=\"async\" class=\"wp-image-27658 aligncenter\" src=\"https:\/\/havamall.com\/wp-content\/uploads\/2022\/07\/mustard-powder-spices-dark-background-300x200.png\" alt=\"\" width=\"614\" height=\"409\" \/><\/p>","protected":false},"excerpt":{"rendered":"<p>M\u00f9 t\u1ea1c hay m\u00f9 t\u1ea1t (ti\u1ebfng Ph\u00e1p &#8220;moutarde&#8221;) l\u00e0 t\u00ean g\u1ecdi chung \u0111\u1ec3 ch\u1ec9 m\u1ed9t s\u1ed1 lo\u00e0i th\u1ef1c v\u1eadt thu\u1ed9c<\/p>","protected":false},"featured_media":40625,"comment_status":"open","ping_status":"closed","template":"","meta":[],"product_brand":[],"product_cat":[595,36,134],"product_tag":[],"class_list":{"0":"post-27663","1":"product","2":"type-product","3":"status-publish","4":"has-post-thumbnail","6":"product_cat-gia-vi-va-che-bien","7":"product_cat-thuc-pham-tieu-dung","8":"product_cat-thucpham-saykho","9":"pa_brand-skx","11":"first","12":"outofstock","13":"sale","14":"shipping-taxable","15":"purchasable","16":"product-type-simple"},"_links":{"self":[{"href":"https:\/\/havamall.com\/en\/wp-json\/wp\/v2\/product\/27663","targetHints":{"allow":["GET"]}}],"collection":[{"href":"https:\/\/havamall.com\/en\/wp-json\/wp\/v2\/product"}],"about":[{"href":"https:\/\/havamall.com\/en\/wp-json\/wp\/v2\/types\/product"}],"replies":[{"embeddable":true,"href":"https:\/\/havamall.com\/en\/wp-json\/wp\/v2\/comments?post=27663"}],"version-history":[{"count":0,"href":"https:\/\/havamall.com\/en\/wp-json\/wp\/v2\/product\/27663\/revisions"}],"wp:featuredmedia":[{"embeddable":true,"href":"https:\/\/havamall.com\/en\/wp-json\/wp\/v2\/media\/40625"}],"wp:attachment":[{"href":"https:\/\/havamall.com\/en\/wp-json\/wp\/v2\/media?parent=27663"}],"wp:term":[{"taxonomy":"product_brand","embeddable":true,"href":"https:\/\/havamall.com\/en\/wp-json\/wp\/v2\/product_brand?post=27663"},{"taxonomy":"product_cat","embeddable":true,"href":"https:\/\/havamall.com\/en\/wp-json\/wp\/v2\/product_cat?post=27663"},{"taxonomy":"product_tag","embeddable":true,"href":"https:\/\/havamall.com\/en\/wp-json\/wp\/v2\/product_tag?post=27663"}],"curies":[{"name":"wp","href":"https:\/\/api.w.org\/{rel}","templated":true}]}}