{"id":27699,"date":"2022-07-05T15:24:32","date_gmt":"2022-07-05T08:24:32","guid":{"rendered":"https:\/\/havamall.com\/?post_type=product&#038;p=27699"},"modified":"2022-07-05T17:31:07","modified_gmt":"2022-07-05T10:31:07","slug":"trung-ca-do-nga-hop-105g-red-caviar","status":"publish","type":"product","link":"https:\/\/havamall.com\/en\/shop\/trung-ca-do-nga-hop-105g-red-caviar\/","title":{"rendered":"Tr\u1ee9ng C\u00e1 \u0110\u1ecf Nga H\u1ed9p 105g &#8211; Red Caviar"},"content":{"rendered":"<div class=\"jZmLbb\">\n<p>Tr\u1ee9ng c\u00e1 h\u1ed3i \u0111\u1ecf\u00a0\u0111\u01b0\u1ee3c ng\u01b0\u1eddi Nga v\u00ed nh\u01b0 \u201cHo\u00e0ng \u0111\u1ebf c\u1ee7a \u0111\u1ea1i d\u01b0\u01a1ng\u201d b\u1edfi gi\u00e1 tr\u1ecb dinh d\u01b0\u1ee1ng c\u0169ng nh\u01b0 m\u00f9i v\u1ecb th\u01a1m ngon \u0111\u1eb7c tr\u01b0ng m\u00e0 n\u00f3 \u0111em l\u1ea1i. N\u1ebfu tr\u01b0\u1edbc kia, tr\u1ee9ng c\u00e1 h\u1ed3i \u0111\u1ecf c\u1ee7a Nga ch\u1ec9 \u0111\u01b0\u1ee3c xu\u1ea5t hi\u1ec7n tr\u00ean c\u00e1c b\u00e0n ti\u1ec7c sang tr\u1ecdng th\u00ec nay ng\u01b0\u1eddi ti\u00eau d\u00f9ng c\u00f3 th\u1ec3 d\u1ec5 d\u00e0ng mua tr\u1ee9ng c\u00e1 h\u1ed3i t\u1ea1i c\u00e1c c\u1eeda h\u00e0ng x\u00e1ch tay c\u1ee7a Nga.<\/p>\n<p><img fetchpriority=\"high\" decoding=\"async\" class=\"wp-image-27706 aligncenter\" src=\"https:\/\/havamall.com\/wp-content\/uploads\/2022\/07\/31a80b3e210d998af388f913cdc8bd4e-300x300.jpg\" alt=\"\" width=\"568\" height=\"568\" \/><\/p>\n<p>Tr\u1ee9ng c\u00e1 h\u1ed3i \u0111\u1ecf Royal 105g c\u1ee7a Nga\u00a0ch\u1ee9a r\u1ea5t nhi\u1ec1u ch\u1ea5t dinh d\u01b0\u1ee1ng cho c\u01a1 th\u1ec3, \u0111\u1eb7c bi\u1ec7t l\u00e0 axit omega 3 . Axit omega 3\u00a0n\u00e0y r\u1ea5t hi\u1ec7u qu\u1ea3 trong vi\u1ec7c gi\u1ea3m cholesterol v\u00e0 duy tr\u00ec s\u1ee9c kh\u1ecfe tim m\u1ea1ch, c\u1ee7ng c\u1ed1 v\u00e0 ph\u1ee5c h\u1ed3i ch\u1ee9c n\u0103ng c\u00e1c m\u00f4 tim m\u1ea1ch. Ngo\u00e0i ra, tr\u1ee9ng c\u00e1 h\u1ed3i c\u00f2n c\u00f3 t\u00e1c d\u1ee5ng t\u0103ng c\u01b0\u1eddng th\u1ecb l\u1ef1c, ch\u1ed1ng l\u00e3o h\u00f3a v\u00e0 l\u00e0m \u0111\u1eb9p da cho ph\u1ee5 n\u1eef.<\/p>\n<p><img decoding=\"async\" class=\"wp-image-27707 aligncenter\" src=\"https:\/\/havamall.com\/wp-content\/uploads\/2022\/07\/H4d06d94e4be5475bb84d66b5873d84d5K-300x300.png\" alt=\"\" width=\"572\" height=\"572\" \/><\/p>\n<p>Tr\u1ee9ng c\u00e1 h\u1ed3i \u0111\u1ecf c\u1ee7a Nga ch\u1ee9a r\u1ea5t nhi\u1ec1u ch\u1ea5t dinh d\u01b0\u1ee1ng \u0111\u1eb7c bi\u1ec7t ph\u1ea3i k\u1ec3 \u0111\u1ebfn l\u00e0 omega 3 \u2013 lo\u1ea1i d\u1ea7u tuy\u1ec7t di\u1ec7u gi\u00fap t\u0103ng c\u01b0\u1eddng th\u1ecb l\u1ef1c, ph\u00f2ng ch\u1ed1ng c\u00e1c b\u1ec7nh v\u1ec1 tim m\u1ea1ch nh\u01b0 suy tim, nh\u1ed3i m\u00e1u c\u01a1 tim, cao huy\u1ebft \u00e1p. Kh\u00f4ng ch\u1ec9 c\u00f3 v\u1eady, omega 3 trong tr\u1ee9ng c\u00e1 h\u1ed3i \u0111\u1ecf c\u00f2n gi\u00fap ch\u1ed1ng l\u00e3o h\u00f3a, l\u00e0m \u0111\u1eb9p da v\u00e0 t\u0103ng c\u01b0\u1eddng s\u1ee9c \u0111\u1ec1 kh\u00e1ng cho c\u01a1 th\u1ec3.<\/p>\n<p><img decoding=\"async\" class=\"wp-image-27708 aligncenter\" src=\"https:\/\/havamall.com\/wp-content\/uploads\/2022\/07\/orange-tobikko_edited-2-300x171.jpg\" alt=\"\" width=\"583\" height=\"332\" \/><\/p>\n<p>Tr\u1ee9ng c\u00e1 h\u1ed3i \u0111\u1ecf c\u00f2n ch\u1ee9a canxi, photpho, protein, s\u1eaft, magie, kho\u00e1ng ch\u1ea5t v\u00e0 r\u1ea5t nhi\u1ec1u vitamin c\u00f3 l\u1ee3i kh\u00e1c nh\u01b0 vitamin A, C, D, B6, B12,\u2026\u00a0Arginine c\u00f3 trong tr\u1ee9ng c\u00e1 h\u1ed3i \u0111\u1ecf gi\u00fap l\u01b0u th\u00f4ng m\u1ea1ch m\u00e1u v\u00e0 k\u00edch th\u00edch c\u00e1c t\u1ebf b\u00e0o th\u1ea7n kinh n\u00ean ch\u00fang \u0111\u01b0\u1ee3c xem nh\u01b0 th\u1ea7n d\u01b0\u1ee3c cho \u0111\u1eddi s\u1ed1ng t\u00ecnh d\u1ee5c. C\u00e1c b\u00e1c s\u0129 th\u01b0\u1eddng khuy\u1ebfn c\u00e1o s\u1eed d\u1ee5ng tr\u1ee9ng c\u00e1 h\u1ed3i \u0111\u1ecf khi suy nh\u01b0\u1ee3c c\u01a1 th\u1ec3, b\u1ec7nh lao, lao \u0111\u1ed9ng n\u1eb7ng hay ng\u01b0\u1eddi m\u1edbi \u1ed1m d\u1eady, suy dinh d\u01b0\u1ee1ng.<\/p>\n<p><img loading=\"lazy\" decoding=\"async\" class=\"wp-image-27712 aligncenter\" src=\"https:\/\/havamall.com\/wp-content\/uploads\/2022\/07\/homemade-california-rolls-mad-of-crab-sticks-avocado-cucumber-inside-tobikoflying-fish-roe-outside-2C9D3NF-1-300x199.jpg\" alt=\"\" width=\"589\" height=\"391\" \/><\/p>\n<h3><strong>C\u00e1ch s\u1eed d\u1ee5ng:<\/strong><\/h3>\n<p>&gt; \u0102n ngay ho\u1eb7c k\u00e8m v\u1edbi b\u00e1nh m\u00ec \u0111en, b\u01a1, pho mai mi\u1ebfng.<\/p>\n<p>&gt; Ho\u1eb7c c\u00f3 th\u1ec3 ch\u1ebf bi\u1ebfn th\u00e0nh nhi\u1ec1u m\u00f3n \u0103n kh\u00e1c nh\u01b0: Tr\u1ee9ng c\u00e1 chi\u00ean, nem tr\u1ee9ng c\u00e1, shusi tr\u1ee9ng c\u00e1 h\u1ed3i, sa-l\u00e1t tr\u1ee9ng c\u00e1 h\u1ed3i \u2026.<\/p>\n<p><img loading=\"lazy\" decoding=\"async\" class=\"aligncenter\" src=\"http:\/\/cdn.shopify.com\/s\/files\/1\/0511\/8892\/4589\/products\/tobiko-flying-fish-roe--oceanwaves-seafood-1.jpg?v=1632999217\" alt=\"Buy Tobiko (Flying Fish Roe) 500g | Oceanwaves SG\" width=\"585\" height=\"585\" \/><\/p>\n<h3><strong>M\u1ed9t s\u1ed1 m\u1eb9o s\u1eed d\u1ee5ng tr\u1ee9ng c\u00e1 h\u1ed3i \u0111\u1ec3 gi\u1eef \u0111\u01b0\u1ee3c tr\u1ecdn v\u1eb9n nh\u1eefng tinh ch\u1ea5t v\u00e0ng trong tr\u1ee9ng c\u00e1: <\/strong><\/h3>\n<p>&#8211; Tr\u1ee9ng c\u00e1 h\u1ed3i \u0111\u01b0\u1ee3c \u0103n b\u1eb1ng c\u00e1ch m\u00fac t\u1eebng th\u00eca nh\u1ecf, tr\u1ef1c ti\u1ebfp t\u1eeb h\u1ed9p \u0111\u1ef1ng. Kh\u00f4ng n\u00ean d\u00f9ng th\u00eca b\u1eb1ng kim lo\u1ea1i hay b\u1ea1c. V\u00ec s\u1ebd l\u00e0m h\u1ecfng v\u1ecb tr\u1ee9ng c\u00e1.<\/p>\n<p>&#8211; Th\u00eca t\u1ed1t nh\u1ea5t l\u00e0 th\u00eca s\u1eebng, th\u1ee7y tinh, ng\u1ecdc trai v\u00e0 gi\u1ea3n d\u1ecb h\u01a1n l\u00e0 th\u00eca g\u1ed7, th\u00eca nh\u1ef1a (plastic). Ch\u1ec9 n\u00ean m\u1edf n\u1eafp h\u1ed9p tr\u1ee9ng c\u00e1 v\u00e0i ph\u00fat tr\u01b0\u1edbc khi d\u00f9ng. B\u1ea1n s\u1ebd c\u1ea3m nh\u1eadn \u0111\u01b0\u1ee3c h\u01b0\u01a1ng v\u1ecb tuy\u1ec7t v\u1eddi c\u1ee7a m\u00f3n tr\u1ee9ng c\u00e1 h\u1ed3i tuy\u1ec7t h\u1ea3o.<\/p>\n<p>&#8211; Khi \u0103n \u0111i k\u00e8m v\u1edbi m\u1ed9t l\u00e1t chanh, s\u1ed1t kem b\u01a1. Tr\u1ee9ng lu\u1ed9c (t\u00e1ch ri\u00eang l\u00f2ng tr\u1eafng v\u00e0 l\u00f2ng \u0111\u1ecf) v\u00e0 h\u00e0nh xay.<\/p>\n<\/div>","protected":false},"excerpt":{"rendered":"<p>Tr\u1ee9ng c\u00e1 h\u1ed3i \u0111\u1ecf\u00a0\u0111\u01b0\u1ee3c ng\u01b0\u1eddi Nga v\u00ed nh\u01b0 \u201cHo\u00e0ng \u0111\u1ebf c\u1ee7a \u0111\u1ea1i d\u01b0\u01a1ng\u201d b\u1edfi gi\u00e1 tr\u1ecb dinh d\u01b0\u1ee1ng c\u0169ng nh\u01b0<\/p>","protected":false},"featured_media":27705,"comment_status":"open","ping_status":"closed","template":"","meta":[],"product_brand":[],"product_cat":[36],"product_tag":[],"class_list":{"0":"post-27699","1":"product","2":"type-product","3":"status-publish","4":"has-post-thumbnail","6":"product_cat-thuc-pham-tieu-dung","8":"first","9":"instock","10":"sale","11":"shipping-taxable","12":"purchasable","13":"product-type-simple"},"_links":{"self":[{"href":"https:\/\/havamall.com\/en\/wp-json\/wp\/v2\/product\/27699","targetHints":{"allow":["GET"]}}],"collection":[{"href":"https:\/\/havamall.com\/en\/wp-json\/wp\/v2\/product"}],"about":[{"href":"https:\/\/havamall.com\/en\/wp-json\/wp\/v2\/types\/product"}],"replies":[{"embeddable":true,"href":"https:\/\/havamall.com\/en\/wp-json\/wp\/v2\/comments?post=27699"}],"version-history":[{"count":0,"href":"https:\/\/havamall.com\/en\/wp-json\/wp\/v2\/product\/27699\/revisions"}],"wp:featuredmedia":[{"embeddable":true,"href":"https:\/\/havamall.com\/en\/wp-json\/wp\/v2\/media\/27705"}],"wp:attachment":[{"href":"https:\/\/havamall.com\/en\/wp-json\/wp\/v2\/media?parent=27699"}],"wp:term":[{"taxonomy":"product_brand","embeddable":true,"href":"https:\/\/havamall.com\/en\/wp-json\/wp\/v2\/product_brand?post=27699"},{"taxonomy":"product_cat","embeddable":true,"href":"https:\/\/havamall.com\/en\/wp-json\/wp\/v2\/product_cat?post=27699"},{"taxonomy":"product_tag","embeddable":true,"href":"https:\/\/havamall.com\/en\/wp-json\/wp\/v2\/product_tag?post=27699"}],"curies":[{"name":"wp","href":"https:\/\/api.w.org\/{rel}","templated":true}]}}