{"id":27738,"date":"2022-07-06T15:39:25","date_gmt":"2022-07-06T08:39:25","guid":{"rendered":"https:\/\/havamall.com\/?post_type=product&#038;p=27738"},"modified":"2022-07-06T15:48:17","modified_gmt":"2022-07-06T08:48:17","slug":"bong-ngoay-tai-cotton-100-cay-kem-hop-uncle-bills-paper-stem-cotton-tips","status":"publish","type":"product","link":"https:\/\/havamall.com\/en\/shop\/bong-ngoay-tai-cotton-100-cay-kem-hop-uncle-bills-paper-stem-cotton-tips\/","title":{"rendered":"B\u00f4ng Ngo\u00e1y Tai Cotton 100 C\u00e2y K\u00e8m H\u1ed9p Uncle Bills &#8211; Paper Stem Cotton Tips"},"content":{"rendered":"<p>Uncle Bills (UBL) cung c\u1ea5p h\u01a1n 1800 s\u1ea3n ph\u1ea9m ti\u00eau d\u00f9ng phi th\u01b0\u0323c ph\u00e2\u0309m h\u00e2\u0301p d\u00e2\u0303n, ti\u00ea\u0323n i\u0301ch, gia\u0301 ph\u1ea3i ch\u0103ng. S\u1ea3n ph\u1ea9m bao g\u1ed3m nhi\u1ec1u lo\u1ea1i ha\u0300ng ho\u0301a kh\u00e1c nhau, t\u1eeb \u0111\u1ed3 du\u0300ng nh\u00e0 b\u1ebfp, ch\u0103m s\u00f3c c\u00e1 nh\u00e2n, l\u00e0m s\u1ea1ch nha\u0300 c\u01b0\u0309a, \u0111\u00f4\u0300 l\u01b0u tr\u1eef, ca\u0301c loa\u0323i du\u0323ng cu\u0323, v\u00e2\u0323t du\u0323ng ngo\u00e0i tr\u1eddi v\u00e0 ca\u0309 cho tr\u1ebb em. UBL Lu\u00f4n lu\u00f4n c\u00e2\u0323p nh\u00e2\u0323t ca\u0301c sa\u0309n ph\u00e2\u0309m m\u01a1\u0301i.<\/p>\n<p>S\u1ea3n ph\u1ea9m UBL \u0111\u01b0\u1ee3c s\u1ea3n xu\u1ea5t theo ti\u00eau chu\u1ea9n ch\u1ea5t l\u01b0\u1ee3ng nghi\u00eam ng\u1eb7t c\u1ee7a UBL Hongkong v\u00e0 b\u00e1n t\u1ea1i h\u01a1n 50 qu\u1ed1c gia v\u01a1\u0301i h\u01a1n 10.000 c\u1eeda h\u00e0ng, bao g\u1ed3m ch\u00e2u \u00c2u, \u00dac, Ch\u00e2u \u00c1, Ch\u00e2u Phi. S\u1ee9 m\u1ec7nh c\u1ee7a UBL l\u00e0 cung c\u1ea5p nh\u1eefng s\u1ea3n ph\u1ea9m ti\u1ec7n \u00edch v\u00e0 h\u1ea5p d\u1eabn cho ng\u00f4i nh\u00e0 hi\u1ec7n \u0111\u1ea1i c\u1ee7a ng\u01b0\u1eddi Vi\u1ec7t Nam.<\/p>\n<p><img fetchpriority=\"high\" decoding=\"async\" class=\"aligncenter\" src=\"https:\/\/cf.shopee.vn\/file\/f6797de1ee745a2dc0d45cb02727d617\" alt=\"T\u00fai \u0110\u1ef1ng R\u00e1c Th\u00fa C\u01b0ng T\u1ef1 Ph\u00e2n H\u1ee7y Uncle Bills PA3372 | Shopee Vi\u1ec7t Nam\" width=\"590\" height=\"590\" \/><\/p>\n<p>Vi\u1ec7c ch\u0103m s\u00f3c c\u01a1 th\u1ec3 l\u00e0 \u0111i\u1ec1u quan tr\u1ecdng m\u00e0 b\u1ea1n c\u1ea7n th\u1ef1c hi\u1ec7n h\u1eb1ng ng\u00e0y. Ngo\u00e0i vi\u1ec7c quan t\u00e2m \u0111\u1ebfn c\u00e1c lo\u1ea1i h\u00f3a m\u1ef9 ph\u1ea9m ti\u1ebfp x\u00fac tr\u1ef1c ti\u1ebfp l\u00ean l\u00e0n da, vi\u1ec7c ch\u0103m s\u00f3c tai, v\u00e0 nh\u1eefng b\u1ed9 ph\u1eadn nh\u1ecf nh\u01b0 m\u0169i, r\u1ed1n c\u0169ng r\u1ea5t quan tr\u1ecdng. Kh\u00f4ng ch\u1ec9 l\u00e0m s\u1ea1ch tai, b\u00f4ng ngo\u00e1y tai c\u00f2n l\u00e0m s\u1ea1ch m\u0169i v\u00e0 s\u1eeda ch\u1eefa trang \u0111i\u1ec3m r\u1ea5t d\u1ec5 d\u00e0ng.<\/p>\n<p>B\u00f4ng ngo\u00e1y tai coton 100 c\u00e2y k\u00e8m h\u1ed9p cao c\u1ea5p c\u1ee7a Uncle Bills l\u00e0 s\u1ea3n ph\u1ea9m ho\u00e0n h\u1ea3o v\u00e0 ti\u1ebft ki\u1ec7m chi ph\u00ed \u0111\u1ec3 ch\u0103m s\u00f3c c\u01a1 th\u1ec3 cho b\u1ea1n v\u00e0 c\u1ea3 gia \u0111\u00ecnh. S\u1ea3n ph\u1ea9m c\u00f3 th\u00e0nh ph\u1ea7n t\u1eeb nh\u1ef1a, cotton v\u00e0 b\u00f4ng g\u00f2n nguy\u00ean ch\u1ea5t \u0111\u00e3 \u0111\u01b0\u1ee3c ki\u1ec3m ch\u1ee9ng, tuy\u1ec7t \u0111\u1ed1i an to\u00e0n v\u00e0 v\u1ec7 sinh cho ng\u01b0\u1eddi s\u1eed d\u1ee5ng.<\/p>\n<p><img decoding=\"async\" class=\"wp-image-27739 aligncenter\" src=\"https:\/\/havamall.com\/wp-content\/uploads\/2022\/07\/qtip-300x300.png\" alt=\"\" width=\"586\" height=\"586\" \/><\/p>\n<p>T\u0103m b\u00f4ng ngo\u00e1y tai \u0111\u01b0\u1ee3c l\u00e0m t\u1eeb 100% cottonch\u1ea5t l\u01b0\u1ee3ng cao, v\u1edbi th\u00e2n que \u0111\u00e0n h\u1ed3i v\u00e0 linh ho\u1ea1t cao. \u0110\u1ed3ng th\u1eddi, \u0111\u1ea7u b\u00f4ng h\u00ecnh gi\u1ecdt n\u01b0\u1edbc m\u1ec1m m\u1ea1i s\u1ebd khi\u1ebfn b\u1ea1n c\u1ea3m th\u1ea5y tho\u1ea3i m\u00e1i m\u1ed7i khi s\u1eed d\u1ee5ng.<\/p>\n<p>B\u1ea1n c\u00f3 th\u1ec3 s\u1eed d\u1ee5ng t\u0103m b\u00f4ng \u0111\u1ec3 v\u1ec7 sinh tai, m\u0169i cho ng\u01b0\u1eddi l\u1edbn d\u1ec5 d\u00e0ng, hay v\u1ec7 sinh linh ki\u1ec7n \u0111i\u1ec7n t\u1eed ho\u1eb7c s\u1eeda ch\u1eefa trang \u0111i\u1ec3m tu\u1ef3 \u00fd.\u00a0V\u1edbi h\u1ed9p \u0111\u1ef1ng \u0111\u1ea3m b\u1ea3o v\u1ec7 sinh v\u00e0 gi\u00e1 th\u00e0nh ph\u1ea3i ch\u0103ng, t\u0103m b\u00f4ng Sanyo s\u1ebd kh\u00f4ng h\u1ec1 khi\u1ebfn b\u1ea1n th\u1ea5t v\u1ecdng v\u1edbi ch\u1ea5t l\u01b0\u1ee3ng cao c\u1ea5p \u0111\u1ebfn t\u1eeb Nh\u1eadt B\u1ea3n.<\/p>\n<p><img decoding=\"async\" class=\"wp-image-27740 aligncenter\" src=\"https:\/\/havamall.com\/wp-content\/uploads\/2022\/07\/bamboocottonbuds3_720x-300x258.png\" alt=\"\" width=\"575\" height=\"494\" \/><\/p>\n<p>T\u0103m b\u00f4ng \u0111a t\u00ednh n\u0103ng s\u1eed d\u1ee5ng, c\u00f3 th\u1ec3 d\u00f9ng \u0111\u1ec3 r\u00e1y tai ho\u1eb7c d\u00f9ng l\u00e0m d\u1ee5ng c\u1ee5 trang \u0111i\u1ec3m c\u00e1 nh\u00e2n ;B\u00f4ng ngo\u00e1y tai toton 100 c\u00e2y k\u00e8m h\u1ed9p l\u00e0 s\u1ea3n ph\u1ea9m ch\u0103m s\u00f3c c\u00e1 nh\u00e2n \u0111\u01b0\u1ee3c kh\u00e1ch h\u00e0ng tin d\u00f9ng trong th\u1eddi gian qua.<\/p>\n<h3><strong>\u01afu \u0111i\u1ec3m c\u1ee7a s\u1ea3n ph\u1ea9m:<\/strong><\/h3>\n<p>&#8211; Ch\u1ea5t li\u1ec7u an to\u00e0n<\/p>\n<p>&#8211; Cotton cao c\u1ea5p, \u0111\u01b0\u1ee3c kh\u1eed tr\u00f9ng, an to\u00e0n cho s\u1ee9c kh\u1ecfe ng\u01b0\u1eddi s\u1eed d\u1ee5ng.<\/p>\n<p>&#8211; C\u00f3 h\u1ed9p \u0111\u1ef1ng ti\u1ec7n d\u1ee5ng.<\/p>\n<p>&#8211; S\u1ea3n ph\u1ea9m \u0111\u01b0\u1ee3c l\u00e0m t\u1eeb ch\u1ea5t li\u1ec7u an to\u00e0n, \u0111\u1ea3m b\u1ea3o v\u1ec7 sinh v\u00e0 an to\u00e0n cho ng\u01b0\u1eddi s\u1eed d\u1ee5ng<\/p>\n<p>&#8211; Gi\u00fap b\u1ea1n t\u1ed1i \u01b0u chi ph\u00ed h\u01a1n khi mua h\u1ed9p 100 c\u00e2y, cho b\u1ea1n v\u00e0 gia \u0111\u00ecnh tho\u1ea3i m\u00e1i s\u1eed d\u1ee5ng.<\/p>\n<p><img loading=\"lazy\" decoding=\"async\" class=\"wp-image-27741 aligncenter\" src=\"https:\/\/havamall.com\/wp-content\/uploads\/2022\/07\/eco-friendly-cotton-buds-1559033632-300x182.jpg\" alt=\"\" width=\"578\" height=\"350\" \/><\/p>","protected":false},"excerpt":{"rendered":"<p>Uncle Bills (UBL) cung c\u1ea5p h\u01a1n 1800 s\u1ea3n ph\u1ea9m ti\u00eau d\u00f9ng phi th\u01b0\u0323c ph\u00e2\u0309m h\u00e2\u0301p d\u00e2\u0303n, ti\u00ea\u0323n i\u0301ch, gia\u0301 ph\u1ea3i<\/p>","protected":false},"featured_media":27746,"comment_status":"open","ping_status":"closed","template":"","meta":[],"product_brand":[],"product_cat":[397,35],"product_tag":[],"class_list":{"0":"post-27738","1":"product","2":"type-product","3":"status-publish","4":"has-post-thumbnail","6":"product_cat-hang-me-be-do-choi","7":"product_cat-nha-cua-doi-song","8":"pa_brand-uncle-bills","10":"first","11":"instock","12":"sale","13":"shipping-taxable","14":"purchasable","15":"product-type-simple"},"_links":{"self":[{"href":"https:\/\/havamall.com\/en\/wp-json\/wp\/v2\/product\/27738","targetHints":{"allow":["GET"]}}],"collection":[{"href":"https:\/\/havamall.com\/en\/wp-json\/wp\/v2\/product"}],"about":[{"href":"https:\/\/havamall.com\/en\/wp-json\/wp\/v2\/types\/product"}],"replies":[{"embeddable":true,"href":"https:\/\/havamall.com\/en\/wp-json\/wp\/v2\/comments?post=27738"}],"version-history":[{"count":0,"href":"https:\/\/havamall.com\/en\/wp-json\/wp\/v2\/product\/27738\/revisions"}],"wp:featuredmedia":[{"embeddable":true,"href":"https:\/\/havamall.com\/en\/wp-json\/wp\/v2\/media\/27746"}],"wp:attachment":[{"href":"https:\/\/havamall.com\/en\/wp-json\/wp\/v2\/media?parent=27738"}],"wp:term":[{"taxonomy":"product_brand","embeddable":true,"href":"https:\/\/havamall.com\/en\/wp-json\/wp\/v2\/product_brand?post=27738"},{"taxonomy":"product_cat","embeddable":true,"href":"https:\/\/havamall.com\/en\/wp-json\/wp\/v2\/product_cat?post=27738"},{"taxonomy":"product_tag","embeddable":true,"href":"https:\/\/havamall.com\/en\/wp-json\/wp\/v2\/product_tag?post=27738"}],"curies":[{"name":"wp","href":"https:\/\/api.w.org\/{rel}","templated":true}]}}