{"id":27753,"date":"2022-07-06T17:02:31","date_gmt":"2022-07-06T10:02:31","guid":{"rendered":"https:\/\/havamall.com\/?post_type=product&#038;p=27753"},"modified":"2025-11-14T16:20:09","modified_gmt":"2025-11-14T09:20:09","slug":"bo-5-ong-keo-sieu-chat-2g-uncle-bills-super-glue","status":"publish","type":"product","link":"https:\/\/havamall.com\/en\/shop\/bo-5-ong-keo-sieu-chat-2g-uncle-bills-super-glue\/","title":{"rendered":"B\u1ed9 5 \u1ed0ng Keo Si\u00eau Ch\u1eb7t 2g Uncle Bills &#8211; Super Glue"},"content":{"rendered":"<p>Uncle Bills (UBL) cung c\u1ea5p h\u01a1n 1800 s\u1ea3n ph\u1ea9m ti\u00eau d\u00f9ng phi th\u01b0\u0323c ph\u00e2\u0309m h\u00e2\u0301p d\u00e2\u0303n, ti\u00ea\u0323n i\u0301ch, gia\u0301 ph\u1ea3i ch\u0103ng. S\u1ea3n ph\u1ea9m bao g\u1ed3m nhi\u1ec1u lo\u1ea1i ha\u0300ng ho\u0301a kh\u00e1c nhau, t\u1eeb \u0111\u1ed3 du\u0300ng nh\u00e0 b\u1ebfp, ch\u0103m s\u00f3c c\u00e1 nh\u00e2n, l\u00e0m s\u1ea1ch nha\u0300 c\u01b0\u0309a, \u0111\u00f4\u0300 l\u01b0u tr\u1eef, ca\u0301c loa\u0323i du\u0323ng cu\u0323, v\u00e2\u0323t du\u0323ng ngo\u00e0i tr\u1eddi v\u00e0 ca\u0309 cho tr\u1ebb em. UBL Lu\u00f4n lu\u00f4n c\u00e2\u0323p nh\u00e2\u0323t ca\u0301c sa\u0309n ph\u00e2\u0309m m\u01a1\u0301i.<\/p>\n<p>S\u1ea3n ph\u1ea9m UBL \u0111\u01b0\u1ee3c s\u1ea3n xu\u1ea5t theo ti\u00eau chu\u1ea9n ch\u1ea5t l\u01b0\u1ee3ng nghi\u00eam ng\u1eb7t c\u1ee7a UBL Hongkong v\u00e0 b\u00e1n t\u1ea1i h\u01a1n 50 qu\u1ed1c gia v\u01a1\u0301i h\u01a1n 10.000 c\u1eeda h\u00e0ng, bao g\u1ed3m ch\u00e2u \u00c2u, \u00dac, Ch\u00e2u \u00c1, Ch\u00e2u Phi. S\u1ee9 m\u1ec7nh c\u1ee7a UBL l\u00e0 cung c\u1ea5p nh\u1eefng s\u1ea3n ph\u1ea9m ti\u1ec7n \u00edch v\u00e0 h\u1ea5p d\u1eabn cho ng\u00f4i nh\u00e0 hi\u1ec7n \u0111\u1ea1i c\u1ee7a ng\u01b0\u1eddi Vi\u1ec7t Nam.<\/p>\n<p><img fetchpriority=\"high\" decoding=\"async\" class=\"aligncenter\" src=\"https:\/\/havamall.com\/wp-content\/uploads\/2024\/11\/f6797de1ee745a2dc0d45cb02727d617.jpg\" alt=\"T\u00fai \u0110\u1ef1ng R\u00e1c Th\u00fa C\u01b0ng T\u1ef1 Ph\u00e2n H\u1ee7y Uncle Bills PA3372 | Shopee Vi\u1ec7t Nam\" width=\"590\" height=\"590\" \/><\/p>\n<p>Keo si\u00eau d\u00ednh Uncle Bills Super Glue s\u1ebd khi\u1ebfn b\u1ea1n ng\u1ea1c nhi\u00ean v\u1edbi n\u0103ng l\u01b0\u1ee3ng li\u00ean k\u1ebft si\u00eau b\u1ec1n, c\u00f3 kh\u1ea3 n\u0103ng d\u00ednh c\u1ef1c k\u1ef3 ch\u1eb7t l\u00ean m\u1ecdi ch\u1ea5t li\u1ec7u kh\u00e1c nhau nh\u01b0 g\u1ed7, nh\u1ef1a, \u0111\u1ed3 g\u1ed1m, kim lo\u1ea1i v\u00e0 nhi\u1ec1u lo\u1ea1i v\u1eadt li\u1ec7u kh\u00e1c. V\u1edbi k\u1ebft c\u1ea5u m\u1ec1m d\u1ebbo n\u00ean keo c\u00f3 th\u1ec3 d\u00ednh s\u00e1t tuy\u1ec7t \u0111\u1ed1i v\u00e0o b\u1ec1 m\u1eb7t v\u1eadt d\u1ee5ng, k\u1ebft h\u1ee3p v\u1edbi nhi\u1ec7t \u0111\u1ed9 c\u1ee7a kh\u00f4ng kh\u00ed s\u1ebd cho b\u1ea1n m\u1ed9t ch\u1ea5t k\u1ebft d\u00ednh b\u1ec1n b\u1ec9 v\u00e0 v\u1eefng ch\u1eafc nh\u1ea5 Keo d\u00e1n d\u1ea1ng kh\u00f4 v\u00e0 an to\u00e0n tuy\u1ec7t \u0111\u1ed1i cho ng\u01b0\u1eddi s\u1eed d\u1ee5 N\u0103ng l\u01b0\u1ee3ng li\u00ean k\u1ebft keo si\u00eau b\u1ec1n, cho hi\u1ec7u qu\u1ea3 d\u00e1n k\u00edn ho\u00e0n h\u1ea3o.<\/p>\n<p><img decoding=\"async\" class=\"wp-image-27754 aligncenter\" src=\"https:\/\/havamall.com\/wp-content\/uploads\/2022\/07\/download-300x200.png\" alt=\"\" width=\"588\" height=\"392\" \/><\/p>\n<p>C\u00e1ch s\u1eed d\u1ee5ng \u0111\u01a1n gi\u1ea3n, d\u1ec5 d\u00e0ng v\u00e0 nhanh ch\u00f3ng. L\u00e0 gi\u1ea3i ph\u00e1p ho\u00e0n h\u1ea3o \u0111\u1ec3 d\u00e1n ch\u1eafc m\u1ecdi v\u1eadt d\u1ee5ng kh\u00e1c nhau v\u00e0 \u0111\u1ed1i ph\u00f3 v\u1edbi t\u00ecnh tr\u1ea1ng n\u1ee9t, g\u00e3y c\u1ee7a c\u00e1c v\u1eadt d\u1ee5ng gia \u0111\u00ecnh.<\/p>\n<h3><strong>\u0110\u1eb7c \u0111i\u1ec3m n\u1ed5i b\u1eadt c\u1ee7a s\u1ea3n ph\u1ea9m:<\/strong><\/h3>\n<ul>\n<li>Kh\u1ea3 n\u0103ng k\u1ebft d\u00ednh c\u1ef1c k\u00ec b\u1ec1n ch\u1eb7t.<\/li>\n<li>D\u00e1n \u0111a n\u0103ng tr\u00ean m\u1ecdi v\u1eadt li\u1ec7u. Th\u00edch h\u1ee3p v\u1edbi nhi\u1ec1u lo\u1ea1i v\u1eadt li\u1ec7u: s\u1ee9, nh\u1ef1a, cao su, da, kim lo\u1ea1i, g\u1ed7, gi\u00e0y d\u00e9p.<\/li>\n<li>Keo d\u00e1n d\u1ea1ng kh\u00f4. An to\u00e0n cho ng\u01b0\u1eddi s\u1eed d\u1ee5ng.<\/li>\n<li>Hi\u1ec7u qu\u1ea3 d\u00e1n k\u00edn hi\u1ec7u qu\u1ea3.<\/li>\n<li>B\u1ed9 5 \u1ed1ng, m\u1ed7i \u1ed1ng 2g ti\u1ec7n l\u1ee3i s\u1eed d\u1ee5ng cho kho\u1ea3ng 3 l\u1ea7n. Kh\u00f4ng g\u00e2y l\u00e3ng ph\u00ed v\u00ec b\u1ecb kh\u00f4 c\u1ee9ng.<\/li>\n<\/ul>\n<h3><img decoding=\"async\" class=\"wp-image-27755 aligncenter\" src=\"https:\/\/havamall.com\/wp-content\/uploads\/2022\/07\/61TCFdjsSxL.-300x200.png\" alt=\"\" width=\"576\" height=\"384\" \/><\/h3>\n<h3><strong>C\u00e1ch s\u1eed d\u1ee5ng keo:<\/strong><\/h3>\n<p>&#8211; M\u1edf n\u1eafp tu\u00fdp keo, d\u00f9ng k\u00e9o c\u1eaft m\u1ed9t ph\u1ea7n v\u00f2i c\u1ee7a tu\u00fdp keo.<\/p>\n<p>&#8211; D\u00f9ng v\u1eadt nh\u1ecdn \u0111\u00e2m th\u1ee7ng ph\u1ea7n b\u1ea3o v\u1ec7 tr\u00ean \u0111\u1ea7u.<\/p>\n<p>&#8211; Lau s\u1ea1ch b\u1ec1 m\u1eb7t ti\u1ebfp x\u00fac keo c\u1ee7a v\u1eadt c\u1ea7n d\u00e1n.<\/p>\n<p>&#8211; Thoa keo \u0111\u1ec1u tr\u00ean b\u1ec1 m\u1eb7t ti\u1ebfp x\u00fac v\u1eadt c\u1ea7n d\u00e1n.<\/p>\n<p>&#8211; Sau khi d\u00e1n, c\u1ea7n c\u1ed1 \u0111\u1ecbnh v\u1eadt m\u1ed9t kho\u1ea3ng th\u1eddi gian \u0111\u1ec3 keo kh\u00f4 l\u1ea1i.<\/p>\n<p>&#8211; Sau khi d\u00f9ng, \u0111\u00f3ng ch\u1eb7t n\u1eafp tu\u00fdp keo l\u1ea1i, l\u1ea7n t\u1edbi s\u1eed d\u1ee5ng ch\u1ec9 c\u1ea7n m\u1edf n\u1eafp ra d\u00f9ng k\u00e9o c\u1eaft b\u1edbt ph\u1ea7n v\u00f2i c\u1ee7a tu\u00fdp.<\/p>\n<p>S\u1ea3n ph\u1ea9m hi\u1ec7n \u0111\u00e3 c\u00f3 m\u1eb7t t\u1ea1i Havamall.<\/p>\n<p><img loading=\"lazy\" decoding=\"async\" class=\"wp-image-27756 aligncenter\" src=\"https:\/\/havamall.com\/wp-content\/uploads\/2022\/07\/618X71J8ByL._AC_SL1000_-300x200.jpg\" alt=\"\" width=\"584\" height=\"389\" \/><\/p>","protected":false},"excerpt":{"rendered":"<p>Uncle Bills (UBL) cung c\u1ea5p h\u01a1n 1800 s\u1ea3n ph\u1ea9m ti\u00eau d\u00f9ng phi th\u01b0\u0323c ph\u00e2\u0309m h\u00e2\u0301p d\u00e2\u0303n, ti\u00ea\u0323n i\u0301ch, gia\u0301 ph\u1ea3i<\/p>","protected":false},"featured_media":27757,"comment_status":"open","ping_status":"closed","template":"","meta":[],"product_brand":[],"product_cat":[35],"product_tag":[],"class_list":{"0":"post-27753","1":"product","2":"type-product","3":"status-publish","4":"has-post-thumbnail","6":"product_cat-nha-cua-doi-song","7":"pa_brand-uncle-bills","9":"first","10":"instock","11":"sale","12":"shipping-taxable","13":"purchasable","14":"product-type-simple"},"_links":{"self":[{"href":"https:\/\/havamall.com\/en\/wp-json\/wp\/v2\/product\/27753","targetHints":{"allow":["GET"]}}],"collection":[{"href":"https:\/\/havamall.com\/en\/wp-json\/wp\/v2\/product"}],"about":[{"href":"https:\/\/havamall.com\/en\/wp-json\/wp\/v2\/types\/product"}],"replies":[{"embeddable":true,"href":"https:\/\/havamall.com\/en\/wp-json\/wp\/v2\/comments?post=27753"}],"version-history":[{"count":0,"href":"https:\/\/havamall.com\/en\/wp-json\/wp\/v2\/product\/27753\/revisions"}],"wp:featuredmedia":[{"embeddable":true,"href":"https:\/\/havamall.com\/en\/wp-json\/wp\/v2\/media\/27757"}],"wp:attachment":[{"href":"https:\/\/havamall.com\/en\/wp-json\/wp\/v2\/media?parent=27753"}],"wp:term":[{"taxonomy":"product_brand","embeddable":true,"href":"https:\/\/havamall.com\/en\/wp-json\/wp\/v2\/product_brand?post=27753"},{"taxonomy":"product_cat","embeddable":true,"href":"https:\/\/havamall.com\/en\/wp-json\/wp\/v2\/product_cat?post=27753"},{"taxonomy":"product_tag","embeddable":true,"href":"https:\/\/havamall.com\/en\/wp-json\/wp\/v2\/product_tag?post=27753"}],"curies":[{"name":"wp","href":"https:\/\/api.w.org\/{rel}","templated":true}]}}