{"id":27805,"date":"2022-07-08T10:26:55","date_gmt":"2022-07-08T03:26:55","guid":{"rendered":"https:\/\/havamall.com\/?post_type=product&#038;p=27805"},"modified":"2025-12-03T04:13:29","modified_gmt":"2025-12-02T21:13:29","slug":"guong-trang-diem-de-ban-bang-go","status":"publish","type":"product","link":"https:\/\/havamall.com\/en\/shop\/guong-trang-diem-de-ban-bang-go\/","title":{"rendered":"G\u01b0\u01a1ng Trang \u0110i\u1ec3m \u0110\u1ec3 B\u00e0n B\u1eb1ng G\u1ed7"},"content":{"rendered":"<p>G\u01b0\u01a1ng \u0111\u1ec3 b\u00e0n, G\u01b0\u01a1ng soi trang \u0111\u1ec3m \u0111\u1ec3 b\u00e0n mini, ch\u1ea5t li\u1ec7u g\u1ed7 th\u00f4ng t\u1ef1 nhi\u00ean, g\u01b0\u01a1ng b\u1ec9 \u0111\u01b0\u1ee3c s\u1ea3n xu\u1ea5t t\u1eeb ch\u1ea5t li\u1ec7u g\u1ed7 t\u1ef1 nhi\u00ean ch\u1ea5t l\u01b0\u1ee3ng cao, \u0111\u00e3 qua x\u1eed l\u00fd t\u1ec9 m\u1ec9 ch\u1ed1ng cong v\u00eanh, m\u1ed1i m\u1ecdt. V\u1edbi thi\u1ebft k\u1ebf t\u1ed1i \u01b0u g\u01b0\u01a1ng c\u00f3 k\u00edch th\u01b0\u1edbc v\u1eeba t\u1ea1o n\u00ean m\u1ed9t kh\u00f4ng gian s\u1ed1ng hi\u1ec7n \u0111\u1ea1i, g\u1ecdn g\u00e0ng, mang phong c\u00e1ch t\u1ed1i gi\u1ea3n Minimalism.<\/p>\n<p>G\u01b0\u01a1ng \u0111\u1ec3 b\u00e0n \u0111\u01b0\u1ee3c thi\u1ebft k\u1ebf m\u1eb7t k\u00ednh \u0111\u1eb9p m\u1eaft v\u1edbi k\u00edch th\u01b0\u1edbc nh\u1ecf xinh, v\u00f4 c\u00f9ng ti\u1ec7n d\u1ee5ng, d\u1ec5 di chuy\u1ec3n, d\u1ec5 s\u1eafp \u0111\u1eb7t. G\u01b0\u01a1ng c\u00f3 ph\u1ea7n khung l\u00e0m b\u1eb1ng ch\u1ea5t li\u1ec7u g\u1ed7 cao c\u1ea5p b\u1ec1n b\u1ec9, c\u1ee9ng c\u00e1p, kh\u00f4ng cong v\u00eanh hay h\u01b0 h\u1ecfng trong qu\u00e1 tr\u00ecnh s\u1eed d\u1ee5ng.<\/p>\n<p><img fetchpriority=\"high\" decoding=\"async\" class=\"wp-image-27807 aligncenter\" src=\"https:\/\/havamall.com\/wp-content\/uploads\/2022\/07\/ac48f6ffdf7e1c20456f-1-300x270.jpg\" alt=\"\" width=\"566\" height=\"510\" \/><\/p>\n<p>\u0110\u1eb7c bi\u1ec7t ph\u00f9 h\u1ee3p v\u1edbi c\u1ea3 nh\u1eefng c\u00f4 n\u00e0ng m\u1edbi t\u1eadp t\u00e0nh l\u00e0m \u0111\u1eb9p b\u1edfi b\u1ea1n c\u00f3 th\u1ec3 thay \u0111\u1ed5i \u0111\u1ed9 nghi\u00eang c\u1ee7a m\u1eb7t g\u01b0\u01a1ng 1 c\u00e1ch d\u1ec5 d\u00e0ng \u0111\u1ec3 c\u00f3 th\u1ec3 trang \u0111i\u1ec3m nh\u1eefng chi ti\u1ebft c\u1ea7n s\u1ef1 t\u1ec9 m\u1ec9, kh\u00e9o l\u00e9o.<\/p>\n<p>Kh\u00f4ng c\u1ea7n qu\u00e1 c\u1ea7u k\u00ec, s\u1ef1 \u0111\u01a1n gi\u1ea3n c\u1ee7a m\u1eabu g\u01b0\u01a1ng trang \u0111i\u1ec3m n\u00e0y mang \u0111\u1ebfn cho b\u00e0n trang \u0111i\u1ec3m c\u1ee7a b\u1ea1n 1 t\u1ed5ng th\u1ec3 h\u00e0i h\u00f2a, \u0111\u1eb9p m\u1eaft. G\u01b0\u01a1ng g\u1ed7 \u0111\u1ec3 b\u00e0n cao c\u1ea5p xinh x\u1eafn s\u1ebd ho\u00e0n h\u1ea3o d\u00f9ng \u0111\u1ec3 decor c\u0103n ph\u00f2ng c\u1ee7a m\u00ecnh.<\/p>\n<p><img decoding=\"async\" class=\"wp-image-27808 aligncenter\" src=\"https:\/\/havamall.com\/wp-content\/uploads\/2022\/07\/45526164ac19ecf60ce5dbc81ed9b527-300x300.jpg\" alt=\"\" width=\"565\" height=\"565\" \/><\/p>\n<h3><strong>C\u00f4ng d\u1ee5ng, c\u00f4ng n\u0103ng: <\/strong><\/h3>\n<p>&#8211; G\u01b0\u01a1ng l\u00e0 v\u1eadt d\u1ee5ng ko th\u1ec3 thi\u1ebfu trong nh\u1eefng ng\u00f4i nh\u00e0, gi\u00fap t\u0103ng \u00e1nh s\u00e1ng, di\u1ec7n t\u00edch ng\u1ed3i nh\u00e0.<\/p>\n<p>&#8211; Gi\u00fap b\u1ea1n soi g\u01b0\u01a1ng m\u1eb7t h\u1eb1ng ng\u00e0y, h\u00ecnh \u1ea3nh ch\u00e2n th\u1eadt t\u1ec9 l\u1ec7 1:1 nh\u1edd m\u1eb7t g\u01b0\u01a1ng cao c\u1ea5p<\/p>\n<p>&#8211; Tr\u1ee3 th\u1ee7 \u0111\u1eafc l\u1ef1c cho c\u00e1c b\u1ea1n Make-up trang \u0111i\u1ec3m, d\u00f9ng m\u1ef9 ph\u1ea9m,&#8230;<\/p>\n<p>&#8211; D\u00f9ng trang tr\u00ed mang t\u00ednh th\u1ea9m m\u1ef9 cao nh\u1edd khung m\u00e0u g\u1ed7 t\u1ef1 nhi\u00ean s\u00e1ng v\u00e0 n\u1ed5i b\u1eadt<\/p>\n<p>&#8211; Ti\u1ec7n l\u1ee3i mang theo khi \u0111i du l\u1ecbch<\/p>\n<p>&#8211; B\u1ec1 m\u1eb7t \u0111\u01b0\u1ee3c l\u00e0m ph\u1eb3ng, ch\u1ea5t li\u1ec7u t\u1ed1t, c\u1ef1c k\u00ec b\u1ec1n<\/p>\n<p>&#8211; G\u01b0\u01a1ng gi\u00fap cho ch\u00fang ta l\u00e0m \u0111\u1eb9p, ho\u1eb7c ch\u1ec9 \u0111\u01a1n gi\u1ea3n l\u00e0 t\u1ea1o \u0111i\u1ec3m nh\u1ea5n cho ng\u00f4i nh\u00e0 c\u1ee7a b\u1ea1n<\/p>\n<p><img decoding=\"async\" class=\"wp-image-27809 aligncenter\" src=\"https:\/\/havamall.com\/wp-content\/uploads\/2022\/07\/2edc217a47b0ce15e4504e79b6284648-300x253.jpg\" alt=\"\" width=\"572\" height=\"482\" \/><\/p>\n<h3><strong>H\u01b0\u1edbng d\u1eabn s\u1eed d\u1ee5ng <\/strong><\/h3>\n<p>&#8211; S\u1ea3n ph\u1ea9m t\u1ef1 l\u1eafp r\u00e1p, nguy\u00ean ki\u1ec7n bao g\u1ed3m 2 b\u1ed9 ph\u1eadn.<\/p>\n<p>&#8211; H\u1ea1n ch\u1ebf ti\u1ebfp x\u00fac v\u1edbi \u00e1nh n\u1eafng m\u1eb7t tr\u1eddi, n\u01a1i \u1ea9m \u01b0\u1edbt. S\u1eed d\u1ee5ng c\u00e1c ch\u1ea5t t\u1ea9y r\u1eeda chuy\u00ean d\u1ee5ng \u0111\u1ec3 kh\u00f4ng l\u00e0m m\u1ea5t \u0111\u1ed9 th\u1ea9m m\u1ef9 c\u1ee7a g\u1ed7, v\u00e0 g\u01b0\u01a1ng.<\/p>","protected":false},"excerpt":{"rendered":"<p>G\u01b0\u01a1ng \u0111\u1ec3 b\u00e0n, G\u01b0\u01a1ng soi trang \u0111\u1ec3m \u0111\u1ec3 b\u00e0n mini, ch\u1ea5t li\u1ec7u g\u1ed7 th\u00f4ng t\u1ef1 nhi\u00ean, g\u01b0\u01a1ng b\u1ec9 \u0111\u01b0\u1ee3c s\u1ea3n<\/p>","protected":false},"featured_media":27839,"comment_status":"open","ping_status":"closed","template":"","meta":[],"product_brand":[],"product_cat":[35,394],"product_tag":[],"class_list":{"0":"post-27805","1":"product","2":"type-product","3":"status-publish","4":"has-post-thumbnail","6":"product_cat-nha-cua-doi-song","7":"product_cat-trang-tri-nha-cua","9":"first","10":"instock","11":"sale","12":"shipping-taxable","13":"purchasable","14":"product-type-simple"},"_links":{"self":[{"href":"https:\/\/havamall.com\/en\/wp-json\/wp\/v2\/product\/27805","targetHints":{"allow":["GET"]}}],"collection":[{"href":"https:\/\/havamall.com\/en\/wp-json\/wp\/v2\/product"}],"about":[{"href":"https:\/\/havamall.com\/en\/wp-json\/wp\/v2\/types\/product"}],"replies":[{"embeddable":true,"href":"https:\/\/havamall.com\/en\/wp-json\/wp\/v2\/comments?post=27805"}],"version-history":[{"count":0,"href":"https:\/\/havamall.com\/en\/wp-json\/wp\/v2\/product\/27805\/revisions"}],"wp:featuredmedia":[{"embeddable":true,"href":"https:\/\/havamall.com\/en\/wp-json\/wp\/v2\/media\/27839"}],"wp:attachment":[{"href":"https:\/\/havamall.com\/en\/wp-json\/wp\/v2\/media?parent=27805"}],"wp:term":[{"taxonomy":"product_brand","embeddable":true,"href":"https:\/\/havamall.com\/en\/wp-json\/wp\/v2\/product_brand?post=27805"},{"taxonomy":"product_cat","embeddable":true,"href":"https:\/\/havamall.com\/en\/wp-json\/wp\/v2\/product_cat?post=27805"},{"taxonomy":"product_tag","embeddable":true,"href":"https:\/\/havamall.com\/en\/wp-json\/wp\/v2\/product_tag?post=27805"}],"curies":[{"name":"wp","href":"https:\/\/api.w.org\/{rel}","templated":true}]}}