{"id":28093,"date":"2022-07-19T14:55:15","date_gmt":"2022-07-19T07:55:15","guid":{"rendered":"https:\/\/havamall.com\/?post_type=product&#038;p=28093"},"modified":"2026-01-26T13:36:44","modified_gmt":"2026-01-26T06:36:44","slug":"ruou-mai-que-lo-havafoodis-chai-thuy-tinh-90ml","status":"publish","type":"product","link":"https:\/\/havamall.com\/en\/shop\/ruou-mai-que-lo-havafoodis-chai-thuy-tinh-90ml\/","title":{"rendered":"R\u01b0\u1ee3u Mai Qu\u1ebf L\u1ed9 200ml &#8211; MAI KUEI LU CHIEW"},"content":{"rendered":"<p>R\u01b0\u1ee3u Mai Qu\u1ebf L\u1ed9 c\u00f3 ngu\u1ed3n g\u1ed1c b\u00ean Trung Qu\u1ed1c. T\u1ea1i Vi\u1ec7t Nam, r\u01b0\u1ee3u mai qu\u1ebf l\u1ed9 \u0111\u01b0\u1ee3c l\u00e0m b\u1eb1ng c\u00e1ch ng\u00e2m r\u01b0\u1ee3u c\u00e1c lo\u1ea1i gia v\u1ecb nh\u01b0 v\u1ecf qu\u1ebf kh\u00f4, hoa h\u1ed3i kh\u00f4, th\u1ea3o qu\u1ea3,tr\u1ea7n b\u00ec\u2026 trong r\u01b0\u1ee3u g\u1ea1o trong kho\u1ea3ng 2-3 tu\u1ea7n l\u00e0 b\u1eaft \u0111\u1ea7u d\u00f9ng \u0111\u01b0\u1ee3c. Mu\u1ed1n ngon th\u00ec \u0111\u1ec3 c\u00e0ng l\u00e2u c\u00e0ng c\u00f3 m\u00f9i th\u01a1m ngon.<\/p>\n<p>R\u01b0\u1ee3u mai qu\u1ebf l\u1ed9 r\u1ea5t \u0111\u01b0\u1ee3c ph\u1ed5 bi\u1ebfn \u1edf c\u00e1c gia \u0111\u00ecnh Vi\u1ec7t Nam, b\u1edfi s\u1ea3n ph\u1ea9m c\u00f3 r\u1ea5t nhi\u1ec1u c\u00f4ng d\u1ee5ng trong vi\u1ec7c ch\u1ebf bi\u1ebfn th\u1ef1c ph\u1ea9m. \u0110\u1eb7c t\u00ednh chung c\u1ee7a r\u01b0\u1ee3u mai qu\u1ebf l\u1ed9\u00a0l\u00e0 gi\u00fap cho m\u00f3n \u0103n \u0111\u01b0\u1ee3c th\u01a1m ngon v\u00e0 h\u01b0\u01a1ng v\u1ecb h\u1ea5p d\u1eabn h\u01a1n.\u00a0R\u01b0\u1ee3u mai qu\u1ebf l\u1ed9 l\u00e0 gia v\u1ecb ch\u1ee7 y\u1ebfu v\u00e0 kh\u00f4ng th\u1ec3 thi\u1ebfu \u0111\u1ec3 d\u00f9ng \u01b0\u1edbp c\u00e1c m\u00f3n th\u1ecbt n\u01b0\u1edbng, c\u00e1 n\u01b0\u1edbng, l\u00e0m b\u00e1nh trung thu, tr\u1ee9ng mu\u1ed1i, l\u1ea1p x\u01b0\u1edfng\u2026<\/p>\n<p>H\u01b0\u01a1ng v\u1ecb \u0111\u00f3 \u0111\u01b0\u1ee3c t\u1ea1o n\u00ean t\u1eeb r\u1ea5t nhi\u1ec1u nguy\u00ean li\u1ec7u \u0111\u01b0\u1ee3c ng\u00e2m trong r\u01b0\u1ee3u. Lo\u1ea1i r\u01b0\u1ee3u n\u00e0y c\u0169ng \u0111\u00f3ng vai tr\u00f2 quan tr\u1ecdng trong vi\u1ec7c kh\u1eed m\u00f9i tanh cho tr\u1ee9ng mu\u1ed1i gi\u00fap tr\u1ee9ng mu\u1ed1i \u0111\u01b0\u1ee3c th\u01a1m ngon h\u01a1n so v\u1edbi vi\u1ec7c l\u00e0m s\u1ea1ch th\u00f4ng th\u01b0\u1eddng. \u0110\u1ed3ng th\u1eddi, r\u01b0\u1ee3u c\u0169ng \u0111\u01b0\u1ee3c d\u00f9ng \u0111\u1ec3 \u01b0\u1edbp th\u01a1m cho nh\u00e2n b\u00e1nh trung thu th\u1eadp c\u1ea9m.<\/p>\n<h3><strong>\u0110\u1eb7c \u0111i\u1ec3m n\u1ed5i b\u1eadt c\u1ee7a s\u1ea3n ph\u1ea9m:<\/strong><\/h3>\n<p>&#8211; Gia v\u1ecb mai qu\u1ebf l\u1ed9 r\u01b0\u1ee3u gia v\u1ecb c\u00f2n \u0111\u01b0\u1ee3c g\u1ecdi l\u00e0 r\u01b0\u1ee3u th\u01a1m, l\u00e0 lo\u1ea1i r\u01b0\u1ee3u th\u01b0\u1eddng \u0111\u01b0\u1ee3c s\u1eed d\u1ee5ng l\u00e0m gia v\u1ecb, t\u1ea9m \u01b0\u1edbp, kh\u1eed m\u00f9i tanh trong nh\u00e0 b\u1ebfp gi\u00fap cho c\u00e1c m\u00f3n \u0103n th\u01a1m ngon h\u01a1n. \u0110\u00e2y kh\u00f4ng ph\u1ea3i l\u00e0 lo\u1ea1i r\u01b0\u1ee3u u\u1ed1ng m\u00e0 l\u00e0 lo\u1ea1i r\u01b0\u1ee3u gia v\u1ecb r\u1ea5t hay \u0111\u01b0\u1ee3c s\u1eed d\u1ee5ng trong c\u00e1c m\u00f3n \u0103n.<\/p>\n<p>&#8211; Th\u00e0nh ph\u1ea7n c\u1ee7a gia v\u1ecb mai qu\u1ebf l\u1ed9 \u0111\u1ec1u l\u00e0 nh\u1eefng th\u00e0nh ph\u1ea7n t\u1ef1 nhi\u00ean, qu\u00fd v\u00e0 r\u1ea5t t\u1ed1t cho s\u1ee9c kh\u1ecfe nh\u01b0: h\u1ed3i, qu\u1ebf, \u0111inh h\u01b0\u01a1ng,&#8230; h\u01b0\u01a1ng v\u1ecb th\u01a1m ngon, b\u1ea1n c\u00f3 th\u1ec3 ho\u00e0n to\u00e0n y\u00ean t\u00e2m v\u1ec1 ch\u1ea5t l\u01b0\u1ee3ng c\u1ee7a r\u01b0\u1ee3u.<\/p>\n<p>&#8211; S\u1ea3n ph\u1ea9m \u0111\u01b0\u1ee3c \u0111\u00f3ng chai ti\u1ec7n l\u1ee3i, gi\u00fap b\u1ea1n d\u1ec5 d\u00e0ng s\u1eed d\u1ee5ng v\u00e0 b\u1ea3o qu\u1ea3n trong m\u1ed9t kho\u1ea3ng th\u1eddi gian d\u00e0i.<\/p>\n<p><img fetchpriority=\"high\" decoding=\"async\" class=\"wp-image-28098 aligncenter\" src=\"https:\/\/havamall.com\/wp-content\/uploads\/2022\/07\/HuynhKy-533-300x200.png\" alt=\"\" width=\"604\" height=\"402\" \/><\/p>\n<h3><strong>C\u00f4ng d\u1ee5ng:<\/strong><\/h3>\n<p>\u2013 D\u00f9ng \u01b0\u1edbp th\u1ecbt heo quay.<\/p>\n<p>\u2013 L\u00e0m\u00a0l\u1ea1p x\u01b0\u1edfng.<\/p>\n<p>\u2013 D\u00f9ng \u01b0\u1edbp th\u01a1m cho nh\u00e2n b\u00e1nh trung thu th\u1eadp c\u1ea9m.<\/p>\n<p>\u2013 Kh\u1eed m\u00f9i tanh c\u1ee7a th\u1ecbt heo, g\u00e0, v\u1ecbt,\u2026hay kh\u1eed m\u00f9i tanh khi n\u1ea5u ph\u00e1 l\u1ea5u.<\/p>\n<p>\u2013 Khi l\u00e0m tr\u1ee9ng mu\u1ed1i, n\u1ebfu l\u0103n qua r\u01b0\u1ee3u mai qu\u1ebf l\u1ed9 thay v\u00ec l\u0103n qua r\u01b0\u1ee3u th\u01b0\u1eddng, s\u1ebd l\u00e0m tr\u1ee9ng mu\u1ed1i th\u01a1m h\u01a1n.<\/p>\n<p>S\u1ea3n ph\u1ea9m hi\u1ec7n \u0111\u00e3 c\u00f3 m\u1eb7t t\u1ea1i Havamall.<\/p>","protected":false},"excerpt":{"rendered":"<p>R\u01b0\u1ee3u Mai Qu\u1ebf L\u1ed9 c\u00f3 ngu\u1ed3n g\u1ed1c b\u00ean Trung Qu\u1ed1c. T\u1ea1i Vi\u1ec7t Nam, r\u01b0\u1ee3u mai qu\u1ebf l\u1ed9 \u0111\u01b0\u1ee3c l\u00e0m b\u1eb1ng<\/p>","protected":false},"featured_media":44519,"comment_status":"open","ping_status":"closed","template":"","meta":[],"product_brand":[],"product_cat":[36],"product_tag":[],"class_list":{"0":"post-28093","1":"product","2":"type-product","3":"status-publish","4":"has-post-thumbnail","6":"product_cat-thuc-pham-tieu-dung","7":"pa_brand-skx","9":"first","10":"instock","11":"sale","12":"shipping-taxable","13":"purchasable","14":"product-type-simple"},"_links":{"self":[{"href":"https:\/\/havamall.com\/en\/wp-json\/wp\/v2\/product\/28093","targetHints":{"allow":["GET"]}}],"collection":[{"href":"https:\/\/havamall.com\/en\/wp-json\/wp\/v2\/product"}],"about":[{"href":"https:\/\/havamall.com\/en\/wp-json\/wp\/v2\/types\/product"}],"replies":[{"embeddable":true,"href":"https:\/\/havamall.com\/en\/wp-json\/wp\/v2\/comments?post=28093"}],"version-history":[{"count":0,"href":"https:\/\/havamall.com\/en\/wp-json\/wp\/v2\/product\/28093\/revisions"}],"wp:featuredmedia":[{"embeddable":true,"href":"https:\/\/havamall.com\/en\/wp-json\/wp\/v2\/media\/44519"}],"wp:attachment":[{"href":"https:\/\/havamall.com\/en\/wp-json\/wp\/v2\/media?parent=28093"}],"wp:term":[{"taxonomy":"product_brand","embeddable":true,"href":"https:\/\/havamall.com\/en\/wp-json\/wp\/v2\/product_brand?post=28093"},{"taxonomy":"product_cat","embeddable":true,"href":"https:\/\/havamall.com\/en\/wp-json\/wp\/v2\/product_cat?post=28093"},{"taxonomy":"product_tag","embeddable":true,"href":"https:\/\/havamall.com\/en\/wp-json\/wp\/v2\/product_tag?post=28093"}],"curies":[{"name":"wp","href":"https:\/\/api.w.org\/{rel}","templated":true}]}}