{"id":28253,"date":"2022-08-01T16:51:18","date_gmt":"2022-08-01T09:51:18","guid":{"rendered":"https:\/\/havamall.com\/?post_type=product&#038;p=28253"},"modified":"2025-09-24T16:28:25","modified_gmt":"2025-09-24T09:28:25","slug":"bot-thao-qua-den-havafood-goi-100g-black-cardamom","status":"publish","type":"product","link":"https:\/\/havamall.com\/en\/shop\/bot-thao-qua-den-havafood-goi-100g-black-cardamom\/","title":{"rendered":"B\u1ed9t Th\u1ea3o Qu\u1ea3 \u0110en Havafood G\u00f3i 100g &#8211; Black Cardamom"},"content":{"rendered":"<p>Th\u1ea3o qu\u1ea3\u00a0l\u00e0 m\u1ed9t d\u01b0\u1ee3c li\u1ec7u qu\u00fd c\u1ee7a Vi\u1ec7t Nam, n\u00f3 \u0111\u01b0\u1ee3c m\u1ec7nh danh l\u00e0 &#8221; n\u1eef ho\u00e0ng&#8221; c\u1ee7a c\u00e1c lo\u1ea1i gia v\u1ecb nh\u1edd c\u00f3 \u0111\u1eb7c t\u00ednh th\u01a1m ngon, v\u1eeba cay v\u1eeba ng\u1ecdt n\u00ean ch\u00fang \u0111\u01b0\u1ee3c s\u1eed d\u1ee5ng r\u1ea5t nhi\u1ec1u trong \u1ea9m th\u1ef1c Vi\u1ec7t Nam.<\/p>\n<p>Ngo\u00e0i t\u00e1c d\u1ee5ng l\u00e0m t\u0103ng h\u01b0\u01a1ng v\u1ecb cho c\u00e1c m\u00f3n \u0103n th\u00ec ch\u00fang c\u00f2n c\u00f3 r\u1ea5t c\u00f3 l\u1ee3i cho s\u1ee9c kh\u1ecfe. gi\u00fap b\u1ed5 m\u00e1u, gi\u1ea3m huy\u1ebft \u00e1p, t\u1ed1t cho b\u1ec7nh tim m\u1ea1ch, gi\u1ea3m nguy c\u01a1 ung th\u01b0.<\/p>\n<p><img fetchpriority=\"high\" decoding=\"async\" class=\"wp-image-28259 aligncenter\" src=\"https:\/\/havamall.com\/wp-content\/uploads\/2022\/08\/black-cardamom-bowl-dry-black-cardamom-spice-close-up-black-cardamom-powder_444343-210-300x200.jpg\" alt=\"\" width=\"617\" height=\"411\" \/><\/p>\n<p>B\u1ed9t th\u1ea3o qu\u1ea3\u00a0c\u00f3 m\u00f9i v\u1ecb \u0111\u1eb7c tr\u01b0ng c\u1ee7a th\u1ea3o qu\u1ea3, qu\u1ea3 th\u1ea3o qu\u1ea3 kh\u00f4 sau khi \u0111\u01b0\u1ee3c ch\u1ecdn l\u1ecdc c\u1ea9n th\u1eadn s\u1ebd \u0111\u01b0\u1ee3c nghi\u1ec1n th\u00e0nh b\u1ed9t. B\u1ed9t th\u1ea3o qu\u1ea3 c\u00f3 m\u00f9i th\u01a1m r\u1ea5t d\u1ec5 ch\u1ecbu v\u00e0 ch\u00fang th\u01b0\u1eddng \u0111\u01b0\u1ee3c s\u1eed d\u1ee5ng l\u00e0m d\u01b0\u1ee3c li\u1ec7u v\u00e0 h\u01b0\u01a1ng li\u1ec7u trong ch\u1ebf bi\u1ebfn c\u00e1c m\u00f3n \u0103n ngon.<\/p>\n<p>Th\u1ea3o qu\u1ea3 \u0111\u01b0\u1ee3c d\u00f9ng d\u00f9ng trong \u1ea9m th\u1ef1c l\u00e0 qu\u1ea3 ch\u00edn \u0111\u01b0\u1ee3c ph\u01a1i s\u1ea5y kh\u00f4. Ch\u1ebf bi\u1ebfn\u00a0b\u1ed9t th\u1ea3o qu\u1ea3\u00a0ch\u00ednh l\u00e0 nghi\u1ec1n tr\u1ef1c ti\u1ebfp t\u1eeb 100% th\u1ea3o qu\u1ea3 kh\u00f4 t\u1ef1 nhi\u00ean.<\/p>\n<p><img decoding=\"async\" class=\"wp-image-28260 aligncenter\" src=\"https:\/\/havamall.com\/wp-content\/uploads\/2022\/08\/cardamom-buns-_0355-title.jpg-1-300x298.png\" alt=\"\" width=\"624\" height=\"620\" \/><\/p>\n<p>Th\u1ea3o qu\u1ea3 th\u01b0\u1eddng hay xu\u1ea5t hi\u1ec7n c\u00f9ng c\u00e1c gia v\u1ecb kh\u00e1c, nh\u01b0 qu\u1ebf, h\u1ed3i n\u1ee5 \u0111inh h\u01b0\u01a1ng&#8230;tuy nhi\u00ean, vai tr\u00f2 v\u00e0 h\u01b0\u01a1ng v\u1ecb c\u1ee7a th\u1ea3o qu\u1ea3 v\u1eabn \u0111\u1eb7c tr\u01b0ng, l\u00e0 m\u1ed9t ph\u1ea7n kh\u00f4ng th\u1ec3 thi\u1ebfu c\u1ee7a nhi\u1ec1u m\u00f3n \u0103n, l\u00e0m n\u00ean s\u1ef1 d\u1ecbu d\u00e0ng m\u00e0 d\u1ec5 ch\u1ecbu.<\/p>\n<p>B\u1ed9t th\u1ea3o qu\u1ea3 nguy\u00ean ch\u1ea5t t\u1ea1o n\u00ean \u0111\u1eb7c tr\u01b0ng c\u1ee7a nhi\u1ec1u m\u00f3n \u0103n kh\u00e1c nhau, c\u00f3 th\u1ec3 k\u1ec3 \u0111\u1ebfn nh\u01b0 b\u00f2 kho, ph\u1edf, c\u00e1c m\u00f3n h\u1ea7m, t\u1ea7n, n\u01b0\u1edbng hay k\u1ec3 c\u1ea3 c\u00e1c lo\u1ea1i b\u00e1nh k\u1eb9o, ch\u00e8, th\u1ee9c u\u1ed1ng c\u00f9ng c\u1ea7n c\u00f3 th\u1ea3o qu\u1ea3 \u0111\u1ec3 t\u1ea1o n\u00ean s\u1ef1 c\u00e2n b\u1eb1ng v\u00e0 \u0111\u1eadm \u0111\u00e0.<\/p>\n<p><img decoding=\"async\" class=\"wp-image-28261 aligncenter\" src=\"https:\/\/havamall.com\/wp-content\/uploads\/2022\/08\/Khau-nhuc-mon-an-ngon-tu-thao-qua-300x172.jpg\" alt=\"\" width=\"632\" height=\"362\" \/><\/p>\n<h3><strong>H\u01b0\u1edbng d\u1eabn s\u1eed d\u1ee5ng:<\/strong><\/h3>\n<p>&#8211;\u00a0D\u00f9ng tr\u1ef1c ti\u1ebfp \u0111\u1ec3 t\u1ea9m \u01b0\u1edbp, ch\u1ebf bi\u1ebfn m\u00f3n \u0103n, th\u01b0\u1eddng d\u00f9ng cho c\u00e1c m\u00f3n \u0103n m\u1eb7n, c\u01a1m th\u1eadp c\u1ea9m, th\u1ecbt h\u1ea7m, c\u00e0 ri.<\/p>\n<p>&#8211;\u00a0\u0110\u1ec3 pha tr\u00e0, c\u00e0 ph\u00ea v\u00e0 l\u00e0m h\u01b0\u01a1ng li\u1ec7u cho m\u1ed9t s\u1ed1 lo\u1ea1i n\u01b0\u1edbc gi\u1ea3i kh\u00e1t.<\/p>\n<p>&#8211;\u00a0Kh\u00f4ng s\u1eed d\u1ee5ng s\u1ea3n ph\u1ea9m n\u1ebfu c\u00f3 d\u1ea5u hi\u1ec7u h\u01b0 h\u1ecfng.<\/p>\n<p>S\u1ea3n ph\u1ea9m hi\u1ec7n \u0111\u00e3 c\u00f3 m\u1eb7t t\u1ea1i Havamall.<\/p>","protected":false},"excerpt":{"rendered":"<p>Th\u1ea3o qu\u1ea3\u00a0l\u00e0 m\u1ed9t d\u01b0\u1ee3c li\u1ec7u qu\u00fd c\u1ee7a Vi\u1ec7t Nam, n\u00f3 \u0111\u01b0\u1ee3c m\u1ec7nh danh l\u00e0 &#8221; n\u1eef ho\u00e0ng&#8221; c\u1ee7a c\u00e1c lo\u1ea1i<\/p>","protected":false},"featured_media":40722,"comment_status":"open","ping_status":"closed","template":"","meta":[],"product_brand":[],"product_cat":[595,36,134],"product_tag":[],"class_list":{"0":"post-28253","1":"product","2":"type-product","3":"status-publish","4":"has-post-thumbnail","6":"product_cat-gia-vi-va-che-bien","7":"product_cat-thuc-pham-tieu-dung","8":"product_cat-thucpham-saykho","9":"pa_brand-skx","11":"first","12":"outofstock","13":"sale","14":"shipping-taxable","15":"purchasable","16":"product-type-simple"},"_links":{"self":[{"href":"https:\/\/havamall.com\/en\/wp-json\/wp\/v2\/product\/28253","targetHints":{"allow":["GET"]}}],"collection":[{"href":"https:\/\/havamall.com\/en\/wp-json\/wp\/v2\/product"}],"about":[{"href":"https:\/\/havamall.com\/en\/wp-json\/wp\/v2\/types\/product"}],"replies":[{"embeddable":true,"href":"https:\/\/havamall.com\/en\/wp-json\/wp\/v2\/comments?post=28253"}],"version-history":[{"count":0,"href":"https:\/\/havamall.com\/en\/wp-json\/wp\/v2\/product\/28253\/revisions"}],"wp:featuredmedia":[{"embeddable":true,"href":"https:\/\/havamall.com\/en\/wp-json\/wp\/v2\/media\/40722"}],"wp:attachment":[{"href":"https:\/\/havamall.com\/en\/wp-json\/wp\/v2\/media?parent=28253"}],"wp:term":[{"taxonomy":"product_brand","embeddable":true,"href":"https:\/\/havamall.com\/en\/wp-json\/wp\/v2\/product_brand?post=28253"},{"taxonomy":"product_cat","embeddable":true,"href":"https:\/\/havamall.com\/en\/wp-json\/wp\/v2\/product_cat?post=28253"},{"taxonomy":"product_tag","embeddable":true,"href":"https:\/\/havamall.com\/en\/wp-json\/wp\/v2\/product_tag?post=28253"}],"curies":[{"name":"wp","href":"https:\/\/api.w.org\/{rel}","templated":true}]}}