{"id":28295,"date":"2022-08-03T16:08:16","date_gmt":"2022-08-03T09:08:16","guid":{"rendered":"https:\/\/havamall.com\/?post_type=product&#038;p=28295"},"modified":"2025-12-03T04:15:16","modified_gmt":"2025-12-02T21:15:16","slug":"mang-boc-thuc-pham-goodwrap-size-30cm","status":"publish","type":"product","link":"https:\/\/havamall.com\/en\/shop\/mang-boc-thuc-pham-goodwrap-size-30cm\/","title":{"rendered":"M\u00e0ng B\u1ecdc Th\u1ef1c Ph\u1ea9m Goodwrap Size 30cm"},"content":{"rendered":"<p dir=\"auto\">M\u00e0ng b\u1ecdc th\u1ef1c ph\u1ea9m Goodwrap \u0111\u01b0\u1ee3c l\u00e0m t\u1eeb ch\u1ea5t li\u1ec7u PVC an to\u00e0n, kh\u00f4ng \u0111\u1ed9c h\u1ea1i, c\u00f3 t\u00ednh \u0111\u00e0n h\u1ed3i t\u1ed1t gi\u00fap b\u1ea1n b\u1ecdc \u0111\u1ed3 \u0103n ti\u1ec7n d\u1ee5ng, d\u1ec5 d\u00e0ng v\u00e0 \u0111\u1eb9p m\u1eaft. \u0110\u1eb7c bi\u1ec7t, m\u00e0ng b\u1ecdc \u0111\u01b0\u1ee3c thi\u1ebft k\u1ebf \u1edf d\u1ea1ng cu\u1ed9n gi\u00fap b\u1ea1n b\u1ecdc \u0111\u1ed3 \u0103n m\u1ed9t c\u00e1ch d\u1ec5 d\u00e0ng v\u00e0 chuy\u00ean nghi\u1ec7p nh\u1ea5t.<\/p>\n<p dir=\"auto\">S\u1ea3n ph\u1ea9m c\u00f3 k\u00edch th\u01b0\u1edbc kh\u1ed5 r\u1ed9ng 30 cm, ph\u00f9 h\u1ee3p v\u1edbi \u0111\u1ea1i \u0111a s\u1ed1 c\u00e1c tr\u01b0\u1eddng h\u1ee3p th\u1ef1c ph\u1ea9m trong b\u1ebfp gia \u0111\u00ecnh c\u1ea7n \u0111\u01b0\u1ee3c b\u1ea3o qu\u1ea3n b\u1eb1ng m\u00e0ng b\u1ecdc. Chi\u1ec1u d\u00e0i 9m gi\u00fap ti\u1ebft ki\u1ec7m h\u01a1n n\u1ebfu c\u00f3 nhu c\u1ea7u s\u1eed d\u1ee5ng cao.<\/p>\n<p dir=\"auto\"><img fetchpriority=\"high\" decoding=\"async\" class=\"wp-image-28296 aligncenter\" src=\"https:\/\/havamall.com\/wp-content\/uploads\/2022\/08\/5a6ce78dcb0fabd3df3dbc17ad4cd0d1-300x204.jpg\" alt=\"\" width=\"577\" height=\"393\" \/><\/p>\n<p dir=\"auto\">Th\u1ef1c ph\u1ea9m c\u1ee7a b\u1ea1n s\u1ebd tuy\u1ec7t \u0111\u1ed1i v\u00f4 tr\u00f9ng khi n\u1eb1m d\u01b0\u1edbi l\u1edbp m\u00e0ng b\u1ecdc th\u1ef1c ph\u1ea9m Goodwrap. V\u1edbi s\u1ea3n ph\u1ea9m m\u00e0ng b\u1ecdc th\u1ef1c ph\u1ea9m n\u00e0y, b\u1ea1n r\u1ea5t d\u1ec5 d\u00e0ng b\u1ecdc th\u1ef1c ph\u1ea9m m\u1ed9t c\u00e1ch g\u1ecdn g\u00e0ng v\u00e0 c\u00f3 t\u00ednh th\u1ea9m m\u1ef9. Nh\u1eefng \u0111\u1ed3 \u0103n s\u1ebd gi\u1eef nguy\u00ean h\u00ecnh d\u00e1ng, t\u01b0\u01a1i s\u1eafc d\u01b0\u1edbi l\u1edbp m\u00e0ng b\u1ecdc \u0111\u00fang nh\u01b0 b\u1ea1n b\u00e0y tr\u00ed tr\u00ean \u0111\u0129a, b\u00e1t c\u1ee7a m\u00ecnh.<\/p>\n<p>V\u1edbi kh\u1ea3 n\u0103ng gi\u1eef t\u01b0\u01a1i th\u1ef1c ph\u1ea9m, ch\u1ed1ng b\u00e1m h\u01a1i n\u01b0\u1edbc v\u00e0 ch\u1ecbu l\u1ea1nh t\u1ed1t, s\u1ea3n ph\u1ea9m l\u00e0 c\u00f4ng c\u1ee5 h\u1eefu \u00edch \u0111\u1ec3 b\u1ea1n b\u1ea3o qu\u1ea3n th\u1ef1c ph\u1ea9m v\u1edbi ch\u1ea5t l\u01b0\u1ee3ng t\u1ed1t nh\u1ea5t.\u00a0S\u1ea3n ph\u1ea9m \u0111\u01b0\u1ee3c c\u1ea5p ch\u1ee9ng nh\u1eadn ti\u00eau chu\u1ea9n ch\u1ea5t l\u01b0\u1ee3ng an to\u00e0n v\u1ec7 sinh th\u1ef1c ph\u1ea9m.<\/p>\n<p><img decoding=\"async\" class=\"wp-image-28300 aligncenter\" src=\"https:\/\/havamall.com\/wp-content\/uploads\/2022\/08\/a83a36f99bc077812efa0bd05c377661-300x188.jpg\" alt=\"\" width=\"581\" height=\"364\" \/><\/p>\n<h3><strong>\u0110\u1eb7c \u0111i\u1ec3m n\u1ed5i b\u1eadt:<\/strong><\/h3>\n<p>&#8211; \u0110\u01b0\u1ee3c C\u1ee5c An to\u00e0n v\u1ec7 sinh th\u1ef1c ph\u1ea9m c\u1ea5p gi\u1ea5y ch\u1ee9ng nh\u1eadn.<\/p>\n<p>&#8211; Kh\u00f4ng ch\u1ee9a DEHA<\/p>\n<p>&#8211; Kh\u00f4ng ch\u1ee9a DEHP<\/p>\n<p>&#8211; C\u00f3 th\u1ec3 s\u1eed d\u1ee5ng l\u00f2 vi s\u00f3ng, t\u1ee7 l\u1ea1nh.<\/p>\n<p>&#8211; Thi\u1ebft k\u1ebf ti\u1ec7n l\u1ee3i khi m\u1edf \u0111\u00f3ng d\u1ec5 d\u00e0ng.<\/p>\n<p>&#8211; M\u00e0ng b\u1ecdc dai, d\u1ec5 d\u00e0ng b\u00e1m v\u00e0o ly, \u0111\u0129a ho\u1eb7c \u0111\u1ed3 g\u1ed1m, nh\u1ef1a, s\u00e0nh, s\u1ee9, th\u1ee7y tinh\u2026<\/p>\n<p>&#8211; \u0110\u1ed9 \u0111\u00e0n h\u1ed3i t\u1ed1t, d\u1ec5 k\u00e9o d\u00e0i v\u00e0 \u0111\u00f3ng, b\u1ecdc \u0111\u01b0\u1ee3c v\u00e0o b\u1ea5t k\u1ef3 h\u00ecnh d\u1ea1ng n\u00e0o c\u1ee7a h\u1ed9p \u0111\u1ef1ng th\u1ee9c \u0103n hay th\u1ef1c ph\u1ea9m.<\/p>\n<p>&#8211; Dao c\u1eaft r\u1ea5t ti\u1ec7n l\u1ee3i v\u00e0 th\u1ea9m m\u1ef9.<\/p>\n<p>&#8211; B\u1ea3o qu\u1ea3n rau qu\u1ea3, th\u1ef1c ph\u1ea9m ti\u1ec7n l\u1ee3i.<\/p>\n<p>&#8211; Kh\u00f4ng c\u00f3 m\u00f9i h\u00f4i.<\/p>\n<p><img decoding=\"async\" class=\"wp-image-28297 aligncenter\" src=\"https:\/\/havamall.com\/wp-content\/uploads\/2022\/08\/ba4ef035a8d86727cdab5bfb0762b526-300x300.jpg\" alt=\"\" width=\"565\" height=\"565\" \/><\/p>","protected":false},"excerpt":{"rendered":"<p>M\u00e0ng b\u1ecdc th\u1ef1c ph\u1ea9m Goodwrap \u0111\u01b0\u1ee3c l\u00e0m t\u1eeb ch\u1ea5t li\u1ec7u PVC an to\u00e0n, kh\u00f4ng \u0111\u1ed9c h\u1ea1i, c\u00f3 t\u00ednh \u0111\u00e0n h\u1ed3i<\/p>","protected":false},"featured_media":28299,"comment_status":"open","ping_status":"closed","template":"","meta":[],"product_brand":[],"product_cat":[393,35],"product_tag":[],"class_list":{"0":"post-28295","1":"product","2":"type-product","3":"status-publish","4":"has-post-thumbnail","6":"product_cat-bep-phong-an","7":"product_cat-nha-cua-doi-song","9":"first","10":"outofstock","11":"sale","12":"shipping-taxable","13":"purchasable","14":"product-type-simple"},"_links":{"self":[{"href":"https:\/\/havamall.com\/en\/wp-json\/wp\/v2\/product\/28295","targetHints":{"allow":["GET"]}}],"collection":[{"href":"https:\/\/havamall.com\/en\/wp-json\/wp\/v2\/product"}],"about":[{"href":"https:\/\/havamall.com\/en\/wp-json\/wp\/v2\/types\/product"}],"replies":[{"embeddable":true,"href":"https:\/\/havamall.com\/en\/wp-json\/wp\/v2\/comments?post=28295"}],"version-history":[{"count":0,"href":"https:\/\/havamall.com\/en\/wp-json\/wp\/v2\/product\/28295\/revisions"}],"wp:featuredmedia":[{"embeddable":true,"href":"https:\/\/havamall.com\/en\/wp-json\/wp\/v2\/media\/28299"}],"wp:attachment":[{"href":"https:\/\/havamall.com\/en\/wp-json\/wp\/v2\/media?parent=28295"}],"wp:term":[{"taxonomy":"product_brand","embeddable":true,"href":"https:\/\/havamall.com\/en\/wp-json\/wp\/v2\/product_brand?post=28295"},{"taxonomy":"product_cat","embeddable":true,"href":"https:\/\/havamall.com\/en\/wp-json\/wp\/v2\/product_cat?post=28295"},{"taxonomy":"product_tag","embeddable":true,"href":"https:\/\/havamall.com\/en\/wp-json\/wp\/v2\/product_tag?post=28295"}],"curies":[{"name":"wp","href":"https:\/\/api.w.org\/{rel}","templated":true}]}}