{"id":28342,"date":"2022-08-04T16:29:42","date_gmt":"2022-08-04T09:29:42","guid":{"rendered":"https:\/\/havamall.com\/?post_type=product&#038;p=28342"},"modified":"2022-10-04T16:48:46","modified_gmt":"2022-10-04T09:48:46","slug":"banh-trung-thu-3q-dai-loan-trung-muoi-tan-chay-hop-meo-than-tai-330g","status":"publish","type":"product","link":"https:\/\/havamall.com\/en\/shop\/banh-trung-thu-3q-dai-loan-trung-muoi-tan-chay-hop-meo-than-tai-330g\/","title":{"rendered":"B\u00e1nh Trung Thu 3Q \u0110\u00e0i Loan Tr\u1ee9ng Mu\u1ed1i Tan Ch\u1ea3y H\u1ed9p M\u00e8o Th\u1ea7n T\u00e0i 330g"},"content":{"rendered":"<p>D\u1ecbp l\u1ec5 Trung thu s\u1eafp t\u1edbi l\u00e0 nh\u1eefng gi\u00e2y ph\u00fat qu\u00e2y qu\u1ea7n b\u00ean gia \u0111\u00ecnh, ng\u01b0\u1eddi th\u01b0\u01a1ng\u00a0c\u00f9ng nhau th\u01b0\u1edfng th\u1ee9c nh\u1eefng chi\u1ebfc b\u00e1nh trung thu m\u1eb7n n\u1ed3ng , ng\u1ecdt ng\u00e0o h\u01b0\u01a1ng v\u1ecb tr\u1ee9ng mu\u1ed1i ch\u1ea3y c\u1ee7a 3Q mang l\u1ea1i v\u00e0 g\u1eafn ch\u1eb7t t\u00ecnh c\u1ea3m gia \u0111\u00ecnh.<\/p>\n<p>B\u00e1nh n\u01b0\u1edbng m\u1ec1m c\u1ed9ng th\u00eam l\u1edbp nh\u00e2n b\u00ean trong ng\u1ecdt nh\u00e2n b\u00e1nh v\u00e0 m\u1eb7n b\u00e9o c\u1ee7a tr\u1ee9ng mu\u1ed1i t\u1ea1o n\u00ean h\u01b0\u01a1ng v\u1ecb ngon tuy\u1ec7t v\u1eddi m\u00e0 kh\u00f4ng lo b\u1ecb ng\u00e1n.<\/p>\n<p><img fetchpriority=\"high\" decoding=\"async\" class=\"wp-image-28343 aligncenter\" src=\"https:\/\/havamall.com\/wp-content\/uploads\/2022\/08\/Scc5d6f6b76cb4560916b63eed15897a5q-1-300x152.jpg\" alt=\"\" width=\"545\" height=\"276\" \/><\/p>\n<p>V\u1ecf b\u00e1nh m\u1ec1m m\u1ecbn th\u01a1m b\u01a1, h\u01b0\u01a1ng tr\u1ee9ng s\u1eefa c\u1ef1c b\u00e9o ng\u1eady, kh\u00f4ng g\u00e2y c\u1ea3m gi\u00e1c ng\u00e1n Nh\u00e2n b\u00e1nh tr\u1ee9ng ch\u1ea3y si\u00eau h\u1ea5p d\u1eabn V\u1ecb b\u00e1nh ng\u1ecdt v\u1eeba \u0111\u1ee7 \u0111\u1ec3 t\u1eeb ng\u01b0\u1eddi l\u1edbn tu\u1ed5i hay tr\u1ebb con \u0111\u1ec1u \u201cv\u1eeba mi\u1ec7ng\u201d.<\/p>\n<p>S\u1ea3n ph\u1ea9m \u0111\u01b0\u1ee3c \u01b0a chu\u1ed9ng v\u00f4 c\u00f9ng t\u1ea1i Hongkong. S\u1ef1 ho\u00e0 quy\u1ec7n \u0111\u1ec9nh cao gi\u1eefa v\u1ecf b\u00e1nh th\u01a1m ngon \u0111\u1eadm v\u1ecb, c\u00f9ng l\u1edbp nh\u00e2n kim sa tr\u1ee9ng mu\u1ed1i ch\u1ea3y b\u00f9i b\u00e9o.<\/p>\n<p><img decoding=\"async\" class=\"wp-image-28344 aligncenter\" src=\"https:\/\/havamall.com\/wp-content\/uploads\/2022\/08\/O1CN01gKD1jZ1pOLZFksmQk_2204195975350-300x300.jpg\" alt=\"\" width=\"537\" height=\"537\" \/><\/p>\n<h3><strong>\u0110\u1eb7c \u0111i\u1ec3m n\u1ed5i b\u1eadt c\u1ee7a s\u1ea3n ph\u1ea9m:<\/strong><\/h3>\n<p>&#8211; Trong m\u1ed7i h\u1ed9p g\u1ed3m 6 c\u00e1i mix 2 nh\u00e2n: nh\u00e2n ph\u00f4 mai ch\u00e0 b\u00f4ng tr\u1ee9ng mu\u1ed1i tan ch\u1ea3y v\u00e0 nh\u00e2n khoai m\u00f4n tr\u1ee9ng mu\u1ed1i tan ch\u1ea3y.<\/p>\n<p>&#8211; V\u1ecf b\u00e1nh m\u1ec1m c\u00f3 l\u1edbp m\u00e8 th\u01a1m th\u01a1m k\u1ebf l\u00e0 l\u1edbp mochi d\u1ebbo trong c\u00f9ng l\u00e0 nh\u00e2n tr\u1ee9ng ch\u1ea3y si\u00eau h\u1ea5p d\u1eabn. N\u00f3i t\u1edbi \u0111\u00e2y th\u00f4i l\u00e0 \u0111\u00e3 th\u1ea5y th\u00e8m l\u1eafm r\u1ed3i \u1ea1. B\u00e1nh ngon th\u1ef1c s\u1ef1 lu\u00f4n.<\/p>\n<p>&#8211; H\u1ed9p b\u00e1nh c\u00f3 t\u1eb7ng k\u00e8m t\u00fai \u0111\u1ef1ng xinh x\u1ebbo l\u1eafm, l\u00e0m qu\u00e0 bi\u1ebfu t\u1eb7ng.<\/p>\n<p><img decoding=\"async\" class=\"wp-image-28345 aligncenter\" src=\"https:\/\/havamall.com\/wp-content\/uploads\/2022\/08\/S965c8301a385406c9278448b37f1c196R-1-300x244.jpg\" alt=\"\" width=\"523\" height=\"426\" \/><\/p>","protected":false},"excerpt":{"rendered":"<p>D\u1ecbp l\u1ec5 Trung thu s\u1eafp t\u1edbi l\u00e0 nh\u1eefng gi\u00e2y ph\u00fat qu\u00e2y qu\u1ea7n b\u00ean gia \u0111\u00ecnh, ng\u01b0\u1eddi th\u01b0\u01a1ng\u00a0c\u00f9ng nhau th\u01b0\u1edfng th\u1ee9c<\/p>","protected":false},"featured_media":28346,"comment_status":"open","ping_status":"closed","template":"","meta":[],"product_brand":[],"product_cat":[133,36],"product_tag":[],"class_list":{"0":"post-28342","1":"product","2":"type-product","3":"status-publish","4":"has-post-thumbnail","6":"product_cat-banh-keo-chocolate","7":"product_cat-thuc-pham-tieu-dung","9":"first","10":"outofstock","11":"sale","12":"shipping-taxable","13":"purchasable","14":"product-type-simple"},"_links":{"self":[{"href":"https:\/\/havamall.com\/en\/wp-json\/wp\/v2\/product\/28342","targetHints":{"allow":["GET"]}}],"collection":[{"href":"https:\/\/havamall.com\/en\/wp-json\/wp\/v2\/product"}],"about":[{"href":"https:\/\/havamall.com\/en\/wp-json\/wp\/v2\/types\/product"}],"replies":[{"embeddable":true,"href":"https:\/\/havamall.com\/en\/wp-json\/wp\/v2\/comments?post=28342"}],"version-history":[{"count":0,"href":"https:\/\/havamall.com\/en\/wp-json\/wp\/v2\/product\/28342\/revisions"}],"wp:featuredmedia":[{"embeddable":true,"href":"https:\/\/havamall.com\/en\/wp-json\/wp\/v2\/media\/28346"}],"wp:attachment":[{"href":"https:\/\/havamall.com\/en\/wp-json\/wp\/v2\/media?parent=28342"}],"wp:term":[{"taxonomy":"product_brand","embeddable":true,"href":"https:\/\/havamall.com\/en\/wp-json\/wp\/v2\/product_brand?post=28342"},{"taxonomy":"product_cat","embeddable":true,"href":"https:\/\/havamall.com\/en\/wp-json\/wp\/v2\/product_cat?post=28342"},{"taxonomy":"product_tag","embeddable":true,"href":"https:\/\/havamall.com\/en\/wp-json\/wp\/v2\/product_tag?post=28342"}],"curies":[{"name":"wp","href":"https:\/\/api.w.org\/{rel}","templated":true}]}}