{"id":28365,"date":"2022-08-08T16:59:24","date_gmt":"2022-08-08T09:59:24","guid":{"rendered":"https:\/\/havamall.com\/?post_type=product&#038;p=28365"},"modified":"2025-09-24T14:20:16","modified_gmt":"2025-09-24T07:20:16","slug":"set-4-dung-cu-co-ve-sinh-may-pha-ca-phe-tien-dung","status":"publish","type":"product","link":"https:\/\/havamall.com\/en\/shop\/set-4-dung-cu-co-ve-sinh-may-pha-ca-phe-tien-dung\/","title":{"rendered":"Set D\u1ee5ng C\u1ee5 C\u1ecd V\u1ec7 Sinh M\u00e1y Pha C\u00e0 Ph\u00ea Ti\u1ec7n D\u1ee5ng"},"content":{"rendered":"<p>Set c\u1ecd v\u1ec7 sinh m\u00e1y pha c\u00e0 ph\u00ea 5 m\u00f3n \u0111\u1ec3 l\u00e0m s\u1ea1ch c\u1eb7n c\u00e0 ph\u00ea v\u00e0 l\u01b0\u1ee1i dao xay c\u00e0 ph\u00ea. S\u1ea3n ph\u1ea9m l\u00e0m s\u1ea1ch ho\u00e0n h\u1ea3o kh\u00f4ng gian k\u00edn v\u00e0 \u0111\u1ebfn b\u1ea5t k\u1ef3 ng\u00f3c ng\u00e1ch n\u00e0o c\u1ee7a m\u00e1y. Gi\u1eef tay b\u1ea1n tr\u00e1nh xa n\u01b0\u1edbc n\u00f3ng m\u1ed9t c\u00e1ch an to\u00e0n khi v\u1ec7 sinh m\u00e1y.<\/p>\n<p>Set c\u1ecd v\u1ec7 sinh m\u00e1y pha c\u00e0 ph\u00ea 5 m\u00f3n v\u1edbi thi\u1ebft k\u1ebf \u0111\u1ed9c \u0111\u00e1o gi\u00fap tay lu\u00f4n m\u00e1t v\u00e0 kh\u00f4, c\u1ecd c\u00f3 g\u00f3c c\u1ea1nh th\u00edch h\u1ee3p \u0111\u1ec3 l\u00e0m s\u1ea1ch n\u1ec1n nh\u1ecf .Th\u00edch h\u1ee3p cho m\u00e1y xay c\u00e0 ph\u00ea, m\u00e1y pha c\u00e0 ph\u00ea espresso, m\u00e1y t\u1ea1o b\u1ecdt s\u1eefa, \u0111\u1eadu v\u00e0 m\u00e1y pha c\u00e0 ph\u00ea.<\/p>\n<p><img fetchpriority=\"high\" decoding=\"async\" class=\"wp-image-28366 aligncenter\" src=\"https:\/\/havamall.com\/wp-content\/uploads\/2022\/08\/d9dfe1277763538aae93ba12fb3cac82-300x300.jpg\" alt=\"\" width=\"598\" height=\"598\" \/><\/p>\n<p>C\u1ecd nh\u1ecf ho\u00e0n h\u1ea3o \u0111\u1ec3 l\u00e0m s\u1ea1ch kh\u00f4ng gian ch\u1eadt h\u1eb9p v\u00e0 c\u00f3 th\u1ec3 \u0111\u01b0\u1ee3c s\u1eed d\u1ee5ng \u0111\u1ec3 l\u00e0m s\u1ea1ch \u1ed1ng h\u00fat t\u00e1i s\u1eed d\u1ee5ng, b\u1ed9 l\u1ecdc b\u1ec3 c\u00e1 v\u00e0 th\u00f4ng t\u1eafc c\u00e1c l\u1ed7 c\u1ed1ng b\u1ed3n r\u1eeda trong ph\u00f2ng t\u1eafm v\u00e0 nh\u00e0 b\u1ebfp.<\/p>\n<p>Vi\u1ec7c v\u1ec7 sinh m\u00e1y pha c\u00e0 ph\u00ea ch\u01b0a bao gi\u1edd \u0111\u01a1n gi\u1ea3n h\u01a1n khi s\u1eed d\u1ee5ng ch\u1ed5i v\u1ec7 sinh m\u00e1y c\u00e0 ph\u00ea. D\u1ee5ng c\u1ee5 \u0111\u1ed9c \u0111\u00e1o v\u00e0 ti\u00ean ti\u1ebfn \u0111\u1ec3 ch\u0103m s\u00f3c chi\u1ebfc m\u00e1y pha c\u00e0 ph\u00ea c\u1ee7a b\u1ea1n. Ch\u1ec9 v\u1edbi set s\u1ea3n ph\u1ea9m, b\u1ea1n c\u00f3 th\u1ec3 th\u1ef1c hi\u1ec7n \u0111\u01b0\u1ee3c 3 thao t\u00e1c: \u0111\u1ecbnh l\u01b0\u1ee3ng h\u00f3a ch\u1ea5t v\u1ec7 sinh m\u00e1y b\u1eb1ng mu\u1ed7ng \u1edf 1 \u0111\u1ea7u c\u1ecd, l\u00e0m s\u1ea1ch v\u00f2i \u0111\u00e1nh s\u1eefa b\u1eb1ng con tr\u1ecf kim lo\u1ea1i v\u00e0 l\u00e0m s\u1ea1ch c\u1eeda ra c\u00e0 ph\u00ea b\u1eb1ng \u0111\u1ea7u ch\u1ed5i.<\/p>\n<p><img decoding=\"async\" class=\"wp-image-28367 aligncenter\" src=\"https:\/\/havamall.com\/wp-content\/uploads\/2022\/08\/C-Ph-M-y-B-n-Ch-i-V-Sinh-K-m-Th-a-Cho-M.jpg_Q90.jpg_-1-300x300.png\" alt=\"\" width=\"608\" height=\"608\" \/><\/p>\n<p>\u0110\u1ea7u l\u00f4ng ch\u1ea3i \u0111\u01b0\u1ee3c c\u00e3nh l\u00e0m l\u1ec7ch n\u01b0\u1edbc: thi\u1ebft k\u1ebf v\u1edbi nh\u1eefng r\u00e3nh l\u00e0m l\u1ec7ch \u0111\u01b0\u1eddng n\u01b0\u1edbc n\u00f3ng ch\u1ea3y ra t\u1eeb m\u00e1y, c\u1ecd Pallo gi\u00fap b\u1ea1n tr\u00e1nh \u0111\u01b0\u1ee3c nguy c\u01a1 b\u1ecb b\u1ecfng khi v\u1ec7 sinh m\u00e1y.<\/p>\n<h3><strong> G\u00f3i h\u00e0ng bao g\u1ed3m: <\/strong><\/h3>\n<p>&gt; 1 C\u1ecd l\u00e0m s\u1ea1ch v\u1edbi th\u00eca<\/p>\n<p>&gt; 1 C\u1ecd l\u00e0m s\u1ea1ch c\u00e0 ph\u00ea<\/p>\n<p>&gt; 1 B\u00fat 1<\/p>\n<p>&gt; C\u1ecd l\u00e0m s\u1ea1ch tay c\u1ea7m b\u1eb1ng g\u1ed7<\/p>\n<p><img decoding=\"async\" class=\"wp-image-28368 aligncenter\" src=\"https:\/\/havamall.com\/wp-content\/uploads\/2022\/08\/b1191f71eadd8678ee15f1708434ec5b-300x300.jpg\" alt=\"\" width=\"624\" height=\"624\" \/><\/p>","protected":false},"excerpt":{"rendered":"<p>Set c\u1ecd v\u1ec7 sinh m\u00e1y pha c\u00e0 ph\u00ea 5 m\u00f3n \u0111\u1ec3 l\u00e0m s\u1ea1ch c\u1eb7n c\u00e0 ph\u00ea v\u00e0 l\u01b0\u1ee1i dao xay<\/p>","protected":false},"featured_media":28369,"comment_status":"open","ping_status":"closed","template":"","meta":[],"product_brand":[],"product_cat":[393,35],"product_tag":[],"class_list":{"0":"post-28365","1":"product","2":"type-product","3":"status-publish","4":"has-post-thumbnail","6":"product_cat-bep-phong-an","7":"product_cat-nha-cua-doi-song","9":"first","10":"instock","11":"sale","12":"shipping-taxable","13":"purchasable","14":"product-type-variable"},"_links":{"self":[{"href":"https:\/\/havamall.com\/en\/wp-json\/wp\/v2\/product\/28365","targetHints":{"allow":["GET"]}}],"collection":[{"href":"https:\/\/havamall.com\/en\/wp-json\/wp\/v2\/product"}],"about":[{"href":"https:\/\/havamall.com\/en\/wp-json\/wp\/v2\/types\/product"}],"replies":[{"embeddable":true,"href":"https:\/\/havamall.com\/en\/wp-json\/wp\/v2\/comments?post=28365"}],"version-history":[{"count":0,"href":"https:\/\/havamall.com\/en\/wp-json\/wp\/v2\/product\/28365\/revisions"}],"wp:featuredmedia":[{"embeddable":true,"href":"https:\/\/havamall.com\/en\/wp-json\/wp\/v2\/media\/28369"}],"wp:attachment":[{"href":"https:\/\/havamall.com\/en\/wp-json\/wp\/v2\/media?parent=28365"}],"wp:term":[{"taxonomy":"product_brand","embeddable":true,"href":"https:\/\/havamall.com\/en\/wp-json\/wp\/v2\/product_brand?post=28365"},{"taxonomy":"product_cat","embeddable":true,"href":"https:\/\/havamall.com\/en\/wp-json\/wp\/v2\/product_cat?post=28365"},{"taxonomy":"product_tag","embeddable":true,"href":"https:\/\/havamall.com\/en\/wp-json\/wp\/v2\/product_tag?post=28365"}],"curies":[{"name":"wp","href":"https:\/\/api.w.org\/{rel}","templated":true}]}}