{"id":28370,"date":"2022-08-09T10:25:29","date_gmt":"2022-08-09T03:25:29","guid":{"rendered":"https:\/\/havamall.com\/?post_type=product&#038;p=28370"},"modified":"2025-12-03T04:15:17","modified_gmt":"2025-12-02T21:15:17","slug":"bo-2-ly-dong-nhua-co-vach-chia-dinh-luong-100ml-50ml","status":"publish","type":"product","link":"https:\/\/havamall.com\/en\/shop\/bo-2-ly-dong-nhua-co-vach-chia-dinh-luong-100ml-50ml\/","title":{"rendered":"B\u1ed9 2 Ly \u0110ong Nh\u1ef1a C\u00f3 V\u1ea1ch Chia \u0110\u1ecbnh L\u01b0\u1ee3ng 100ml &amp; 50ml"},"content":{"rendered":"<p>\u0110\u1ec3 pha ch\u1ebf m\u1ed9t ly cocktail hay tr\u00e0 s\u1eefa c\u00f3 m\u00f9i v\u1ecb th\u01a1m ngon \u0111\u00fang chu\u1ea9n ngo\u00e0i thao t\u00e1c k\u1ef9 thu\u1eadt th\u00ec kh\u00f4ng th\u1ec3 kh\u00f4ng ch\u00fa \u00fd \u0111\u1ebfn b\u01b0\u1edbc \u0111o l\u01b0\u1eddng nguy\u00ean li\u1ec7u. Qu\u00e1 tr\u00ecnh n\u00e0y s\u1ebd gi\u00fap c\u00e1c Bartender c\u00f3 th\u1ec3 d\u1ec5 d\u00e0ng \u0111o v\u00e0 \u0111\u1ecbnh l\u01b0\u1ee3ng ch\u00ednh x\u00e1c trong qu\u00e1 tr\u00ecnh pha ch\u1ebf v\u00e0 tr\u1ee3 th\u1ee7 \u0111\u1eafc l\u1ef1c h\u1ed7 tr\u1ee3 ch\u00ednh l\u00e0 ca \u0111o l\u01b0\u1eddng.<\/p>\n<p><img fetchpriority=\"high\" decoding=\"async\" class=\"wp-image-28372 aligncenter\" src=\"https:\/\/havamall.com\/wp-content\/uploads\/2022\/08\/2a8804a020ad3a81652a2204d65c57a6-300x300.jpg\" alt=\"\" width=\"556\" height=\"556\" \/><\/p>\n<p>Ly \u0110ong Nh\u1ef1a t\u1eeb 50-100ml \u0111\u01b0\u1ee3c l\u00e0m t\u1eeb ch\u1ea5t li\u1ec7u nh\u1ef1a cao c\u1ea5p, h\u1ee3p v\u1ec7 sinh, ly c\u00f3 in r\u00f5 r\u00e0ng v\u1ea1ch \u0111\u1ecbnh l\u01b0\u1ee3ng r\u1ea5t ti\u1ec7n d\u1ee5ng. Ly \u0111ong nh\u1ef1a c\u00f3 v\u1ea1ch chia \u0111\u1ecbnh l\u01b0\u1ee3ng 100ml l\u00e0 d\u1ee5ng c\u1ee5 ti\u1ec7n \u00edch d\u00f9ng \u0111\u1ec3 \u0111ong th\u1ec3 t\u00edch nguy\u00ean li\u1ec7u n\u01b0\u1edbc, n\u01b0\u1edbc \u0111\u01b0\u1eddng, siro, r\u01b0\u1ee3u.<\/p>\n<p>Ly \u0111\u01b0\u1ee3c l\u00e0m b\u1eb1ng nh\u1ef1a PP cao c\u1ea5p, an to\u00e0n, b\u1ec1n, c\u00f3 thi\u1ebft k\u1ebf trong su\u1ed1t, v\u1ea1ch chia r\u00f5 r\u00e0ng ch\u00ednh x\u00e1c.\u00a0C\u1ed1c nh\u1ef1a c\u00f3 m\u00e0u trong su\u1ed1t, b\u00ean ngo\u00e0i c\u00f3 c\u00e1c thang t\u00ednh t\u0103ng d\u1ea7n, cao nh\u1ea5t l\u00e0 100ml.<\/p>\n<p><img decoding=\"async\" class=\"wp-image-28373 aligncenter\" src=\"https:\/\/havamall.com\/wp-content\/uploads\/2022\/08\/2cc47b2b-3ecd-4739-b957-5b31f415f6d1.9e6a6513b409d54e76845c18d7fdc29a-300x300.jpeg\" alt=\"\" width=\"560\" height=\"560\" \/><\/p>\n<h3><strong>\u01afu \u0111i\u1ec3m s\u1ea3n ph\u1ea9m<\/strong><\/h3>\n<p>\u2013 D\u00f9ng \u0111\u1ec3 \u0111ong th\u1ef1c ph\u1ea9m, ch\u1ea5t l\u1ecfng<\/p>\n<p>\u2013 C\u1ed1c c\u00f3 chia v\u1ea1ch gi\u00fap \u0111\u1ecbnh l\u01b0\u1ee3ng ch\u00ednh x\u00e1c, ph\u1ea7n \u0111\u1ea7u \u0111\u01b0\u1ee3c thi\u1ebft k\u1ebf nh\u1ecdn gi\u00fap r\u00f3t, \u0111\u1ed5 d\u1ec5 d\u00e0ng<\/p>\n<p>\u2013 An to\u00e0n cho s\u1ee9c kh\u1ecfe ng\u01b0\u1eddi d\u00f9ng, d\u1ec5 d\u00e0ng t\u00e1i ch\u1ebf, th\u00e2n thi\u1ec7n v\u1edbi m\u00f4i tr\u01b0\u1eddng<\/p>\n<p>\u2013 Ch\u1ea5t li\u1ec7u nh\u1ef1a cao c\u1ea5p c\u00f3 kh\u1ea3 n\u0103ng ch\u1ecbu l\u1ef1c t\u1ed1t v\u00e0 ch\u1ecbu nhi\u1ec7t<\/p>\n<p>\u2013 D\u1ec5 d\u00e0ng ch\u00f9i r\u1eeda, kh\u00f4ng \u0111\u1ec3 l\u1ea1i m\u00f9i th\u1ef1c ph\u1ea9m, mang l\u1ea1i ti\u1ec7n \u00edch t\u1ed1i \u0111a cho ng\u01b0\u1eddi s\u1eed d\u1ee5ng.<\/p>","protected":false},"excerpt":{"rendered":"<p>\u0110\u1ec3 pha ch\u1ebf m\u1ed9t ly cocktail hay tr\u00e0 s\u1eefa c\u00f3 m\u00f9i v\u1ecb th\u01a1m ngon \u0111\u00fang chu\u1ea9n ngo\u00e0i thao t\u00e1c k\u1ef9<\/p>","protected":false},"featured_media":28374,"comment_status":"open","ping_status":"closed","template":"","meta":[],"product_brand":[],"product_cat":[393,35],"product_tag":[],"class_list":{"0":"post-28370","1":"product","2":"type-product","3":"status-publish","4":"has-post-thumbnail","6":"product_cat-bep-phong-an","7":"product_cat-nha-cua-doi-song","9":"first","10":"instock","11":"sale","12":"shipping-taxable","13":"purchasable","14":"product-type-simple"},"_links":{"self":[{"href":"https:\/\/havamall.com\/en\/wp-json\/wp\/v2\/product\/28370","targetHints":{"allow":["GET"]}}],"collection":[{"href":"https:\/\/havamall.com\/en\/wp-json\/wp\/v2\/product"}],"about":[{"href":"https:\/\/havamall.com\/en\/wp-json\/wp\/v2\/types\/product"}],"replies":[{"embeddable":true,"href":"https:\/\/havamall.com\/en\/wp-json\/wp\/v2\/comments?post=28370"}],"version-history":[{"count":0,"href":"https:\/\/havamall.com\/en\/wp-json\/wp\/v2\/product\/28370\/revisions"}],"wp:featuredmedia":[{"embeddable":true,"href":"https:\/\/havamall.com\/en\/wp-json\/wp\/v2\/media\/28374"}],"wp:attachment":[{"href":"https:\/\/havamall.com\/en\/wp-json\/wp\/v2\/media?parent=28370"}],"wp:term":[{"taxonomy":"product_brand","embeddable":true,"href":"https:\/\/havamall.com\/en\/wp-json\/wp\/v2\/product_brand?post=28370"},{"taxonomy":"product_cat","embeddable":true,"href":"https:\/\/havamall.com\/en\/wp-json\/wp\/v2\/product_cat?post=28370"},{"taxonomy":"product_tag","embeddable":true,"href":"https:\/\/havamall.com\/en\/wp-json\/wp\/v2\/product_tag?post=28370"}],"curies":[{"name":"wp","href":"https:\/\/api.w.org\/{rel}","templated":true}]}}