{"id":28381,"date":"2022-08-09T14:13:42","date_gmt":"2022-08-09T07:13:42","guid":{"rendered":"https:\/\/havamall.com\/?post_type=product&#038;p=28381"},"modified":"2025-12-03T04:15:16","modified_gmt":"2025-12-02T21:15:16","slug":"pheu-loc-ca-phe-v60-thuy-tinh-de-go","status":"publish","type":"product","link":"https:\/\/havamall.com\/en\/shop\/pheu-loc-ca-phe-v60-thuy-tinh-de-go\/","title":{"rendered":"Ph\u1ec5u L\u1ecdc C\u00e0 Ph\u00ea V60 Thu\u1ef7 Tinh \u0110\u1ebf G\u1ed7"},"content":{"rendered":"<p>Ph\u1ec5u L\u1ecdc C\u00e0 Ph\u00ea V60 Thu\u1ef7 Tinh \u0110\u1ebf G\u1ed7 v\u1edbi ch\u1ea5t li\u1ec7u th\u1ee7y tinh kh\u00f4ng ch\u1ec9 \u0111em l\u1ea1i hi\u1ec7u qu\u1ea3 th\u1ea9m m\u0129 tuy\u1ec7t v\u1eddi, m\u00e0 c\u00f2n l\u00e0 v\u1eadt li\u1ec7u gi\u1eef nhi\u1ec7t r\u1ea5t t\u1ed1t \u2013 d\u1ec5 d\u00e0ng v\u1ec7 sinh v\u00e0 s\u1eed d\u1ee5ng \u0111\u01b0\u1ee3c l\u00e2u d\u00e0i m\u00e0 kh\u00f4ng gi\u1ea3m ch\u1ea5t l\u01b0\u1ee3ng, c\u00f9ng nh\u1eefng \u0111\u01b0\u1eddng s\u00f3ng trong ph\u1ec5u \u0111\u1ea3m b\u1ea3o cho vi\u1ec7c \u00f4m tr\u1ecdn v\u00f2ng h\u01b0\u01a1ng khi chi\u1ebft xu\u1ea5t c\u00e0 ph\u00ea.<\/p>\n<p><img fetchpriority=\"high\" decoding=\"async\" class=\"wp-image-28383 aligncenter\" src=\"https:\/\/havamall.com\/wp-content\/uploads\/2022\/08\/H22262f3f384248ba933de0518c47e1bfp.jpg_-215x300.png\" alt=\"\" width=\"542\" height=\"756\" \/><\/p>\n<p>\u0110\u1eb7c \u0111i\u1ec3m c\u1ee7a ph\u1ec5u l\u1ecdc c\u00e0 ph\u00ea th\u1ee7y tinh \u0111\u1ebf g\u1ed7 V60 l\u00e0 ph\u1ec5u c\u00f3 h\u00ecnh n\u00f3n g\u00f3c 60\u00b0 h\u01b0\u1edbng n\u01b0\u1edbc ch\u1ea3y v\u1ec1 t\u00e2m ph\u1ec5u. C\u00e0 ph\u00ea pha b\u1eb1ng V60 th\u1ec3 hi\u1ec7n \u0111\u01b0\u1ee3c m\u00f9i h\u01b0\u01a1ng r\u1ea5t t\u1ed1t v\u00e0 c\u00f3 body \u1edf m\u1ee9c nh\u1eb9.<\/p>\n<h3><strong>\u0110\u1eb6C\u00a0\u0110I\u1ec2M PH\u1ec4U L\u1eccC TH\u1ee6Y TINH\u00a0\u0110\u1ebe G\u1ed6 V60<\/strong><\/h3>\n<ul>\n<li>D\u00f9ng pha c\u00e0 ph\u00ea Pour over, drip.<\/li>\n<li>B\u00ecnh v\u00e0 ph\u1ec5u l\u00e0m t\u1eeb thu\u1ef7 tinh borosilicate c\u00f3 kh\u1ea3 n\u0103ng ch\u1ecbu nhi\u1ec7t \u0111\u1ed9 cao, ch\u1ecbu \u0111\u01b0\u1ee3c acid, ki\u1ec1m, kh\u00e1ng \u0103n m\u1ecdn, b\u1ec1 m\u1eb7t nh\u1eb5n m\u1ecbn kh\u00f3 x\u01b0\u1edbc d\u1ec5 v\u1ec7 sinh.<\/li>\n<\/ul>\n<ul>\n<li>C\u00f3 th\u1ec3 th\u00e1o r\u1eddi ph\u1ec5u, s\u1eed d\u1ee5ng \u0111\u01b0\u1ee3c v\u1edbi gi\u00e1 Pour Over ho\u1eb7c l\u1eafp \u0111\u1ebf s\u1eed d\u1ee5ng v\u1edbi b\u00ecnh \u0111\u1ef1ng.<\/li>\n<li>D\u1ec5 d\u00e0ng v\u1ec7 sinh ri\u00eang bi\u1ec7t\u00a0\u0111\u1ebf g\u1ed7, v\u00f2ng silicon v\u00e0 ph\u1ec5u th\u1ee7y tinh.<\/li>\n<\/ul>\n<h3><img decoding=\"async\" class=\"wp-image-28384 aligncenter\" src=\"https:\/\/havamall.com\/wp-content\/uploads\/2022\/08\/ceed5a02a311877f5568e8b5e32adc04-300x300.jpg\" alt=\"\" width=\"523\" height=\"523\" \/><\/h3>\n<h3><strong>C\u00c1CH PHA C\u00c0 PH\u00ca V\u1edaI\u00a0PH\u1ec4U L\u1eccC TH\u1ee6Y TINH\u00a0\u0110\u1ebe G\u1ed6 V60<\/strong><\/h3>\n<p>&#8211; \u00c1p d\u1ee5ng t\u1ef7 l\u1ec7 pha 1:12 t\u01b0\u01a1ng \u1ee9ng s\u1eed d\u1ee5ng 20g c\u00e0 ph\u00ea chi\u1ebft xu\u1ea5t ra 240ml n\u01b0\u1edbc trong kho\u1ea3ng th\u1eddi gian 2 -2:30 ph\u00fat<\/p>\n<p>&#8211; L\u01b0u \u00fd:Qu\u00e1 th\u1eddi gian c\u00e0 ph\u00ea s\u1ebd t\u0103ng v\u1ecb \u0111\u1eafng v\u00e0 ch\u00e1t. Ng\u01b0\u1ee3c l\u1ea1i \u00edt h\u01a1n th\u1eddi gian n\u00e0y c\u00e0 ph\u00ea s\u1ebd chua h\u01a1n.<\/p>\n<h5><em><strong>B\u01b0\u1edbc 1: <\/strong><\/em><\/h5>\n<p>&gt; G\u1ea5p gi\u1ea5y l\u1ecdc c\u00e0 ph\u00ea theo \u0111\u01b0\u1eddng k\u1ebb ch\u1ea5m<\/p>\n<p>&gt; \u0110\u1eb7t gi\u1ea5y l\u1ecdc v\u00e0o ph\u1ec5u V60 v\u00e0 \u0111\u1eb7t l\u00ean b\u00ecnh ch\u1ee9a c\u00e0 ph\u00ea. Sau \u0111\u00f3 r\u00f3t n\u01b0\u1edbc s\u00f4i m\u1ed9t l\u01b0\u1ee3t \u01b0\u1edbt h\u1ebft gi\u1ea5y \u0111\u1ec3 kh\u1eed m\u00f9i gi\u1ea5y l\u1ecdc v\u00e0 tr\u00e1ng n\u00f3ng b\u00ecnh ch\u1ee9a.<\/p>\n<h5><img decoding=\"async\" class=\"wp-image-28385 aligncenter\" src=\"https:\/\/havamall.com\/wp-content\/uploads\/2022\/08\/hariov6dripperolive0020v-sieuthicafe-06-300x300.png\" alt=\"\" width=\"516\" height=\"516\" \/><\/h5>\n<h5><em><strong>B\u01b0\u1edbc 2: <\/strong><\/em><\/h5>\n<p>\u0110\u1ed5 n\u01b0\u1edbc tr\u00e1ng n\u00f3ng b\u00ecnh \u0111i. Sau \u0111\u00f3 cho 20g b\u1ed9t c\u00e0 ph\u00ea \u0111\u01b0\u1ee3c xay c\u1ee1 th\u00f4 v\u1eeba v\u00e0o ph\u1ec5u. D\u00f9ng th\u00eca d\u00e0n \u0111\u1ec1u b\u1ed9t c\u00e0 ph\u00ea trong ph\u1ec5u<\/p>\n<h5><em><strong>B\u01b0\u1edbc 3:<\/strong><\/em><\/h5>\n<p>D\u00f9ng \u1ea5m c\u1ed5 ng\u1ed7ng r\u00f3t \u0111\u1ec1u tay n\u01b0\u1edbc n\u00f3ng 95\u00b0C theo h\u00ecnh tr\u00f4n \u1ed1c 60 ml n\u01b0\u1edbc; \u0111\u1ea3m b\u1ea3o to\u00e0n b\u1ed9 b\u1ed9t c\u00e0 ph\u00ea \u0111\u01b0\u1ee3c ng\u1ea5m n\u01b0\u1edbc.<\/p>\n<h5><em><strong>B\u01b0\u1edbc 4: <\/strong><\/em><\/h5>\n<p>\u0110\u1ee3i kho\u1ea3ng 30s cho b\u1ed9t c\u00e0 ph\u00ea ng\u1ea5m n\u01b0\u1edbc v\u00e0 n\u1edf. Sau \u0111\u00f3 ti\u1ebfp t\u1ee5c d\u00f9ng \u1ea5m c\u1ed5 ng\u1ed7ng r\u00f3t \u0111\u1ec1u tay th\u00eam 180ml n\u01b0\u1edbc; v\u1eeba r\u00f3t v\u1eeba \u0111\u1ee3i n\u01b0\u1edbc ch\u1ea3y xu\u1ed1ng \u0111\u1ec1u trong kho\u1ea3ng th\u1eddi gian 2 -2,5 ph\u00fat v\u00e0 th\u01b0\u1edfng th\u1ee9c<\/p>","protected":false},"excerpt":{"rendered":"<p>Ph\u1ec5u L\u1ecdc C\u00e0 Ph\u00ea V60 Thu\u1ef7 Tinh \u0110\u1ebf G\u1ed7 v\u1edbi ch\u1ea5t li\u1ec7u th\u1ee7y tinh kh\u00f4ng ch\u1ec9 \u0111em l\u1ea1i hi\u1ec7u qu\u1ea3<\/p>","protected":false},"featured_media":28387,"comment_status":"open","ping_status":"closed","template":"","meta":[],"product_brand":[],"product_cat":[393,35],"product_tag":[],"class_list":{"0":"post-28381","1":"product","2":"type-product","3":"status-publish","4":"has-post-thumbnail","6":"product_cat-bep-phong-an","7":"product_cat-nha-cua-doi-song","9":"first","10":"instock","11":"sale","12":"shipping-taxable","13":"purchasable","14":"product-type-simple"},"_links":{"self":[{"href":"https:\/\/havamall.com\/en\/wp-json\/wp\/v2\/product\/28381","targetHints":{"allow":["GET"]}}],"collection":[{"href":"https:\/\/havamall.com\/en\/wp-json\/wp\/v2\/product"}],"about":[{"href":"https:\/\/havamall.com\/en\/wp-json\/wp\/v2\/types\/product"}],"replies":[{"embeddable":true,"href":"https:\/\/havamall.com\/en\/wp-json\/wp\/v2\/comments?post=28381"}],"version-history":[{"count":0,"href":"https:\/\/havamall.com\/en\/wp-json\/wp\/v2\/product\/28381\/revisions"}],"wp:featuredmedia":[{"embeddable":true,"href":"https:\/\/havamall.com\/en\/wp-json\/wp\/v2\/media\/28387"}],"wp:attachment":[{"href":"https:\/\/havamall.com\/en\/wp-json\/wp\/v2\/media?parent=28381"}],"wp:term":[{"taxonomy":"product_brand","embeddable":true,"href":"https:\/\/havamall.com\/en\/wp-json\/wp\/v2\/product_brand?post=28381"},{"taxonomy":"product_cat","embeddable":true,"href":"https:\/\/havamall.com\/en\/wp-json\/wp\/v2\/product_cat?post=28381"},{"taxonomy":"product_tag","embeddable":true,"href":"https:\/\/havamall.com\/en\/wp-json\/wp\/v2\/product_tag?post=28381"}],"curies":[{"name":"wp","href":"https:\/\/api.w.org\/{rel}","templated":true}]}}