{"id":28601,"date":"2022-08-30T10:33:34","date_gmt":"2022-08-30T03:33:34","guid":{"rendered":"https:\/\/havamall.com\/?post_type=product&#038;p=28601"},"modified":"2025-03-27T10:51:11","modified_gmt":"2025-03-27T03:51:11","slug":"bot-gia-vi-lam-thit-xa-xiu-thai-lan-hieu-lobo-100g","status":"publish","type":"product","link":"https:\/\/havamall.com\/en\/shop\/bot-gia-vi-lam-thit-xa-xiu-thai-lan-hieu-lobo-100g\/","title":{"rendered":"B\u1ed9t Gia V\u1ecb L\u00e0m Th\u1ecbt X\u00e1 X\u00edu Th\u00e1i Lan Hi\u1ec7u Lobo 100g"},"content":{"rendered":"<p>Th\u1ecbt x\u00e1 x\u00edu l\u00e0 m\u1ed9t lo\u1ea1i th\u1ecbt heo quay ho\u1eb7c n\u01b0\u1edbng, xu\u1ea5t ph\u00e1t t\u1eeb Qu\u1ea3ng \u0110\u00f4ng, Trung Qu\u1ed1c.\u00a0 Theo ngh\u0129a \u0111en, xoa thi\u00eau l\u00e0 &#8220;\u0111\u1ed1t\/n\u01b0\u1edbng x\u00e2u&#8221;. M\u00f3n n\u00e0y v\u1ed1n b\u1eaft ngu\u1ed3n t\u1eeb c\u00e1ch l\u1ea5y th\u1ecbt heo, l\u1ea1ng b\u1ecf x\u01b0\u01a1ng, \u01b0\u1edbp gia v\u1ecb, x\u1ecf ghim r\u1ed3i \u0111em n\u01b0\u1edbng tr\u00ean l\u1eeda.<\/p>\n<p>Th\u1ecbt th\u01b0\u1eddng d\u00f9ng l\u00e0 th\u1ecbt vai, \u01b0\u1edbp m\u1eadt ong, ng\u0169 v\u1ecb h\u01b0\u01a1ng, x\u00ec d\u1ea7u, chao, t\u01b0\u01a1ng \u0111en hoisin, ph\u1ea9m m\u00e0u \u0111\u1ecf, v\u00e0 r\u01b0\u1ee3u. H\u1ed7n h\u1ee3p gia v\u1ecb tr\u00ean l\u00e0m cho m\u00f3n x\u00e1 x\u00edu c\u00f3 s\u1eafc \u0111\u1ecf.<\/p>\n<p><img fetchpriority=\"high\" decoding=\"async\" class=\"wp-image-28602 aligncenter\" src=\"https:\/\/havamall.com\/wp-content\/uploads\/2022\/08\/ArticlePic_1670x1095-04-scaled-300x197.jpg\" alt=\"\" width=\"649\" height=\"426\" \/><\/p>\n<p>\u0110\u00f4i khi m\u1ea1ch nha \u0111\u01b0\u1ee3c d\u00f9ng qu\u1ebft l\u00ean \u0111\u1ec3 l\u00e0m th\u1ecbt \u00f3ng \u1ea3 th\u00eam h\u1ea5p d\u1eabn.\u00a0 Th\u1ecbt x\u00e1 x\u00edu th\u01b0\u1eddng c\u00f3 b\u00e1n \u1edf nh\u1eefng hi\u1ec7u th\u1ecbt quay ng\u01b0\u1eddi Hoa, b\u00e1n chung v\u1edbi v\u1ecbt quay, heo quay.\u00a0 Th\u1ecbt x\u00e1 x\u00edu c\u00f3 th\u1ec3 d\u00f9ng l\u00e0m nh\u00e2n b\u00e1nh bao, tr\u1ed9n v\u1edbi c\u01a1m chi\u00ean, ho\u1eb7c \u0103n k\u00e8m v\u1edbi m\u00ec hay c\u01a1m tr\u1eafng.<\/p>\n<p>H\u00e3y th\u1eed H\u1ed7n h\u1ee3p gia v\u1ecb x\u00e1 x\u00edu Lobo \u0111\u1ec3 \u01b0\u1edbp th\u1ecbt c\u1ee7a b\u1ea1n \u0111\u1ec3 th\u1ecbt c\u1ee7a b\u1ea1n c\u00f3 \u0111\u1ed9 cay \u0111\u1eb7c bi\u1ec7t, m\u00e0u \u0111\u1ecf \u0111\u1eadm \u0111\u1eb9p m\u1eaft v\u00e0 l\u00e0m cho th\u1ecbt m\u1ec1m ngon. G\u00f3i gia v\u1ecb l\u00e0m X\u00e1 X\u00edu 100g l\u00e0 lo\u1ea1i gia v\u1ecb \u0111\u01b0\u1ee3c pha s\u1eb5n v\u1eeba \u0103n, gi\u00fap m\u00f3n X\u00e1 X\u00edu c\u00f3 h\u01b0\u01a1ng v\u1ecb \u0111\u1eb7c tr\u01b0ng chu\u1ea9n ki\u1ec3u Th\u00e1i.<\/p>\n<p><img decoding=\"async\" class=\"wp-image-28603 aligncenter\" src=\"https:\/\/havamall.com\/wp-content\/uploads\/2022\/08\/01SML-\u0e02\u0e49\u0e32\u0e27\u0e2b\u0e21\u0e39\u0e41\u0e14\u0e07\u0e2e\u0e48\u0e2d\u0e07\u0e01\u0e07\u0e2a\u0e48\u0e27\u0e19\u0e17\u0e49\u0e2d\u0e07\u0e41\u0e25\u0e30\u0e44\u0e02\u0e48\u0e15\u0e49\u0e21\u0e42\u0e0a\u0e22\u0e38\u0e22\u0e32\u0e07\u0e21\u0e30\u0e15\u0e39\u0e21-300x223.jpg\" alt=\"\" width=\"643\" height=\"478\" \/><\/p>\n<h3><strong>H\u01b0\u1edbng d\u1eabn l\u00e0m m\u00f3n th\u1ecbt x\u00e1 x\u00edu:<\/strong><\/h3>\n<h5><em><strong>Nguy\u00ean li\u1ec7u:<\/strong><\/em><\/h5>\n<p>\u2013 1 g\u00f3i b\u1ed9t gia v\u1ecb x\u00e1 x\u00edu Lobo (50g x 2 g\u00f3i)<\/p>\n<p>\u2013 1,2kg th\u1ecbt heo c\u1eaft mi\u1ebfng d\u00e0i<\/p>\n<p>\u2013\u00a0<em>L\u01b0u \u00fd: Trong g\u00f3i gia v\u1ecb c\u00f3 2 g\u00f3i nh\u1ecf 50g (1 g\u00f3i nh\u1ecf cho 600g th\u1ecbt)<\/em><\/p>\n<p><img decoding=\"async\" class=\"wp-image-28604 aligncenter\" src=\"https:\/\/havamall.com\/wp-content\/uploads\/2022\/08\/03SML-\u0e1a\u0e30\u0e2b\u0e21\u0e35\u0e48\u0e2b\u0e21\u0e39\u0e41\u0e14\u0e07\u0e2e\u0e48\u0e2d\u0e07\u0e01\u0e07-300x219.jpg\" alt=\"\" width=\"639\" height=\"466\" \/><\/p>\n<h5><em><strong>C\u00e1ch l\u00e0m 1: N\u01b0\u1edbng th\u1ecbt<\/strong><\/em><\/h5>\n<p>Cho 1,2kg th\u1ecb theo (th\u1ecbt ba ch\u1ec9) \u01b0\u1edbp v\u1edbi b\u1ed9t gia v\u1ecb n\u01b0\u1edbng th\u1ecbt hi\u1ec7u Lobo 2-3 gi\u1edd. Sau \u0111\u00f3 \u0111em n\u01b0\u1edbng th\u1ecbt<\/p>\n<h5><em><strong>C\u00e1ch l\u00e0m 2: Rim th\u1ecbt<\/strong><\/em><\/h5>\n<p>&#8211; Cho 1,2kg th\u1ecbt heo (n\u1ea1c vai ho\u1eb7c n\u00e1ch b\u1ecf da v\u00e0 m\u1ee1), c\u1eaft mi\u1ebfng d\u00e0i r\u1ed3i \u01b0\u1edbp v\u1edbi g\u00f3i gia v\u1ecb n\u00e0y t\u1eeb 2-3 gi\u1edd.<\/p>\n<p>&#8211; Sau \u0111\u00f3 l\u1ea5y th\u1ecbt b\u1ecf n\u01b0\u1edbc \u01b0\u1edbp, \u0111\u1ec3 th\u1ecbt v\u00e0o n\u1ed3i.<\/p>\n<p>&#8211; Xong cho n\u01b0\u1edbc v\u00e0o x\u0103m x\u1eafp th\u1ecbt, \u0111\u1eady n\u1eafp n\u1ea5u cho n\u01b0\u1edbc s\u1ec7t l\u1ea1i l\u00e0 \u0111\u01b0\u1ee3c. \u0102n k\u00e8m v\u1edbi c\u01a1m, b\u00e1nh m\u00ec, h\u1ee7 ti\u1ebfu,\u2026<\/p>\n<p><img loading=\"lazy\" decoding=\"async\" class=\"wp-image-28605 aligncenter\" src=\"https:\/\/havamall.com\/wp-content\/uploads\/2022\/08\/SEO-1200x630-1-300x158.jpg\" alt=\"\" width=\"631\" height=\"332\" \/><\/p>","protected":false},"excerpt":{"rendered":"<p>Th\u1ecbt x\u00e1 x\u00edu l\u00e0 m\u1ed9t lo\u1ea1i th\u1ecbt heo quay ho\u1eb7c n\u01b0\u1edbng, xu\u1ea5t ph\u00e1t t\u1eeb Qu\u1ea3ng \u0110\u00f4ng, Trung Qu\u1ed1c.\u00a0 Theo ngh\u0129a<\/p>","protected":false},"featured_media":28606,"comment_status":"open","ping_status":"closed","template":"","meta":[],"product_brand":[],"product_cat":[730,36],"product_tag":[],"class_list":{"0":"post-28601","1":"product","2":"type-product","3":"status-publish","4":"has-post-thumbnail","6":"product_cat-cac-nuoc-khac","7":"product_cat-thuc-pham-tieu-dung","9":"first","10":"instock","11":"sale","12":"shipping-taxable","13":"purchasable","14":"product-type-simple"},"_links":{"self":[{"href":"https:\/\/havamall.com\/en\/wp-json\/wp\/v2\/product\/28601","targetHints":{"allow":["GET"]}}],"collection":[{"href":"https:\/\/havamall.com\/en\/wp-json\/wp\/v2\/product"}],"about":[{"href":"https:\/\/havamall.com\/en\/wp-json\/wp\/v2\/types\/product"}],"replies":[{"embeddable":true,"href":"https:\/\/havamall.com\/en\/wp-json\/wp\/v2\/comments?post=28601"}],"version-history":[{"count":0,"href":"https:\/\/havamall.com\/en\/wp-json\/wp\/v2\/product\/28601\/revisions"}],"wp:featuredmedia":[{"embeddable":true,"href":"https:\/\/havamall.com\/en\/wp-json\/wp\/v2\/media\/28606"}],"wp:attachment":[{"href":"https:\/\/havamall.com\/en\/wp-json\/wp\/v2\/media?parent=28601"}],"wp:term":[{"taxonomy":"product_brand","embeddable":true,"href":"https:\/\/havamall.com\/en\/wp-json\/wp\/v2\/product_brand?post=28601"},{"taxonomy":"product_cat","embeddable":true,"href":"https:\/\/havamall.com\/en\/wp-json\/wp\/v2\/product_cat?post=28601"},{"taxonomy":"product_tag","embeddable":true,"href":"https:\/\/havamall.com\/en\/wp-json\/wp\/v2\/product_tag?post=28601"}],"curies":[{"name":"wp","href":"https:\/\/api.w.org\/{rel}","templated":true}]}}