{"id":28608,"date":"2022-08-30T11:18:44","date_gmt":"2022-08-30T04:18:44","guid":{"rendered":"https:\/\/havamall.com\/?post_type=product&#038;p=28608"},"modified":"2025-12-03T04:15:16","modified_gmt":"2025-12-02T21:15:16","slug":"bot-gia-vi-nem-nuong-thai-lan-hieu-lobo","status":"publish","type":"product","link":"https:\/\/havamall.com\/en\/shop\/bot-gia-vi-nem-nuong-thai-lan-hieu-lobo\/","title":{"rendered":"B\u1ed9t Gia V\u1ecb Nem N\u01b0\u1edbng Th\u00e1i Lan Hi\u1ec7u Lobo 70g"},"content":{"rendered":"<p>Nhi\u1ec1u ng\u01b0\u1eddi m\u1edbi l\u1ea7n \u0111\u1ea7u l\u00e0m nem n\u01b0\u1edbng, ch\u01b0a bi\u1ebft n\u00eam n\u1ebfm gia v\u1ecb sao cho \u0111\u00fang th\u00ec g\u00f3i b\u1ed9t gia v\u1ecb nem n\u01b0\u1edbng c\u1ee7a Th\u00e1i s\u1ebd l\u00e0 \u201cc\u1ee9u tinh\u201d gi\u00fap c\u00e1c b\u1ea1n d\u1ec5 d\u00e0ng th\u00e0nh c\u00f4ng ngay t\u1eeb l\u1ea7n \u0111\u1ea7u l\u00e0m nem n\u01b0\u1edbng.<\/p>\n<p>B\u1ed9t gia v\u1ecb nem n\u01b0\u1edbng Lobo l\u00e0 s\u1ea3n ph\u1ea9m c\u00f3 ch\u1ea5t l\u01b0\u1ee3ng \u1ed5n \u0111\u1ecbnh. \u0110\u01b0\u1ee3c ch\u00fang t\u00f4i nh\u1eadp t\u1eeb nh\u00e0 s\u1ea3n xu\u1ea5t v\u00e0 nh\u1eadp kh\u1ea9u uy t\u00edn v\u1ec1 l\u0129nh v\u1ef1c gia v\u1ecb th\u1ef1c ph\u1ea9m. s\u1ea3n ph\u1ea9m lu\u00f4n \u0111\u01b0\u1ee3c ki\u1ec3m \u0111\u1ecbnh nghi\u00eam ng\u1eb7t tr\u01b0\u1edbc khi nh\u1eadp.V\u1edbi ch\u1ea5t l\u01b0\u1ee3ng \u1ed5n \u0111\u1ecbnh, gi\u00e1 c\u1ea3 ph\u00f9 h\u1ee3p, r\u1ea5t th\u00edch h\u1ee3p\u00a0 v\u1edbi c\u00e1c \u0111\u01a1n v\u1ecb, gia \u0111\u00ecnh s\u1eed d\u1ee5ng n\u1ea5u c\u00e1c m\u00f3n \u0103n\u2026<\/p>\n<p><img fetchpriority=\"high\" decoding=\"async\" class=\"wp-image-28609 aligncenter\" src=\"https:\/\/havamall.com\/wp-content\/uploads\/2022\/08\/23042022085920_1-300x200.jpg\" alt=\"\" width=\"584\" height=\"389\" \/><\/p>\n<p>Ch\u1ec9 v\u1edbi v\u00e0i b\u01b0\u1edbc \u0111\u01a1n gi\u1ea3n c\u00f9ng\u00a0b\u1ed9t gia v\u1ecb nem n\u01b0\u1edbng Lobo, b\u1ea1n \u0111\u00e3 c\u00f3 th\u1ec3 d\u1ec5 d\u00e0ng ch\u1ebf bi\u1ebfn \u0111\u01b0\u1ee3c m\u00f3n nem n\u01b0\u1edbng th\u01a1m ngon, \u0111\u1eadm \u0111\u00e0 \u0111\u00fang v\u1ecb \u0111\u1ec3 thi\u1ebft \u0111\u00e3i b\u1ea1n b\u00e8, ng\u01b0\u1eddi th\u00e2n. S\u1ea3n ph\u1ea9m kh\u00f4ng ch\u1ee9a \u0111\u01b0\u1eddng h\u00f3a h\u1ecdc, ch\u1ea5t t\u1ea1o ng\u1ecdt, ph\u1ea9m m\u00e0u n\u00ean r\u1ea5t an to\u00e0n cho ng\u01b0\u1eddi s\u1eed d\u1ee5ng.<\/p>\n<p><img decoding=\"async\" class=\"wp-image-28610 aligncenter\" src=\"https:\/\/havamall.com\/wp-content\/uploads\/2022\/08\/IMG_5039_960x-300x300.png\" alt=\"\" width=\"579\" height=\"579\" \/><\/p>\n<h3><strong>H\u01b0\u1edbng d\u1eabn s\u1eed d\u1ee5ng:\u00a0<\/strong><\/h3>\n<p>&#8211; Gia v\u1ecb nem n\u01b0\u1edbng 70g\/g\u00f3i, 500g th\u1ecbt heo n\u1ea1c d\u0103m (xay nhuy\u1ec5n) Ho\u1eb7c t\u00f4m c\u0169ng xay nhuy\u1ec5n (t\u00f4m l\u1ed9t v\u1ecf), \u0111\u1ec3 th\u1eadt r\u00e1o cho v\u00e0o ng\u0103n \u0111\u00e1 (30 ph\u00fat) xay nhuy\u1ec5n, quy\u1ebft l\u1ea1i cho th\u1eadt dai, chu\u1ea9n b\u1ecb m\u1ed9t \u00edt que xi\u00ean.<\/p>\n<p>&#8211; L\u1ea5y g\u00f3i gia v\u1ecb n\u00e0y quy\u1ebft chung v\u1edbi th\u1ecbt ho\u1eb7c t\u00f4m \u0111\u00e3 xay nhuy\u1ec5n.<\/p>\n<p>&#8211; Xong n\u1eafn h\u00ecnh theo \u00fd th\u00edch xi\u00ean v\u00e0o que xi\u00ean r\u1ed3i n\u01b0\u1edbng.<\/p>\n<p>&#8211; Trong qu\u00e1 t\u00ecnh n\u01b0\u1edbng n\u1ebfu th\u1ea5y th\u1ecbt ho\u1eb7c t\u00f4m b\u1ecb kh\u00f4 b\u1ea1n c\u00f3 th\u1ec3 ph\u1ebft d\u1ea7u 1 \u00edt\u00a0 v\u00e0o th\u1ecbt \u0111ang n\u01b0\u1edbng.<\/p>\n<p><img decoding=\"async\" class=\"wp-image-28611 aligncenter\" src=\"https:\/\/havamall.com\/wp-content\/uploads\/2022\/08\/ghe-ngay-top-6-quan-bun-thit-nuong-nem-lui-da-nang-thuong-thuc-dac-san-1637280132-300x169.jpg\" alt=\"\" width=\"585\" height=\"330\" \/><\/p>","protected":false},"excerpt":{"rendered":"<p>Nhi\u1ec1u ng\u01b0\u1eddi m\u1edbi l\u1ea7n \u0111\u1ea7u l\u00e0m nem n\u01b0\u1edbng, ch\u01b0a bi\u1ebft n\u00eam n\u1ebfm gia v\u1ecb sao cho \u0111\u00fang th\u00ec g\u00f3i b\u1ed9t<\/p>","protected":false},"featured_media":28613,"comment_status":"open","ping_status":"closed","template":"","meta":[],"product_brand":[],"product_cat":[730,36],"product_tag":[],"class_list":{"0":"post-28608","1":"product","2":"type-product","3":"status-publish","4":"has-post-thumbnail","6":"product_cat-cac-nuoc-khac","7":"product_cat-thuc-pham-tieu-dung","8":"pa_brand-lobo","10":"first","11":"instock","12":"sale","13":"shipping-taxable","14":"purchasable","15":"product-type-simple"},"_links":{"self":[{"href":"https:\/\/havamall.com\/en\/wp-json\/wp\/v2\/product\/28608","targetHints":{"allow":["GET"]}}],"collection":[{"href":"https:\/\/havamall.com\/en\/wp-json\/wp\/v2\/product"}],"about":[{"href":"https:\/\/havamall.com\/en\/wp-json\/wp\/v2\/types\/product"}],"replies":[{"embeddable":true,"href":"https:\/\/havamall.com\/en\/wp-json\/wp\/v2\/comments?post=28608"}],"version-history":[{"count":0,"href":"https:\/\/havamall.com\/en\/wp-json\/wp\/v2\/product\/28608\/revisions"}],"wp:featuredmedia":[{"embeddable":true,"href":"https:\/\/havamall.com\/en\/wp-json\/wp\/v2\/media\/28613"}],"wp:attachment":[{"href":"https:\/\/havamall.com\/en\/wp-json\/wp\/v2\/media?parent=28608"}],"wp:term":[{"taxonomy":"product_brand","embeddable":true,"href":"https:\/\/havamall.com\/en\/wp-json\/wp\/v2\/product_brand?post=28608"},{"taxonomy":"product_cat","embeddable":true,"href":"https:\/\/havamall.com\/en\/wp-json\/wp\/v2\/product_cat?post=28608"},{"taxonomy":"product_tag","embeddable":true,"href":"https:\/\/havamall.com\/en\/wp-json\/wp\/v2\/product_tag?post=28608"}],"curies":[{"name":"wp","href":"https:\/\/api.w.org\/{rel}","templated":true}]}}