{"id":28677,"date":"2022-09-01T10:14:15","date_gmt":"2022-09-01T03:14:15","guid":{"rendered":"https:\/\/havamall.com\/?post_type=product&#038;p=28677"},"modified":"2025-12-03T04:15:17","modified_gmt":"2025-12-02T21:15:17","slug":"banh-trung-chay-ngan-lop-khoai-mon-nhan-tra-sua-tran-chau-bubble-milk-tea-taro-pastry","status":"publish","type":"product","link":"https:\/\/havamall.com\/en\/shop\/banh-trung-chay-ngan-lop-khoai-mon-nhan-tra-sua-tran-chau-bubble-milk-tea-taro-pastry\/","title":{"rendered":"B\u00e1nh Tr\u1ee9ng Ch\u1ea3y Ng\u00e0n L\u1edbp Khoai M\u00f4n Nh\u00e2n Tr\u00e0 S\u1eefa Tr\u00e2n Ch\u00e2u &#8211; Bubble Milk Tea Taro Pastry"},"content":{"rendered":"<p>B\u00e1nh khoai m\u00f4n ng\u00e0n l\u1edbp nh\u00e2n tr\u00e0 s\u1eefa tr\u00e2n ch\u00e2u \u0111ang l\u00e0 m\u1ed9t trong nh\u1eefng lo\u1ea1i\u00a0b\u00e1nh k\u1eb9o \u0110\u00e0i Loan nh\u1eadp kh\u1ea9u\u00a0\u0111\u01b0\u1ee3c y\u00eau th\u00edch \u1edf Vi\u1ec7t Nam. B\u00e1nh th\u01b0\u1eddng \u0111\u01b0\u1ee3c s\u1eed d\u1ee5ng \u0111\u1ec3 l\u00e0m qu\u00e0 th\u1ec3 hi\u1ec7n t\u00ecnh c\u1ea3m v\u1edbi ng\u01b0\u1eddi th\u00e2n, b\u1ea1n b\u00e8 kh\u00f4ng ch\u1ec9 v\u00e0o m\u1ed7i d\u1ecbp Trung thu m\u00e0 c\u00f3 th\u1ec3 d\u00e0nh cho c\u00e1c d\u1ecbp \u0111\u1eb7c bi\u1ec7t kh\u00e1c.<\/p>\n<p><img fetchpriority=\"high\" decoding=\"async\" class=\"wp-image-28678 aligncenter\" src=\"https:\/\/havamall.com\/wp-content\/uploads\/2022\/09\/293459234_5389245487836339_7998791855004889945_n-282x300.jpg\" alt=\"\" width=\"564\" height=\"600\" \/><\/p>\n<div>B\u00e1nh \u0111\u01b0\u1ee3c thi\u1ebft k\u1ebf h\u00ecnh h\u1ed9p m\u00e0u t\u00edm nh\u1eb9 sang tr\u1ecdng v\u00e0 l\u1ecbch s\u1ef1. Lo\u1ea1i\u00a0b\u00e1nh nh\u1eadp kh\u1ea9u \u0110\u00e0i Loan\u00a0r\u1ea5t ph\u00f9 h\u1ee3p \u0111\u1ec3 l\u00e0m b\u1eefa \u0103n nh\u1eb9. Ho\u1eb7c gi\u00e0nh l\u00e0m qu\u00e0 t\u1eb7ng nhau v\u00e0o m\u1ed7i d\u1ecbp Trung Thu \u0111\u1ec3 th\u1ec3 hi\u1ec7n t\u00ecnh c\u1ea3m \u0111\u1ed1i v\u1edbi ng\u01b0\u1eddi th\u00e2n, b\u1ea1n b\u00e8 hay \u0111\u01a1n gi\u1ea3n l\u00e0 nh\u1eefng ng\u01b0\u1eddi trong nh\u00e0 ng\u1ed3i qu\u00e2y qu\u1ea7n th\u01b0\u1ee1ng th\u1ee9c m\u00f3n b\u00e1nh truy\u1ec1n th\u1ed1ng x\u1ee9 \u0110\u00e0i b\u00ean ch\u00e9n tr\u00e0.<\/div>\n<div><img decoding=\"async\" class=\"wp-image-28679 aligncenter\" src=\"https:\/\/havamall.com\/wp-content\/uploads\/2022\/09\/107601064_3191653897595520_8020859282551145516_n-300x244.jpg\" alt=\"\" width=\"568\" height=\"462\" \/><\/div>\n<div>\n<h3><strong>\u0110\u1eb7c tr\u01b0ng h\u01b0\u01a1ng v\u1ecb c\u1ee7a b\u00e1nh trung thu ng\u00e0n l\u1edbp tr\u1ee9ng ch\u1ea3y nh\u00e2n khoai m\u00f4n mu\u1ed1i Lava:<\/strong><\/h3>\n<\/div>\n<p>&gt; \u0110i\u1ec1u \u0111\u1eb7c b\u1ec7t \u0111\u01b0\u1ee3c n\u00f3i \u0111\u1ebfn ch\u00ednh l\u00e0 l\u1edbp ngo\u00e0i c\u1ee7a b\u00e1nh kh\u00f4ng h\u1ec1 c\u00f3 c\u1ea3m gi\u00e1c b\u1ecb kh\u00f4, ho\u1eb7c khi \u0103n v\u00e0o s\u1ebd kh\u00f4, b\u1edfi l\u1edbp b\u00e1nh \u0111\u00e3 \u0111\u01b0\u1ee3c \u0111i k\u00e8m v\u1edbi l\u1edbp mochi g\u1ea1o d\u1ebbo khi\u1ebfn cho b\u00e1nh s\u1ebd m\u1ec1m h\u01a1n v\u00e0 d\u1ec5 \u0103n h\u01a1n. K\u1ebft h\u1ee3p th\u00eam v\u1ecb tr\u1ee9ng mu\u1ed1i s\u1ebd khi\u1ebfn cho v\u1ecb th\u00eam \u0111\u1eadm \u0111\u00e0.<\/p>\n<div>&gt;S\u1ef1 ho\u00e0 quy\u1ec7n \u0111\u1ec9nh cao gi\u1eefa b\u00e1nh khoai m\u00f4n ng\u00e0n l\u1edbp c\u1ef1c th\u01a1m ngon \u0111\u1eadm v\u1ecb, c\u00f9ng l\u1edbp nh\u00e2n tr\u00e0 s\u1eefa tr\u00e2n ch\u00e2u tan ch\u1ea3y b\u00f9i b\u00e9o \u0111\u1ebfn nao l\u00f2ng .<\/div>\n<p>&gt;\u00a0L\u1edbp v\u1ecf b\u00e1nh ng\u00e0n l\u1edbp \u0111an xen, m\u1ecfng v\u00e0 gi\u00f2n, ti\u1ebfp \u0111\u1ebfn l\u00e0 khoai m\u00f4n th\u01a1m ng\u1eady k\u00edch th\u00edch v\u1ecb gi\u00e1c. Trong c\u00f9ng l\u00e0 nh\u00e2n tr\u00e0 s\u1eefa tr\u00e2n ch\u00e2u tan ch\u1ea3y, tr\u00e2n ch\u00e2u d\u1ebbo dai c\u00f9ng tr\u00e0 s\u1eefa ngon h\u1ebft x\u1ea3y.<\/p>\n<div><img decoding=\"async\" class=\"wp-image-28680 aligncenter\" src=\"https:\/\/havamall.com\/wp-content\/uploads\/2022\/09\/120816595_3474296822664558_1103953564284033858_n-248x300.jpg\" alt=\"\" width=\"532\" height=\"644\" \/><\/div>\n<div>\n<h3><strong>\u01afu c\u1ee7a s\u1ea3n ph\u1ea9m:<\/strong><\/h3>\n<p>\u2013 H\u1ed9p \u0111\u1ef1ng \u0111\u01b0\u1ee3c thi\u1ebft k\u1ebf sang tr\u1ecdng th\u1ecbch h\u1ee3p l\u00e0m qu\u00e0 bi\u1ebfu t\u1eb7ng nh\u00e2n d\u1ecbp trung thu, ch\u1eafc ch\u1eafc ng\u01b0\u1eddi th\u00e2n, b\u1ea1n b\u00e8, \u0111\u1ed3ng nghi\u1ec7p c\u1ee7a b\u1ea1n s\u1ebd v\u00f4 c\u00f9ng th\u00edch th\u00fa.<\/p>\n<p>\u2013 C\u00f3 nhi\u1ec1u h\u01b0\u01a1ng v\u1ecb th\u01a1m ngon \u0111\u1ec3 \u0111\u1ed5i v\u1ecb m\u00e0 kh\u00f4ng lo b\u1ecb ng\u00e1n<\/p>\n<p>\u2013 T\u1eebng l\u1edbp h\u00f2a quy\u1ec7n v\u1edbi nhau kh\u00f4ng nh\u1eefng \u0111\u1eb9p m\u1eaft m\u00e0 c\u00f2n th\u01a1m ngon kh\u00f3 c\u01b0\u1ee1ng, v\u1ecb ng\u1ecdt d\u1ecbu ch\u1ee9 ko ng\u1ecdt g\u1eaft nh\u01b0 nhi\u1ec1u lo\u1ea1i b\u00e1nh kh\u00e1c tr\u00ean th\u1ecb tr\u01b0\u1eddng.<\/p>\n<p>\u2013 B\u00e1nh c\u00f3 ngu\u1ed3n g\u1ed1c t\u1eeb \u0110\u00e0i Loan, l\u00e0 x\u1ee9 s\u1edf c\u1ee7a nh\u1eefng lo\u1ea1i b\u00e1nh ng\u00e0n l\u1edbp c\u00f3 ch\u1ea5t l\u01b0\u1ee3ng tuy\u1ec7t v\u1eddi,.<\/p>\n<p>\u2013 B\u00e1nh Tr\u1ee9ng Ch\u1ea3y H\u1ed9p 6 b\u00e1nh 300g v\u1edbi nh\u1eefng nguy\u00ean li\u1ec7u \u0111\u01b0\u1ee3c tuy\u1ec3n ch\u1ecdn k\u1ef9 c\u00e0ng mang cho b\u1ea1n nh\u1eefng chi\u1ebfc b\u00e1nh th\u01a1m ngon h\u1ea5p d\u1eabn.<\/p>\n<p>S\u1ea3n ph\u1ea9m hi\u1ec7n \u0111\u00e3 c\u00f3 m\u1eb7t t\u1ea1i Havamall.<\/p>\n<\/div>\n<p><img loading=\"lazy\" decoding=\"async\" class=\"wp-image-28681 aligncenter\" src=\"https:\/\/havamall.com\/wp-content\/uploads\/2022\/09\/MM00025_other_48551034_20200822182020_01_1200-1-300x200.jpg\" alt=\"\" width=\"532\" height=\"354\" \/><\/p>","protected":false},"excerpt":{"rendered":"<p>B\u00e1nh khoai m\u00f4n ng\u00e0n l\u1edbp nh\u00e2n tr\u00e0 s\u1eefa tr\u00e2n ch\u00e2u \u0111ang l\u00e0 m\u1ed9t trong nh\u1eefng lo\u1ea1i\u00a0b\u00e1nh k\u1eb9o \u0110\u00e0i Loan nh\u1eadp<\/p>","protected":false},"featured_media":28682,"comment_status":"open","ping_status":"closed","template":"","meta":[],"product_brand":[],"product_cat":[133,36],"product_tag":[],"class_list":{"0":"post-28677","1":"product","2":"type-product","3":"status-publish","4":"has-post-thumbnail","6":"product_cat-banh-keo-chocolate","7":"product_cat-thuc-pham-tieu-dung","9":"first","10":"outofstock","11":"sale","12":"shipping-taxable","13":"purchasable","14":"product-type-simple"},"_links":{"self":[{"href":"https:\/\/havamall.com\/en\/wp-json\/wp\/v2\/product\/28677","targetHints":{"allow":["GET"]}}],"collection":[{"href":"https:\/\/havamall.com\/en\/wp-json\/wp\/v2\/product"}],"about":[{"href":"https:\/\/havamall.com\/en\/wp-json\/wp\/v2\/types\/product"}],"replies":[{"embeddable":true,"href":"https:\/\/havamall.com\/en\/wp-json\/wp\/v2\/comments?post=28677"}],"version-history":[{"count":0,"href":"https:\/\/havamall.com\/en\/wp-json\/wp\/v2\/product\/28677\/revisions"}],"wp:featuredmedia":[{"embeddable":true,"href":"https:\/\/havamall.com\/en\/wp-json\/wp\/v2\/media\/28682"}],"wp:attachment":[{"href":"https:\/\/havamall.com\/en\/wp-json\/wp\/v2\/media?parent=28677"}],"wp:term":[{"taxonomy":"product_brand","embeddable":true,"href":"https:\/\/havamall.com\/en\/wp-json\/wp\/v2\/product_brand?post=28677"},{"taxonomy":"product_cat","embeddable":true,"href":"https:\/\/havamall.com\/en\/wp-json\/wp\/v2\/product_cat?post=28677"},{"taxonomy":"product_tag","embeddable":true,"href":"https:\/\/havamall.com\/en\/wp-json\/wp\/v2\/product_tag?post=28677"}],"curies":[{"name":"wp","href":"https:\/\/api.w.org\/{rel}","templated":true}]}}