{"id":28709,"date":"2022-09-06T11:01:13","date_gmt":"2022-09-06T04:01:13","guid":{"rendered":"https:\/\/havamall.com\/?post_type=product&#038;p=28709"},"modified":"2023-09-08T09:24:53","modified_gmt":"2023-09-08T02:24:53","slug":"gia-vi-sup-bak-kut-teh-hieu-a1-goi-35g","status":"publish","type":"product","link":"https:\/\/havamall.com\/en\/shop\/gia-vi-sup-bak-kut-teh-hieu-a1-goi-35g\/","title":{"rendered":"Gia V\u1ecb S\u00fap Bak Kut Teh Hi\u1ec7u A1 G\u00f3i 35g"},"content":{"rendered":"<p>Nh\u1eefng ai \u0111i du l\u1ecbch t\u1ea1i singapore hay malaysia c\u0169ng n\u00ean th\u01b0\u1edfng th\u1ee9c 1 m\u00f3n \u0103n \u0111\u01b0\u1ee3c h\u1ea7m t\u1eeb s\u01b0\u1eddn non. A1 gia v\u1ecb s\u00fap ( Bakuteh) \u0111\u01b0\u1ee3c k\u1ebft h\u1ee3p t\u1eeb 15 lo\u1ea1i th\u1ea3o m\u1ed9c thi\u00ean nhi\u00ean nh\u01b0 qu\u1ebf, ti\u00eau , \u0111\u1ea1i h\u1ed3i, b\u1ea1ch \u0111\u1eadu kh\u1ea5u, \u0111inh h\u01b0\u01a1ng, rau m\u00f9i t\u1ea5t c\u1ea3 \u0111\u01b0\u1ee3c bao b\u1ecdc b\u1edfi t\u00fai l\u1ecdc \u0111\u1ea3m b\u1ea3o v\u1ec7 sinh, ti\u1ec7n l\u1ee3i cho vi\u1ec7c n\u1ea5u.<\/p>\n<p><img fetchpriority=\"high\" decoding=\"async\" class=\"wp-image-28710 aligncenter\" src=\"https:\/\/havamall.com\/wp-content\/uploads\/2022\/09\/136699084_4888549831216507_1910825858185814289_n-300x217.jpg\" alt=\"\" width=\"578\" height=\"418\" \/><\/p>\n<p>Bakuteh c\u00f2n \u0111\u01b0\u1ee3c g\u1ecdi l\u00e0 tr\u00e0 th\u1ecbt s\u01b0\u1eddn. V\u1edbi c\u00e1c lo\u1ea1i th\u1ea3o m\u1ed9c \u0111\u1ed9c \u0111\u00e1o nh\u01b0 h\u01b0\u01a1ng, h\u1ed3i, qu\u1ebf, th\u00ec l\u00e0\u2026, m\u00f3n s\u00fap n\u00e0y s\u1ebd khi\u1ebfn b\u1ea1n c\u1ea3m nh\u1eadn \u0111\u01b0\u1ee3c s\u1ef1 b\u00f9ng n\u1ed5 v\u1ec1 h\u01b0\u01a1ng v\u1ecb, m\u1ed9t n\u00e9t \u0111\u1eb7c tr\u01b0ng ri\u00eang cho \u1ea9m th\u1ef1c Malaysia v\u00e0 Singapore<\/p>\n<p>Tuy l\u00e0 m\u1ed9t m\u00f3n \u0103n c\u1ee7a ng\u01b0\u1eddi Tri\u1ec1u Ch\u00e2u, Trung Qu\u1ed1c, nh\u01b0ng Bak-kut-teh \u0111\u00e3 tr\u1edf th\u00e0nh m\u1ed9t n\u00e9t v\u0103n ho\u00e1 kh\u00f4ng th\u1ec3 thi\u1ebfu trong b\u1ee9c tranh Ch\u00e2u \u00c1.<\/p>\n<p><img decoding=\"async\" class=\"wp-image-28711 aligncenter\" src=\"https:\/\/havamall.com\/wp-content\/uploads\/2022\/09\/136767131_4888549867883170_1518026246393917542_n-216x300.jpg\" alt=\"\" width=\"590\" height=\"820\" \/><\/p>\n<p>Ch\u00ednh nh\u1eefng ng\u01b0\u1eddi lao \u0111\u1ed9ng ngh\u00e8o v\u00f9ng Ph\u01b0\u1edbc Ki\u1ebfn \u0111\u00e3 l\u00e0m n\u00ean m\u00f3n \u0103n gi\u00e0u ch\u1ea5t dinh d\u01b0\u1ee1ng n\u00e0y t\u1eeb nh\u1eefng nguy\u00ean li\u1ec7u c\u00f3 ngu\u1ed3n g\u1ed1c thi\u00ean nhi\u00ean \u0111\u1ec3 t\u0103ng c\u01b0\u1eddng s\u1ee9c l\u00e0m vi\u1ec7c trong th\u1eddi gian lao \u0111\u1ed9ng c\u1ef1c nh\u1ecdc. N\u1ebfu b\u1ea1n d\u00f9ng Bak-kut-teh l\u1ea7n \u0111\u1ea7u, \u0111\u1eebng b\u1ecb \u0111\u00e1nh l\u1eeba b\u1edfi suy ngh\u0129 h\u01b0\u01a1ng v\u1ecb s\u1ebd r\u1ea5t nh\u1ea1t nh\u1ebdo, d\u1ec5 ng\u00e1n.<\/p>\n<p><img decoding=\"async\" class=\"wp-image-28712 aligncenter\" src=\"https:\/\/havamall.com\/wp-content\/uploads\/2022\/09\/137270203_4888560531215437_1967096531730076043_n-300x208.jpg\" alt=\"\" width=\"586\" height=\"406\" \/><\/p>\n<p>Qua th\u1eddi gian, m\u00f3n \u0103n ng\u00e0y c\u00e0ng \u0111\u01b0\u1ee3c \u01b0a th\u00edch v\u00e0 tr\u1edf th\u00e0nh m\u1ed9t trong nh\u1eefng m\u00f3n \u0103n v\u00f4 c\u00f9ng \u0111\u1eb7c tr\u01b0ng kh\u00f4ng ch\u1ec9 ri\u00eang \u1edf \u0111\u1ecba ph\u01b0\u01a1ng m\u00e0 c\u00f2n v\u1edbi th\u1ef1c kh\u00e1ch b\u1ed1n ph\u01b0\u01a1ng \u1edf c\u00e1c qu\u1ed1c gia nh\u01b0 Singapore, Malaysia v\u00e0 Th\u00e1i Lan\u00a0C\u00f2n \u0111\u01b0\u1ee3c g\u1ecdi l\u00e0 tr\u00e0 th\u1ecbt s\u01b0\u1eddn. V\u1edbi c\u00e1c lo\u1ea1i th\u1ea3o m\u1ed9c \u0111\u1ed9c \u0111\u00e1o nh\u01b0 h\u01b0\u01a1ng, h\u1ed3i, qu\u1ebf, th\u00ec l\u00e0\u2026, m\u00f3n s\u00fap n\u00e0y s\u1ebd khi\u1ebfn b\u1ea1n c\u1ea3m nh\u1eadn \u0111\u01b0\u1ee3c s\u1ef1 b\u00f9ng n\u1ed5 v\u1ec1 h\u01b0\u01a1ng v\u1ecb, m\u1ed9t n\u00e9t \u0111\u1eb7c tr\u01b0ng ri\u00eang cho \u1ea9m th\u1ef1c Malaysia.<\/p>\n<p><img loading=\"lazy\" decoding=\"async\" class=\"wp-image-28713 aligncenter\" src=\"https:\/\/havamall.com\/wp-content\/uploads\/2022\/09\/137337112_4888551677882989_3013266691194640617_n-300x163.jpg\" alt=\"\" width=\"591\" height=\"321\" \/><\/p>\n<h3><strong>\u0110\u1eb7c \u0111i\u1ec3m n\u1ed5i b\u1eadt c\u1ee7a s\u1ea3n ph\u1ea9m:<\/strong><\/h3>\n<p>&gt; T\u1ea5t c\u1ea3 c\u00e1c lo\u1ea1i th\u1ea3o d\u01b0\u1ee3c \u0111\u00e3 \u0111\u01b0\u1ee3c nghi\u1ec1n n\u00e1t v\u00e0 b\u1ecf v\u00e0o trong 1 c\u00e1i t\u00fai l\u1ecdc gi\u00fap ch\u00fang ta ti\u1ebft ki\u1ec7m \u0111\u01b0\u1ee3c th\u1eddi gian n\u1ea5u<\/p>\n<p>&gt; Bao b\u00ec s\u1eed d\u1ee5ng \u0111\u1ea3m b\u1ea3o v\u1ec7 sinh an to\u00e0n th\u1ef1c ph\u1ea9m theo quy \u0111\u1ecbnh c\u1ee7a b\u1ed9 y t\u1ebf<\/p>\n<p>&gt; Cung c\u1ea5p \u0111\u1ea7y \u0111\u1ee7 ch\u1ea5t dinh d\u01b0\u1ee1ng<\/p>\n<h3><img loading=\"lazy\" decoding=\"async\" class=\"wp-image-28714 aligncenter\" src=\"https:\/\/havamall.com\/wp-content\/uploads\/2022\/09\/137361110_4888550727883084_7310327516469233562_n-300x201.jpg\" alt=\"\" width=\"597\" height=\"400\" \/><\/h3>\n<h3><strong>H\u01b0\u1edbng d\u1eabn s\u1eed d\u1ee5ng:<\/strong><\/h3>\n<p>&#8211; Chu\u1ea9n b\u1ecb: 2 kg th\u1ecbt, 8 t\u00e9p t\u1ecfi, 2 th\u00eca n\u01b0\u1edbc t\u01b0\u01a1ng \u0111\u1eadu n\u00e0nh \u0111en, 4 th\u00eca n\u01b0\u1edbc t\u01b0\u01a1ng, 2 th\u00eca s\u1ed1t h\u00e0o, mu\u1ed1i, b\u1ed9t n\u00eam, 1,5 lit n\u01b0\u1edbc, v\u00e0 2 g\u00f3i nh\u1ecf gia v\u1ecb s\u00fap<\/p>\n<p>&#8211; R\u1eeda th\u1ecbt<\/p>\n<p>&#8211; Khi n\u01b0\u1edbc s\u00f4i, cho th\u1ecbt v\u00e0 g\u00f3i gia v\u1ecb s\u00fap v\u00e0o, m\u1edf l\u1eeda v\u1eeba \u0111\u1ec3 n\u1ea5u trong 30 ph\u00fat<\/p>\n<p>&#8211; Th\u00eam n\u01b0\u1edbc t\u01b0\u01a1ng, n\u01b0\u1edbc s\u1ed1t h\u00e0u, b\u1ed9t ng\u1ecdt v\u00e0 mu\u1ed1i cho \u0111\u1ebfn khi th\u1ecbt ch\u00edn ho\u00e0n to\u00e0n<\/p>\n<p>&#8211; Ninh kho\u1ea3ng 60p ho\u1eb7c cho \u0111\u1ebfn khi s\u01b0\u1eddn nh\u1eeb, b\u1eafc n\u1ed3i ra \u0103n v\u1edbi c\u01a1m tr\u1eafng<\/p>\n<p><img loading=\"lazy\" decoding=\"async\" class=\"aligncenter\" src=\"https:\/\/cf.shopee.vn\/file\/3f5d7d54c3fe7e3a07c2a7e61b1e5c5f\" alt=\"Gia V\u1ecb S\u00fap canh A1 35gr - \u0110\u1eb7c s\u1ea3n Vi\u1ec7t Nam | CoopMart\" width=\"626\" height=\"626\" \/><\/p>","protected":false},"excerpt":{"rendered":"<p>Nh\u1eefng ai \u0111i du l\u1ecbch t\u1ea1i singapore hay malaysia c\u0169ng n\u00ean th\u01b0\u1edfng th\u1ee9c 1 m\u00f3n \u0103n \u0111\u01b0\u1ee3c h\u1ea7m t\u1eeb s\u01b0\u1eddn<\/p>","protected":false},"featured_media":28715,"comment_status":"open","ping_status":"closed","template":"","meta":[],"product_brand":[],"product_cat":[36],"product_tag":[],"class_list":{"0":"post-28709","1":"product","2":"type-product","3":"status-publish","4":"has-post-thumbnail","6":"product_cat-thuc-pham-tieu-dung","8":"first","9":"instock","10":"sale","11":"shipping-taxable","12":"purchasable","13":"product-type-simple"},"_links":{"self":[{"href":"https:\/\/havamall.com\/en\/wp-json\/wp\/v2\/product\/28709","targetHints":{"allow":["GET"]}}],"collection":[{"href":"https:\/\/havamall.com\/en\/wp-json\/wp\/v2\/product"}],"about":[{"href":"https:\/\/havamall.com\/en\/wp-json\/wp\/v2\/types\/product"}],"replies":[{"embeddable":true,"href":"https:\/\/havamall.com\/en\/wp-json\/wp\/v2\/comments?post=28709"}],"version-history":[{"count":0,"href":"https:\/\/havamall.com\/en\/wp-json\/wp\/v2\/product\/28709\/revisions"}],"wp:featuredmedia":[{"embeddable":true,"href":"https:\/\/havamall.com\/en\/wp-json\/wp\/v2\/media\/28715"}],"wp:attachment":[{"href":"https:\/\/havamall.com\/en\/wp-json\/wp\/v2\/media?parent=28709"}],"wp:term":[{"taxonomy":"product_brand","embeddable":true,"href":"https:\/\/havamall.com\/en\/wp-json\/wp\/v2\/product_brand?post=28709"},{"taxonomy":"product_cat","embeddable":true,"href":"https:\/\/havamall.com\/en\/wp-json\/wp\/v2\/product_cat?post=28709"},{"taxonomy":"product_tag","embeddable":true,"href":"https:\/\/havamall.com\/en\/wp-json\/wp\/v2\/product_tag?post=28709"}],"curies":[{"name":"wp","href":"https:\/\/api.w.org\/{rel}","templated":true}]}}