{"id":28771,"date":"2022-09-13T15:27:44","date_gmt":"2022-09-13T08:27:44","guid":{"rendered":"https:\/\/havamall.com\/?post_type=product&#038;p=28771"},"modified":"2025-12-03T04:13:30","modified_gmt":"2025-12-02T21:13:30","slug":"bo-khuon-dap-co-lo-xo-lam-banh-hinh-thoi-vang","status":"publish","type":"product","link":"https:\/\/havamall.com\/en\/shop\/bo-khuon-dap-co-lo-xo-lam-banh-hinh-thoi-vang\/","title":{"rendered":"B\u1ed9 Khu\u00f4n D\u1eadp C\u00f3 L\u00f2 Xo L\u00e0m B\u00e1nh H\u00ecnh Th\u1ecfi V\u00e0ng"},"content":{"rendered":"<div class=\"tab-float\">\n<div id=\"tab-1\" class=\"tab-content content_extab current\">\n<div class=\"rte section expand\">\n<div id=\"content\">\n<p>Khu\u00f4n nh\u1ea5n l\u00f2 xo h\u00ecnh th\u1ecfi v\u00e0ng 4 m\u1eb7t\u00a0gi\u00fap b\u1ea1n d\u1ec5 d\u00e0ng l\u00e0m \u0111\u01b0\u1ee3c nh\u1eefng chi\u1ebfc b\u00e1nh trung thu, b\u00e1nh d\u1ee9a,&#8230; v\u1edbi t\u1ea1o h\u00ecnh th\u1ecfi v\u00e0ng b\u1eaft m\u1eaft. Khu\u00f4n nh\u1ea5n l\u00f2 xo h\u00ecnh th\u1ecfi v\u00e0ng 4 m\u1eb7t \u0111\u01b0\u1ee3c l\u00e0m b\u1eb1ng ch\u1ea5t li\u1ec7u nh\u1ef1a cao c\u1ea5p, ch\u1eafc ch\u1eafn, \u0111\u1ed9 b\u1ec1n cao, an to\u00e0n v\u1edbi ng\u01b0\u1eddi s\u1eed d\u1ee5ng.<\/p>\n<p><img fetchpriority=\"high\" decoding=\"async\" class=\"wp-image-28772 aligncenter\" src=\"https:\/\/havamall.com\/wp-content\/uploads\/2022\/09\/O1CN01uMJVyP1MvffgjBa3m_0-item_pic-300x300.jpg\" alt=\"\" width=\"555\" height=\"555\" \/><\/p>\n<p>V\u1edbi khu\u00f4n b\u00e1nh d\u1ea1ng l\u00f2 xo r\u1ea5t d\u1ec5 s\u1eed d\u1ee5ng v\u00e0 v\u1ec7 sinh. B\u1ea1n ch\u1ec9 c\u1ea7n m\u1ed9t v\u00e0i thao t\u00e1c c\u01a1 b\u1ea3n \u0111\u00e3 c\u00f3 th\u1ec3 d\u1ec5 d\u00e0ng l\u00e0m \u0111\u01b0\u1ee3c nh\u1eefng chi\u1ebfc b\u00e1nh trung thu, b\u00e1nh d\u1ee9a hay b\u00e1nh \u0111\u1eadu xanh v\u1edbi t\u1ea1o h\u00ecnh th\u1ecfi v\u00e0ng h\u1ea5p d\u1eabn r\u1ea5t th\u00edch h\u1ee3p \u0111\u1ec3 th\u1eafp h\u01b0\u01a1ng v\u00e0o nh\u1eefng ng\u00e0y l\u1ec5 T\u1ebft, Trung Thu,&#8230;<\/p>\n<p><img decoding=\"async\" class=\"wp-image-28773 aligncenter\" src=\"https:\/\/havamall.com\/wp-content\/uploads\/2022\/09\/O1CN01e63zA71VBG2r4s1W2_2123262614.jpg_q50s50-300x243.jpg\" alt=\"\" width=\"550\" height=\"445\" \/><\/p>\n<p>Kh\u00f4ng ch\u1ec9 d\u00f9ng l\u00e0m b\u00e1nh n\u01b0\u1edbng, b\u00e1nh d\u1ebbo m\u00e0 lo\u1ea1i khu\u00f4n n\u00e0y c\u00f2n gi\u00fap b\u1ea1n\u00a0l\u00e0m c\u00e1c lo\u1ea1i b\u00e1nh mochi, b\u00e1nh g\u1ea1o d\u1ebbo nh\u1eadt, b\u00e1nh quy hay b\u00e1nh m\u1ee9t hoa qu\u1ea3,\u2026v\u1edbi hoa v\u0103n phong ph\u00fa v\u00e0 \u0111\u1eb9p m\u1eaft.<\/p>\n<p>Khu\u00f4n l\u00f2 xo r\u1ea5t ti\u1ec7n l\u1ee3i trong s\u1eed d\u1ee5ng m\u00e0 gi\u00e1 th\u00e0nh l\u1ea1i ph\u00f9 h\u1ee3p.\u00a0D\u00f9ng khu\u00f4n l\u00f2 xo, khi l\u1ea5y b\u00e1nh ra r\u1ea5t nh\u1eb9 nh\u00e0ng v\u00e0 d\u1ec5 d\u00e0ng, h\u1ea7u nh\u01b0 kh\u00f4ng lo b\u00e1nh b\u1ecb d\u00ednh. C\u00f3 l\u1ebd th\u00edch nh\u1ea5t l\u00e0 khu\u00f4n l\u00f2 xo th\u01b0\u1eddng c\u00f3 r\u1ea5t nhi\u1ec1u m\u1eb7t hoa v\u0103n cho 1 khu\u00f4n, n\u00ean c\u00e1c ch\u1ecb em tha h\u1ed3 thay \u0111\u1ed5i h\u00ecnh th\u1ee9c b\u00ean ngo\u00e0i c\u1ee7a b\u00e1nh.<\/p>\n<p><img decoding=\"async\" class=\"wp-image-28774 aligncenter\" src=\"https:\/\/havamall.com\/wp-content\/uploads\/2022\/09\/O1CN01cZGbFs2AM9kwOea1M_2209483978188.jpg_q50s50-300x300.jpg\" alt=\"\" width=\"537\" height=\"537\" \/><\/p>\n<h3><strong>\u0110\u1eb7c \u0111i\u1ec3m n\u1ed5i b\u1eadt c\u1ee7a b\u1ed9 khu\u00f4n:<\/strong><\/h3>\n<p>\u2013 Khu\u00f4n l\u00e0m b\u00e1nh trung thu ti\u1ec7n d\u1ee5ng \u0111\u01b0\u1ee3c l\u00e0m t\u1eeb ch\u1ea5t li\u1ec7u nh\u1ef1a cao c\u1ea5p an to\u00e0n v\u1edbi s\u1ee9c kh\u1ecfe c\u1ee7a b\u1ea1n.<\/p>\n<p>\u2013 Khu\u00f4n l\u00e0m b\u00e1nh n\u01b0\u1edbng, b\u00e1nh d\u1ebbo v\u1edbi hoa v\u0103n phong ph\u00fa v\u00e0 \u0111\u1eb9p m\u1eaft.<\/p>\n<p>\u2013 V\u1edbi khu\u00f4n l\u00e0m b\u00e1nh b\u1ea1n ch\u1ec9 c\u1ea7n nh\u00e9t b\u00e1nh v\u00e1o c\u00e1c m\u1eabu khu\u00f4n kh\u00e1c nhau r\u1ed3i d\u00f9ng tay \u1ea5n ch\u1eb7t xu\u1ed1ng. Ph\u1ea7n n\u00e9n l\u00f2 xo kim lo\u1ea1i s\u1ebd gi\u00fap cho b\u00e1nh v\u1eeba khu\u00f4n r\u1ea5t \u0111\u1eb9p m\u1eaft \u0111\u1ed3ng th\u1eddi b\u1ea1n kh\u00f4ng m\u1ea5t qu\u00e1 nhi\u1ec1u s\u1ee9c.<\/p>\n<\/div>\n<\/div>\n<\/div>\n<\/div>","protected":false},"excerpt":{"rendered":"<p>Khu\u00f4n nh\u1ea5n l\u00f2 xo h\u00ecnh th\u1ecfi v\u00e0ng 4 m\u1eb7t\u00a0gi\u00fap b\u1ea1n d\u1ec5 d\u00e0ng l\u00e0m \u0111\u01b0\u1ee3c nh\u1eefng chi\u1ebfc b\u00e1nh trung thu, b\u00e1nh<\/p>","protected":false},"featured_media":28775,"comment_status":"open","ping_status":"closed","template":"","meta":[],"product_brand":[],"product_cat":[393,35],"product_tag":[],"class_list":{"0":"post-28771","1":"product","2":"type-product","3":"status-publish","4":"has-post-thumbnail","6":"product_cat-bep-phong-an","7":"product_cat-nha-cua-doi-song","9":"first","10":"instock","11":"sale","12":"shipping-taxable","13":"purchasable","14":"product-type-simple"},"_links":{"self":[{"href":"https:\/\/havamall.com\/en\/wp-json\/wp\/v2\/product\/28771","targetHints":{"allow":["GET"]}}],"collection":[{"href":"https:\/\/havamall.com\/en\/wp-json\/wp\/v2\/product"}],"about":[{"href":"https:\/\/havamall.com\/en\/wp-json\/wp\/v2\/types\/product"}],"replies":[{"embeddable":true,"href":"https:\/\/havamall.com\/en\/wp-json\/wp\/v2\/comments?post=28771"}],"version-history":[{"count":0,"href":"https:\/\/havamall.com\/en\/wp-json\/wp\/v2\/product\/28771\/revisions"}],"wp:featuredmedia":[{"embeddable":true,"href":"https:\/\/havamall.com\/en\/wp-json\/wp\/v2\/media\/28775"}],"wp:attachment":[{"href":"https:\/\/havamall.com\/en\/wp-json\/wp\/v2\/media?parent=28771"}],"wp:term":[{"taxonomy":"product_brand","embeddable":true,"href":"https:\/\/havamall.com\/en\/wp-json\/wp\/v2\/product_brand?post=28771"},{"taxonomy":"product_cat","embeddable":true,"href":"https:\/\/havamall.com\/en\/wp-json\/wp\/v2\/product_cat?post=28771"},{"taxonomy":"product_tag","embeddable":true,"href":"https:\/\/havamall.com\/en\/wp-json\/wp\/v2\/product_tag?post=28771"}],"curies":[{"name":"wp","href":"https:\/\/api.w.org\/{rel}","templated":true}]}}