{"id":28777,"date":"2022-09-14T10:17:49","date_gmt":"2022-09-14T03:17:49","guid":{"rendered":"https:\/\/havamall.com\/?post_type=product&#038;p=28777"},"modified":"2025-10-25T10:01:12","modified_gmt":"2025-10-25T03:01:12","slug":"hop-120-goi-thuong-ot-ong-cha-va-chilli-sauce","status":"publish","type":"product","link":"https:\/\/havamall.com\/en\/shop\/hop-120-goi-thuong-ot-ong-cha-va-chilli-sauce\/","title":{"rendered":"H\u1ed9p 120 G\u00f3i Th\u01b0\u01a1ng \u1edat \u00d4ng Ch\u00e0 V\u00e0 &#8211; Chilli Sauce"},"content":{"rendered":"<p>T\u1eeb l\u00e2u, t\u01b0\u01a1ng \u1edbt tr\u1edf th\u00e0nh m\u1ed9t lo\u1ea1i n\u01b0\u1edbc ch\u1ea5m c\u00f3 m\u1eb7t h\u1ea7u h\u1ebft trong m\u1ecdi gia \u0111\u00ecnh, h\u00e0ng qu\u00e1n. T\u01b0\u01a1ng \u1edbt \u0111\u01b0\u1ee3c d\u00f9ng \u0111\u1ec3 ch\u1ea5m v\u1edbi r\u1ea5t nhi\u1ec1u m\u00f3n \u0103n nh\u01b0 g\u00e0 r\u00e1n, ph\u1edf, b\u00fan, c\u01a1m chi\u00ean\u2026 Nh\u1eefng m\u00f3n \u0103n \u0111\u01b0\u1ee3c k\u1ebft h\u1ee3p v\u1edbi t\u01b0\u01a1ng \u1edbt th\u01a1m ngon h\u01a1n r\u1ea5t nhi\u1ec1u, v\u1ecb c\u0169ng \u0111\u1eb7c s\u1eafc, k\u00edch th\u00edch v\u1ecb gi\u00e1c h\u01a1n.<\/p>\n<p><img fetchpriority=\"high\" decoding=\"async\" class=\"wp-image-28778 aligncenter\" src=\"https:\/\/havamall.com\/wp-content\/uploads\/2022\/09\/117385322_162260958714842_7108315886183769595_n-300x193.jpg\" alt=\"\" width=\"566\" height=\"364\" \/><\/p>\n<p>T\u01b0\u01a1ng \u1edbt l\u00e0 m\u1ed9t lo\u1ea1i gia v\u1ecb kh\u00f4ng th\u1ec3 thi\u1ebfu, c\u00f3 m\u1eb7t trong h\u1ea7u h\u1ebft c\u00e1c m\u00f3n \u0103n chi\u00ean, n\u01b0\u1edbng ho\u1eb7c \u0103n v\u1eb7t. T\u01b0\u01a1ng \u1edbt \u00d4ng Ch\u00e0 V\u00e0 c\u00f3 m\u00e0u \u0111\u1ecf th\u1eabm, v\u1ecb ng\u1ecdt v\u00e0 h\u01a1i cay \u0111\u01b0\u1ee3c l\u00e0m t\u1eeb \u1edbt \u0111\u1ecf,n\u01b0\u1edbc, \u0111\u01b0\u1eddng, mu\u1ed1i,\u2026.<\/p>\n<p>S\u1ea3n ph\u1ea9m mang h\u01b0\u01a1ng th\u01a1m n\u1ed3ng k\u1ebft h\u1ee3p c\u00f9ng m\u00e0u \u0111\u1ecf t\u01b0\u01a1i c\u1ee7a \u1edbt hi\u1ec3m, v\u1ecb chua cay h\u00f2a quy\u1ec7n v\u00e0o nhau, l\u00e0m cho m\u00f3n \u0103n c\u1ee7a b\u1ea1n th\u00eam ngon v\u00e0 h\u1ea5p d\u1eabn h\u01a1n. V\u1edbi h\u01b0\u01a1ng v\u1ecb \u0111\u1eadm \u0111\u00e0 c\u1ee7a t\u01b0\u01a1ng \u1edbt, c\u00e1c m\u00f3n chi\u00ean, n\u01b0\u1edbng hay quay s\u1ebd tr\u1edf n\u00ean ngon h\u01a1n, mang \u0111\u1ebfn cho gia \u0111\u00ecnh b\u1ea1n b\u1eefa \u0103n ngon mi\u1ec7ng.<\/p>\n<p><img decoding=\"async\" class=\"wp-image-28779 aligncenter\" src=\"https:\/\/havamall.com\/wp-content\/uploads\/2022\/09\/Chili-Sauce-Substitute.jpeg-1-1024x683-300x200.png\" alt=\"\" width=\"565\" height=\"377\" \/><\/p>\n<p>\u00d4ng Ch\u00e0 V\u00e0 ch\u00fa tr\u1ecdng \u0111\u1ebfn ch\u1ea5t l\u01b0\u1ee3ng s\u1ea3n ph\u1ea9m n\u00ean l\u1ef1a ch\u1ecdn ngu\u1ed3n nguy\u00ean li\u1ec7u ho\u00e0n to\u00e0n t\u1eeb thi\u00ean nhi\u00ean nh\u01b0 \u1edbt \u0111\u1ecf t\u01b0\u01a1i, h\u00e0nh, t\u1ecfi\u2026 C\u00e1c nguy\u00ean li\u1ec7u n\u00e0y kh\u00f4ng nh\u1eefng l\u00e0m n\u00ean h\u01b0\u01a1ng v\u1ecb \u0111\u1eadm \u0111\u00e0, m\u00e0 c\u00f2n ho\u00e0n to\u00e0n kh\u00f4ng g\u00e2y h\u1ea1i cho s\u1ee9c kh\u1ecfe ng\u01b0\u1eddi d\u00f9ng, \u0111\u1ea3m b\u1ea3o an to\u00e0n v\u1ec7 sinh th\u1ef1c ph\u1ea9m.<\/p>\n<h4><strong>C\u00f4ng d\u1ee5ng c\u1ee7a t\u01b0\u01a1ng \u1edbt:<\/strong><\/h4>\n<p>\u2013 T\u01b0\u01a1ng \u1edbt h\u1ed7 tr\u1ee3 gi\u1ea3m thi\u1ec3u v\u00e0 ng\u0103n ch\u1eb7n s\u1ef1 h\u00ecnh th\u00e0nh c\u00e1c kh\u1ed1i m\u1ee1 th\u1eeba trong m\u1ea1ch m\u00e1u (nguy\u00ean nh\u00e2n g\u00e2y ra b\u1ec7nh nh\u1ed3i m\u00e1u c\u01a1 tim, \u0111\u1ed9t qu\u1ef5 v\u00e0 tai bi\u1ebfn), \u0111\u1ea3m b\u1ea3o s\u1ef1 th\u00f4ng tho\u00e1ng l\u01b0u th\u00f4ng m\u00e1u trong c\u01a1 th\u1ec3.<\/p>\n<p>\u2013 Ngo\u00e0i ra, t\u01b0\u01a1ng \u1edbt gi\u00fap t\u0103ng c\u01b0\u1eddng vitamin A v\u00e0 C, ch\u1ed1ng l\u00e3o h\u00f3a, ch\u1ed1ng oxy h\u00f3a, t\u0103ng c\u01b0\u1eddng s\u1ee9c \u0111\u1ec1 kh\u00e1ng.<\/p>\n<p><img decoding=\"async\" class=\"wp-image-28780 aligncenter\" src=\"https:\/\/havamall.com\/wp-content\/uploads\/2022\/09\/korean-sriracha-kimchi-recipe-2118867-hero-011-f6964d865b6246b180ddb843cdeb132d-1024x683-300x200.png\" alt=\"\" width=\"561\" height=\"374\" \/><\/p>\n<h4><strong>H\u01b0\u1edbng d\u1eabn s\u1eed d\u1ee5ng:<\/strong><\/h4>\n<p>\u2013 \u0102n c\u00f9ng b\u00fan, ph\u1edf, c\u00e1c m\u00f3n mi\u1ebfn x\u00e0o, mi\u1ebfn n\u01b0\u1edbc.<\/p>\n<p>\u2013 D\u00f9ng ch\u1ea5m m\u1ef1c n\u01b0\u1edbng, th\u1ecbt n\u01b0\u1edbng.<\/p>\n<p>\u2013 Gia t\u0103ng \u0111\u1ed9 ngon c\u1ee7a c\u00e1c m\u00f3n \u0103n h\u00e0ng ng\u00e0y.<\/p>\n<p>S\u1ea3n ph\u1ea9m hi\u1ec7n \u0111\u00e3 c\u00f3 m\u1eb7t t\u1ea1i Havamall.<\/p>","protected":false},"excerpt":{"rendered":"<p>T\u1eeb l\u00e2u, t\u01b0\u01a1ng \u1edbt tr\u1edf th\u00e0nh m\u1ed9t lo\u1ea1i n\u01b0\u1edbc ch\u1ea5m c\u00f3 m\u1eb7t h\u1ea7u h\u1ebft trong m\u1ecdi gia \u0111\u00ecnh, h\u00e0ng qu\u00e1n.<\/p>","protected":false},"featured_media":28781,"comment_status":"open","ping_status":"closed","template":"","meta":[],"product_brand":[],"product_cat":[40,36],"product_tag":[],"class_list":{"0":"post-28777","1":"product","2":"type-product","3":"status-publish","4":"has-post-thumbnail","6":"product_cat-sieuthi-giasi","7":"product_cat-thuc-pham-tieu-dung","8":"pa_brand-ong-cha-va","10":"first","11":"instock","12":"sale","13":"shipping-taxable","14":"purchasable","15":"product-type-simple"},"_links":{"self":[{"href":"https:\/\/havamall.com\/en\/wp-json\/wp\/v2\/product\/28777","targetHints":{"allow":["GET"]}}],"collection":[{"href":"https:\/\/havamall.com\/en\/wp-json\/wp\/v2\/product"}],"about":[{"href":"https:\/\/havamall.com\/en\/wp-json\/wp\/v2\/types\/product"}],"replies":[{"embeddable":true,"href":"https:\/\/havamall.com\/en\/wp-json\/wp\/v2\/comments?post=28777"}],"version-history":[{"count":0,"href":"https:\/\/havamall.com\/en\/wp-json\/wp\/v2\/product\/28777\/revisions"}],"wp:featuredmedia":[{"embeddable":true,"href":"https:\/\/havamall.com\/en\/wp-json\/wp\/v2\/media\/28781"}],"wp:attachment":[{"href":"https:\/\/havamall.com\/en\/wp-json\/wp\/v2\/media?parent=28777"}],"wp:term":[{"taxonomy":"product_brand","embeddable":true,"href":"https:\/\/havamall.com\/en\/wp-json\/wp\/v2\/product_brand?post=28777"},{"taxonomy":"product_cat","embeddable":true,"href":"https:\/\/havamall.com\/en\/wp-json\/wp\/v2\/product_cat?post=28777"},{"taxonomy":"product_tag","embeddable":true,"href":"https:\/\/havamall.com\/en\/wp-json\/wp\/v2\/product_tag?post=28777"}],"curies":[{"name":"wp","href":"https:\/\/api.w.org\/{rel}","templated":true}]}}