{"id":28782,"date":"2022-09-14T10:25:46","date_gmt":"2022-09-14T03:25:46","guid":{"rendered":"https:\/\/havamall.com\/?post_type=product&#038;p=28782"},"modified":"2023-04-03T15:35:52","modified_gmt":"2023-04-03T08:35:52","slug":"hop-12-goi-tuong-ca-ong-cha-va-tomato-sauce","status":"publish","type":"product","link":"https:\/\/havamall.com\/en\/shop\/hop-12-goi-tuong-ca-ong-cha-va-tomato-sauce\/","title":{"rendered":"H\u1ed9p 120 G\u00f3i T\u01b0\u01a1ng C\u00e0 \u00d4ng Ch\u00e0 V\u00e0 &#8211; Tomato Ketchup"},"content":{"rendered":"<p>T\u01b0\u01a1ng c\u00e0\u00a0l\u00e0 gia v\u1ecb ch\u1eb3ng th\u1ec3 thi\u1ebfu trong c\u00f4ng cu\u1ed9c chinh ph\u1ee5c \u1ea9m th\u1ef1c c\u1ee7a ch\u00fang ta. V\u1edbi t\u01b0\u01a1ng c\u00e0, c\u00e1c m\u00f3n chi\u00ean tr\u1edf n\u00ean ngon mi\u1ec7ng h\u01a1n, nh\u1eefng m\u00f3n m\u00ec \u00fd tr\u1edf n\u00ean \u0111\u1eadm v\u1ecb h\u01a1n. Th\u1ebf n\u00ean t\u01b0\u01a1ng c\u00e0 d\u01b0\u1eddng nh\u01b0 tr\u1edf th\u00e0nh m\u1ed9t gia v\u1ecb lu\u00f4n ph\u1ea3i c\u00f3 trong m\u1ed7i gia \u0111\u00ecnh.<\/p>\n<p>T\u01b0\u01a1ng c\u00e0 c\u00f3 v\u1ecb chua chua ng\u1ecdt ng\u1ecdt r\u1ea5t v\u1eeba \u0103n. Ph\u00f9 h\u1ee3p v\u1edbi kh\u1ea9u v\u1ecb c\u1ee7a nhi\u1ec1u gia \u0111\u00ecnh. Khi \u0103n b\u1ea1n c\u00f3 th\u1ec3 c\u1ea3m nh\u1eadn \u0111\u01b0\u1ee3c h\u01b0\u01a1ng v\u1ecb \u0111\u1eadm \u0111\u00e0 c\u1ee7a c\u00e0 chua. Gi\u00fap k\u00edch th\u00edch v\u1ecb gi\u00e1c v\u00e0 l\u00e0m m\u00f3n \u0103n ngon h\u01a1n.<\/p>\n<p><img fetchpriority=\"high\" decoding=\"async\" class=\"wp-image-28783 aligncenter\" src=\"https:\/\/havamall.com\/wp-content\/uploads\/2022\/09\/117385322_162260958714842_7108315886183769595_n-1-300x193.jpg\" alt=\"\" width=\"535\" height=\"344\" \/><\/p>\n<p>S\u1ea3n ph\u1ea9m mang h\u01b0\u01a1ng th\u01a1m n\u1ed3ng c\u1ee7a h\u00e0nh k\u1ebft h\u1ee3p c\u00f9ng m\u00e0u \u0111\u1ecf t\u01b0\u01a1i c\u1ee7a c\u00e0 chua, v\u1ecb chua ng\u1ecdt h\u00f2a quy\u1ec7n v\u00e0o nhau, l\u00e0m cho m\u00f3n \u0103n c\u1ee7a b\u1ea1n th\u00eam ngon v\u00e0 h\u1ea5p d\u1eabn h\u01a1n. V\u1edbi h\u01b0\u01a1ng v\u1ecb \u0111\u1eadm \u0111\u00e0 c\u1ee7a t\u01b0\u01a1ng c\u00e0, c\u00e1c m\u00f3n chi\u00ean, n\u01b0\u1edbng hay quay s\u1ebd tr\u1edf n\u00ean ngon h\u01a1n, mang \u0111\u1ebfn cho gia \u0111\u00ecnh b\u1ea1n b\u1eefa \u0103n ngon mi\u1ec7ng.<\/p>\n<p><img decoding=\"async\" class=\"wp-image-20546 aligncenter\" src=\"https:\/\/havamall.com\/wp-content\/uploads\/2021\/06\/HEtSrS6Sg2BzR4KSBVdB_sim-200x300.jpg\" alt=\"\" width=\"532\" height=\"798\" \/><\/p>\n<p>\u00d4ng Ch\u00e0 V\u00e0 ch\u00fa tr\u1ecdng \u0111\u1ebfn ch\u1ea5t l\u01b0\u1ee3ng s\u1ea3n ph\u1ea9m n\u00ean l\u1ef1a ch\u1ecdn ngu\u1ed3n nguy\u00ean li\u1ec7u ho\u00e0n to\u00e0n t\u1eeb thi\u00ean nhi\u00ean nh\u01b0 c\u00e0 chua t\u01b0\u01a1i,b\u1ed9t h\u00e0nh, h\u00e0nh t\u00edm, t\u1ecfi\u2026 C\u00e1c nguy\u00ean li\u1ec7u n\u00e0y kh\u00f4ng nh\u1eefng l\u00e0m n\u00ean h\u01b0\u01a1ng v\u1ecb \u0111\u1eadm \u0111\u00e0, m\u00e0 c\u00f2n ho\u00e0n to\u00e0n kh\u00f4ng g\u00e2y h\u1ea1i cho s\u1ee9c kh\u1ecfe ng\u01b0\u1eddi d\u00f9ng, \u0111\u1ea3m b\u1ea3o an to\u00e0n v\u1ec7 sinh th\u1ef1c ph\u1ea9m.<\/p>\n<p><img decoding=\"async\" class=\"wp-image-20545 aligncenter\" src=\"https:\/\/havamall.com\/wp-content\/uploads\/2021\/06\/red-tomat-300x204.jpg\" alt=\"\" width=\"525\" height=\"357\" \/><\/p>\n<h4><strong>Nh\u1eefng c\u00f4ng d\u1ee5ng tuy\u1ec7t v\u1eddi c\u1ee7a t\u01b0\u01a1ng c\u00e0 c\u00f3 th\u1ec3 b\u1ea1n ch\u01b0a bi\u1ebft:<\/strong><\/h4>\n<p><b>\u2013\u00a0<\/b>N\u1ebfu \u0111\u1ed3 d\u00f9ng b\u1eb1ng \u0111\u1ed3ng nh\u00e0 b\u1ea1n b\u1ecb hoen g\u1ec9, h\u00e3y ph\u1ebft l\u00ean m\u1ed9t l\u1edbp t\u01b0\u01a1ng c\u00e0 chua v\u00e0 lau ch\u00f9i s\u1ea1ch s\u1ebd<\/p>\n<p>\u2013 Kh\u00f4ng c\u00f3 g\u00ec \u0111\u00e1ng ng\u1ea1c nhi\u00ean khi t\u01b0\u01a1ng c\u00e0 chua l\u00e0 n\u01b0\u1edbc s\u1ed1t tuy\u1ec7t v\u1eddi cho h\u1ea7u h\u1ebft c\u00e1c m\u00f3n \u0103n, t\u1eeb m\u00f3n ph\u01b0\u01a1ng \u0110\u00f4ng \u0111\u1ebfn c\u00e1c m\u00f3n ph\u01b0\u01a1ng T\u00e2y, t\u1eeb m\u00f3n chay \u0111\u1ebfn m\u00f3n m\u1eb7n, th\u1eadm ch\u00ed l\u00e0 b\u00e1nh ng\u1ecdt, salad\u2026 b\u1edfi v\u00ec qu\u1ea3 c\u00e0 chua l\u00e0 lo\u1ea1i tr\u00e1i c\u00e2y\/rau c\u1ee7 ph\u1ed5 bi\u1ebfn, d\u1ec5 \u0103n, d\u1ec5 ch\u1ebf bi\u1ebfn.<\/p>\n<p>\u2013 Khi b\u1ea1n l\u1ee1 tay n\u00eam m\u1ed9t m\u00f3n \u0103n qu\u00e1 m\u1eb7n, h\u00e3y cho v\u00e0o m\u00f3n \u0103n \u0111\u00f3 m\u1ed9t \u00edt t\u01b0\u01a1ng c\u00e0 chua. V\u1ecb umami s\u1ebd l\u1eadp t\u1ee9c \u0111i\u1ec1u ti\u1ebft v\u1ecb m\u1eb7n, l\u00e0m cho m\u00f3n \u0103n nh\u1ea1t h\u01a1n, d\u1ec5 \u0103n h\u01a1n.<\/p>\n<p>\u2013 C\u00e0 chua ch\u1ee9a ch\u1ea5t lycopen \u2013 ch\u1ea5t t\u1ea1o m\u00e0u \u0111\u1ecf \u0111\u1eb9p m\u1eaft cho c\u00e0 chua \u2013 \u0111\u01b0\u1ee3c xem l\u00e0 c\u00f3 kh\u1ea3 n\u0103ng ng\u0103n ng\u1eeba m\u1ed9t s\u1ed1 lo\u1ea1i ung th\u01b0 nh\u1edd kh\u1ea3 n\u0103ng ch\u1ed1ng oxy h\u00f3a v\u00e0 \u1ee9c ch\u1ebf c\u00e1c t\u1ebf b\u00e0o vi\u00eam v\u00e0 vi khu\u1ea9n g\u00e2y vi\u00eam m\u1ed9t c\u00e1ch hi\u1ec7u qu\u1ea3. Ngo\u00e0i ra, t\u01b0\u01a1ng c\u00e0 c\u0169ng g\u00f3p ph\u1ea7n b\u1ea3o v\u1ec7 tim m\u1ea1ch t\u1ed1t h\u01a1n nh\u1edd ngu\u1ed3n vitamin v\u00e0 lycopen d\u1ed3i d\u00e0o.<\/p>\n<p><img loading=\"lazy\" decoding=\"async\" class=\"wp-image-28784 aligncenter\" src=\"https:\/\/havamall.com\/wp-content\/uploads\/2022\/09\/19223021_938240249651889_5972496974475933274_o-300x212.jpg\" alt=\"\" width=\"535\" height=\"378\" \/><\/p>\n<h4><strong>H\u01b0\u1edbng d\u1eabn s\u1eed d\u1ee5ng:<\/strong><\/h4>\n<p>\u2013 \u0102n c\u00f9ng b\u00fan, ph\u1edf, c\u00e1c m\u00f3n mi\u1ebfn x\u00e0o, mi\u1ebfn n\u01b0\u1edbc.<\/p>\n<p>\u2013 T\u01b0\u01a1ng c\u00e0 d\u00f9ng \u0111\u1ec3 n\u1ea5u ho\u1eb7c ch\u1ea5m v\u1edbi m\u00ec spaghetti, m\u00ec x\u00e0o, nui x\u00e0o, hamburger, pizza, b\u00f2 kho, raguo<\/p>\n<p>\u2013 D\u00f9ng \u0111\u1ec3 ch\u1ea5m c\u00e1c s\u1ea3n ph\u1ea9m chi\u00ean nh\u01b0 khoai t\u00e2y chi\u00ean, g\u00e0 r\u00e1n, c\u00e1 chi\u00ean, x\u00fac x\u00edch n\u01b0\u1edbng\u2026 cho m\u00f3n \u0103n th\u00eam h\u01b0\u01a1ng v\u1ecb \u0111\u1eadm \u0111\u00e0, th\u01a1m ngon.<\/p>\n<p>\u2013 D\u00f9ng ch\u1ea5m m\u1ef1c n\u01b0\u1edbng, th\u1ecbt n\u01b0\u1edbng.<\/p>\n<p>\u2013 Gia t\u0103ng \u0111\u1ed9 ngon c\u1ee7a c\u00e1c m\u00f3n \u0103n h\u00e0ng ng\u00e0y.<\/p>\n<p>S\u1ea3n ph\u1ea9m hi\u1ec7n \u0111ac c\u00f3 m\u1eb7t t\u1ea1i Havamall.<\/p>","protected":false},"excerpt":{"rendered":"<p>T\u01b0\u01a1ng c\u00e0\u00a0l\u00e0 gia v\u1ecb ch\u1eb3ng th\u1ec3 thi\u1ebfu trong c\u00f4ng cu\u1ed9c chinh ph\u1ee5c \u1ea9m th\u1ef1c c\u1ee7a ch\u00fang ta. V\u1edbi t\u01b0\u01a1ng c\u00e0,<\/p>","protected":false},"featured_media":28786,"comment_status":"open","ping_status":"closed","template":"","meta":[],"product_brand":[],"product_cat":[40,36],"product_tag":[],"class_list":{"0":"post-28782","1":"product","2":"type-product","3":"status-publish","4":"has-post-thumbnail","6":"product_cat-sieuthi-giasi","7":"product_cat-thuc-pham-tieu-dung","8":"pa_brand-ong-cha-va","10":"first","11":"instock","12":"sale","13":"shipping-taxable","14":"purchasable","15":"product-type-simple"},"_links":{"self":[{"href":"https:\/\/havamall.com\/en\/wp-json\/wp\/v2\/product\/28782","targetHints":{"allow":["GET"]}}],"collection":[{"href":"https:\/\/havamall.com\/en\/wp-json\/wp\/v2\/product"}],"about":[{"href":"https:\/\/havamall.com\/en\/wp-json\/wp\/v2\/types\/product"}],"replies":[{"embeddable":true,"href":"https:\/\/havamall.com\/en\/wp-json\/wp\/v2\/comments?post=28782"}],"version-history":[{"count":0,"href":"https:\/\/havamall.com\/en\/wp-json\/wp\/v2\/product\/28782\/revisions"}],"wp:featuredmedia":[{"embeddable":true,"href":"https:\/\/havamall.com\/en\/wp-json\/wp\/v2\/media\/28786"}],"wp:attachment":[{"href":"https:\/\/havamall.com\/en\/wp-json\/wp\/v2\/media?parent=28782"}],"wp:term":[{"taxonomy":"product_brand","embeddable":true,"href":"https:\/\/havamall.com\/en\/wp-json\/wp\/v2\/product_brand?post=28782"},{"taxonomy":"product_cat","embeddable":true,"href":"https:\/\/havamall.com\/en\/wp-json\/wp\/v2\/product_cat?post=28782"},{"taxonomy":"product_tag","embeddable":true,"href":"https:\/\/havamall.com\/en\/wp-json\/wp\/v2\/product_tag?post=28782"}],"curies":[{"name":"wp","href":"https:\/\/api.w.org\/{rel}","templated":true}]}}