{"id":29141,"date":"2022-10-13T11:15:33","date_gmt":"2022-10-13T04:15:33","guid":{"rendered":"https:\/\/havamall.com\/?post_type=product&#038;p=29141"},"modified":"2025-12-03T04:13:25","modified_gmt":"2025-12-02T21:13:25","slug":"pizza-dong-lanh-bottega-zelachi-chuan-vi-y","status":"publish","type":"product","link":"https:\/\/havamall.com\/en\/shop\/pizza-dong-lanh-bottega-zelachi-chuan-vi-y\/","title":{"rendered":"Pizza \u0110\u00f4ng L\u1ea1nh Bottega Zelachi Chu\u1ea9n V\u1ecb \u00dd"},"content":{"rendered":"<p>Bottega Zelachi l\u00e0 th\u01b0\u01a1ng hi\u1ec7u \u0111\u01b0\u1ee3c nh\u00f3m kh\u00e1ch h\u00e0ng l\u00e0 c\u00e1c \u0111\u1ea7u b\u1ebfp chuy\u00ean nghi\u1ec7p \u1edf c\u00e1c nh\u00e0 h\u00e0ng\/kh\u00e1ch s\u1ea1n 5 sao v\u00e0 \u0111\u1ed1i t\u00e1c b\u00e1n l\u1ebb tin d\u00f9ng h\u01a1n 12 n\u0103m qua, Bottega Zelachi \u0111\u00e3 tr\u1edf th\u00e0nh c\u00e1i t\u00ean quen thu\u1ed9c cung c\u1ea5p c\u00e1c s\u1ea3n ph\u1ea9m b\u01a1, ph\u00f4 mai nh\u1eadp kh\u1ea9u t\u1eeb c\u00e1c qu\u1ed1c gia n\u1ed5i ti\u1ebfng v\u1ec1 s\u1ea3n ph\u1ea9m b\u01a1 s\u1eefa nh\u01b0 Ph\u00e1p, \u00dd, H\u00e0 Lan, New Zealand\u2026<\/p>\n<p>S\u1ea3n ph\u1ea9m \u0111\u01b0\u1ee3c nh\u1eadp kh\u1ea9u nguy\u00ean kh\u1ed1i n\u00ean gi\u1eef \u0111\u01b0\u1ee3c h\u01b0\u01a1ng v\u1ecb nguy\u00ean b\u1ea3n c\u1ee7a ph\u00f4 mai v\u00e0 b\u01a1. Kh\u00f4ng ch\u1ec9 c\u00f3 gi\u00e1 tr\u1ecb dinh d\u01b0\u1ee1ng cao, c\u00e1c s\u1ea3n ph\u1ea9m ph\u00f4 mai v\u00e0 b\u01a1 l\u1ea1t Bottega Zelachi c\u00f2n \u0111\u01b0\u1ee3c tin d\u00f9ng b\u1edfi ch\u1ea5t l\u01b0\u1ee3ng v\u01b0\u1ee3t tr\u1ed9i khi li\u00ean ti\u1ebfp \u0111\u1ea1t c\u00e1c ch\u1ee9ng nh\u1eadn v\u1ec1 an to\u00e0n th\u1ef1c ph\u1ea9m nh\u01b0 ISO, HACCP\u2026 T\u1eeb m\u00f3n \u00c1 \u0111\u1ebfn m\u00f3n \u00c2u, t\u1eeb m\u00f3n khai v\u1ecb, m\u00f3n ch\u00ednh \u0111\u1ebfn tr\u00e1ng mi\u1ec7ng, Bottega Zelachi \u0111\u1ec1u gi\u00fap n\u00e2ng v\u1ecb m\u00f3n ngon, mang l\u1ea1i cho th\u01b0c kh\u00e1ch nh\u1eefng tr\u1ea3i nghi\u1ec7m v\u1ecb gi\u00e1c v\u00f4 c\u00f9ng tuy\u1ec7t v\u1eddi. Nay th\u01b0\u01a1ng hi\u1ec7u Bottega Zelachi cho ra \u0111\u1eddi nh\u1eefng chi\u1ebfc b\u00e1nh pizza \u0111\u00f4ng l\u1ea1nh v\u1edbi h\u01b0\u01a1ng v\u1ecb tuy\u1ec7t h\u1ea3o.<\/p>\n<p><img fetchpriority=\"high\" decoding=\"async\" class=\"wp-image-29143 aligncenter\" src=\"https:\/\/havamall.com\/wp-content\/uploads\/2022\/10\/z3791436803541_d97a2137abe56f73ce1a37f03e826d6f-300x200.png\" alt=\"\" width=\"735\" height=\"490\" \/><\/p>\n<p>N\u1ebfu kh\u00f4ng ph\u1ea3i l\u00e0 m\u1ed9t \u0111\u1ea7u b\u1ebfp chuy\u00ean nghi\u1ec7p hay m\u1ed9t ng\u01b0\u1eddi kh\u00e9o tay trong chuy\u1ec7n b\u1ebfp n\u00fac th\u00ec b\u1ea1n s\u1ebd r\u1ea5t kh\u00f3 \u0111\u1ec3 l\u00e0m \u0111\u01b0\u1ee3c m\u1ed9t chi\u1ebfc b\u00e1nh pizza th\u01a1m ngon v\u00e0 chu\u1ea9n v\u1ecb. L\u00fac n\u00e0y, thay v\u00ec ch\u1ecdn c\u00e1ch \u0111i \u0103n ngo\u00e0i nh\u00e0 h\u00e0ng, ti\u1ec7m b\u00e1nh t\u1ed1n ti\u1ec1n sao b\u1ea1n l\u1ea1i kh\u00f4ng th\u1eed ch\u1ecdn cho m\u00ecnh lo\u1ea1i\u00a0<i>b\u00e1nh pizza \u0111\u00f4ng l\u1ea1nh<\/i>\u00a0\u0111\u01b0\u1ee3c ch\u1ebf bi\u1ebfn s\u1eb5n v\u1edbi \u0111\u1ee7 lo\u1ea1i topping kh\u00e1c nhau.<\/p>\n<p>Kh\u00f4ng c\u1ea7n m\u1ea5t nhi\u1ec1u th\u1eddi gian n\u1ea5u n\u01b0\u1edbng, ch\u1ec9 sau 15-20 ph\u00fat quay trong l\u00f2 vi s\u00f3ng l\u00e0 b\u1ea1n \u0111\u00e3 c\u00f3 ngay m\u1ed9t chi\u1ebfc b\u00e1nh pizza n\u00f3ng h\u1ed5i, ngon mi\u1ec7ng. Lo\u1ea1i pizza n\u00e0y \u0111\u00e3 \u0111\u01b0\u1ee3c ch\u1ebf bi\u1ebfn t\u1eeb nh\u1eefng nguy\u00ean li\u1ec7u \u0111\u1ea3m b\u1ea3o sau \u0111\u00f3 \u0111\u01b0\u1ee3c c\u1ea5p \u0111\u00f4ng \u0111\u1ec3 b\u1ea3o qu\u1ea3n \u0111\u01b0\u1ee3c trong m\u1ed9t th\u1eddi gian d\u00e0i.<\/p>\n<h2 id=\"ftoc-2-nhung-uu-diem-khi-dung-pizza-dong-lanh\" class=\"ftwp-heading\"><b>2. Nh\u1eefng \u01b0u \u0111i\u1ec3m khi d\u00f9ng pizza \u0111\u00f4ng l\u1ea1nh<\/b><\/h2>\n<p><b>Pizza \u0111\u00f4ng l\u1ea1nh<\/b>\u00a0\u0111ang \u0111\u01b0\u1ee3c ng\u01b0\u1eddi ng\u01b0\u1eddi nh\u00e0 nh\u00e0 y\u00eau th\u00edch b\u1edfi r\u1ea5t nhi\u1ec1u l\u00fd do kh\u00e1c nhau. Nh\u01b0ng chung quy ch\u00fang ta c\u00f3 th\u1ec3 k\u1ec3 \u0111\u1ebfn nh\u1eefng \u01b0u \u0111i\u1ec3m tuy\u1ec7t v\u1eddi c\u1ee7a ch\u00fang nh\u01b0:<\/p>\n<h3 id=\"ftoc-2-1-tiet-kiem-cong-suc-cung-nhu-thoi-gian\" class=\"ftwp-heading\"><b>2.1. Ti\u1ebft ki\u1ec7m c\u00f4ng s\u1ee9c c\u0169ng nh\u01b0 th\u1eddi gian<\/b><\/h3>\n<p><b><\/b>Cu\u1ed9c s\u1ed1ng hi\u1ec7n \u0111\u1ea1i khi\u1ebfn m\u1ed7i ng\u01b0\u1eddi trong ch\u00fang ta quay cu\u1ed3ng v\u1edbi c\u00f4ng vi\u1ec7c v\u00e0 gia \u0111\u00ecnh. Nh\u1eefng b\u1eefa \u0103n c\u1ea7n \u0111\u1ea3m b\u1ea3o y\u1ebfu t\u1ed1 ngon mi\u1ec7ng, \u0111\u1ea7y \u0111\u1ee7 ch\u1ea5t dinh d\u01b0\u1ee1ng nh\u01b0ng l\u1ea1i t\u1ed1n r\u1ea5t nhi\u1ec1u th\u1eddi gian c\u1ee7a m\u1ecdi ng\u01b0\u1eddi.\u00a0B\u00e1nh pizza Havamall \u0111\u01b0\u1ee3c ch\u1ebf bi\u1ebfn s\u1eb5n r\u1ed3i c\u1ea5p \u0111\u00f4ng trong t\u1ee7 l\u1ea1nh r\u1ea5t d\u1ec5 ch\u1ebf bi\u1ebfn m\u00e0 kh\u00f4ng t\u1ed1n nhi\u1ec1u th\u1eddi gian v\u00e0 c\u00f4ng s\u1ee9c.<\/p>\n<h3 id=\"ftoc-2-2-tien-loi-va-nhanh-chong\" class=\"ftwp-heading\"><b>2.2. Ti\u1ec7n l\u1ee3i v\u00e0 nhanh ch\u00f3ng<\/b><\/h3>\n<p><i>C\u00e1ch n\u01b0\u1edbng pizza \u0111\u00f4ng l\u1ea1nh<\/i>\u00a0th\u1ef1c s\u1ef1 \u0111\u01a1n gi\u1ea3n \u0111\u1ed1i v\u1edbi t\u1ea5t c\u1ea3 m\u1ecdi ng\u01b0\u1eddi. B\u1ea1n ch\u1ec9 c\u1ea7n cho b\u00e1nh quay trong l\u00f2 vi s\u00f3ng v\u00e0 ch\u1edd \u0111\u1ee3i m\u1ed9t ch\u00fat l\u00e0 \u0111\u00e3 c\u00f3 m\u1ed9t m\u00f3n \u0103n nhanh, \u0111\u1ea3m b\u1ea3o \u0111\u1ee7 ch\u1ea5t v\u00e0 an to\u00e0n cho s\u1ee9c kh\u1ecfe r\u1ed3i.<\/p>\n<p>\u0110\u1eb7c bi\u1ec7t, n\u1ebfu kh\u00f4ng c\u00f3 l\u00f2 vi s\u00f3ng th\u00ec b\u1ea1n c\u0169ng c\u00f3 th\u1ec3\u00a0<i>n\u01b0\u1edbng pizza \u0111\u00f4ng l\u1ea1nh b\u1eb1ng ch\u1ea3o<\/i>\u00a0m\u1ed9t c\u00e1ch nhanh ch\u00f3ng m\u00e0 v\u1eabn ngon mi\u1ec7ng. V\u00e0 c\u0169ng nh\u1edd \u0111\u1eb7t h\u00e0ng online m\u00e0 b\u1ea1n s\u1ebd kh\u00f4ng c\u1ea7n \u0111i \u0111\u00e2u xa ch\u1ec9 c\u1ea7n ng\u1ed3i \u1edf nh\u00e0 nh\u1ea5p chu\u1ed9t, ch\u1ed1t \u0111\u01a1n l\u00e0 \u0111\u00e3 c\u00f3 ng\u01b0\u1eddi \u0111\u01b0a b\u00e1nh pizza \u0111\u00f4ng l\u1ea1nh \u0111\u1ebfn t\u1eadn nh\u00e0. Th\u1ef1c s\u1ef1 r\u1ea5t ti\u1ec7n l\u1ee3i.<\/p>\n<h3 id=\"ftoc-2-3-kieu-banh-da-dang-chat-luong-tuyet-voi\" class=\"ftwp-heading\"><b><img decoding=\"async\" class=\"wp-image-29146 aligncenter\" src=\"https:\/\/havamall.com\/wp-content\/uploads\/2022\/10\/43534-300x200.png\" alt=\"\" width=\"644\" height=\"429\" \/><\/b><\/h3>\n<h3 class=\"ftwp-heading\"><b>2.3. Ki\u1ec3u b\u00e1nh \u0111a d\u1ea1ng \u2013 Ch\u1ea5t l\u01b0\u1ee3ng tuy\u1ec7t v\u1eddi<\/b><\/h3>\n<p>D\u00f9 b\u1ea1n y\u00eau th\u00edch m\u00f9i v\u1ecb n\u00e0o th\u00ec nh\u00e0\u00a0<i>cung c\u1ea5p b\u00e1nh pizza \u0111\u00f4ng l\u1ea1n<\/i>h c\u0169ng \u0111\u1ec1u c\u00f3 s\u1eb5n \u0111\u1ec3 cho b\u1ea1n tha h\u1ed3 l\u1ef1a ch\u1ecdn. T\u1eeb\u00a0<strong>pizza nh\u00e2n ph\u00f4 mai<\/strong>,\u00a0<strong>h\u1ea3i s\u1ea3n<\/strong>, b\u00f2\u2026 v\u1edbi r\u1ea5t nhi\u1ec1u h\u01b0\u01a1ng v\u1ecb kh\u00e1c nhau.<\/p>\n<p>N\u1ebfu ch\u1ecdn \u0111\u01b0\u1ee3c th\u01b0\u01a1ng hi\u1ec7u uy t\u00edn v\u00e0 ch\u1ea5t l\u01b0\u1ee3ng th\u00ec nh\u1eefng chi\u1ebfc\u00a0<b>pizza \u0111\u00f4ng l\u1ea1nh<\/b>\u00a0s\u1ebd c\u00f3 m\u00f9i v\u1ecb kh\u00f4ng thua k\u00e9m g\u00ec t\u1ea1i c\u00e1c nh\u00e0 h\u00e0ng sang tr\u1ecdng c\u1ea3. V\u00e0 c\u0169ng b\u1edfi \u0111\u01b0\u1ee3c c\u1ea5p \u0111\u00f4ng nhanh, \u0111\u00fang ti\u00eau chu\u1ea9n n\u00ean \u0111\u1ed9 ngon v\u00e0 ch\u1ea5t dinh d\u01b0\u1ee1ng c\u1ee7a b\u00e1nh s\u1ebd kh\u00f4ng b\u1ecb m\u1ea5t \u0111i.<\/p>\n<h3 id=\"ftoc-2-4-gia-ca-hop-ly\" class=\"ftwp-heading\"><b><img decoding=\"async\" class=\"wp-image-29145 aligncenter\" src=\"https:\/\/havamall.com\/wp-content\/uploads\/2022\/10\/78-300x200.png\" alt=\"\" width=\"651\" height=\"434\" \/><\/b><\/h3>\n<h3 class=\"ftwp-heading\"><b>2.4. Gi\u00e1 c\u1ea3 h\u1ee3p l\u00fd<\/b><\/h3>\n<p>Ch\u1ea5t l\u01b0\u1ee3ng l\u00e0 th\u1ebf nh\u01b0ng gi\u00e1 c\u1ee7a m\u1ed7i chi\u1ebfc\u00a0<i>b\u00e1nh pizza \u0111\u00f4ng l\u1ea1nh\u00a0<\/i>l\u1ea1i ch\u1ec9 b\u1eb1ng ph\u00e2n n\u1eeda so v\u1edbi lo\u1ea1i \u0111\u01b0\u1ee3c ph\u1ee5c v\u1ee5 t\u1ea1i c\u00e1c nh\u00e0 h\u00e0ng. M\u1ee9c gi\u00e1 n\u00e0y \u0111\u01b0\u1ee3c cho l\u00e0 kh\u00e1 r\u1ebb so v\u1edbi ch\u1ea5t l\u01b0\u1ee3ng m\u00e0 ch\u00fang c\u00f3 \u0111\u01b0\u1ee3c. N\u1ebfu b\u1ea1n mu\u1ed1n \u0103n ngon v\u1edbi gi\u00e1 r\u1ebb th\u00ec \u0111\u00e2y ch\u00ednh l\u00e0 m\u1ed9t s\u1ef1 l\u1ef1a ch\u1ecdn kh\u00f4ng th\u1ec3 b\u1ecf qua.<\/p>\n<h2 id=\"ftoc-3-cach-nuong-pizza-dong-lanh-bang-lo-vi-song-tai-nha\" class=\"ftwp-heading\"><b>3. C\u00e1ch n\u01b0\u1edbng pizza \u0111\u00f4ng l\u1ea1nh:<\/b><\/h2>\n<ol>\n<li>H\u00e2m b\u1eb1ng l\u00f2 n\u01b0\u1edbng ho\u1eb7c n\u1ed3i chi\u00ean kh\u00f4ng d\u1ea7u:<\/li>\n<\/ol>\n<p>\u0110\u1ec3 pizza \u0111\u01b0\u1ee3c h\u00e2m l\u1ea1i ngon l\u00e0nh, b\u1ea1n h\u00e3y th\u1ef1c hi\u1ec7n theo c\u00e1c b\u01b0\u1edbc sau:<\/p>\n<p>L\u1ea5y b\u00e1nh ra kh\u1ecfi t\u1ee7 l\u1ea1nh v\u00e0 \u0111\u1ec3 b\u00e1nh t\u1ef1 r\u00e3 \u0111\u00f4ng v\u1edbi nhi\u1ec7t \u0111\u1ed9 th\u01b0\u1eddng. Th\u1eddi gian th\u00edch h\u1ee3p l\u00e0 kho\u1ea3ng t\u1eeb 1 &#8211; 2 ti\u1ebfng tr\u01b0\u1edbc khi h\u00e2m n\u00f3ng. Vi\u1ec7c \u0111\u1ec3 b\u00e1nh t\u1ef1 r\u00e3 \u0111\u00f4ng nh\u01b0 th\u1ebf gi\u00fap ph\u1ea7n \u0111\u00e1 \u0111\u00f4ng l\u1ea1i tr\u00ean m\u1eb7t b\u00e1nh \u0111\u01b0\u1ee3c tan h\u1ebft ra. Tr\u00e1nh tr\u01b0\u1eddng h\u1ee3p khi cho v\u00e0o l\u00f2 th\u00ec s\u1ee9c n\u00f3ng ch\u1ec9 l\u00e0m ch\u1ea3y \u0111\u01b0\u1ee3c ph\u1ea7n \u0111\u00e1 b\u00ean ngo\u00e0i b\u00e1nh nh\u01b0ng b\u00ean trong b\u1ed9t b\u00e1nh v\u1eabn c\u00f2n r\u1ea5t c\u1ee9ng v\u00e0 \u0103n kh\u00f4ng \u0111\u01b0\u1ee3c m\u1ec1m d\u1ebbo.<\/p>\n<p>Sau kho\u1ea3ng t\u1eeb 1 &#8211; 2 ti\u1ebfng \u0111\u1ec3 b\u00e1nh t\u1ef1 r\u00e3 \u0111\u00f4ng, b\u1ea1n l\u1ea5y b\u00e1nh ra kh\u1ecfi v\u1ecf h\u1ed9p v\u00e0 ph\u1ea7n nh\u1ef1a b\u1ecdc b\u00ean ngo\u00e0i b\u00e1nh.<\/p>\n<p>N\u1ebfu b\u1ea1n c\u00f3 d\u1ea7u o-liu, b\u1ea1n th\u1ef1c hi\u1ec7n ph\u1ebft \u0111\u1ec1u ph\u1ea7n d\u1ea7u o-liu n\u00e0y tr\u00ean m\u1eb7t b\u00e1nh \u0111\u1ec3 khi n\u01b0\u1edbng b\u00e1nh \u0111\u01b0\u1ee3c gi\u00f2n h\u01a1n v\u00e0 c\u00f3 m\u00f9i th\u01a1m h\u01a1n n\u1eefa. N\u1ebfu mu\u1ed1n, b\u1ea1n c\u0169ng c\u00f3 th\u1ec3 ph\u1ebft th\u00eam v\u00e0o ph\u1ea7n vi\u1ec1n b\u00e1nh v\u1eabn \u0111\u01b0\u1ee3c nh\u00e9.<\/p>\n<p>Th\u00eam n\u1eefa, \u0111\u1ec3 b\u00e1nh \u0111\u01b0\u1ee3c ngon h\u01a1n, b\u1ea1n c\u00f3 th\u1ec3 th\u00eam v\u00e0o tr\u00ean m\u1eb7t b\u00e1nh ph\u1ea7n ph\u00f4 mai v\u00e0 b\u1ed9t t\u1ecfi t\u00f9y th\u00edch \u0111\u1ec3 khi n\u01b0\u1edbng xong th\u00ec ph\u00f4 mai ch\u1ea3y ra s\u1ebd t\u1ea1o c\u1ea3m gi\u00e1c v\u00e0 v\u1ecb ngon h\u01a1n nh\u00e9.<\/p>\n<p>B\u1ea1n kh\u00f4ng n\u00ean \u0111\u1ec3 b\u00e1nh tr\u1ef1c ti\u1ebfp lu\u00f4n v\u00e0o l\u00f2 tr\u01b0\u1edbc khi l\u00f2 ho\u1ea1t \u0111\u1ed9ng nh\u00e9. B\u1ea1n n\u00ean \u0111\u1ec3 l\u00f2 ho\u1ea1t \u0111\u1ed9ng tr\u01b0\u1edbc kho\u1ea3ng 5 &#8211; 10 ph\u00fat tr\u01b0\u1edbc r\u1ed3i h\u1eb3n cho b\u00e1nh v\u00e0o l\u00f2 n\u01b0\u1edbng nha. Nhi\u1ec7t \u0111\u1ed3 n\u01b0\u1edbng ph\u00f9 h\u1ee3p cho b\u00e1nh l\u00e0 t\u1eeb 200 &#8211; 220 \u0111\u1ed9. Th\u1eddi gian n\u01b0\u1edbng b\u00e1nh trung b\u00ecnh l\u00e0 kho\u1ea3ng 15 &#8211; 25 ph\u00fat.\u00a0 Sau khi l\u00f2 \u0111\u00e3 c\u00f3 \u0111\u1ed9 n\u00f3ng nh\u1ea5t \u0111\u1ecbnh, b\u1ea1n cho ph\u1ea7n b\u00e1nh pizza \u0111\u00e3 chu\u1ea9n b\u1ecb v\u00e0o trong l\u00f2. N\u1ebfu c\u00f3 \u0111\u00e1 n\u01b0\u1edbng pizza, b\u1ea1n c\u00f3 th\u1ec3 cho v\u00e0o c\u00f9ng pizza \u0111\u1ec3 \u0111\u00e1 gi\u00fap t\u1ea1o \u0111\u1ed9 x\u1ed1p v\u00e0 m\u1ec1m nh\u1ea5t \u0111\u1ecbnh cho b\u00e1nh sau khi n\u01b0\u1edbng nha. B\u1ea1n c\u00f3 th\u1ec3 nh\u1eadn bi\u1ebft b\u00e1nh ch\u00edn hay ch\u01b0a d\u1ef1a v\u00e0o m\u00e0u ph\u00f4 mai. N\u1ebfu ph\u1ea7n ph\u00f4 mai b\u1eaft \u0111\u1ea7u xu\u1ea5t hi\u1ec7n nh\u1eefng bong b\u00f3ng n\u1ed5 tr\u00ean m\u1eb7t v\u00e0 chuy\u1ec3n v\u00e0ng l\u00e0 b\u00e1nh \u0111\u00e3 v\u1eeba ch\u00edn t\u1edbi.<\/p>\n<p>Sau khi b\u00e1nh ch\u00edn, b\u1ea1n c\u00f3 th\u1ec3 \u0111\u1ee3i th\u00eam kho\u1ea3ng 1 &#8211; 2 ph\u00fat tr\u01b0\u1edbc khi l\u1ea5y b\u00e1nh ra kh\u1ecfi l\u00f2. \u0110i\u1ec1u n\u00e0y \u0111\u1ec3 ph\u00f4 mai th\u00eam ph\u1ea7n ch\u1ea3y h\u01a1n m\u1ed9t ch\u00fat b\u1edfi nhi\u1ec7t \u0111\u1ed9 c\u00f2n trong l\u00f2 n\u01b0\u1edbng.<\/p>\n<p>\u0110\u1ee3i kho\u1ea3ng 3 &#8211; 5 ph\u00fat sau \u0111\u1ec3 c\u1eaft b\u00e1nh th\u00e0nh mi\u1ebfng v\u1eeba \u0103n. L\u00fac n\u00e0y, nhi\u1ec7t \u0111\u1ed9 b\u00e1nh gi\u1ea3m b\u1edbt \u0111i s\u1ebd kh\u00f4ng g\u00e2y ph\u1ecfng, n\u00f3ng khi \u0103n c\u0169ng nh\u01b0ng ph\u00f4 mai kh\u00f4ng qu\u00e1 ch\u1ea3y \u0111\u1ec3 d\u1ec5 d\u00e0ng c\u1eaft cho \u0111\u1eb9p.<\/p>\n<p>2. H\u00e2m b\u1eb1ng ch\u1ea3o<\/p>\n<p>B\u1eafc\u00a0<b>ch\u1ea3o<\/b>\u00a0l\u00ean b\u1ebfp, l\u00e0m n\u00f3ng\u00a0<b>ch\u1ea3o<\/b>\u00a0\u1edf l\u1eeda v\u1eeba r\u1ed3i cho b\u00e1nh\u00a0<b>pizza<\/b>\u00a0v\u00e0o, \u0111\u1ed5 kho\u1ea3ng m\u1ed9t mu\u1ed7ng canh n\u01b0\u1edbc l\u1ecdc v\u00e0o trong\u00a0<b>ch\u1ea3o<\/b>\u00a0(kh\u00f4ng \u0111\u1ed5 l\u00ean b\u00e1nh). Sau \u0111\u00f3 \u0111\u1eady n\u1eafp l\u1ea1i. \u0110un trong v\u00f2ng 3 &#8211; 5 ph\u00fat \u0111\u1ebfn khi th\u1ea5y b\u00e1nh n\u00f3ng, c\u00f3 \u0111\u1ed9 gi\u00f2n th\u00ec t\u1eaft b\u1ebfp, l\u1ea5y b\u00e1nh ra. N\u1ebfu b\u00e1nh ch\u01b0a gi\u00f2n th\u00ec b\u1ea1n c\u00f3 th\u1ec3 ti\u1ebfp t\u1ee5c m\u1edf l\u1eeda th\u00eam 1 &#8211; 2 ph\u00fat n\u1eefa.<\/p>\n<h2 id=\"ftoc-4-chon-mua-pizza-dong-lanh-o-dau-ngon-va-uy-tin\" class=\"ftwp-heading\"><b>4. Ch\u1ecdn mua pizza \u0111\u00f4ng l\u1ea1nh \u1edf \u0111\u00e2u ngon v\u00e0 uy t\u00edn?<\/b><\/h2>\n<p>Th\u01a1m ngon b\u1ed5 d\u01b0\u1ee1ng l\u00e0 v\u1eady nh\u01b0ng kh\u00f4ng ph\u1ea3i ai c\u0169ng bi\u1ebft mua pizza \u0111\u00f4ng l\u1ea1nh c\u1ee7a th\u01b0\u01a1ng hi\u1ec7u n\u00e0o. M\u1ed9t trong nh\u1eefng th\u01b0\u01a1ng hi\u1ec7u quen thu\u1ed9c v\u1edbi m\u1ecdi gia \u0111\u00ecnh Vi\u1ec7t \u0111\u00f3 l\u00e0 pizza \u0111\u00f4ng l\u1ea1nh Bottega Zelachi do Havamall ph\u00e2n ph\u1ed1i.<\/p>\n<p>S\u1ea3n ph\u1ea9m \u0111\u01b0\u1ee3c ch\u1ebf bi\u1ebfn t\u1eeb nh\u1eefng nguy\u00ean li\u1ec7u t\u1ef1 nhi\u00ean nh\u01b0 b\u1ed9t m\u00ec, ph\u00f4 mai, h\u00e0nh t\u00e2y, ng\u00f4 ng\u1ecdt, \u1edbt chu\u00f4ng, gia v\u1ecb\u2026. Ngo\u00e0i ra, s\u1ea3n ph\u1ea9m c\u00f2n \u0111\u01b0\u1ee3c ch\u1ebf bi\u1ebfn v\u00e0 b\u1ea3o qu\u1ea3n theo \u0111\u00fang quy tr\u00ecnh \u0111\u1ea1t chu\u1ea9n. Cho n\u00ean, ng\u01b0\u1eddi ti\u00eau d\u00f9ng ho\u00e0n to\u00e0n c\u00f3 th\u1ec3 y\u00ean t\u00e2m ch\u1ea5t l\u01b0\u1ee3ng m\u00e0 s\u1ea3n ph\u1ea9m mang l\u1ea1i.<\/p>\n<p><img loading=\"lazy\" decoding=\"async\" class=\"alignnone size-medium wp-image-29147 aligncenter\" src=\"https:\/\/havamall.com\/wp-content\/uploads\/2022\/10\/9789-200x300.png\" alt=\"\" width=\"200\" height=\"300\" \/><\/p>\n<p style=\"text-align: center;\">H\u01b0\u01a1ng v\u1ecb Pizza X\u00fac X\u00edch \u00dd v\u00e0 Ph\u00f4 Mai Tan Ch\u1ea3y 260g<\/p>\n<p><img loading=\"lazy\" decoding=\"async\" class=\"alignnone size-medium wp-image-29148 aligncenter\" src=\"https:\/\/havamall.com\/wp-content\/uploads\/2022\/10\/78979-200x300.png\" alt=\"\" width=\"200\" height=\"300\" \/><\/p>\n<p style=\"text-align: center;\">H\u01b0\u01a1ng v\u1ecb 4 v\u1ecb Ph\u00f4 Mai 245g<\/p>\n<p><img loading=\"lazy\" decoding=\"async\" class=\"size-medium wp-image-29149 aligncenter\" src=\"https:\/\/havamall.com\/wp-content\/uploads\/2022\/10\/56756-200x300.png\" alt=\"\" width=\"200\" height=\"300\" \/><\/p>\n<p style=\"text-align: center;\">H\u01b0\u01a1ng v\u1ecb Th\u1ecbt Heo Mu\u1ed1i v\u00e0 N\u1ea5m 275g<\/p>\n<p><img loading=\"lazy\" decoding=\"async\" class=\"size-medium wp-image-29150 aligncenter\" src=\"https:\/\/havamall.com\/wp-content\/uploads\/2022\/10\/57657-200x300.png\" alt=\"\" width=\"200\" height=\"300\" \/><\/p>\n<p style=\"text-align: center;\">H\u01b0\u01a1ng v\u1ecb Pizza Margherita 250g<\/p>\n<p>B\u1ea1n c\u00f3 th\u1ec3 mua\u00a0pizza \u0111\u00f4ng l\u1ea1nh TPHCM, H\u00e0 N\u1ed9i t\u1ea1i c\u00e1c c\u1eeda h\u00e0ng ti\u1ec7n \u00edch, si\u00eau th\u1ecb nh\u01b0\u00a0vinmart, Big C, Coopmart, Aeon\u2026 ho\u1eb7c \u0111\u1eb7t h\u00e0ng tr\u1ef1c ti\u1ebfp tr\u00ean website\u00a0<strong><a href=\"http:\/\/ww.havamall.com\">https:\/\/havamall.com<\/a><\/strong><\/p>\n<p>B\u1ea1n s\u1ebd kh\u00f4ng c\u1ea7n v\u1eadt l\u1ed9n trong b\u1ebfp hay t\u1ed1n ti\u1ec1n ra ngo\u00e0i h\u00e0ng qu\u00e1n \u0111\u1ec3 \u0111\u01b0\u1ee3c th\u01b0\u1edfng th\u1ee9c nh\u1eefng chi\u1ebfc pizza th\u01a1m ngon n\u1eefa. V\u1edbi\u00a0<b>pizza \u0111\u00f4ng l\u1ea1nh<\/b>, m\u1ecdi ng\u01b0\u1eddi \u0111\u1ec1u c\u00f3 th\u1ec3 tr\u1edf th\u00e0nh nh\u1eefng \u0111\u1ea7u b\u1ebfp h\u00e0ng \u0111\u1ea7u ch\u1ec9 v\u1edbi v\u00e0i thao t\u00e1c \u0111\u01a1n gi\u1ea3n v\u00e0 nhanh ch\u00f3ng.<\/p>\n<p>N\u1ebfu b\u1ea1n \u0111ang mu\u1ed1n kinh doanh c\u0169ng c\u00f3 th\u1ec3 \u0111\u0103ng k\u00fd \u0111\u1ec3 tr\u1edf th\u00e0nh \u0111\u1ea1i l\u00fd mua\u00a0s\u1ec9 pizza \u0111\u00f4ng l\u1ea1nh\u00a0th\u01b0\u01a1ng hi\u1ec7u Havamall v\u1edbi m\u1ed9t m\u1ee9c gi\u00e1 v\u00f4 c\u00f9ng h\u1ea5p d\u1eabn. Li\u00ean h\u1ec7 qua s\u1ed1 hotline 0946 229 642 \u0111\u1ec3 \u0111\u01b0\u1ee3c t\u01b0 v\u1ea5n v\u00e0 nh\u1eadn b\u1ea3ng gi\u00e1\u00a0pizza \u0111\u00f4ng l\u1ea1nh gi\u00e1 s\u1ec9\u00a0m\u1edbi nh\u1ea5t v\u1edbi nhi\u1ec1u \u01b0u \u0111\u00e3i b\u1ea5t ng\u1edd nh\u00e9!<\/p>","protected":false},"excerpt":{"rendered":"<p>Bottega Zelachi l\u00e0 th\u01b0\u01a1ng hi\u1ec7u \u0111\u01b0\u1ee3c nh\u00f3m kh\u00e1ch h\u00e0ng l\u00e0 c\u00e1c \u0111\u1ea7u b\u1ebfp chuy\u00ean nghi\u1ec7p \u1edf c\u00e1c nh\u00e0 h\u00e0ng\/kh\u00e1ch s\u1ea1n<\/p>","protected":false},"featured_media":29152,"comment_status":"open","ping_status":"closed","template":"","meta":[],"product_brand":[],"product_cat":[704,724,36,275],"product_tag":[],"class_list":{"0":"post-29141","1":"product","2":"type-product","3":"status-publish","4":"has-post-thumbnail","6":"product_cat-banh-dong-lanh","7":"product_cat-nhap-khau-y","8":"product_cat-thuc-pham-tieu-dung","9":"product_cat-thuc-pham-dong-lanh","11":"first","12":"outofstock","13":"sale","14":"shipping-taxable","15":"purchasable","16":"product-type-variable"},"_links":{"self":[{"href":"https:\/\/havamall.com\/en\/wp-json\/wp\/v2\/product\/29141","targetHints":{"allow":["GET"]}}],"collection":[{"href":"https:\/\/havamall.com\/en\/wp-json\/wp\/v2\/product"}],"about":[{"href":"https:\/\/havamall.com\/en\/wp-json\/wp\/v2\/types\/product"}],"replies":[{"embeddable":true,"href":"https:\/\/havamall.com\/en\/wp-json\/wp\/v2\/comments?post=29141"}],"version-history":[{"count":0,"href":"https:\/\/havamall.com\/en\/wp-json\/wp\/v2\/product\/29141\/revisions"}],"wp:featuredmedia":[{"embeddable":true,"href":"https:\/\/havamall.com\/en\/wp-json\/wp\/v2\/media\/29152"}],"wp:attachment":[{"href":"https:\/\/havamall.com\/en\/wp-json\/wp\/v2\/media?parent=29141"}],"wp:term":[{"taxonomy":"product_brand","embeddable":true,"href":"https:\/\/havamall.com\/en\/wp-json\/wp\/v2\/product_brand?post=29141"},{"taxonomy":"product_cat","embeddable":true,"href":"https:\/\/havamall.com\/en\/wp-json\/wp\/v2\/product_cat?post=29141"},{"taxonomy":"product_tag","embeddable":true,"href":"https:\/\/havamall.com\/en\/wp-json\/wp\/v2\/product_tag?post=29141"}],"curies":[{"name":"wp","href":"https:\/\/api.w.org\/{rel}","templated":true}]}}