{"id":29535,"date":"2022-11-22T15:26:12","date_gmt":"2022-11-22T08:26:12","guid":{"rendered":"https:\/\/havamall.com\/?post_type=product&#038;p=29535"},"modified":"2022-11-22T15:46:10","modified_gmt":"2022-11-22T08:46:10","slug":"dung-cu-canh-thoi-gian-luoc-trung-thong-minh-tai-su-dung-havafoodies","status":"publish","type":"product","link":"https:\/\/havamall.com\/en\/shop\/dung-cu-canh-thoi-gian-luoc-trung-thong-minh-tai-su-dung-havafoodies\/","title":{"rendered":"D\u1ee5ng C\u1ee5 Canh Th\u1eddi Gian Lu\u1ed9c Tr\u1ee9ng Th\u00f4ng Minh T\u00e1i S\u1eed D\u1ee5ng HavaFoodies"},"content":{"rendered":"<p>Tr\u01b0\u1edbc \u0111\u00e2y th\u00ec vi\u1ec7c lu\u1ed9c xem nh\u01b0 c\u00f3 th\u1ec3 ai c\u0169ng l\u00e0m \u0111\u01b0\u1ee3c, tuy nhi\u00ean \u0111\u1ec3 lu\u1ed9c tr\u1ee9ng theo \u00fd mu\u1ed1n tu\u1ef3 s\u1edf th\u00edch \u0103n tr\u1ee9ng c\u1ee7a m\u1ed7i ng\u01b0\u1eddi th\u00ec s\u1ebd r\u1ea5t kh\u00e1c. Lu\u1ed9c tr\u1ee9ng th\u00ec th\u01b0\u1eddng ch\u00fang ta hay canh ph\u00fat th\u00ec \u0111\u00e2y ch\u1ec9 l\u00e0 c\u00e1ch truy\u1ec1n th\u1ed1ng. C\u00f2n b\u00e2y gi\u1edd khi vi\u1ec7c lu\u1ed9c tr\u1ee9ng tr\u1edf n\u00ean \u0111\u01a1n gi\u1ea3n v\u00e0 ch\u00ednh x\u00e1c, tr\u1ef1c quan h\u01a1n v\u1edbi anh em khi v\u00e0o b\u1ebfp, l\u00e0m m\u00f3n tr\u1ee9ng lu\u1ed9c cho gia \u0111\u00ecnh c\u00f9ng th\u01b0\u1edfng th\u1ee9c. V\u00e0 h\u00f4m nay m\u00ecnh c\u00f3 c\u00e1i\u00a0\u0111\u1ed3ng h\u1ed3 lu\u1ed9c tr\u1ee9ng\u00a0kh\u00e1 vui v\u1ebb n\u00e0y \u0111\u1ec3 tr\u00ean tay s\u1eed d\u1ee5ng ngay xem n\u00f3 ho\u1ea1t \u0111\u1ed9ng nh\u01b0 th\u1ebf n\u00e0o nh\u00e9!<\/p>\n<p>D\u1ee5ng c\u1ee5 lu\u1ed9c tr\u1ee9ng \u0111\u1ed9c \u0111\u00e1o cho ph\u00e9p b\u1ea1n c\u00f3 th\u1ec3 lu\u1ed9c tr\u1ee9ng theo c\u00e1c m\u1ee9c \u0111\u1ed9 ch\u00edn nhi\u1ec1u, ch\u00edn v\u1eeba ho\u1eb7c l\u00f2ng \u0111\u00e0o t\u00f9y t\u00edch. \u0110\u00e2y l\u00e0 m\u1ed9t s\u1ea3n ph\u1ea9m ti\u1ec7n \u00edch cho c\u00e1c b\u00e0 n\u1ed9i tr\u1ee3 hi\u1ec7n \u0111\u1ea1i trong c\u00f4ng cu\u1ed9c n\u1ea5u n\u01b0\u1edbng.<\/p>\n<p><img fetchpriority=\"high\" decoding=\"async\" class=\"aligncenter\" src=\"https:\/\/havamall.com\/wp-content\/uploads\/2022\/11\/81Lt0d7IW0L.jpg\" alt=\"Amazon.com: Kare &amp; Kind Egg Timer 2X Pack - Color Changing Indicator - Soft, Medium and Hard Boiled Eggs - Heat Sensitive - Safe Durable Kitchen Aid - Gift and Home Use : Home &amp; Kitchen\" width=\"758\" height=\"758\" \/><\/p>\n<p>\u2013\u00a0<b>Medium<\/b>: Ngh\u0129a l\u00e0 tr\u1ee9ng ch\u00edn v\u1eeba ph\u1ea3i (th\u1eddi gian l\u00e0 10 ph\u00fat)<br \/>\n\u2013\u00a0<b>Hard<\/b>:\u00a0Tr\u1ee9ng ch\u00ednh k\u1ef9 (th\u1eddi gian l\u00e0 15 ph\u00fat)<\/p>\n<p>\u2013\u00a0<b>Soft<\/b>: Ngh\u0129a l\u00e0 tr\u1ee9ng v\u1eeba ch\u00edn t\u1edbi, l\u00f2ng \u0111\u00e0o<\/p>\n<div dir=\"auto\">C\u00e1ch s\u1eed d\u1ee5ng v\u00f4 c\u00f9ng \u0111\u01a1n gi\u1ea3n, b\u1ea1n ch\u1ec9 vi\u1ec7c b\u1ecf Tr\u1ee9ng h\u1eb9n gi\u1edd v\u00e0o c\u00f9ng n\u1ed3i, c\u00f9ng l\u00fac v\u1edbi tr\u1ee9ng c\u1ee7a b\u1ea1n. M\u00e0u v\u00e0ng c\u1ee7a Tr\u1ee9ng h\u1eb9n gi\u1edd s\u1ebd d\u1ea7n d\u1ea7n thu nh\u1ecf theo th\u1eddi gian s\u00f4i v\u00e0 nhi\u1ec7t \u0111\u1ed9 m\u00e0 b\u1ea1n n\u1ea5u. B\u1ea1n s\u1ebd th\u1ea5y c\u00f3 3 v\u1ea1ch ch\u1ec9 3 m\u1ee9c \u0111\u1ed9 ch\u00edn c\u1ee7a tr\u1ee9ng, khi m\u00e0u \u0111\u1ecf thu nh\u1ecf t\u1edbi v\u1ea1ch n\u00e0o c\u00f3 ngh\u0129a l\u00e0 tr\u1ee9ng \u0111\u00e3 ch\u00edn \u1edf m\u1ee9c \u0111\u1ed9 \u0111\u00f3.<\/div>\n<div dir=\"auto\"><\/div>\n<div dir=\"auto\"><img decoding=\"async\" class=\"aligncenter\" src=\"https:\/\/havamall.com\/wp-content\/uploads\/2022\/11\/egg-timer-feature_gbtsjq.jpg\" alt=\"How it works: Kitchen Craft Colour Changing Egg Timer - Yuppiechef Magazine\" width=\"828\" height=\"552\" \/><\/div>\n<div dir=\"auto\"><\/div>\n<div dir=\"auto\"><img decoding=\"async\" class=\"aligncenter\" src=\"https:\/\/havamall.com\/wp-content\/uploads\/2022\/11\/Eco-Friendly-Egg-Timer-Color-Changing-Timer-for-Kitchen-Tools-Gadgets-Egg-Cooker-Helper-Yummy-Soft.jpg_Q90.jpg_.webp\" alt=\"Eco Friendly Egg Timer Color Changing Timer for Kitchen Tools Gadgets Egg Cooker Helper Yummy Soft Hard Boiled Eggs Cooking|Kitchen Timers| - AliExpress\" width=\"845\" height=\"845\" \/><\/div>\n<div dir=\"auto\">\n<div dir=\"auto\">S\u1ea3n ph\u1ea9m v\u1edbi th\u00e0nh ph\u1ea7n nh\u1ef1a c\u00e2y an to\u00e0n, ki\u1ec3m \u0111\u1ecbnh theo ti\u00eau chu\u1ea9n Nh\u1eadt B\u1ea3n. H\u1eb9n gi\u1edd lu\u1ed9c tr\u1ee9ng an to\u00e0n trong n\u1ea5u n\u01b0\u1edbng v\u00e0 s\u1ee9c kh\u1ecfe c\u1ee7a ng\u01b0\u1eddi s\u1eed d\u1ee5ng. C\u00f3 th\u1ec3 t\u00e1i s\u1eed d\u1ee5ng nhi\u1ec1u l\u1ea7n.<\/div>\n<div dir=\"auto\">Xu\u1ea5t x\u1ee9: Nh\u1eadt B\u1ea3n<\/div>\n<div dir=\"auto\"><\/div>\n<div dir=\"auto\" style=\"text-align: center;\"><\/div>\n<\/div>\n<div dir=\"auto\" style=\"text-align: center;\">\n<div style=\"width: 576px;\" class=\"wp-video\"><!--[if lt IE 9]><script>document.createElement('video');<\/script><![endif]-->\n<video class=\"wp-video-shortcode\" id=\"video-29535-1\" width=\"576\" height=\"1024\" preload=\"metadata\" controls=\"controls\"><source type=\"video\/mp4\" src=\"https:\/\/havamall.com\/wp-content\/uploads\/2022\/11\/download.mp4?_=1\" \/><a href=\"https:\/\/havamall.com\/wp-content\/uploads\/2022\/11\/download.mp4\">https:\/\/havamall.com\/wp-content\/uploads\/2022\/11\/download.mp4<\/a><\/video><\/div>\n<\/div>\n<div dir=\"auto\" style=\"text-align: center;\"><\/div>\n","protected":false},"excerpt":{"rendered":"<p>Tr\u01b0\u1edbc \u0111\u00e2y th\u00ec vi\u1ec7c lu\u1ed9c xem nh\u01b0 c\u00f3 th\u1ec3 ai c\u0169ng l\u00e0m \u0111\u01b0\u1ee3c, tuy nhi\u00ean \u0111\u1ec3 lu\u1ed9c tr\u1ee9ng theo \u00fd<\/p>","protected":false},"featured_media":29537,"comment_status":"open","ping_status":"closed","template":"","meta":[],"product_brand":[],"product_cat":[393,35],"product_tag":[],"class_list":{"0":"post-29535","1":"product","2":"type-product","3":"status-publish","4":"has-post-thumbnail","6":"product_cat-bep-phong-an","7":"product_cat-nha-cua-doi-song","8":"pa_brand-skx","10":"first","11":"instock","12":"sale","13":"shipping-taxable","14":"purchasable","15":"product-type-simple"},"_links":{"self":[{"href":"https:\/\/havamall.com\/en\/wp-json\/wp\/v2\/product\/29535","targetHints":{"allow":["GET"]}}],"collection":[{"href":"https:\/\/havamall.com\/en\/wp-json\/wp\/v2\/product"}],"about":[{"href":"https:\/\/havamall.com\/en\/wp-json\/wp\/v2\/types\/product"}],"replies":[{"embeddable":true,"href":"https:\/\/havamall.com\/en\/wp-json\/wp\/v2\/comments?post=29535"}],"version-history":[{"count":0,"href":"https:\/\/havamall.com\/en\/wp-json\/wp\/v2\/product\/29535\/revisions"}],"wp:featuredmedia":[{"embeddable":true,"href":"https:\/\/havamall.com\/en\/wp-json\/wp\/v2\/media\/29537"}],"wp:attachment":[{"href":"https:\/\/havamall.com\/en\/wp-json\/wp\/v2\/media?parent=29535"}],"wp:term":[{"taxonomy":"product_brand","embeddable":true,"href":"https:\/\/havamall.com\/en\/wp-json\/wp\/v2\/product_brand?post=29535"},{"taxonomy":"product_cat","embeddable":true,"href":"https:\/\/havamall.com\/en\/wp-json\/wp\/v2\/product_cat?post=29535"},{"taxonomy":"product_tag","embeddable":true,"href":"https:\/\/havamall.com\/en\/wp-json\/wp\/v2\/product_tag?post=29535"}],"curies":[{"name":"wp","href":"https:\/\/api.w.org\/{rel}","templated":true}]}}