{"id":29560,"date":"2022-11-23T12:02:11","date_gmt":"2022-11-23T05:02:11","guid":{"rendered":"https:\/\/havamall.com\/?post_type=product&#038;p=29560"},"modified":"2026-03-24T14:38:17","modified_gmt":"2026-03-24T07:38:17","slug":"ruou-ap-xanh-uop-thit-xuc-xich-chai-chiet-co-ong-bop-48ml-absinthe","status":"publish","type":"product","link":"https:\/\/havamall.com\/en\/shop\/ruou-ap-xanh-uop-thit-xuc-xich-chai-chiet-co-ong-bop-48ml-absinthe\/","title":{"rendered":"R\u01b0\u1ee3u \u00c1p Xanh \u01af\u1edbp Th\u1ecbt X\u00fac X\u00edch H\u1ed9p 12 \u1ed0ng &#8211; Absinthe"},"content":{"rendered":"<p><em>R\u01b0\u1ee3u Absinthe, r\u01b0\u1ee3u \u00e1p sanh, r\u01b0\u1ee3u \u00e1p xanh, hay c\u00f2n g\u1ecdi l\u00e0 r\u01b0\u1ee3u \u00e1p x\u0103ng l\u00e0 m\u1ed9t lo\u1ea1i r\u01b0\u1ee3u kh\u00e1 n\u1ed5i ti\u1ebfng,\u00a0<\/em><em>\u0111\u01b0\u1ee3c d\u00f9ng \u01b0\u1edbp th\u1ecbt trong qu\u00e1 tr\u00ecnh ch\u1ebf bi\u1ebfn l\u1ea1p x\u01b0\u1ee1ng, v\u1ecbt l\u1ea1p, Jambon hay trong c\u00e1c lo\u1ea1i th\u1ecbt l\u1ea1p v\u00ec r\u01b0\u1ee3u \u00e1p sanh v\u1eeba c\u00f3 t\u00e1c d\u1ee5ng t\u1ea1o m\u00f9i v\u1ecb ri\u00eang bi\u1ec7t cho m\u00f3n th\u1ecbt l\u1ea1p, r\u01b0\u1ee3u c\u00f2n c\u00f3 t\u00e1c d\u1ee5ng b\u1ea3o qu\u1ea3n th\u1ecbt kh\u00f4ng b\u1ecb h\u01b0. Th\u00e0nh ph\u1ea7n ch\u00ednh l\u00e0 hoa h\u1ed3i n\u00ean gi\u00fap r\u01b0\u1ee3u c\u00f3 v\u1ecb \u0111\u1eb7c tr\u01b0ng ri\u00eang kh\u00f4ng l\u1eabn v\u1edbi c\u00e1c lo\u1ea1i kh\u00e1c.<br \/>\n<\/em><\/p>\n<p><img fetchpriority=\"high\" decoding=\"async\" class=\"aligncenter\" src=\"https:\/\/havamall.com\/wp-content\/uploads\/2025\/05\/star_49e849fa-b70d-4db6-a8f5-42ea9f2af056.jpg\" alt=\"Star Anise Pods 80g \u2013 EL THE COOK \u00ae\" width=\"577\" height=\"577\" \/><br \/>\nTrong c\u00e1c ng\u00e0y \u0111\u1eb7c bi\u1ec7t l\u00e0 trong m\u1ed7i d\u1ecbp T\u1ebft \u0111\u1ebfn xu\u00e2n v\u1ec1, ng\u00e0y m\u00e0 con c\u00e1i trong gia \u0111\u00ecnh \u0111o\u00e0n t\u1ee5. Nh\u01b0ng c\u00f3 m\u1ed9t m\u00f3n \u0103n kh\u00f4ng th\u1ec3 thi\u1ebfu \u0111\u00f3 l\u00e0 l\u1ea1p x\u01b0\u1edfng v\u1eeba th\u01a1m ngon, l\u1ea1i r\u1ea5t an to\u00e0n cho s\u1ee9c kh\u1ecfe m\u1ecdi th\u00e0nh vi\u00ean trong gia \u0111\u00ecnh. L\u1ea1p x\u01b0\u1edfng \u0103n k\u00e8m v\u1edbi d\u01b0a chua, c\u1ee7 ki\u1ec7u trong ng\u00e0y t\u1ebft, trong b\u1eefa c\u01a1m gia \u0111\u00ecnh \u0103n v\u1edbi c\u01a1m tr\u1eafng, c\u01a1m chi\u00ean.<\/p>\n<p>L\u00e0 m\u1ed9t m\u00f3n \u0103n c\u00f3 ngu\u1ed3n g\u1ed1c t\u1eeb Trung Hoa nh\u01b0ng l\u1ea1p x\u01b0\u1edfng \u0111\u00e3 r\u1ea5t ph\u1ed5 bi\u1ebfn trong v\u0103n h\u00f3a \u1ea9m th\u1ef1c c\u1ee7a ng\u01b0\u1eddi Vi\u1ec7t Nam ch\u00fang ta. Th\u1ef1c s\u1ef1 \u0111\u1ec3 c\u00f3 m\u1ed9t m\u00f3n l\u1ea1p x\u01b0\u1edfng ngon c\u00e1c b\u1ea1n c\u00f3 th\u1ec3 t\u1ef1 tay l\u00e0m cho gia \u0111\u00ecnh m\u00ecnh. H\u00e3y c\u00f9ng Havamall t\u00ecm hi\u1ec3u c\u00e1c b\u1ea1n nh\u00e9.<\/p>\n<p><strong data-spm-anchor-id=\"a2o4n.pdp_revamp.product_detail.i0.27374cb7HHWemM\">\u1ea4p xanh l\u00e0 m\u1ed9t nguy\u00ean li\u1ec7u kh\u00f4ng th\u1ec3 thi\u1ebfu khi l\u00e0m l\u1ea1p x\u01b0\u1edfng, kh\u00f4ng nh\u1eefng t\u1ea1o m\u00f9i v\u1ecb \u0111\u1eb7c tr\u01b0ng m\u00e0 c\u00f2n gi\u00fap b\u1ea3o qu\u1ea3n l\u1ea1p x\u01b0\u1edfng t\u1ef1 nhi\u00ean l\u00e2u h\u01a1n.<\/strong><\/p>\n<p><img decoding=\"async\" class=\"aligncenter\" src=\"https:\/\/havamall.com\/wp-content\/uploads\/2025\/05\/lapxuonmientay-12-1553590474280.jpg\" alt=\"Ch\u00e1n l\u1ea1p x\u01b0\u1edfng ngo\u00e0i b\u1eafc, ch\u1ecb em l\u00f9ng mua l\u1ea1p x\u01b0\u1edfng \u01b0\u1edbp r\u01b0\u1ee3u \u00e1p xanh | B\u00e1o D\u00e2n tr\u00ed\" width=\"631\" height=\"331\" \/><\/p>\n<p>R\u01b0\u1ee3u \u00c1p Xanh c\u00f3 t\u1eeb bao gi\u1edd? Nh\u1eefng ng\u01b0\u1eddi l\u00e0m ngh\u1ec1 n\u1ea5u r\u01b0\u1ee3u \u00c1p Xanh kh\u00f4ng bi\u1ebft ch\u00ednh x\u00e1c th\u1eddi gian xu\u1ea5t hi\u1ec7n c\u1ee7a lo\u1ea1i r\u01b0\u1ee3u n\u00e0y. Ch\u1ec9 bi\u1ebft r\u1eb1ng, \u0111\u1ec3 pha ch\u1ebf \u0111\u01b0\u1ee3c l\u1ecd r\u01b0\u1ee3u \u00c1p Xanh ngon, tr\u01b0\u1edbc ti\u00ean ng\u01b0\u1eddi ta ph\u1ea3i d\u00f9ng lo\u1ea1i n\u1ebfp ngon nh\u1ea5t c\u1ee7a \u0111\u1ecba ph\u01b0\u01a1ng n\u1ea5u r\u01b0\u1ee3u. Ph\u1ea3i l\u00e0 lo\u1ea1i g\u1ea1o n\u1ebfp l\u00faa m\u1edbi, v\u1eeba th\u01a1m l\u1ea1i d\u1ebbo. G\u1ea1o n\u1ebfp \u0111\u01b0\u1ee3c n\u1ea5u theo ki\u1ec3u n\u1ea5u x\u00f4i sao cho h\u1ea1t n\u1ebfp ch\u00edn \u0111\u1ec1u m\u00e0 kh\u00f4ng b\u1ecb ch\u00e1y. X\u00f4i \u0111\u01b0\u1ee3c r\u1ee1 ra khi ch\u00edn v\u00e0 \u0111\u01b0\u1ee3c tr\u1ea3i m\u1ecfng th\u1eadt \u0111\u1ec1u tr\u00ean t\u1ea5m b\u1ea1t. Khi x\u00f4i th\u1eadt ngu\u1ed9i r\u1ed3i m\u1edbi b\u1eaft \u0111\u1ea7u r\u1eafc men r\u01b0\u1ee3u l\u00ean v\u00e0 \u0111\u01b0\u1ee3c \u1ee7 v\u1edbi nhi\u1ec7t \u0111\u1ed9i \u1ed5n \u0111\u1ecbnh. M\u00f9a h\u00e8 \u0111\u1ec3 ch\u1ed7 tho\u00e1ng m\u00e1t, c\u00f2n m\u00f9a \u0111\u00f4ng ph\u1ea3i \u1ee7 th\u00eam \u0111\u1ec3 \u0111\u1ea3m b\u1ea3o nhi\u1ec7t \u0111\u1ed9 \u0111\u1ee7 \u0111\u1ec3 l\u00ean men r\u01b0\u1ee3u. Men r\u01b0\u1ee3u sau khi \u1ee7 ph\u1ea3i c\u00f3 h\u01b0\u01a1ng th\u01a1m c\u1ee7a r\u01b0\u1ee3u v\u00e0 g\u1ea1o n\u1ebfp quy\u1ec7n v\u00e0o nhau g\u1ea7n gi\u1ed1ng m\u00f9i m\u1eadt v\u1eady m\u1edbi coi l\u00e0 \u0111\u1ea1t ti\u00eau chu\u1ea9n.<\/p>\n<p>T\u00e1c d\u1ee5ng c\u1ee7a r\u01b0\u1ee3u \u00c1p Xanh th\u00ec kh\u00f4ng ph\u1ea3i b\u00e0n c\u00e3i, \u0111\u00e3 c\u00f3 ti\u1ebfng t\u1eeb xa x\u01b0a. N\u00ean n\u1ebfu theo gi\u1edd gi\u1ea5c, li\u1ec1u l\u01b0\u1ee3ng nh\u1ea5t \u0111\u1ecbnh th\u00ec r\u01b0\u1ee3u \u00c1p Xanh kh\u00f4ng nh\u1eefng l\u00e0 \u0111\u1eb7c s\u1ea3n m\u00e0 c\u00f2n l\u00e0 h\u01b0\u01a1ng v\u1ecb th\u00e2n thu\u1ed9c, n\u00edu gi\u1eef ch\u00e2n ng\u01b0\u1eddi s\u1eed d\u1ee5ng.<\/p>\n<p><img decoding=\"async\" class=\"aligncenter\" src=\"https:\/\/havamall.com\/wp-content\/uploads\/2022\/11\/lap-xuong-tuoi-o-dau-ngon.jpg\" alt=\"H\u1ecfi \u0110\u00e1p] B\u1ea1n C\u00f3 Bi\u1ebft L\u1ea1p X\u01b0\u1edfng T\u01b0\u01a1i \u1ede \u0110\u00e2u Ngon Nh\u1ea5t? - Ch\u1ecdn h\u00e0ng chu\u1ea9n\" width=\"675\" height=\"397\" \/><\/p>\n<p><strong>C\u00e1ch l\u00e0m L\u1ea1p X\u01b0\u1edfng T\u1eeb R\u01b0\u1ee3u \u00c1p Xanh<\/strong><\/p>\n<p><em><strong>Nguy\u00ean li\u1ec7u<\/strong><\/em><\/p>\n<ul>\n<li>1 kg th\u1ecbt n\u1ea1c. N\u00ean l\u1ef1a ch\u1ecdn th\u1ecbt n\u1ea1c vai ho\u1eb7c n\u1ea1c m\u00f4ng \u0111\u1ec3 l\u00e0m l\u1ea1p x\u01b0\u1edfng kh\u00f4ng b\u1ecb hao, l\u1ef1a ch\u1ecdn c\u00e1c mi\u1ebfng th\u1ecbt c\u00f3 m\u00e0u \u0111\u1ecf h\u1ed3ng, c\u00f2n t\u01b0\u01a1i, kh\u00f4ng c\u00f3 m\u00f9i l\u1ea1. Kh\u00f4ng n\u00ean ch\u1ecdn mi\u1ebfng n\u1ea1c c\u00f3 g\u00e2n. L\u1ef1a ch\u1ecdn th\u1ecbt m\u1edbi m\u1ed5 v\u00e0 l\u00e0m lu\u00f4n l\u00e0 t\u1ed1t nh\u1ea5t.<\/li>\n<li>200g m\u1ee1. N\u00ean l\u1ef1a ch\u1ecdn mi\u1ebfng m\u1ee1 c\u00f3 m\u00e0u tr\u1eafng, kh\u00f4ng c\u00f3 c\u1ee5c t\u1eadt v\u00e0 c\u1ee9ng, s\u1eed d\u1ee5ng m\u1ee1 g\u00e1y heo l\u00e0 ngon nh\u1ea5t.<\/li>\n<li>3 c\u1ee7 h\u00e0nh t\u00edm, 3 c\u1ee7 t\u1ecfi<\/li>\n<li>6ml \u00e1p xanh <strong>HavaFoodies<\/strong> \u0111\u1ec3 t\u1ea1o v\u1ecb ri\u00eang bi\u1ec7t cho m\u00f3n l\u1ea1p x\u01b0\u1edfng v\u00e0 gi\u00fap b\u1ea3o qu\u1ea3n, tr\u00e1nh b\u1ecb \u00f4i thiu<\/li>\n<li>2 m\u00e9t ru\u1ed9t gi\u00e0<\/li>\n<li>450ml r\u01b0\u1ee3u tr\u1eafng<\/li>\n<li>1,5 mu\u1ed7ng canh r\u01b0\u1ee3u mai qu\u1ebf l\u1ed9 <strong>HavaFoodies<\/strong><\/li>\n<li>Gia v\u1ecb: N\u1eeda mu\u1ed7ng canh m\u00ec ch\u00ednh, n\u1eeda mu\u1ed7ng canh mu\u1ed1i, 1 mu\u1ed7ng canh ti\u00eau \u0111en \u0111\u1ec3 nguy\u00ean h\u1ea1t, 150g \u0111\u01b0\u1eddng<\/li>\n<\/ul>\n<p><em><strong>C\u00e1ch l\u00e0m l\u1ea1p x\u01b0\u1edfng<\/strong><\/em><\/p>\n<p>B\u01b0\u1edbc 1: S\u01a1 ch\u1ebf nguy\u00ean li\u1ec7u<\/p>\n<ul>\n<li>H\u00e0nh t\u00edm b\u00f3c v\u1ecf, r\u1eeda s\u1ea1ch, th\u00e1i l\u00e1t; t\u1ecfi b\u00f3c v\u1ecf, r\u1eeda s\u1ea1ch b\u0103m nhuy\u1ec5n<\/li>\n<li>B\u1eafc ch\u1ea3o b\u1eadt b\u1ebfp, cho 1 mu\u1ed7ng canh d\u1ea7u \u0103n v\u00e0o, v\u1eb7n l\u1eeda nh\u1ecf, \u0111\u1ee3i d\u1ea7u n\u00f3ng cho h\u00e0nh v\u00e0o phi th\u01a1m, \u0111\u1ee3i h\u00e0nh h\u01a1i v\u00e0ng cho t\u1ecfi v\u00e0o. \u0110\u1ea3o \u0111\u1ec1u \u0111\u1ebfn khi h\u00e0nh t\u1ecfi v\u00e0ng th\u01a1m th\u00ec t\u1eaft b\u1ebfp<\/li>\n<li>Rang ch\u00edn ti\u00eau h\u1ea1t cho \u0111\u1ebfn khi ti\u00eau c\u00f3 m\u00f9i th\u01a1m \u0111\u1eb7c tr\u01b0ng l\u00e0 \u0111\u01b0\u1ee3c<\/li>\n<li>Th\u1ecbt n\u1ea1c th\u00e1i mi\u1ebfng nh\u1ecf, cho v\u00e0o m\u00e1y xay th\u1ecbt \u0111\u1ec3 xay nhuy\u1ec5n<\/li>\n<li>M\u1ee1 th\u00e1i h\u1ea1t l\u1ef1u<\/li>\n<li>D\u00f9ng r\u01b0\u1ee3u tr\u1eafng \u0111\u00e3 chu\u1ea9n b\u1ecb cho v\u00e0o ru\u1ed9t gi\u00e0 v\u00e0 b\u00f3p k\u0129 \u0111\u1ec3 kh\u1eed m\u00f9i h\u00f4i v\u00e0 l\u00e0m s\u1ea1ch nh\u1edbt. R\u1eeda l\u1ea1i b\u1eb1ng n\u01b0\u1edbc s\u1ea1ch r\u1ed3i d\u00f9ng g\u00e1y dao c\u1ea1o h\u1ebft l\u1edbp b\u1ed9t tr\u00ean ru\u1ed9t. Ti\u1ebfp t\u1ee5c d\u00f9ng mu\u1ed1i b\u00f3p k\u0129 l\u00f2ng v\u00e0 r\u1eeda l\u1ea1i b\u1eb1ng n\u01b0\u1edbc s\u1ea1ch<\/li>\n<\/ul>\n<p>B\u01b0\u1edbc 2: \u01af\u1edbp th\u1ecbt<\/p>\n<p>\u2013 \u0110\u1ed5 th\u1ecbt v\u00e0o 1 c\u00e1i n\u1ed3i ho\u1eb7c 1 ch\u1eadu nh\u1ef1a con, \u0111\u1ed5 v\u00e0o 100g \u0111\u01b0\u1eddng, 1 mu\u1ed7ng canh mu\u1ed1i, 1 mu\u1ed7ng canh m\u00ec ch\u00ednh, ti\u00eau h\u1ea1t \u0111\u00e3 rang ch\u00edn, h\u1ed7n h\u1ee3p h\u00e0nh t\u1ecfi phi th\u01a1m, r\u01b0\u1ee3u \u00e1p xanh \u0111\u00e3 chu\u1ea9n b\u1ecb, r\u01b0\u1ee3u mai qu\u1ebf l\u1ed9 r\u1ed3i tr\u1ed9n \u0111\u1ec1u t\u1ea5t c\u1ea3 l\u00ean. C\u00f3 th\u1ec3 s\u1eed d\u1ee5ng bao tay nilon b\u00f3p \u0111\u1ec1u \u0111\u1ec3 gia v\u1ecb ng\u1ea5m v\u00e0o th\u1ecbt nhanh h\u01a1n.<\/p>\n<div id=\"attachment_11542\" class=\"wp-caption aligncenter\">\n<p class=\"wp-caption-text\"><em>Chu\u1ea9n b\u1ecb tr\u1ed9n nguy\u00ean li\u1ec7u<\/em><\/p>\n<\/div>\n<p>\u2013 \u01af\u1edbp m\u1ee1 \u0111\u00e3 th\u00e1i h\u1ea1t l\u1ef1u v\u1edbi 50g \u0111\u01b0\u1eddng trong 15 ph\u00fat v\u00e0 \u0111em \u0111i ph\u01a1i n\u1eafng tr\u01b0\u1edbc 1 ng\u00e0y \u0111\u1ec3 m\u1ee1 tr\u1edf n\u00ean trong h\u01a1n, gi\u00f2n h\u01a1n.<\/p>\n<p>\u2013 Tr\u1ed9n m\u1ee1 \u0111\u00e3 ph\u01a1i n\u1eafng v\u1edbi th\u1ecbt th\u1eadt \u0111\u1ec1u v\u00e0 \u01b0\u1edbp ti\u1ebfp trong 30 ph\u00fat. Sau 15 ph\u00fat \u0111\u1ea3o l\u1ea1i 1 l\u1ea7n cho ng\u1ea5m \u0111\u1ec1u gia v\u1ecb<\/p>\n<p>B\u01b0\u1edbc 3: Nh\u1ed3i th\u1ecbt<\/p>\n<p>\u2013 C\u1eaft ph\u1ea7n \u0111\u1ea7u c\u1ee7a 1 chi\u1ebfc v\u1ecf chai \u0111\u1ef1ng n\u01b0\u1edbc l\u00e0m ph\u1ec5u r\u1ed3i nh\u00e9t 1 \u0111\u1ea7u ru\u1ed9t bao ngo\u00e0i n\u00fat c\u1ed5 chai, d\u00f9ng d\u00e2y thun bu\u1ed9c l\u1ea1i cho ch\u1eafc, tr\u00e1nh l\u00e0m ru\u1ed9t tu\u1ed9t ra ngo\u00e0i khi \u0111ang nh\u1ed3i th\u1ecbt. D\u00f9ng ch\u1ec9 bu\u1ed9c th\u1eaft n\u00fat \u0111\u1ea7u ru\u1ed9t c\u00f2n l\u1ea1i.<\/p>\n<p>\u2013 Nh\u1ed3i th\u1ecbt v\u00e0o c\u1ed5 ph\u1ec5u v\u00e0 d\u00f9ng \u0111\u0169a ch\u1ecdc \u0111\u1ec3 th\u1ecbt chui xu\u1ed1ng ru\u1ed9t nhanh h\u01a1n. Sau khi ch\u1ecdc h\u1ebft 1 ph\u1ec5u th\u1ecbt, d\u00f9ng tay b\u00f3p \u0111\u1ec3 th\u1ecbt tr\u00f4i xu\u1ed1ng d\u01b0\u1edbi ph\u1ea7n \u0111u\u00f4i. L\u01b0u \u00fd kh\u00f4ng n\u00ean n\u00e8n th\u1ecbt ch\u1eb7t qu\u00e1, tr\u00e1nh b\u1ecb v\u1ee1 ru\u1ed9t v\u00e0 ph\u00f2i nh\u00e2n ra ngo\u00e0i \u1edf c\u00e1c c\u00f4ng \u0111o\u1ea1n sau.<\/p>\n<div id=\"attachment_11543\" class=\"wp-caption aligncenter\">\n<p class=\"wp-caption-text\"><em>Thao t\u00e1c nh\u1ed3i th\u1ecbt<\/em><\/p>\n<\/div>\n<p>\u2013 Th\u1ef1c hi\u1ec7n nh\u1ed3i th\u1ecbt \u0111\u1ebfn khi l\u01b0\u1ee3ng th\u1ecbt h\u1ebft, th\u00e1o chun v\u00e0 bu\u1ed9c ch\u1eb7t \u0111\u1ea7u c\u00f2n l\u1ea1i.<\/p>\n<p>\u2013 S\u1eed d\u1ee5ng d\u00e2y bu\u1ed9c ru\u1ed9t heo \u0111\u00e3 nh\u1ed3i nh\u1ecbt th\u00e0nh nh\u1eefng \u0111o\u1ea1n ng\u1eafn kho\u1ea3ng 15 -20 cm.<\/p>\n<p>B\u01b0\u1edbc 4: Ph\u01a1i l\u1ea1p x\u01b0\u1edfng<\/p>\n<p>\u2013 Cho l\u1ea1p x\u01b0\u1edfng v\u00e0o ch\u1eadu v\u00e0 r\u1eeda ph\u00eda b\u00ean ngo\u00e0i b\u1eb1ng 250ml r\u01b0\u1ee3u c\u00f2n l\u1ea1i gi\u00fap l\u1ea1i x\u01b0\u1edfng c\u00f3 m\u00e0u \u0111\u1ecf \u0111\u1eb9p m\u1eaft sau khi ph\u01a1i n\u1eafng.<\/p>\n<p>\u2013 V\u1edbt l\u1ea1p x\u01b0\u1edfng ra r\u1ed5, d\u00f9ng t\u0103m nh\u1ecdn ch\u1ecdc v\u00e0i l\u1ed7 nh\u1ecf l\u00ean c\u00e1c kh\u00fac c\u1ee7a l\u1ea1p x\u01b0\u1edfng gi\u00fap kh\u00ed v\u00e0 n\u01b0\u1edbc d\u1ecbch ch\u1ea3y ra ngo\u00e0i khi ph\u01a1i n\u1eafng, tr\u00e1nh l\u00e0m n\u1ee9t v\u1ecf.<\/p>\n<p>\u2013 \u0110em l\u1ea1p x\u01b0\u1edfng ra ph\u01a1i \u1edf n\u01a1i c\u00f3 n\u1eafng g\u1eaft t\u1eeb 3 -4 ng\u00e0y r\u1ed3i \u0111em v\u00e0o ng\u0103n \u0111\u00e1 t\u1ee7 l\u1ea1nh s\u1ebd b\u1ea3o qu\u1ea3n trong kho\u1ea3ng 6 th\u00e1ng v\u00e0 ng\u0103n m\u00e1t t\u1ee7 l\u1ea1nh trong kho\u1ea3ng 2 th\u00e1ng.<\/p>\n<p>\u2013 Trong nh\u1eefng ng\u00e0y n\u00e0y t\u1ea1i mi\u1ec1n B\u1eafc \u0111ang v\u00e0o m\u00f9a \u0111\u00f4ng, n\u1eafng kh\u00f4ng nhi\u1ec1u v\u00e0 kh\u00f4ng gay g\u1eaft, b\u1ea1n c\u00f3 th\u1ec3 \u0111\u1ec3 l\u1ea1p x\u01b0\u1edfng v\u00e0o t\u1ee7 s\u1ea5y v\u00e0 \u0111\u1ec3 \u1edf nhi\u1ec7t \u0111\u1ed9 90 -100 \u0111\u1ed9 trong kho\u1ea3ng 2 ti\u1ebfng \u0111\u1ed3ng h\u1ed3.<\/p>\n<h3><span id=\"Cach_lam_lap_xuong_ca_tom_hoac_bo\">C\u00e1ch l\u00e0m l\u1ea1p x\u01b0\u1edfng c\u00e1, t\u00f4m ho\u1eb7c b\u00f2:<\/span><\/h3>\n<p>Ngo\u00e0i c\u00e1ch l\u00e0m l\u1ea1p x\u01b0\u1edfng heo, b\u1ea1n c\u00f3 th\u1ec3 th\u1eed s\u1ee9c l\u00e0m c\u00e1c lo\u1ea1i l\u1ea1p x\u01b0\u1edfng kh\u00e1c nh\u01b0 c\u00e1, t\u00f4m ho\u1eb7c b\u00f2 v\u1edbi nguy\u00ean li\u1ec7u\u00a0c\u00e1ch l\u00e0m l\u1ea1p x\u01b0\u1edfng c\u1ef1c \u0111\u01a1n gi\u1ea3n t\u01b0\u01a1ng t\u1ef1 nh\u01b0 tr\u00ean. Tuy nhi\u00ean, thay v\u00ec d\u00f9ng th\u1ecbt heo, b\u1ea1n c\u1ea7n thay \u0111\u1ed5i th\u00e0nh c\u00e1, t\u00f4m ho\u1eb7c b\u00f2 v\u1edbi t\u1ef7 l\u1ec7:<\/p>\n<ul>\n<li>L\u1ea1p x\u01b0\u1edfng c\u00e1:\u00a08 n\u1ea1c c\u00e1 \u2013 2 m\u1ee1 heo.<\/li>\n<li>L\u1ea1p x\u01b0\u1edfng t\u00f4m: 4 th\u1ecbt n\u1ea1c heo \u2013 \u00a04 t\u00f4m n\u00f5n \u2013 2 m\u1ee1.<\/li>\n<li>V\u1edbi l\u1ea1p x\u01b0\u1edfng b\u00f2, b\u1ea1n n\u00ean ch\u1ecdn lo\u1ea1i th\u1ecbt b\u00f2 nhi\u1ec1u m\u1ee1 \u0111\u1ec3 thay cho m\u1ee1 heo.<\/li>\n<\/ul>\n<h3><span id=\"Nguyen_nhan_khien_lap_xuong_bi_chua\">Nguy\u00ean nh\u00e2n khi\u1ebfn l\u1ea1p x\u01b0\u1edfng b\u1ecb chua:<\/span><\/h3>\n<p>Nguy\u00ean nh\u00e2n khi\u1ebfn l\u1ea1p x\u01b0\u1edfng b\u1ecb chua l\u00e0 do nguy\u00ean li\u1ec7u (th\u1ecbt, m\u1ee1, r\u01b0\u1ee3u mai qu\u1ebf l\u1ed9,\u2026) kh\u00f4ng ch\u1ea5t l\u01b0\u1ee3ng. V\u00ec th\u1ebf, b\u1ea1n n\u00ean ch\u1ecdn nh\u1eefng \u0111\u1ecba ch\u1ec9 uy t\u00edn khi ch\u1ecdn mua nguy\u00ean li\u1ec7u l\u00e0m l\u1ea1p x\u01b0\u1edfng t\u01b0\u01a1i. Kh\u00f4ng nh\u1eefng th\u1ebf, b\u1ea1n c\u0169ng c\u1ea7n s\u01a1 ch\u1ebf k\u1ef9 c\u00e1c nguy\u00ean li\u1ec7u khi mua v\u1ec1 \u0111\u1ec3 b\u1ea3o v\u1ec7 s\u1ee9c kh\u1ecfe cho c\u00e1c th\u00e0nh vi\u00ean trong gia \u0111\u00ecnh.<\/p>\n<h2><span id=\"4_Dau_la_cach_bao_quan_lap_xuong_tuoi_hieu_qua\"><strong>4. \u0110\u00e2u l\u00e0 c\u00e1ch b\u1ea3o qu\u1ea3n l\u1ea1p x\u01b0\u1edfng t\u01b0\u01a1i hi\u1ec7u qu\u1ea3?<\/strong><\/span><\/h2>\n<p>B\u00ean c\u1ea1nh c\u00e1ch l\u00e0m l\u1ea1p x\u01b0\u1edfng t\u1ea1i nh\u00e0, b\u1ea1n c\u0169ng c\u1ea7n l\u01b0u \u00fd c\u00e1ch b\u1ea3o qu\u1ea3n th\u00e0nh ph\u1ea9m \u0111\u1ec3 s\u1eed d\u1ee5ng l\u00e2u. Sau \u0111\u00e2y l\u00e0 nh\u1eefng c\u00e1ch b\u1ea3o qu\u1ea3n l\u1ea1p x\u01b0\u1edfng t\u01b0\u01a1i v\u00e0 th\u1eddi gian b\u1ea3o c\u1ee7a ch\u00fang.<\/p>\n<ul>\n<li>B\u1ea3o qu\u1ea3n trong ng\u0103n m\u00e1t t\u1ee7 l\u1ea1nh: 30 ng\u00e0y \u2013 1 th\u00e1ng.<\/li>\n<li>Treo \u1edf n\u01a1i kh\u00f4 r\u00e1o: 1 th\u00e1ng. Th\u1ebf nh\u01b0ng c\u1ea7n d\u00f9ng nhanh b\u1edfi \u0111\u1ec3 c\u00e0ng l\u00e2u, l\u1ea1p x\u01b0\u1edfng c\u00e0ng b\u1ecb chua.<\/li>\n<li>Lu\u1ed9c l\u1ea1p x\u01b0\u1edfng v\u1edbi n\u01b0\u1edbc d\u1eeba tr\u01b0\u1edbc khi cho v\u00e0o ng\u0103n m\u00e1t t\u1ee7 l\u1ea1nh: 2 \u2013 6 th\u00e1ng.<\/li>\n<\/ul>\n<h2><span id=\"4_Dau_la_cach_bao_quan_lap_xuong_tuoi_hieu_qua\"><strong><img loading=\"lazy\" decoding=\"async\" class=\"wp-image-29568 aligncenter\" src=\"https:\/\/havamall.com\/wp-content\/uploads\/2022\/11\/65756-300x219.png\" alt=\"\" width=\"700\" height=\"511\" \/><\/strong><\/span><\/h2>\n<h2><span id=\"4_Dau_la_cach_bao_quan_lap_xuong_tuoi_hieu_qua\"><strong>4. Mua R\u01b0\u1ee3u \u00c1p Xanh \u1edf \u0111\u00e2u ch\u1ea5t l\u01b0\u1ee3ng?\u00a0<\/strong><\/span><\/h2>\n<p dir=\"ltr\">Hi\u1ec7n nay, R\u01b0\u1ee3u \u00c1p Xanh \u0111\u01b0\u1ee3c cung c\u1ea5p r\u1ed9ng r\u00e3i t\u1ea1i r\u1ea5t nhi\u1ec1u c\u1eeda h\u00e0ng kinh doanh. Nh\u01b0ng \u0111\u1ec3 t\u00ecm \u0111\u01b0\u1ee3c cho m\u00ecnh s\u1ea3n ph\u1ea9m \u0111\u00f4ng l\u1ea1nh th\u01a1m ngon nh\u1ea5t, b\u1ea1n h\u00e3y li\u00ean h\u1ec7 v\u1edbi Havamall.<\/p>\n<p dir=\"ltr\">Ch\u00fang t\u00f4i chuy\u00ean ph\u00e2n ph\u1ed1i c\u00e1c s\u1ea3n ph\u1ea9m tinh ch\u1ea5t, r\u01b0\u1ee3u mai qu\u1ebf l\u1ed9, h\u01b0\u01a1ng kh\u00f3i t\u1ed5ng h\u1ee3p v\u1edbi gi\u00e1 t\u1ed1t nh\u1ea5t th\u1ecb tr\u01b0\u1eddng.<\/p>\n<p dir=\"ltr\">\u0110i\u1ec3m kh\u00e1c bi\u1ec7t c\u1ee7a Havamall so v\u1edbi nh\u1eefng \u0111\u01a1n v\u1ecb kinh doanh kh\u00e1c l\u00e0 ch\u00fang t\u00f4i lu\u00f4n \u00e1p d\u1ee5ng m\u1ee9c gi\u00e1 \u01b0u \u0111\u00e3i v\u00e0 h\u1ed7 tr\u1ee3 v\u1eadn chuy\u1ec3n \u0111\u1ebfn t\u1eadn nh\u00e0. R\u01b0\u1ee3u \u00c1p Xanh \u0111\u01b0\u1ee3c b\u1ea3o \u0111\u1ea3m ch\u1ea5t l\u01b0\u1ee3ng trong su\u1ed1t qu\u00e1 tr\u00ecnh chuy\u00ean ch\u1edf v\u00e0 cho \u0111\u1ebfn khi trao v\u00e0o tay kh\u00e1ch h\u00e0ng.<\/p>\n<p dir=\"ltr\">Quy c\u00e1ch \u0111\u00f3ng g\u00f3i s\u1ea3n ph\u1ea9m: l\u1ecd chi\u1ebft c\u00f3 \u1ed1ng b\u01a1m ti\u1ec7n d\u1ee5ng.<\/p>\n<p dir=\"ltr\">Havamall \u0111ang \u00e1p d\u1ee5ng nhi\u1ec1u ch\u01b0\u01a1ng tr\u00ecnh khuy\u1ebfn m\u00e3i h\u1ea5p d\u1eabn d\u00e0nh cho c\u00e1c s\u1ea3n ph\u1ea9m t\u1ea1i c\u1eeda h\u00e0ng. B\u1ea1n h\u00e3y li\u00ean h\u1ec7 ngay \u0111\u1ec3 \u0111\u01b0\u1ee3c b\u00e1o gi\u00e1 <b>t\u1ed1t nh\u1ea5t.<\/b><\/p>\n<p>&nbsp;<\/p>","protected":false},"excerpt":{"rendered":"<p>R\u01b0\u1ee3u Absinthe, r\u01b0\u1ee3u \u00e1p sanh, r\u01b0\u1ee3u \u00e1p xanh, hay c\u00f2n g\u1ecdi l\u00e0 r\u01b0\u1ee3u \u00e1p x\u0103ng l\u00e0 m\u1ed9t lo\u1ea1i r\u01b0\u1ee3u kh\u00e1<\/p>","protected":false},"featured_media":45382,"comment_status":"open","ping_status":"closed","template":"","meta":[],"product_brand":[],"product_cat":[154,36],"product_tag":[],"class_list":{"0":"post-29560","1":"product","2":"type-product","3":"status-publish","4":"has-post-thumbnail","6":"product_cat-gia-vi","7":"product_cat-thuc-pham-tieu-dung","9":"first","10":"instock","11":"sale","12":"shipping-taxable","13":"purchasable","14":"product-type-simple"},"_links":{"self":[{"href":"https:\/\/havamall.com\/en\/wp-json\/wp\/v2\/product\/29560","targetHints":{"allow":["GET"]}}],"collection":[{"href":"https:\/\/havamall.com\/en\/wp-json\/wp\/v2\/product"}],"about":[{"href":"https:\/\/havamall.com\/en\/wp-json\/wp\/v2\/types\/product"}],"replies":[{"embeddable":true,"href":"https:\/\/havamall.com\/en\/wp-json\/wp\/v2\/comments?post=29560"}],"version-history":[{"count":0,"href":"https:\/\/havamall.com\/en\/wp-json\/wp\/v2\/product\/29560\/revisions"}],"wp:featuredmedia":[{"embeddable":true,"href":"https:\/\/havamall.com\/en\/wp-json\/wp\/v2\/media\/45382"}],"wp:attachment":[{"href":"https:\/\/havamall.com\/en\/wp-json\/wp\/v2\/media?parent=29560"}],"wp:term":[{"taxonomy":"product_brand","embeddable":true,"href":"https:\/\/havamall.com\/en\/wp-json\/wp\/v2\/product_brand?post=29560"},{"taxonomy":"product_cat","embeddable":true,"href":"https:\/\/havamall.com\/en\/wp-json\/wp\/v2\/product_cat?post=29560"},{"taxonomy":"product_tag","embeddable":true,"href":"https:\/\/havamall.com\/en\/wp-json\/wp\/v2\/product_tag?post=29560"}],"curies":[{"name":"wp","href":"https:\/\/api.w.org\/{rel}","templated":true}]}}