{"id":29648,"date":"2022-11-30T15:59:37","date_gmt":"2022-11-30T08:59:37","guid":{"rendered":"https:\/\/havamall.com\/?post_type=product&#038;p=29648"},"modified":"2025-12-29T13:46:19","modified_gmt":"2025-12-29T06:46:19","slug":"pho-mai-que-keo-soi-american-heritage-string-mozzarella-usa-28g","status":"publish","type":"product","link":"https:\/\/havamall.com\/en\/shop\/pho-mai-que-keo-soi-american-heritage-string-mozzarella-usa-28g\/","title":{"rendered":"Ph\u00f4 mai Que K\u00e9o S\u1ee3i American Heritage String Mozzarella USA 28g"},"content":{"rendered":"<table class=\"table table-striped-odd specification\">\n<tbody>\n<tr>\n<th class=\"display-name\" colspan=\"1\" rowspan=\"1\">Quy c\u00e1ch \u0111\u00f3ng g\u00f3i<\/th>\n<td colspan=\"1\" rowspan=\"1\">B\u1ecbch\/T\u00fai<\/td>\n<\/tr>\n<tr>\n<th class=\"display-name\" colspan=\"1\" rowspan=\"1\">Xu\u1ea5t x\u1ee9<\/th>\n<td colspan=\"1\" rowspan=\"1\">M\u1ef9<\/td>\n<\/tr>\n<tr>\n<th class=\"display-name\" colspan=\"1\" rowspan=\"1\">N\u01a1i \u0111\u00f3ng g\u00f3i<\/th>\n<td colspan=\"1\" rowspan=\"1\">M\u1ef9<\/td>\n<\/tr>\n<tr>\n<th class=\"display-name\" colspan=\"1\" rowspan=\"1\">H\u1ea1n s\u1eed d\u1ee5ng<\/th>\n<td colspan=\"1\" rowspan=\"1\">Xem tr\u00ean bao b\u00ec s\u1ea3n ph\u1ea9m<\/td>\n<\/tr>\n<tr>\n<th class=\"display-name\" colspan=\"1\" rowspan=\"1\">H\u01b0\u1edbng d\u1eabn s\u1eed d\u1ee5ng<\/th>\n<td colspan=\"1\" rowspan=\"1\">D\u00f9ng \u0103n tr\u1ef1c ti\u1ebfp ho\u1eb7c n\u1ea5u k\u00e8m v\u1edbi c\u00e1c m\u00f3n kh\u00e1c<\/td>\n<\/tr>\n<tr>\n<th class=\"display-name\" colspan=\"1\" rowspan=\"1\">Net WT<\/th>\n<td colspan=\"1\" rowspan=\"1\">28g<\/td>\n<\/tr>\n<\/tbody>\n<\/table>\n<p>Ph\u00f4 mai Que K\u00e9o S\u1ee3i American Heritage String Mozzarella mang th\u01b0\u01a1ng hi\u1ec7u M\u1ef9, s\u1ea3n xu\u1ea5t tr\u00ean quy tr\u00ecnh c\u00f4ng ngh\u1ec7 hi\u1ec7n \u0111\u1ea1i, nguy\u00ean li\u1ec7u an to\u00e0n tuy\u1ec7t \u0111\u1ed1i v\u1edbi ng\u01b0\u1eddi ti\u00eau d\u00f9ng.<\/p>\n<p>\u0110\u1eb7c \u0111i\u1ec3m n\u1ed5i b\u1eadt c\u1ee7a s\u1ea3n ph\u1ea9m<\/p>\n<p>\u2013 S\u1ea3n ph\u1ea9m \u0111\u01b0\u1ee3c s\u1ea3n xu\u1ea5t theo c\u00f4ng ngh\u1ec7 c\u1ee7a M\u1ef9 tr\u00ean d\u00e2y chuy\u1ec1n c\u00f4ng ngh\u1ec7 hi\u1ec7n \u0111\u1ea1i, kh\u00e9p k\u00edn, \u0111\u1ea3m b\u1ea3o \u0111\u01b0\u1ee3c s\u1ea3n ph\u1ea9m c\u00f3 ch\u1ea5t l\u01b0\u1ee3ng cao, an to\u00e0n tuy\u1ec7t \u0111\u1ed1i khi t\u1edbi tay ng\u01b0\u1eddi d\u00f9ng.<\/p>\n<p>\u2013 Ph\u00f4 mai Que K\u00e9o S\u1ee3i American Heritage String Mozzarella \u0111\u01b0\u1ee3c s\u1ea3n xu\u1ea5t t\u1eeb ngu\u1ed3n s\u1eefa t\u01b0\u01a1i tinh khi\u1ebft v\u00e0 th\u01a1m ngon c\u1ee7a v\u00f9ng Wisconsin, n\u01a1i s\u1ea3n xu\u1ea5t b\u01a1 s\u1eefa l\u1edbn nh\u1ea5t c\u1ee7a M\u1ef9, \u0111\u01b0\u1ee3c s\u1ea3n xu\u1ea5t b\u1eb1ng ph\u01b0\u01a1ng ph\u00e1p t\u00e1ch b\u00e9o hi\u1ec7n \u0111\u1ea1i, do \u0111\u00f3 c\u00f3 v\u1ecb \u00edt b\u00e9o, d\u1ebbo, m\u00f9i v\u1ecb th\u01a1m nh\u1eb9.<\/p>\n<p><img fetchpriority=\"high\" decoding=\"async\" class=\"aligncenter\" src=\"https:\/\/havamall.com\/wp-content\/uploads\/2022\/11\/636323475978611015-GPG-BakerCheese-042417-SK5298.jpg\" alt=\"Wisconsin cheesemaker Baker Cheese masters the art of string cheese\" width=\"814\" height=\"460\" \/><\/p>\n<p>\u2013 Ph\u00f4 mai que v\u00f9ng c\u00f9ng ti\u1ec7n d\u1ee5ng, c\u00f3 th\u1ec3 ch\u1ebf bi\u1ebfn ngay sau khi m\u1edf t\u00fai. Ph\u00f4 mai c\u00f3 th\u1ec3 d\u00f9ng \u0103n tr\u1ef1c ti\u1ebfp \u0111\u1ec3 c\u1ea3m nh\u1eadn v\u1ecb ngon c\u1ee7a ph\u00f4 mai hay d\u00f9ng \u0111\u1ec3 n\u1ea5u chung v\u1edbi c\u00e1c m\u00f3n \u0103n kh\u00e1c: c\u00e0 chua cu\u1ed9n ph\u00f4 mai, khoai t\u00e2y n\u01b0\u1edbng ph\u00f4 mai, m\u00ec \u00fd, pizza,\u2026<\/p>\n<p>\u2013 S\u1ea3n ph\u1ea9m \u0111\u01b0\u1ee3c \u0111\u00f3ng g\u00f3i ti\u1ec7n d\u1ee5ng cho vi\u1ec7c l\u01b0u tr\u1eef hay s\u1eed d\u1ee5ng.<\/p>\n<p><strong>Ph\u00f4 mai que<\/strong>\u00a0\u0111\u01b0\u1ee3c bi\u1ebft \u0111\u1ebfn l\u00e0 m\u00f3n \u0103n v\u1eb7t r\u1ea5t hot. Nguy\u00ean li\u1ec7u \u0111\u01b0\u1ee3c l\u00e0m ch\u1ee7 y\u1ebfu t\u1eeb ph\u00f4 mai c\u1eaft th\u00e0nh t\u1eebng thanh d\u00e0i nh\u1ecf. Sau \u0111\u00f3 t\u1ea9m qua m\u1ed9t l\u1edbp b\u1ed9t m\u1ecfng v\u00e0 b\u1ed9t chi\u00ean x\u00f9 r\u1ed3i chi\u00ean qua v\u1edbi d\u1ea7u. \u1ede M\u1ef9 ng\u01b0\u1eddi ta g\u1ecdi m\u00f3n n\u00e0y l\u00e0 Mozzarella stick. S\u1edf d\u0129 n\u00f3 c\u00f3 c\u00e1i t\u00ean n\u00e0y l\u00e0 do \u0111\u01b0\u1ee3c l\u00e0m t\u1eeb m\u1ed9t lo\u1ea1i ph\u00f4 mai t\u00ean Mozzarella c\u1ee7a \u00dd. Ph\u00f4 mai que kh\u00f4ng ch\u1ec9 n\u1ed5i ti\u1ebfng \u1edf M\u1ef9, \u00dd m\u00e0 n\u00f3 c\u00f2n r\u1ea5t ph\u1ed5 bi\u1ebfn \u1edf B\u1eafc M\u1ef9.<\/p>\n<div style=\"width: 576px;\" class=\"wp-video\"><!--[if lt IE 9]><script>document.createElement('video');<\/script><![endif]-->\n<video class=\"wp-video-shortcode\" id=\"video-29648-1\" width=\"576\" height=\"1024\" preload=\"metadata\" controls=\"controls\"><source type=\"video\/mp4\" src=\"https:\/\/havamall.com\/wp-content\/uploads\/2022\/11\/7087634977865254154.mp4?_=1\" \/><a href=\"https:\/\/havamall.com\/wp-content\/uploads\/2022\/11\/7087634977865254154.mp4\">https:\/\/havamall.com\/wp-content\/uploads\/2022\/11\/7087634977865254154.mp4<\/a><\/video><\/div>\n<h2 id=\"2-pho-mai-que-co-tot-cho-tre-khong\">2. Ph\u00f4 mai que c\u00f3 t\u1ed1t cho tr\u1ebb kh\u00f4ng?<\/h2>\n<p>\u2013 Theo nghi\u00ean c\u1ee9u, c\u1ee9 \u0103n 100g\u00a0ph\u00f4 mai que\u00a0th\u00ec s\u1ebd n\u1ea1p v\u00e0o c\u01a1 th\u1ec3 329 Calo. B\u00ean c\u1ea1nh \u0111\u00f3 trong ph\u00f4 mai que ch\u1ee9a c\u00e1c kho\u00e1ng ch\u1ea5t, vitamin, ch\u1ea5t b\u00e9o b\u00e3o h\u00f2a, protein v\u00e0 lipid r\u1ea5t t\u1ed1t cho tr\u1ebb. \u0110\u1eb7c bi\u1ec7t, ch\u1ee9a h\u00e0m l\u01b0\u1ee3ng canxi v\u00e0 ch\u1ea5t \u0111\u1ea1m d\u1ed3i d\u00e0o gi\u00fap x\u01b0\u01a1ng, r\u0103ng, c\u01a1 ch\u1eafc kh\u1ecfe.<\/p>\n<p>\u2013 \u0102n\u00a0ph\u00f4 mai\u00a0que gi\u00fap b\u1ed5 sung nhi\u1ec1u ch\u1ea5t dinh d\u01b0\u1ee1ng cho c\u01a1 th\u1ec3 tr\u1ebb, gi\u00fap d\u1ec5 h\u1ea5p th\u1ee5 v\u00e0 ph\u00e1t tri\u1ec3n t\u1ed1t. Nh\u01b0ng ch\u1ec9 n\u00ean \u0103n v\u1edbi m\u1ed9t l\u01b0\u1ee3ng v\u1eeba ph\u1ea3i, kh\u00f4ng n\u00ean \u0103n qu\u00e1 nhi\u1ec1u. V\u00ec trong ph\u00f4 mai que kh\u00f4ng t\u1ed1t cho c\u00e1c b\u00e9 \u0111ang th\u1eeba c\u00e2n.<\/p>\n<p><img decoding=\"async\" class=\"aligncenter\" src=\"https:\/\/havamall.com\/wp-content\/uploads\/2022\/11\/pho-mai-que.jpg\" alt=\"Pho mai que | Cung c\u1ea5p pho mai que | \u0110\u01a1n v\u1ecb cung c\u1ea5p pho mai que\" width=\"413\" height=\"310\" \/><\/p>\n<p>Th\u00f4ng tin chi ti\u1ebft<\/p>\n<p>\u2013 Th\u00e0nh ph\u1ea7n: S\u1eefa g\u1ea7y, pho m\u00e1t, mu\u1ed1i, men<\/p>\n<p>\u2013 Tr\u1ecdng l\u01b0\u1ee3ng t\u1ecbnh: 28g x 10 c\u00e1i<\/p>\n<p>\u2013 Xu\u1ea5t x\u1ee9: M\u1ef9<\/p>\n<p>\u2013 D\u00f9ng \u0111\u1ec3 \u0103n tr\u1ef1c ti\u1ebfp ho\u1eb7c n\u1ea5u k\u00e8m v\u1edbi c\u00e1c m\u00f3n \u0103n kh\u00e1c<\/p>\n<h2 id=\"3-cach-lam-pho-mai-que-tai-nha-cho-tre\">3. C\u00e1ch l\u00e0m ph\u00f4 mai que t\u1ea1i nh\u00e0 cho tr\u1ebb<\/h2>\n<h3 id=\"3-1-nguyen-lieu\">\u00a0Nguy\u00ean li\u1ec7u<\/h3>\n<p>\u2013 Tr\u1ee9ng g\u00e0: 2 qu\u1ea3<\/p>\n<p>\u2013 Ph\u00f4 mai Mozzarella: 300g<\/p>\n<p>\u2013 B\u1ed9t m\u00ec: 100g<\/p>\n<p>\u2013 B\u1ed9t chi\u00ean x\u00f9: 100g<\/p>\n<p>\u2013\u00a0S\u1eefa\u00a0t\u01b0\u01a1i kh\u00f4ng \u0111\u01b0\u1eddng: 50ml<\/p>\n<p>\u2013 B\u1ed9t chi\u00ean x\u00f9: 100g<\/p>\n<p>\u2013 C\u00e1c gia v\u1ecb kh\u00e1c:\u00a0d\u1ea7u \u0103n, mu\u1ed1i, \u0111\u01b0\u1eddng<\/p>\n<p>\u2013 D\u1ee5ng c\u1ee5 l\u00e0m: ch\u1ea3o r\u00e1n, th\u1edbt, dao, \u0111\u0169a, t\u00f4, \u0111\u0129a<\/p>\n<figure class=\"wp-caption aligncenter\" style=\"width: 492px;\"><img decoding=\"async\" class=\" wp-image-679637\" src=\"https:\/\/havamall.com\/wp-content\/uploads\/2022\/11\/j7pfytidpeu08.jpg\" alt=\"Ph\u00f4 mai que l\u00e0 g\u00ec? H\u01b0\u1edbng d\u1eabn c\u00e1ch l\u00e0m ph\u00f4 mai que ngon t\u1ea1i nh\u00e0 cho tr\u1ebb\" width=\"492\" height=\"492\" \/><figcaption class=\"wp-caption-text\">Nguy\u00ean li\u1ec7u l\u00e0m ph\u00f4 mai que v\u00f4 c\u00f9ng \u0111\u01a1n gi\u1ea3n m\u1eb9 c\u00f3 th\u1ec3 mua \u1edf b\u1ea5t c\u1ee9 \u0111\u00e2u<\/figcaption><\/figure>\n<h3 id=\"3-2-cach-lam-pho-mai-que\">3.2 C\u00e1ch l\u00e0m ph\u00f4 mai que<\/h3>\n<p>\u2013 B\u01b0\u1edbc 1: D\u00f9ng dao c\u1eaft ph\u00f4 mai Mozzarella th\u00e0nh t\u1eebng que v\u1eeba \u0103n, c\u00f3 \u0111\u1ed9 d\u00e0y 2cm v\u00e0 d\u00e0i 8cm. N\u1ebfu c\u1eaft qu\u00e1 m\u1ecfng th\u00ec d\u1ec5 b\u1ecb g\u00e3y, qu\u00e1 d\u00e0y th\u00ec \u0103n s\u1ebd b\u1ecb ng\u00e1n.<\/p>\n<p>\u2013 B\u01b0\u1edbc 2: Chu\u1ea9n b\u1ecb 3 c\u00e1i t\u00f4, t\u00f4 th\u1ee9 nh\u1ea5t \u0111\u1ef1ng b\u1ed9t m\u00ec tr\u1ed9n th\u00eam \u00edt mu\u1ed1i, t\u00f4 th\u1ee9 hai \u0111\u1ef1ng 2 qu\u1ea3 tr\u1ee9ng g\u00e0 r\u1ed3i \u0111\u00e1nh l\u00ean cho th\u00eam 50ml\u00a0s\u1eefa t\u01b0\u01a1i\u00a0kh\u00f4ng \u0111\u01b0\u1eddng, t\u00f4 th\u1ee9 ba \u0111\u1ef1ng b\u1ed9t chi\u00ean x\u00f9.<\/p>\n<p>\u2013 B\u01b0\u1edbc 3: Th\u1ef1c hi\u1ec7n l\u0103n ph\u00f4 mai que qua b\u1ed9t m\u00ec, sau \u0111\u00f3 l\u0103n qua tr\u1ee9ng g\u00e0 (b\u1ea1n c\u00f3 th\u1ec3 l\u1eb7p l\u1ea1i b\u01b0\u1edbc n\u00e0y 1 l\u1ea7n n\u1eefa n\u1ebfu mu\u1ed1n \u0103n l\u1edbp v\u1ecf d\u00e0y). Ti\u1ebfp \u0111\u1ebfn l\u00e0 l\u0103n ph\u00f4 mai que v\u1edbi b\u1ed9t chi\u00ean x\u00f9 v\u00e0 nh\u1edb l\u0103n ph\u1ee7 h\u1ebft kh\u1eafp b\u1ec1 m\u1eb7t c\u1ee7a que ph\u00f4 mai.<\/p>\n<p>\u2013 B\u01b0\u1edbc 4: N\u1ebfu mu\u1ed1n \u0103n ph\u00f4 mai que gi\u00f2n v\u00e0 ngon h\u01a1n. Th\u00ec sau khi l\u00e0m t\u1ea5t c\u1ea3 c\u00e1c b\u01b0\u1edbc tr\u00ean, th\u00ec b\u1ea1n cho ph\u00f4 mai que v\u00e0o ng\u0103n \u0111\u00e1\u00a0t\u1ee7 l\u1ea1nh\u00a0kho\u1ea3ng 60 ph\u00fat.<\/p>\n<p>\u2013 B\u01b0\u1edbc 5: L\u1ea5y ph\u00f4 mai que t\u1eeb trong t\u1ee7 l\u1ea1nh ra \u0111\u1ec3 r\u00e1n. B\u1ea1n \u0111\u1ed5 d\u1ea7u \u0103n sao cho d\u1ea7u ng\u1eadp ph\u00f4 mai khi cho v\u00e0o r\u00e1n l\u00e0 \u0111\u01b0\u1ee3c. \u0110un ch\u1ea3o d\u1ea7u cho t\u1edbi khi thi\u1ec7t s\u00f4i, sau \u0111\u00f3 v\u1eb7n nh\u1ecf l\u1eeda l\u1ea1i v\u00e0 b\u1eaft \u0111\u1ea7u cho ph\u00f4 mai v\u00e0o r\u00e1n.<\/p>\n<p>\u2013 B\u01b0\u1edbc 6: Cho ph\u00f4 mai v\u00e0o ch\u1ea3o d\u1ea7u xong, sau \u0111\u00f3 v\u1eb7n l\u1eeda to l\u00ean r\u00e1n kho\u1ea3ng 1 ph\u00fat cho l\u1edbp v\u1ecf ph\u00eda ngo\u00e0i nhanh v\u00e0ng v\u00e0 ti\u1ebfp t\u1ee5c h\u1ea1 l\u1eeda nh\u1ecf r\u00e1n ph\u00f4 mai trong v\u00f2ng 2 ph\u00fat n\u1eefa cho b\u00ean trong ch\u00edn h\u1eb3n. Sau khi r\u00e1n xong l\u1ea5y ph\u00f4 mai que ra b\u1ecf tr\u00ean chi\u1ebfc \u0111\u0129a \u0111\u00e3 \u0111\u01b0\u1ee3c l\u00f3t gi\u1ea5y \u0103n s\u1eb5n. Gi\u1ea5y \u0103n trong \u0111\u0129a gi\u00fap h\u00fat b\u1edbt l\u01b0\u1ee3ng d\u1ea7u c\u00f2n \u0111\u1ecdng l\u1ea1i trong ph\u00f4 mai que.<\/p>\n<p>\u2013 B\u01b0\u1edbc 7: Cu\u1ed1i c\u00f9ng l\u00e0 \u0111em ra th\u01b0\u1edfng th\u1ee9c, ngon h\u01a1n khi u\u1ed1ng k\u00e8m v\u1edbi c\u00e1c lo\u1ea1i n\u01b0\u1edbc c\u00f3 ga. B\u1ea1n c\u00f3 th\u1ec3 \u0103n k\u00e8m v\u1edbi t\u01b0\u01a1ng c\u00e0, t\u01b0\u01a1ng \u1edbt,\u00a0mayonnaise\u00a0ho\u1eb7c tr\u1ed9n c\u1ea3 3 l\u1ea1i v\u1edbi nhau.<\/p>\n<p>Ch\u1ec9 v\u1edbi c\u00e1c b\u01b0\u1edbc \u0111\u01a1n gi\u1ea3n tr\u00ean, th\u00ec b\u1ea1n \u0111\u00e3 ho\u00e0n th\u00e0nh m\u00f3n \u0103n v\u1eb7t \u0111\u1ea3m b\u1ea3o ch\u1ea5t l\u01b0\u1ee3ng v\u00e0 an to\u00e0n cho tr\u1ebb r\u1ed3i \u0111\u1ea5y.<\/p>\n<figure class=\"wp-caption alignnone\"><figcaption class=\"wp-caption-text\"><\/figcaption><\/figure>\n<p><img loading=\"lazy\" decoding=\"async\" class=\"aligncenter\" src=\"https:\/\/havamall.com\/wp-content\/uploads\/2022\/11\/air-fryer-mozzarella-sticks-ingredients.jpg\" alt=\"The Best Skinny Air Fryer Mozzarella Sticks Recipe- On My Kids Plate\" width=\"635\" height=\"953\" \/><\/p>\n<p><img loading=\"lazy\" decoding=\"async\" class=\"aligncenter\" src=\"https:\/\/havamall.com\/wp-content\/uploads\/2022\/11\/oUNv2SOBT6RfmR90xV6VUscYoZscFuTf6Ain9pak.jpg\" alt=\"Ph\u00f4 mai que Manna khay 250g\" width=\"736\" height=\"552\" \/><\/p>\n","protected":false},"excerpt":{"rendered":"<p>Quy c\u00e1ch \u0111\u00f3ng g\u00f3i B\u1ecbch\/T\u00fai Xu\u1ea5t x\u1ee9 M\u1ef9 N\u01a1i \u0111\u00f3ng g\u00f3i M\u1ef9 H\u1ea1n s\u1eed d\u1ee5ng Xem tr\u00ean bao b\u00ec s\u1ea3n<\/p>","protected":false},"featured_media":29651,"comment_status":"open","ping_status":"closed","template":"","meta":[],"product_brand":[],"product_cat":[708,720,36,275],"product_tag":[],"class_list":{"0":"post-29648","1":"product","2":"type-product","3":"status-publish","4":"has-post-thumbnail","6":"product_cat-bo-sua-pho-mai","7":"product_cat-nhap-khau-my","8":"product_cat-thuc-pham-tieu-dung","9":"product_cat-thuc-pham-dong-lanh","11":"first","12":"instock","13":"sale","14":"shipping-taxable","15":"purchasable","16":"product-type-simple"},"_links":{"self":[{"href":"https:\/\/havamall.com\/en\/wp-json\/wp\/v2\/product\/29648","targetHints":{"allow":["GET"]}}],"collection":[{"href":"https:\/\/havamall.com\/en\/wp-json\/wp\/v2\/product"}],"about":[{"href":"https:\/\/havamall.com\/en\/wp-json\/wp\/v2\/types\/product"}],"replies":[{"embeddable":true,"href":"https:\/\/havamall.com\/en\/wp-json\/wp\/v2\/comments?post=29648"}],"version-history":[{"count":0,"href":"https:\/\/havamall.com\/en\/wp-json\/wp\/v2\/product\/29648\/revisions"}],"wp:featuredmedia":[{"embeddable":true,"href":"https:\/\/havamall.com\/en\/wp-json\/wp\/v2\/media\/29651"}],"wp:attachment":[{"href":"https:\/\/havamall.com\/en\/wp-json\/wp\/v2\/media?parent=29648"}],"wp:term":[{"taxonomy":"product_brand","embeddable":true,"href":"https:\/\/havamall.com\/en\/wp-json\/wp\/v2\/product_brand?post=29648"},{"taxonomy":"product_cat","embeddable":true,"href":"https:\/\/havamall.com\/en\/wp-json\/wp\/v2\/product_cat?post=29648"},{"taxonomy":"product_tag","embeddable":true,"href":"https:\/\/havamall.com\/en\/wp-json\/wp\/v2\/product_tag?post=29648"}],"curies":[{"name":"wp","href":"https:\/\/api.w.org\/{rel}","templated":true}]}}