{"id":29888,"date":"2022-12-15T14:39:36","date_gmt":"2022-12-15T07:39:36","guid":{"rendered":"https:\/\/havamall.com\/?post_type=product&#038;p=29888"},"modified":"2025-12-03T04:09:47","modified_gmt":"2025-12-02T21:09:47","slug":"bo-but-mighty-markers-8-mau-mont-marte","status":"publish","type":"product","link":"https:\/\/havamall.com\/en\/shop\/bo-but-mighty-markers-8-mau-mont-marte\/","title":{"rendered":"B\u1ed9 B\u00fat Mighty Markers 8 M\u00e0u Mont Marte"},"content":{"rendered":"<p dir=\"auto\">Mont Marte l\u00e0 h\u00e3ng h\u1ecda c\u1ee5 \u0111\u00e3 c\u00f3 m\u1eb7t t\u1ea1i h\u1ec7 th\u1ed1ng c\u1eeda h\u00e0ng c\u1ee7a h\u01a1n 300 t\u1ec9nh th\u00e0nh thu\u1ed9c 75 qu\u1ed1c gia tr\u00ean to\u00e0n th\u1ebf gi\u1edbi. \u0110i\u1ec1u n\u00e0y n\u00f3i l\u00ean s\u1ef1 ph\u00e1t tri\u1ec3n b\u1ec1n v\u1eefng c\u1ee7a nh\u00e3n h\u00e0ng Mont Marte tr\u00ean th\u1ecb tr\u01b0\u1eddng th\u1ebf gi\u1edbi.<\/p>\n<p>Trong v\u00f2ng 15 n\u0103m, Mont Marte \u0111\u00e3 tr\u1edf th\u00e0nh th\u01b0\u01a1ng h\u1ec7u d\u1eabn \u0111\u1ea7u th\u1ecb tr\u01b0\u1eddng \u00dac v\u1ec1 c\u00e1c s\u1ea3n ph\u1ea9m ngh\u1ec7 thu\u1eadt v\u00e0 l\u00e0 th\u01b0\u01a1ng hi\u1ec7u \u0111\u01b0\u1ee3c tin d\u00f9ng \u1edf h\u01a1n 75 qu\u1ed1c gia: Trung Qu\u1ed1c, Canada, Ph\u00e1p, Ph\u1ea7n Lan,\u2026<\/p>\n<p>S\u1ea3n ph\u1ea9m Mont Marte kh\u00e1 \u0111a d\u1ea1ng, \u0111\u00e1p \u1ee9ng h\u1ea7u h\u1ebft c\u00e1c nhu c\u1ea7u v\u1ec1 h\u1ecda c\u1ee5 truy\u1ec1n th\u1ed1ng, t\u1eeb s\u01a1n m\u00e0u \u0111\u1ebfn c\u00e1c ph\u1ee5 ki\u1ec7n, s\u1ed5 k\u00ed h\u1ecda, gi\u1ea5y craft,\u2026<\/p>\n<p><img decoding=\"async\" class=\"aligncenter\" src=\"https:\/\/cf.shopee.vn\/file\/cf8e97184183ecda8dc84adada9b92d6\" alt=\"B\u1ed9 B\u00fat Marker 12\/24 M\u00e0u Mont Marte - Dual Tip Art Markers Premium -  MMPM0022 \/ MMPM0028 | Shopee Vi\u1ec7t Nam\" \/><\/p>\n<p>B\u1ed9 B\u00fat Mighty Markers 8 M\u00e0u Mont Marte cao c\u1ea5p c\u1ee7a \u00dac v\u01a1\u0301i m\u00e0u s\u1eafc r\u1ef1c r\u1ee1, d\u1ec5 d\u00e0ng ch\u00f4\u0300ng l\u01a1\u0301p ma\u0300u t\u01b0\u0300 nha\u0323t \u0111\u00ea\u0301n \u0111\u00e2\u0323m, mang la\u0323i cho tranh s\u1eafc th\u00e1i tinh t\u1ebf, sinh \u0111\u00f4\u0323ng.<br \/>\nCh\u1ea5t li\u1ec7u m\u00e0u cao c\u1ea5p \u0111\u1ea3m b\u1ea3o cho tranh c\u1ee7a b\u1ea1n c\u00f3 \u0111\u1ed9 m\u1ecbn v\u00e0 s\u00e1ng nh\u1ea5t , kh\u00f4ng loang r\u1ed7 m\u00e0u nh\u01b0 h\u00e0ng k\u00e9m ch\u1ea5t l\u01b0\u1ee3ng c\u1ee7a c\u00e1c h\u00e3ng kh\u00e1c, n\u00ean kh\u00e1ch h\u00e0ng c\u00f3 th\u1ec3 ho\u00e0n to\u00e0n y\u00ean t\u00e2m khi s\u1eed d\u1ee5ng m\u00e0u n\u00e0y cho ng\u01b0\u1eddi th\u00e2n<br \/>\nMa\u0300u s\u01b0\u0309 du\u0323ng d\u00ea\u0303 da\u0300ng, phu\u0300 h\u01a1\u0323p v\u01a1\u0301i m\u1ecdi l\u1ee9a tu\u1ed5i.<br \/>\nCh\u1ea5t li\u1ec7u an to\u00e0n: Ch\u00e2\u0301t ma\u0300u kh\u00f4ng ch\u1ee9a axit, thi\u0301ch h\u01a1\u0323p s\u1eed d\u1ee5ng tr\u00ean gi\u1ea5y, b\u00eca c\u01b0\u0301ng.<br \/>\nTh\u00e2\u0323m chi\u0301 ch\u00e2\u0301t ma\u0300u mi\u0323n nh\u01b0 nhung v\u00e0 ch\u1ecbu \u0111\u01b0\u1ee3c t\u00e1c \u0111\u1ed9ng c\u1ee7a \u0111\u1ed9 \u1ea9m giu\u0301p tranh v\u1ebd \u0111\u01b0\u01a1\u0323c ba\u0309o v\u00ea\u0323 t\u00f4\u0301t nh\u00e2\u0301t trong th\u01a1\u0300i gian da\u0300i.<br \/>\nB\u1ed9 B\u00fat Mighty Markers 8 M\u00e0u Mont Marte mang l\u1ea1i s\u1ef1 ti\u1ec7n d\u1ee5ng cho ng\u01b0\u1eddi v\u1ebd v\u00ec kh\u00f4ng c\u1ea7n g\u1ecdt, kh\u00f4ng c\u1ea7n pha m\u00e0u nh\u01b0 khi s\u1eed d\u1ee5ng b\u00fat ch\u00ec ho\u1eb7c m\u00e0u n\u01b0\u1edbc.<br \/>\nSa\u0309n ph\u00e2\u0309m \u0111\u01b0\u01a1\u0323c ch\u01b0\u0301ng nh\u00e2\u0323n an toa\u0300n b\u01a1\u0309i ACMI.<\/p>\n<p><img fetchpriority=\"high\" decoding=\"async\" class=\"aligncenter\" src=\"https:\/\/havamall.com\/wp-content\/uploads\/2022\/12\/727a669e-6be2-4337-a2a4-f343e49c21e6.__CR0,0,1940,1200_PT0_SX970_V1___.jpeg\" alt='Alcohol-Based Art Markers Set, Set of 36, Bianyo Dual Tips (Chisel &amp; Fine)  Color Markers Set with a Designable Card for Drawing, Sketching, Coloring,  Hightlight, outlining : Amazon.ca: Home' width=\"883\" height=\"546\" \/><\/p>\n<p>M\u1ef1c g\u1ed1c c\u1ed3n<\/p>\n<p>M\u00e0u t\u01b0\u01a1i, b\u1ea3ng m\u00e0u \u0111a d\u1ea1ng cho b\u1ea1n l\u1ef1a ch\u1ecdn, t\u00f4 \u00eam, m\u1ecbn, kh\u00f4ng l\u00e0m h\u01b0 h\u1ea1i m\u1eb7t gi\u1ea5y<\/p>\n<p>M\u1ef1c ch\u1ea5t l\u01b0\u1ee3ng cao c\u00f3 th\u1ec3 \u0111\u01b0\u1ee3c ph\u00e2n l\u1edbp \u0111\u1ec3 t\u1ea1o \u0111\u1ed9 s\u00e2u<\/p>\n<p>B\u00fat c\u00f3 m\u1ed9t \u0111\u1ea7u nh\u1ecf gi\u00fap b\u1ea1n linh ho\u1ea1t \u0111i n\u00e9t m\u1ea3nh (fine) ho\u1eb7c n\u00e9t r\u1ed9ng (broad)<\/p>\n<p>Th\u00edch h\u1ee3p cho nh\u00e0 thi\u1ebft k\u1ebf, h\u1ecda s\u0129 minh h\u1ecda v\u00e0 h\u1ecda s\u0129 m\u1ef9 thu\u1eadt,&#8230;<\/p>\n<p><img decoding=\"async\" class=\"aligncenter\" src=\"https:\/\/havamall.com\/wp-content\/uploads\/2022\/12\/everblend-art-markers-brush-nib-pastel-colors-set-of-12_aD4zf5xJ.jpg\" alt='EverBlend Ultra Art Markers, Brush Nib, Pastel Colors - Set of 12 \u2014  Arteza.com' width=\"871\" height=\"871\" \/><\/p>\n<p>B\u1ed9 B\u00fat Mighty Markers 8 M\u00e0u Mont Marte l\u00e0 m\u1ed9t lo\u1ea1i m\u00e0u v\u1ebd \u0111a n\u0103ng c\u00f3 th\u1ec3 t\u1ea1o n\u00ean nhi\u1ec1u hi\u1ec7u \u1ee9ng m\u00e0u kh\u00e1c nhau.<\/p>\n<p>M\u00e0u m\u1ecbn \u0111\u1ed3ng nh\u1ea5t, th\u1eddi gian kh\u00f4 nhanh.B\u1ed9 B\u00fat Mighty Markers 8 M\u00e0u Mont Marte r\u1ea5t d\u1ec5 d\u00f9ng, t\u01b0\u01a1i t\u1eafn v\u00e0 c\u00f3 \u0111\u1ed9 che ph\u1ee7 cao c\u00f9ng \u0111\u1ed9 \u1ea9m h\u1ee3p l\u00ed. Thi\u1ebft k\u1ebf ti\u1ec7n l\u1ee3i, tr\u00e1nh vi\u1ec7c m\u00e0u b\u1ecb kh\u00f4 do bao b\u00ec kh\u00f4ng k\u00edn.<\/p>\n<p>S\u1ea3n ph\u1ea9m c\u00f3 thi\u1ebft k\u1ebf b\u1eaft m\u1eaft, ti\u1ec7n l\u1ee3i t\u1eeb bao b\u00ec cho t\u1edbi s\u1ea3n ph\u1ea9m, Mont Marte \u0111\u1ea7u t\u01b0 r\u1ea5t k\u1ef9 l\u01b0\u1ee1ng kh\u00f4ng ch\u1ec9 v\u1ec1 ch\u1ea5t l\u01b0\u1ee3ng m\u00e0 c\u00f2n v\u1ec1 thi\u1ebft k\u1ebf m\u1eabu m\u00e3.<\/p>\n<p>M\u00e0u ch\u1ee9a c\u00e1c s\u1eafc t\u1ed1 ch\u1ea5t l\u01b0\u1ee3ng cao v\u1edbi \u0111\u1ed9 m\u1ecbn \u0111\u1ed3ng nh\u1ea5t v\u00e0 \u0111\u1ed9 b\u00f3ng cao. B\u1ed9 m\u00e0u ch\u1ee9a \u0111\u1ea7y \u0111\u1ee7 c\u00e1c tone m\u00e0u s\u1eafc t\u1eeb warm tone cho t\u1edbi cool tone, bao g\u1ed3m c\u00e1c m\u00e0u c\u01a1 b\u1ea3n \u0111\u1ec3 pha tr\u1ed9n d\u1ec5 d\u00e0ng.<\/p>\n<p>S\u00e1p d\u1ea7u Mont Marte v\u00f4 c\u00f9ng th\u00edch h\u1ee3p cho c\u00e1c H\u1ecda S\u0129 v\u00e0 Sinh Vi\u00ean M\u1ef9 Thu\u1eadt, Thi\u1ebft K\u1ebf \u0111ang t\u00ecm ki\u1ebfm m\u1ed9t b\u1ed9 m\u00e0u ti\u1ec7n l\u1ee3i cho c\u1ea3 trong l\u1edbp h\u1ecdc v\u00e0 ngo\u00e0i tr\u1eddi. \u0110\u1eb7c bi\u1ec7t m\u00e0u v\u1ebd kh\u00f4ng ch\u1ee9a h\u00f3a ch\u1ea5t \u0111\u1ed9c h\u1ea1i, ch\u1ea5t l\u01b0\u1ee3ng \u0111\u1ea1t ti\u00eau chu\u1ea9n qu\u1ed1c t\u1ebf v\u1ec1 \u0111\u1ed9 b\u1ec1n v\u00e0 an to\u00e0n cho s\u1ee9c kh\u1ecfe ng\u01b0\u1eddi d\u00f9ng.<\/p>\n<p><img decoding=\"async\" class=\"aligncenter\" src=\"https:\/\/havamall.com\/wp-content\/uploads\/2022\/12\/MMKC0205.jpg\" alt='Mont Marte Kids - Mighty Markers 8pc - Buy Discount Craft Supplies Online -  BargainPlus.com.au' \/><\/p>","protected":false},"excerpt":{"rendered":"<p>Mont Marte l\u00e0 h\u00e3ng h\u1ecda c\u1ee5 \u0111\u00e3 c\u00f3 m\u1eb7t t\u1ea1i h\u1ec7 th\u1ed1ng c\u1eeda h\u00e0ng c\u1ee7a h\u01a1n 300 t\u1ec9nh th\u00e0nh thu\u1ed9c<\/p>","protected":false},"featured_media":29889,"comment_status":"open","ping_status":"closed","template":"","meta":[],"product_brand":[],"product_cat":[35,395],"product_tag":[],"class_list":{"0":"post-29888","1":"product","2":"type-product","3":"status-publish","4":"has-post-thumbnail","6":"product_cat-nha-cua-doi-song","7":"product_cat-van-phong-pham","8":"pa_brand-mont-marte","10":"first","11":"instock","12":"sale","13":"shipping-taxable","14":"purchasable","15":"product-type-simple"},"_links":{"self":[{"href":"https:\/\/havamall.com\/en\/wp-json\/wp\/v2\/product\/29888","targetHints":{"allow":["GET"]}}],"collection":[{"href":"https:\/\/havamall.com\/en\/wp-json\/wp\/v2\/product"}],"about":[{"href":"https:\/\/havamall.com\/en\/wp-json\/wp\/v2\/types\/product"}],"replies":[{"embeddable":true,"href":"https:\/\/havamall.com\/en\/wp-json\/wp\/v2\/comments?post=29888"}],"version-history":[{"count":0,"href":"https:\/\/havamall.com\/en\/wp-json\/wp\/v2\/product\/29888\/revisions"}],"wp:featuredmedia":[{"embeddable":true,"href":"https:\/\/havamall.com\/en\/wp-json\/wp\/v2\/media\/29889"}],"wp:attachment":[{"href":"https:\/\/havamall.com\/en\/wp-json\/wp\/v2\/media?parent=29888"}],"wp:term":[{"taxonomy":"product_brand","embeddable":true,"href":"https:\/\/havamall.com\/en\/wp-json\/wp\/v2\/product_brand?post=29888"},{"taxonomy":"product_cat","embeddable":true,"href":"https:\/\/havamall.com\/en\/wp-json\/wp\/v2\/product_cat?post=29888"},{"taxonomy":"product_tag","embeddable":true,"href":"https:\/\/havamall.com\/en\/wp-json\/wp\/v2\/product_tag?post=29888"}],"curies":[{"name":"wp","href":"https:\/\/api.w.org\/{rel}","templated":true}]}}