{"id":29894,"date":"2022-12-15T15:26:51","date_gmt":"2022-12-15T08:26:51","guid":{"rendered":"https:\/\/havamall.com\/?post_type=product&#038;p=29894"},"modified":"2025-12-03T04:13:26","modified_gmt":"2025-12-02T21:13:26","slug":"bo-4-gom-tay-chuyen-nghiep-mont-marte-artist-erasers-signature-4pc","status":"publish","type":"product","link":"https:\/\/havamall.com\/en\/shop\/bo-4-gom-tay-chuyen-nghiep-mont-marte-artist-erasers-signature-4pc\/","title":{"rendered":"B\u1ed9 4 G\u00f4m T\u1ea9y Chuy\u00ean Nghi\u1ec7p Mont Marte &#8211; Artist Erasers Signature 4pc"},"content":{"rendered":"<p dir=\"auto\">Mont Marte l\u00e0 h\u00e3ng h\u1ecda c\u1ee5 \u0111\u00e3 c\u00f3 m\u1eb7t t\u1ea1i h\u1ec7 th\u1ed1ng c\u1eeda h\u00e0ng c\u1ee7a h\u01a1n 300 t\u1ec9nh th\u00e0nh thu\u1ed9c 75 qu\u1ed1c gia tr\u00ean to\u00e0n th\u1ebf gi\u1edbi. \u0110i\u1ec1u n\u00e0y n\u00f3i l\u00ean s\u1ef1 ph\u00e1t tri\u1ec3n b\u1ec1n v\u1eefng c\u1ee7a nh\u00e3n h\u00e0ng Mont Marte tr\u00ean th\u1ecb tr\u01b0\u1eddng th\u1ebf gi\u1edbi.<\/p>\n<p>Trong v\u00f2ng 15 n\u0103m, Mont Marte \u0111\u00e3 tr\u1edf th\u00e0nh th\u01b0\u01a1ng h\u1ec7u d\u1eabn \u0111\u1ea7u th\u1ecb tr\u01b0\u1eddng \u00dac v\u1ec1 c\u00e1c s\u1ea3n ph\u1ea9m ngh\u1ec7 thu\u1eadt v\u00e0 l\u00e0 th\u01b0\u01a1ng hi\u1ec7u \u0111\u01b0\u1ee3c tin d\u00f9ng \u1edf h\u01a1n 75 qu\u1ed1c gia: Trung Qu\u1ed1c, Canada, Ph\u00e1p, Ph\u1ea7n Lan,\u2026<\/p>\n<p>S\u1ea3n ph\u1ea9m Mont Marte kh\u00e1 \u0111a d\u1ea1ng, \u0111\u00e1p \u1ee9ng h\u1ea7u h\u1ebft c\u00e1c nhu c\u1ea7u v\u1ec1 h\u1ecda c\u1ee5 truy\u1ec1n th\u1ed1ng, t\u1eeb s\u01a1n m\u00e0u \u0111\u1ebfn c\u00e1c ph\u1ee5 ki\u1ec7n, s\u1ed5 k\u00ed h\u1ecda, gi\u1ea5y craft,\u2026<\/p>\n<p><img fetchpriority=\"high\" decoding=\"async\" class=\"wp-image-29895 aligncenter\" src=\"https:\/\/havamall.com\/wp-content\/uploads\/2022\/12\/68678-300x300.png\" alt=\"\" width=\"717\" height=\"717\" \/><\/p>\n<p>B\u1ed9 4 G\u00f4m T\u1ea9y Chuy\u00ean Nghi\u1ec7p Mont Marte &#8211; Artist Erasers Signature 4pc &#8211; MAXX0005<\/p>\n<p>Th\u01b0\u01a1ng hi\u1ec7u: Mont Marte<\/p>\n<p>M\u00e3 s\u1ea3n ph\u1ea9m: MAXX0005<\/p>\n<p>B\u1ed9 g\u1ed3m 4 c\u1ee5c g\u00f4m t\u1ea9y si\u00eau m\u1ec1m, t\u1ea9y c\u1ee9ng, t\u1ea9y trung b\u00ecnh v\u00e0 t\u1ea9y \u0111en<\/p>\n<p>G\u00f4m d\u1ebbo l\u00e0 m\u1ed9t c\u00f4ng c\u1ee5 c\u1ea7n thi\u1ebft cho vi\u1ec7c ph\u00e1c h\u1ecda v\u00e0 v\u1ebd b\u1eb1ng ch\u00ec charcoal, pastel v\u00e0 ch\u00ec sketch.<\/p>\n<p>\u0110\u00e1p \u1ee9ng \u0111\u1ea7y \u0111\u1ee7 nhu c\u1ea7u s\u1eed d\u1ee5ng khi v\u1ebd c\u1ee7a b\u1ea1n<\/p>\n<p>Ph\u00f9 h\u1ee3p \u0111\u1ec3 b\u1ea1n x\u00f3a \u0111i nh\u1eefng ph\u1ea7n n\u1ed5i b\u1eadt ho\u1eb7c qu\u00e1 \u0111\u1eadm kh\u00f4ng mong mu\u1ed1n khi v\u1ebd ch\u00ec ho\u1eb7c d\u00f9ng \u0111\u1ec3 ch\u1ea5m nh\u1eefng \u0111i\u1ec3m ch\u00ec than \u0111en v\u00e0o ph\u1ea7n m\u00e0u tr\u1eafng t\u1ea1o \u0111\u1ed9 m\u1edd cho b\u1ee9c tranh.<\/p>\n<p><img decoding=\"async\" class=\"aligncenter\" src=\"https:\/\/havamall.com\/wp-content\/uploads\/2022\/12\/9183f3184ad9f66182928310a305a825.jpg_1200x1200q80.jpg_.webp\" alt='B\u1ed9 4 G\u00f4m T\u1ea9y Chuy\u00ean Nghi\u1ec7p Mont Marte - Artist Erasers Signature 4pc -  MAXX0005 | Lazada.vn' width=\"703\" height=\"703\" \/><\/p>\n<p>B\u1ed9 4 G\u00f4m T\u1ea9y MAXX0005 bao g\u1ed3m:<\/p>\n<p>&#8211; 1 T\u1ea9y Super Soft: Ph\u00f9 h\u1ee3p t\u1ea9y cho b\u1ea3n v\u1ebd l\u1edbn, v\u00ec t\u1ea9y r\u1ea5t m\u1ec1m n\u00ean ph\u00f9 h\u1ee3p t\u1ed1t khi d\u00f9ng cho charcoal v\u00e0 pastel.<\/p>\n<p>&#8211; 1 T\u1ea9y Medium: D\u00f9ng \u0111\u1ec3 t\u1ea9y b\u00ecnh th\u01b0\u1eddng, t\u1ea9y tr\u00ean c\u00e1c gi\u1ea5y m\u1ecfng, t\u1ea9y t\u1ed1t cho charcoal v\u00e0 ch\u00ec sketch.<\/p>\n<p>&#8211; 1 T\u1ea9y Hard: T\u1ea9y m\u1ea1nh, t\u1ea9y \u0111\u01b0\u1ee3c c\u1ea3 cho c\u00e1c gi\u1ea5y c\u1ee9ng.<\/p>\n<p>&#8211; 1 T\u1ea9y \u0110en: T\u1ea9y cho gi\u1ea5y \u0111en v\u00e0 s\u1ebd kh\u00f4ng \u0111\u1ec3 l\u1ea1i v\u1ebft nh\u01b0 t\u1ea9y tr\u1eafng th\u00f4ng th\u01b0\u1eddng<\/p>\n<p><img decoding=\"async\" class=\"aligncenter\" src=\"https:\/\/cf.shopee.vn\/file\/14ec007cbdb574fe1991928f2be253ff\" alt=\"THEARTSHOP] B\u1ed9 4 g\u00f4m t\u1ea9y chuy\u00ean nghi\u1ec7p Mont Marte - E3 Audio Mi\u1ec1n Nam\" width=\"702\" height=\"702\" \/><\/p>","protected":false},"excerpt":{"rendered":"<p>Mont Marte l\u00e0 h\u00e3ng h\u1ecda c\u1ee5 \u0111\u00e3 c\u00f3 m\u1eb7t t\u1ea1i h\u1ec7 th\u1ed1ng c\u1eeda h\u00e0ng c\u1ee7a h\u01a1n 300 t\u1ec9nh th\u00e0nh thu\u1ed9c<\/p>","protected":false},"featured_media":29896,"comment_status":"open","ping_status":"closed","template":"","meta":[],"product_brand":[],"product_cat":[35,395],"product_tag":[],"class_list":{"0":"post-29894","1":"product","2":"type-product","3":"status-publish","4":"has-post-thumbnail","6":"product_cat-nha-cua-doi-song","7":"product_cat-van-phong-pham","8":"pa_brand-mont-marte","10":"first","11":"instock","12":"sale","13":"shipping-taxable","14":"purchasable","15":"product-type-simple"},"_links":{"self":[{"href":"https:\/\/havamall.com\/en\/wp-json\/wp\/v2\/product\/29894","targetHints":{"allow":["GET"]}}],"collection":[{"href":"https:\/\/havamall.com\/en\/wp-json\/wp\/v2\/product"}],"about":[{"href":"https:\/\/havamall.com\/en\/wp-json\/wp\/v2\/types\/product"}],"replies":[{"embeddable":true,"href":"https:\/\/havamall.com\/en\/wp-json\/wp\/v2\/comments?post=29894"}],"version-history":[{"count":0,"href":"https:\/\/havamall.com\/en\/wp-json\/wp\/v2\/product\/29894\/revisions"}],"wp:featuredmedia":[{"embeddable":true,"href":"https:\/\/havamall.com\/en\/wp-json\/wp\/v2\/media\/29896"}],"wp:attachment":[{"href":"https:\/\/havamall.com\/en\/wp-json\/wp\/v2\/media?parent=29894"}],"wp:term":[{"taxonomy":"product_brand","embeddable":true,"href":"https:\/\/havamall.com\/en\/wp-json\/wp\/v2\/product_brand?post=29894"},{"taxonomy":"product_cat","embeddable":true,"href":"https:\/\/havamall.com\/en\/wp-json\/wp\/v2\/product_cat?post=29894"},{"taxonomy":"product_tag","embeddable":true,"href":"https:\/\/havamall.com\/en\/wp-json\/wp\/v2\/product_tag?post=29894"}],"curies":[{"name":"wp","href":"https:\/\/api.w.org\/{rel}","templated":true}]}}