{"id":29898,"date":"2022-12-15T15:57:02","date_gmt":"2022-12-15T08:57:02","guid":{"rendered":"https:\/\/havamall.com\/?post_type=product&#038;p=29898"},"modified":"2025-12-03T04:09:48","modified_gmt":"2025-12-02T21:09:48","slug":"bo-3-mau-chi-than-trang-mont-marte","status":"publish","type":"product","link":"https:\/\/havamall.com\/en\/shop\/bo-3-mau-chi-than-trang-mont-marte\/","title":{"rendered":"B\u1ed9 3 M\u00e0u Ch\u00ec than tr\u1eafng Mont Marte"},"content":{"rendered":"<p dir=\"auto\">Mont Marte l\u00e0 h\u00e3ng h\u1ecda c\u1ee5 \u0111\u00e3 c\u00f3 m\u1eb7t t\u1ea1i h\u1ec7 th\u1ed1ng c\u1eeda h\u00e0ng c\u1ee7a h\u01a1n 300 t\u1ec9nh th\u00e0nh thu\u1ed9c 75 qu\u1ed1c gia tr\u00ean to\u00e0n th\u1ebf gi\u1edbi. \u0110i\u1ec1u n\u00e0y n\u00f3i l\u00ean s\u1ef1 ph\u00e1t tri\u1ec3n b\u1ec1n v\u1eefng c\u1ee7a nh\u00e3n h\u00e0ng Mont Marte tr\u00ean th\u1ecb tr\u01b0\u1eddng th\u1ebf gi\u1edbi.<\/p>\n<p>Trong v\u00f2ng 15 n\u0103m, Mont Marte \u0111\u00e3 tr\u1edf th\u00e0nh th\u01b0\u01a1ng h\u1ec7u d\u1eabn \u0111\u1ea7u th\u1ecb tr\u01b0\u1eddng \u00dac v\u1ec1 c\u00e1c s\u1ea3n ph\u1ea9m ngh\u1ec7 thu\u1eadt v\u00e0 l\u00e0 th\u01b0\u01a1ng hi\u1ec7u \u0111\u01b0\u1ee3c tin d\u00f9ng \u1edf h\u01a1n 75 qu\u1ed1c gia: Trung Qu\u1ed1c, Canada, Ph\u00e1p, Ph\u1ea7n Lan,\u2026<\/p>\n<p>S\u1ea3n ph\u1ea9m Mont Marte kh\u00e1 \u0111a d\u1ea1ng, \u0111\u00e1p \u1ee9ng h\u1ea7u h\u1ebft c\u00e1c nhu c\u1ea7u v\u1ec1 h\u1ecda c\u1ee5 truy\u1ec1n th\u1ed1ng, t\u1eeb s\u01a1n m\u00e0u \u0111\u1ebfn c\u00e1c ph\u1ee5 ki\u1ec7n, s\u1ed5 k\u00ed h\u1ecda, gi\u1ea5y craft,\u2026<\/p>\n<p><img fetchpriority=\"high\" decoding=\"async\" class=\"aligncenter\" src=\"https:\/\/havamall.com\/wp-content\/uploads\/2022\/12\/but_chi_trang_mont_marte_bc566b65e1534d52b90a7a05aa168b65_1024x1024.jpeg\" alt='B\u1ed9 3 b\u00fat ch\u00ec tr\u1eafng Mont Marte' width=\"650\" height=\"650\" \/><\/p>\n<p>Ngo\u00e0i nh\u1eefng c\u00e2y ch\u00ec \u0111en truy\u1ec1n th\u1ed1ng, th\u00ec ch\u00ec tr\u1eafng c\u0169ng l\u00e0 m\u1ed9t c\u00f4ng c\u1ee5 h\u1eefu d\u1ee5ng v\u00e0 \u0111\u1ea7y s\u00e1ng t\u1ea1o<\/p>\n<p>Ch\u00ec than tr\u1eafng Mont Marte c\u00f3 \u0111\u1ed9 hi\u1ec3n th\u1ecb t\u1ed1t, ch\u1ea5t ch\u00ec m\u1ecbn, d\u1ec5 s\u1eed d\u1ee5ng. Th\u00e2n b\u00fat l\u00e0m b\u1eb1ng g\u1ed7 ch\u1ea5t l\u01b0\u1ee3ng cao v\u1eeba mang t\u00ednh th\u1ea9m m\u1ef9, v\u1eeba nh\u1eb9 nh\u00e0ng d\u1ec5 c\u1ea7m. Ch\u00ec tr\u1eafng gi\u00fap t\u1ea1o \u0111i\u1ec3m nh\u1ea5n; t\u1ea1o hi\u1ec7u \u1ee9ng \u00e1nh s\u00e1ng trong tranh. Ho\u1eb7c b\u1ea1n c\u00f3 th\u1ec3 s\u1eed d\u1ee5ng c\u00f9ng gi\u1ea5y \u0111en \u0111\u1ec3 v\u1ebd lu\u00f4n m\u1ed9t t\u00e1c ph\u1ea9m<\/p>\n<p>L\u01b0u \u00fd khi s\u1eed d\u1ee5ng : Do t\u00ednh ch\u1ea5t c\u1ee7a ch\u00ec d\u1ec5 v\u1ee1 , kh\u00f4ng n\u00ean g\u1ecdt b\u1eb1ng g\u1ecdt b\u00fat ch\u00ec , khuy\u1ebfn kh\u00edch s\u1eed d\u1ee5ng dao \u0111\u1ec3 g\u1ecdt ch\u00ec<\/p>\n<p><img decoding=\"async\" class=\"aligncenter\" src=\"https:\/\/havamall.com\/wp-content\/uploads\/2022\/12\/mont-marte-signature-white-charcoal-pencils-2pc-mpn0097-v02-1.jpg\" alt='Ch\u00ec than tr\u1eafng Mont Marte - Set 2 c\u00e2y\/3 c\u00e2y \u2013 Hana Art Shop' \/><\/p>\n<p>&nbsp;<\/p>","protected":false},"excerpt":{"rendered":"<p>Mont Marte l\u00e0 h\u00e3ng h\u1ecda c\u1ee5 \u0111\u00e3 c\u00f3 m\u1eb7t t\u1ea1i h\u1ec7 th\u1ed1ng c\u1eeda h\u00e0ng c\u1ee7a h\u01a1n 300 t\u1ec9nh th\u00e0nh thu\u1ed9c<\/p>","protected":false},"featured_media":29900,"comment_status":"open","ping_status":"closed","template":"","meta":[],"product_brand":[],"product_cat":[35,395],"product_tag":[],"class_list":{"0":"post-29898","1":"product","2":"type-product","3":"status-publish","4":"has-post-thumbnail","6":"product_cat-nha-cua-doi-song","7":"product_cat-van-phong-pham","8":"pa_brand-mont-marte","10":"first","11":"instock","12":"sale","13":"shipping-taxable","14":"purchasable","15":"product-type-simple"},"_links":{"self":[{"href":"https:\/\/havamall.com\/en\/wp-json\/wp\/v2\/product\/29898","targetHints":{"allow":["GET"]}}],"collection":[{"href":"https:\/\/havamall.com\/en\/wp-json\/wp\/v2\/product"}],"about":[{"href":"https:\/\/havamall.com\/en\/wp-json\/wp\/v2\/types\/product"}],"replies":[{"embeddable":true,"href":"https:\/\/havamall.com\/en\/wp-json\/wp\/v2\/comments?post=29898"}],"version-history":[{"count":0,"href":"https:\/\/havamall.com\/en\/wp-json\/wp\/v2\/product\/29898\/revisions"}],"wp:featuredmedia":[{"embeddable":true,"href":"https:\/\/havamall.com\/en\/wp-json\/wp\/v2\/media\/29900"}],"wp:attachment":[{"href":"https:\/\/havamall.com\/en\/wp-json\/wp\/v2\/media?parent=29898"}],"wp:term":[{"taxonomy":"product_brand","embeddable":true,"href":"https:\/\/havamall.com\/en\/wp-json\/wp\/v2\/product_brand?post=29898"},{"taxonomy":"product_cat","embeddable":true,"href":"https:\/\/havamall.com\/en\/wp-json\/wp\/v2\/product_cat?post=29898"},{"taxonomy":"product_tag","embeddable":true,"href":"https:\/\/havamall.com\/en\/wp-json\/wp\/v2\/product_tag?post=29898"}],"curies":[{"name":"wp","href":"https:\/\/api.w.org\/{rel}","templated":true}]}}