{"id":29974,"date":"2022-12-21T11:52:04","date_gmt":"2022-12-21T04:52:04","guid":{"rendered":"https:\/\/havamall.com\/?post_type=product&#038;p=29974"},"modified":"2025-12-03T04:13:25","modified_gmt":"2025-12-02T21:13:25","slug":"duong-mat-mia-tho-nau-huu-co-wangkanai-organic-natural-brown-cane-sugar-500g","status":"publish","type":"product","link":"https:\/\/havamall.com\/en\/shop\/duong-mat-mia-tho-nau-huu-co-wangkanai-organic-natural-brown-cane-sugar-500g\/","title":{"rendered":"\u0110\u01b0\u1eddng M\u1eadt M\u00eda Th\u00f4 N\u00e2u H\u1eefu C\u01a1 Wangkanai \u2013 Organic Natural Brown Cane Sugar 500g"},"content":{"rendered":"<p>\u0110\u01b0\u1eddng m\u00eda th\u00f4 h\u1eefu c\u01a1 Wangkanai Organic xu\u1ea5t x\u1ee9 t\u1eeb Th\u00e1i Lan, \u0111\u01b0\u1ee3c s\u1ea3n xu\u1ea5t t\u1eeb ngu\u1ed3n nguy\u00ean li\u1ec7u khai th\u00e1c t\u1ea1i c\u00e1c ru\u1ed9ng m\u00eda canh t\u00e1c h\u1eefu c\u01a1 m\u00e0 kh\u00f4ng s\u1eed d\u1ee5ng c\u00e1c ch\u1ea5t h\u00f3a h\u1ecdc. S\u1ea3n ph\u1ea9m n\u00e0y \u0111\u01b0\u1ee3c s\u1ea3n xu\u1ea5t theo d\u00e2y chuy\u1ec1n ch\u1ea5t l\u01b0\u1ee3ng ti\u00eau chu\u1ea9n \u0111\u1ec3 \u0111\u1ea1t \u0111\u01b0\u1ee3c ch\u1ea5t l\u01b0\u1ee3ng t\u1ed1t nh\u1ea5t v\u00e0 v\u1ecb ng\u1ecdt t\u1ef1 nhi\u00ean, \u0111\u1ea1t 3 ti\u00eau chu\u1ea9n qu\u1ed1c t\u1ebf uy t\u00edn: USDA, EU v\u00e0 JAS.<\/p>\n<p><img fetchpriority=\"high\" decoding=\"async\" class=\"aligncenter\" src=\"https:\/\/havamall.com\/wp-content\/uploads\/2025\/03\/37a2bd60add70d57956f850b07703c9a.jpg\" alt=\"\u0110\u01b0\u1eddng m\u00eda Wangkanai, Gi\u00e1 c\u1eadp nh\u1eadt 3 gi\u1edd tr\u01b0\u1edbc\" width=\"748\" height=\"748\" \/><\/p>\n<p style=\"text-align: justify\"><span style=\"font-family: arial,helvetica,sans-serif\"><span style=\"font-size: 14px\"><em><strong>USDA\u00a0l\u00e0 t\u1eeb vi\u1ebft t\u1eaft c\u1ee7a B\u1ed9 N\u00f4ng nghi\u1ec7p Hoa K\u1ef3 (United States Department of Agriculture)<\/strong><\/em>\u00a0&#8211; <\/span><\/span><span style=\"font-family: arial,helvetica,sans-serif\"><span style=\"font-size: 14px\"><strong>Ch\u1ee9ng nh\u1eadn h\u1eefu c\u01a1 c\u1ee7a B\u1ed9 N\u00f4ng Nghi\u1ec7p Hoa K\u1ef3, \u1ee6y ban H\u1eefu c\u01a1 Qu\u1ed1c gia (USDA)\u00a0<\/strong>l\u00e0<strong>\u00a0<\/strong>ch\u1ee9ng nh\u1eadn ti\u00eau chu\u1ea9n h\u1eefu c\u01a1 nghi\u00eam ng\u1eb7t nh\u1ea5t. C\u01a1 quan n\u00e0y y\u00eau c\u1ea7u s\u1ea3n ph\u1ea9m ch\u1ee9a 95% th\u00e0nh ph\u1ea7n h\u1eefu c\u01a1 m\u1edbi \u0111\u01b0\u1ee3c s\u1eed d\u1ee5ng logo c\u1ee7a h\u1ecd. Ngo\u00e0i ra, c\u01a1 quan n\u00e0y c\u0169ng kh\u00f4ng cho ph\u00e9p s\u1eed d\u1ee5ng ch\u1ea5t b\u1ea3o qu\u1ea3n t\u1ed5ng h\u1ee3p v\u00e0 h\u1ea7u h\u1ebft c\u00e1c th\u00e0nh ph\u1ea7n h\u00f3a h\u1ecdc khi ch\u1ebf bi\u1ebfn c\u0169ng nh\u01b0 c\u00e1c ho\u1ea1t \u0111\u1ed9ng h\u1eefu c\u01a1 ph\u1ea3i ch\u1ee9ng minh r\u1eb1ng h\u1ecd \u0111ang b\u1ea3o v\u1ec7 t\u00e0i nguy\u00ean thi\u00ean nhi\u00ean, b\u1ea3o t\u1ed3n \u0111a d\u1ea1ng sinh h\u1ecdc.<\/span><\/span><\/p>\n<p style=\"text-align: center\"><img decoding=\"async\" style=\"font-family: arial,helvetica,sans-serif;font-size: 14px;height: 349px;width: 600px\" src=\"https:\/\/havamall.com\/wp-content\/uploads\/2022\/12\/img-product-1000268.png\" alt=\"CH\u1ee8NG NH\u1eacN H\u1eeeU C\u01a0 USDA L\u00c0 G\u00cc?\" \/><\/p>\n<p><strong>\u0110\u01b0\u01a1\u0300ng mi\u0301a th\u00f4<\/strong>\u00a0la\u0300 n\u01b0\u01a1\u0301c mi\u0301a kh\u00f4 nguy\u00ean ch\u00e2\u0301t \u0111\u01b0\u01a1\u0323c \u0111un n\u1ea5u c\u00f4 \u0111\u0103\u0323c tr\u00ean ch\u1ea3o gang theo quy tr\u00ecnh th\u1ee7 c\u00f4ng truy\u1ec1n th\u1ed1ng (l\u1ea5y b\u00e3 m\u00eda l\u00e0m c\u1ee7i, l\u1ecdc n\u00f3ng b\u1eb1ng chum g\u1ed1m, khu\u1ea5y \u0111\u01b0\u1eddng v\u00e0 \u0111\u1ed5 khu\u00f4n b\u1eb1ng v\u1eadt li\u1ec7u g\u1ed7 t\u1ef1 nhi\u00ean) c\u00f3 b\u1ed5 sung h\u1ec7 th\u1ed1ng l\u1ecdc ngu\u1ed9i g\u1ed3m l\u1ecdc ng\u01b0\u1ee3c, l\u1ecdc xu\u00f4i k\u1ebft h\u1ee3p.<\/p>\n<p>Chi\u0301nh m\u00e2\u0323t trong<strong>\u00a0\u0111\u01b0\u01a1\u0300ng m\u1eadt mi\u0301a th\u00f4<\/strong>\u00a0giu\u0301p mo\u0301n ngo\u0323t tr\u01a1\u0309 n\u00ean b\u00f4\u0309 d\u01b0\u01a1\u0303ng, la\u0300nh ma\u0323nh, quy\u0301 gia\u0301. Kha\u0301c bi\u1ec7t v\u01b0\u1ee3t tr\u1ed9i so v\u1edbi \u0111\u01b0\u01a1\u0300ng ca\u0301t \u0111a\u0303 ta\u0301ch m\u00e2\u0323t, \u201cvi\u0323 ngo\u0323t\u201d cu\u0309a b\u00ea\u0323nh t\u00e2\u0323t v\u00e0 r\u00f4\u0301i loa\u0323n chuy\u00ea\u0309n ho\u0301a ph\u1ed5 bi\u1ebfn hi\u1ec7n nay.<\/p>\n<p>\u0110\u01b0\u01a1\u0300ng mi\u0301a th\u00f4 co\u0300n co\u0301 nhi\u00ea\u0300u t\u00ean go\u0323i d\u00e2n gian kha\u0301c nh\u01b0 \u0111\u01b0\u01a1\u0300ng ba\u0301t (Qua\u0309ng N\u00f4m), \u0111\u01b0\u01a1\u0300ng ph\u00ean (Ngh\u00ea\u0323 An), \u0111\u01b0\u01a1\u0300ng the\u0309,\u00a0<strong>\u0111\u01b0\u01a1\u0300ng m\u00e2\u0323t mi\u0301a<\/strong>.<\/p>\n<p><strong>\u0110\u01b0\u1eddng m\u1eadt m\u00eda<\/strong>\u00a0\u0111\u01a1n gi\u1ea3n ch\u1ec9 l\u00e0 n\u01b0\u1edbc m\u00eda \u00e9p ra sau \u0111\u00f3 \u0111\u01b0\u1ee3c c\u00f4 \u0111\u1eb7c tr\u00ean b\u1ebfp l\u1eeda b\u1eb1ng c\u00e1ch \u0111un n\u1ea5u<\/p>\n<p>\u0110\u01b0\u01a1\u0300ng mi\u0301a th\u00f4 (jaggery) va\u0300 \u0111\u01b0\u01a1\u0300ng tinh luy\u00ea\u0323n, \u0111\u01b0\u01a1\u0300ng ca\u0301t (refined sugar) la\u0300 nh\u1eefng ch\u1ea5t l\u00e0m ng\u1ecdt th\u01b0\u1eddng \u0111\u01b0\u1ee3c s\u1eed d\u1ee5ng tr\u00ean to\u00e0n th\u1ebf gi\u1edbi. M\u1eb7c d\u00f9 \u0111\u01b0\u1eddng m\u00eda th\u00f4 v\u00e0 \u0111\u01b0\u1eddng tinh luy\u00ea\u0323n \u0111\u00ea\u0300u la\u0300m t\u01b0\u0300 n\u01b0\u01a1\u0301c mi\u0301a nh\u01b0ng b\u1ea3n ch\u1ea5t kh\u00e1c bi\u1ec7t r\u00f5 r\u1ec7t.<\/p>\n<p><img decoding=\"async\" class=\"wp-image-21337 aligncenter\" src=\"https:\/\/havamall.com\/wp-content\/uploads\/2021\/08\/jk-300x167.png\" alt=\"\" width=\"769\" height=\"428\" \/><\/p>\n<h3>Kh\u00e1c bi\u1ec7t trong th\u00e0nh ph\u1ea7n:<\/h3>\n<ul>\n<li><strong>\u0110\u01b0\u1eddng c\u00e1t \u0111\u01b0\u1eddng tinh luy\u1ec7n:<\/strong>\u00a099.9% saccarose \/ saccarozo kh\u00f4ng c\u00f3 ho\u1eb7c r\u1ea5t \u00edt m\u1eadt ( molasses ) t\u00f9y v\u00e0o m\u00e0u s\u1eafc. \u00a0Saccarose\u00a0 th\u01b0\u1eddng \u0111\u01b0\u1ee3c g\u1ecdi l\u00e0 \u0111\u01b0\u1eddng m\u00eda.<\/li>\n<li><strong>\u0110\u01b0\u1eddng m\u1eadt m\u00eda th\u00f4:<\/strong>\u00a050% saccarose &amp; 50% molasses (khi \u0111o \u1edf d\u1ea1ng s\u1ec7t). T\u00ean ti\u1ebfng anh c\u1ee7a \u0111\u01b0\u1eddng m\u00eda th\u00f4 l\u00e0 jaggery<\/li>\n<\/ul>\n<h3>Kh\u00e1c bi\u1ec7t trong m\u00e0u s\u0103\u0301c<\/h3>\n<ul>\n<li><strong>\u0110\u01b0\u01a1\u0300ng ca\u0301t, \u0111\u01b0\u1eddng tinh luy\u00ea\u0323n:<\/strong>\u00a0\u0111\u01b0\u1eddng \u0111\u00e3 b\u1ecb ta\u0301ch m\u00e2\u0323t ( molasses ), co\u0301 nhi\u00ea\u0300u t\u00ean go\u0323i kha\u0301c nhau c\u00f9ng va\u0300i phi\u00ean ba\u0309n na n\u00e1 nhau nh\u01b0 \u0111\u01b0\u01a1\u0300ng ca\u0301t nga\u0300, \u0111\u01b0\u01a1\u0300ng ta\u0301ch m\u00e2\u0323t, \u0111\u01b0\u01a1\u0300ng ly t\u00e2m, \u0111\u01b0\u01a1\u0300ng m\u01a1, \u0111\u01b0\u01a1\u0300ng mi\u0301a h\u01b0\u0303u c\u01a1 Th\u00e1i Lan, \u0111\u01b0\u01a1\u0300ng va\u0300ng, \u0111\u01b0\u01a1\u0300ng n\u00e2u, \u0111\u01b0\u01a1\u0300ng \u0111en.\u00a0 Ch\u00fang \u0111\u1ec1u c\u00f9ng m\u1ed9t b\u1ea3n ch\u1ea5t la\u0300 \u0111a\u0303 bi\u0323 ta\u0301ch m\u00e2\u0323t. Ma\u0300u s\u0103\u0301c cu\u0309a \u0111\u01b0\u01a1\u0300ng phu\u0323 thu\u00f4\u0323c va\u0300o ti\u0309 l\u00ea\u0323 m\u00e2\u0323t bi\u0323 ta\u0301ch ra nh\u01b0 \u0111\u01b0\u01a1\u0300ng tr\u0103\u0301ng (t\u00e1ch 100% m\u1eadt); ca\u0301t nga\u0300, ca\u0301t va\u0300ng, ca\u0301t m\u01a1 (t\u00e1ch kho\u1ea3ng 98% m\u1eadt); \u0111\u01b0\u01a1\u0300ng ca\u0301t n\u00e2u (t\u00e1ch kho\u1ea3ng 95% m\u1eadt), \u0111\u01b0\u01a1\u0300ng ca\u0301t \u0111en (t\u00e1ch kho\u1ea3n 90% l\u01b0\u01a1\u0323ng m\u1eadt quy\u0301 gia\u0301). \u0110o\u0301 la\u0300 ch\u01b0a k\u00ea\u0309 \u0111\u00ea\u0301n nhi\u00ea\u0300u sa\u0309n ph\u00e2\u0309m \u0111\u01b0\u01a1\u0300ng ca\u0301t bi\u0323 t\u00e2\u0309y r\u01b0\u0309a va\u0300 s\u01b0\u0309 du\u0323ng nhi\u00ea\u0300u ho\u0301a ch\u00e2\u0301t sa\u0309n xu\u00e2\u0301t \u0111\u01b0\u01a1\u0300ng tinh luy\u00ea\u0323n.<\/li>\n<li><strong>\u0110\u01b0\u01a1\u0300ng mi\u0301a th\u00f4:<\/strong>\u00a0ch\u01b0a b\u1ecb t\u00e1ch m\u1eadt, gi\u1eef nguy\u00ean v\u1eb9n 100% m\u1eadt n\u00ean co\u0301 n\u00e2u sa\u0301ng, ma\u0300u n\u00e2u, n\u00e2u \u0111en s\u1eabm t\u00f9y thu\u1ed9c v\u00e0o m\u01b0\u0301c \u0111\u00f4\u0323 n\u00e2\u0301u, th\u01a1\u0300i ti\u00ea\u0301t lu\u0301c thu hoa\u0323ch, ch\u00e2\u0301t \u0111\u00e2\u0301t, ph\u01b0\u01a1ng pha\u0301p canh ta\u0301c va\u0300 gi\u00f4\u0301ng mi\u0301a. Gi\u00f4\u0301ng mi\u0301a ti\u0301m cho ra \u0111\u01b0\u01a1\u0300ng ma\u0300u n\u00e2u s\u00e2\u0303m v\u00e0 gi\u00f4\u0301ng mi\u0301a tr\u0103\u0301ng cho ra \u0111\u01b0\u01a1\u0300ng ma\u0300u nha\u0323t h\u01a1n.<\/li>\n<\/ul>\n<h3>Kha\u0301c bi\u00ea\u0323t trong h\u01b0\u01a1ng vi\u0323<\/h3>\n<ul>\n<li>\u0110\u01b0\u01a1\u0300ng ca\u0301t tinh luy\u00ea\u0323n co\u0301 vi\u0323 ngo\u0323t.<\/li>\n<li>\u0110\u01b0\u01a1\u0300ng mi\u0301a th\u00f4 \u0111a vi\u0323 g\u1ed3m ngo\u0323t, chua, \u0111\u0103\u0301ng, m\u0103\u0323n va\u0300 c\u00f3 m\u00f9i m\u1eadt th\u01a1m n\u1ed3ng \u0111\u1eb7c tr\u01b0ng, d\u1ec5 l\u00e2\u0301n l\u01b0\u01a1\u0301t ca\u0309 ma\u0300u va\u0300 mu\u0300i cu\u0309a nhi\u00ea\u0300u nguy\u00ean li\u00ea\u0323u kh\u00e1c khi k\u1ebft h\u1ee3p.<\/li>\n<\/ul>\n<p>H\u01a1n n\u1eefa, \u0111\u01b0\u1eddng mi\u0301a th\u00f4 l\u00e0 r\u1ea5t t\u1ed1t trong vai tro\u0300 la\u0300 1 ta\u0301c nh\u00e2n l\u00e0m s\u1ea1ch. N\u00f3 l\u00e0m s\u1ea1ch ph\u1ed5i, d\u1ea1 d\u00e0y, ru\u1ed9t, th\u1ef1c qu\u1ea3n v\u00e0 \u0111\u01b0\u1eddng h\u00f4 h\u1ea5p. Nh\u1eefng ng\u01b0\u1eddi la\u0300m vi\u00ea\u0323c trong bu\u0323i b\u0103\u0323m nh\u01b0 ca\u0309nh sa\u0301t giao th\u00f4ng, ki\u0303 s\u01b0 c\u00f4ng tri\u0300nh, \u0111i ngoa\u0300i \u0111\u01b0\u01a1\u0300ng bu\u0323i b\u0103\u0323m \u0111\u01b0\u1ee3c khuy\u1ebfn kh\u00edch d\u00f9ng m\u1ed9t li\u1ec1u \u0111\u01b0\u01a1\u0300ng mi\u0301a th\u00f4 h\u0103\u0300ng nga\u0300y . \u0110\u01b0\u01a1\u0300ng mi\u0301a th\u00f4 co\u0301 th\u00ea\u0309 tr\u01a1\u0323 giu\u0301p cho ca\u0301c b\u1ec7nh nh\u01b0 hen suy\u1ec5n, ho, c\u1ea3m l\u1ea1nh, v\u00e0 t\u1eafc ngh\u1ebdn trong l\u1ed3ng ng\u1ef1c. \u01a0\u0309 \u00c2\u0301n \u0110\u00f4\u0323 ng\u01b0\u01a1\u0300i ta s\u01b0\u0309 du\u0323ng \u0111\u01b0\u01a1\u0300ng mi\u0301a th\u00f4 cho 1 s\u00f4\u0301 mo\u0301n \u0103n nhe\u0323 nh\u0103\u0300m giu\u0301p s\u01b0\u01a1\u0309i \u00e2\u0301m c\u01a1 th\u00ea\u0309 trong mu\u0300a \u0111\u00f4ng.<\/p>\n<h3><strong>C\u00f4ng d\u1ee5ng s\u1ea3n ph\u1ea9m:<\/strong><\/h3>\n<p>\u2013 Cung c\u1ea5p mu\u1ed1i kho\u00e1ng v\u00e0 mu\u1ed1i s\u1eaft (iron) r\u00e2\u0301t t\u1ed1t cho s\u1ee9c kh\u1ecfe. \u0110\u1eb7c bi\u1ec7t \u0111\u1ed1i v\u1edbi nh\u1eefng ng\u01b0\u1eddi b\u1ecb thi\u1ebfu m\u00e1u ho\u1eb7c thi\u1ebfu s\u1eaft.<\/p>\n<p>\u2013 L\u00e0m s\u1ea1ch ph\u1ed5i, d\u1ea1 d\u00e0y, ru\u1ed9t, th\u1ef1c qu\u1ea3n v\u00e0 \u0111\u01b0\u1eddng h\u00f4 h\u1ea5p.<\/p>\n<p>\u2013 H\u1ed7 tr\u1ee3 b\u1ec7nh ca\u0301c b\u1ec7nh nh\u01b0 hen suy\u1ec5n, ho, c\u1ea3m l\u1ea1nh, v\u00e0 t\u1eafc ngh\u1ebdn trong l\u1ed3ng ng\u1ef1c.<\/p>\n<p><img decoding=\"async\" class=\"aligncenter\" src=\"https:\/\/havamall.com\/wp-content\/uploads\/2022\/11\/8850456104997_x2.jpg\" alt=\"\u0e27\u0e31\u0e07\u0e02\u0e19\u0e32\u0e22\u0e19\u0e49\u0e33\u0e15\u0e32\u0e25\u0e17\u0e23\u0e32\u0e22\u0e41\u0e14\u0e07\u0e2d\u0e2d\u0e23\u0e4c\u0e41\u0e01\u0e19\u0e34\u0e04 500\u0e01\u0e23\u0e31\u0e21 | Tops online\" \/><\/p>\n<h3>Kh\u00e1c bi\u1ec7t trong sa\u0309n xu\u00e2\u0301t<\/h3>\n<p>Giai \u0111o\u1ea1n \u0111\u1ea7u ti\u00ean c\u1ee7a qu\u00e1 tr\u00ecnh s\u1ea3n xu\u1ea5t \u0111\u01b0\u1eddng mi\u0301a th\u00f4 v\u00e0 \u0111\u01b0\u1eddng tinh luy\u00ea\u0323n \u0111\u1ec1u nh\u01b0 nhau l\u00e0 \u0111un s\u00f4i c\u00f4 \u0111\u1eb7c n\u01b0\u1edbc m\u00eda.<\/p>\n<ul>\n<li><strong>\u0110\u01b0\u1eddng tinh luy\u00ea\u0323n:<\/strong>\u00a0sau khi c\u00f4 \u0111\u1eb7c, m\u00e2\u0323t (mollasse) \u0111\u01b0\u1ee3c ta\u0301ch ra kh\u1ecfi sacarose b\u1eb1ng c\u00e1ch \u0111\u1ec3 im cho t\u00e1ch 2 l\u1edbp ho\u1eb7c t\u00e1ch ly t\u00e2m b\u1eb1ng m\u00e1y, l\u00e0m s\u1ea1ch ph\u1ea7n k\u1ebft tinh sacarose\u00a0 th\u00e0nh tr\u1eafng, v\u00e0ng n\u00e2u, \u0111en , loa\u0323i bo\u0309 h\u00ea\u0301t mo\u0323i tha\u0300nh ph\u00e2\u0300n phu\u0323 trong n\u01b0\u01a1\u0301c mi\u0301a,\u00a0 th\u00e0nh ph\u1ea9m k\u1ebft tinh thu \u0111\u01b0\u1ee3c l\u00e0 \u0111\u01b0\u01a1\u0300ng ca\u0301t, \u0111\u01b0\u01a1\u0300ng tinh luy\u00ea\u0323n.<\/li>\n<li><strong>\u0110\u01b0\u01a1\u0300ng m\u1eadt m\u00eda:<\/strong>\u00a0sau khi \u0111un s\u00f4i, cho n\u01b0\u01a1\u0301c v\u00f4i trong va\u0300o \u0111\u00ea\u0309 v\u01a1\u0301t bo\u0323t v\u1edbt ph\u1ea5n m\u00eda l\u00e1 m\u00eda c\u00f2n s\u00f3t l\u1ea1i, tuy\u00ea\u0323t \u0111\u00f4\u0301i kh\u00f4ng x\u01b0\u0309 ly\u0301 b\u0103\u0300ng b\u00e2\u0301t c\u01b0\u0301 loa\u0323i than hay tinh ch\u00ea\u0301 , hay t\u00e1ch hay loa\u0323i bo\u0309 tha\u0300nh ph\u00e2\u0300n na\u0300o.\u00a0 H\u00f4\u0303n h\u01a1\u0323p n\u01b0\u01a1\u0301c mi\u0301a \u0111\u01b0\u01a1\u0323c \u0111\u01b0\u1ee3c \u0111un s\u00f4i v\u00e0 \u0111un s\u00f4i li\u00ean t\u1ee5c cho \u0111\u1ebfn khi c\u00f4 \u0111\u0103\u0323c va\u0300 \u0111\u00f4\u0309 khu\u00f4n th\u00e0nh \u0111\u01b0\u1eddng m\u00eda th\u00f4.<\/li>\n<\/ul>\n<p>Nh\u1eefng ng\u01b0\u1eddi th\u1ee3 l\u00e0nh ngh\u1ec1 c\u00f3 k\u1ef9 thu\u1eadt \u0111\u1eb7c bi\u1ec7t \u0111\u1ec3 n\u1ea5u cho \u0111\u01b0\u1eddng c\u00f4 \u0111\u1eb7c, \u0111\u1ea1t v\u1ecb ng\u1ecdt chu\u1ea9n nh\u1ea5t. \u0110i\u1ec1u quang tr\u1ecdng h\u00e0ng \u0111\u1ea7u l\u00e0 nguy\u00ean li\u1ec7u m\u00eda ph\u1ea3i th\u1eadt t\u01b0\u01a1i, tr\u01b0\u0303 ma\u0301t la\u0323nh nhi\u00ea\u0323t th\u00e2\u0301p, t\u1ed1t nh\u1ea5t l\u00e0 thu hoa\u0323ch v\u00e0 n\u00e2\u0301u ngay t\u1ea1i ru\u1ed9ng m\u00eda, kh\u00f4ng v\u00e2\u0323n chuy\u00ea\u0309n \u0111i qua\u0301 xa. Th\u00f4ng th\u01b0\u01a1\u0300ng, m\u00eda \u0111\u01b0\u1ee3c thu ho\u1ea1ch v\u00e0 n\u1ea5u trong 3 ng\u00e0y v\u00e0o m\u00f9a \u0111\u00f4ng l\u1ea1nh.<\/p>\n<figure id=\"attachment_234336\" class=\"wp-caption aligncenter\"><img decoding=\"async\" class=\"size-full wp-image-234336\" title=\"\u0110\u01b0\u1eddng M\u00eda Th\u00f4 5\" src=\"https:\/\/havamall.com\/wp-content\/uploads\/2022\/12\/quytrinhsanxuatduongmia.jpg\" alt=\"\" width=\"800\" height=\"533\" \/><figcaption id=\"caption-attachment-234336\" class=\"wp-caption-text\">\u0110\u01b0\u1eddng m\u1eadt m\u00eda \u0111\u01b0\u1ee3c s\u1ea3n xu\u1ea5t nguy\u00ean v\u1eb9n<\/p>\n<h2>CA\u0301CH BA\u0309O QUA\u0309N \u0110\u01af\u1edcNG M\u00cdA<\/h2>\n<ul>\n<li>L\u00e2\u0301y \u0111\u01b0\u01a1\u0300ng ra kho\u0309i t\u00fai, cho va\u0300o hu\u0309 nh\u01b0\u0323a ho\u1eb7c thu\u0309y tinh. Vui lo\u0300ng kh\u00f4ng \u0111\u1ec3 \u0111\u01b0\u01a1\u0300ng nguy\u00ean trong h\u00f4\u0323p gi\u00e2\u0301y vi\u0300 d\u00ea\u0303 hu\u0301t \u00e2\u0309m, co\u0301 th\u00ea\u0309 g\u00e2y m\u00f4\u0301c.<\/li>\n<li>N\u00ea\u0301u n\u00e2\u0301u \u0103n m\u00f4\u0303i nga\u0300y, quan sa\u0301t th\u1ea5y \u0111\u01b0\u01a1\u0300ng bi\u0323 \u00e2\u0309m, s\u00e2\u0301y trong lo\u0300 40 phu\u0301t, nhi\u00ea\u0323t 40 \u0111\u00f4\u0323 ho\u0103\u0323c ph\u01a1i d\u01b0\u01a1\u0301i n\u0103\u0301ng tr\u1eddi.<\/li>\n<li>N\u00ea\u0301u i\u0301t n\u00e2\u0301u \u0103n ho\u0103\u0323c l\u01b0u tr\u01b0\u0303 \u0111\u00ea\u0309 da\u0300nh l\u00e2u nga\u0300y, l\u00e2\u0301y \u0111\u01b0\u01a1\u0300ng ra kho\u0309i h\u00f4\u0323p, cho va\u0300o hu\u0309, bi\u0323ch nh\u01b0\u0323a ho\u0103\u0323c thu\u0309y tinh r\u00f4\u0300i \u0111\u1eb7t trong ng\u0103n ma\u0301t tu\u0309 la\u0323nh. Kh\u00f4ng bo\u0309 nguy\u00ean h\u00f4\u0323p gi\u00e2\u0301y va\u0300o tu\u0309 la\u0323nh.<\/li>\n<li>N\u00ea\u0301u ba\u0323n m\u01a1\u0301i s\u01b0\u0309 du\u0323ng \u0111\u01b0\u01a1\u0300ng mi\u0301a th\u00f4 l\u00e2\u0300n \u0111\u00e2\u0300u ho\u0103\u0323c ch\u01b0a quen thu\u00f4\u0323c, t\u00f4\u0301t nh\u00e2\u0301t tr\u01b0\u0303 tu\u0309 la\u0323nh b\u01a1\u0309i vi\u0300 \u0111\u01b0\u01a1\u0300ng mi\u0301a th\u00f4 co\u0301 l\u01b0\u01a1\u0323ng m\u00e2\u0323t l\u01a1\u0301n, n\u00ean r\u00e2\u0301t d\u00ea\u0303 hu\u0301t \u00e2\u0309m, kh\u00f4ng c\u00e2\u0309n th\u00e2\u0323n trong ba\u0309o qua\u0309n co\u0301 th\u00ea\u0309 se\u0303 bi\u0323 m\u00f4\u0301c.<\/li>\n<\/ul>\n<p><strong>\u0110\u01b0\u01a1\u0300ng mi\u0301a<\/strong>\u00a0\u0111\u00e2\u0300u vu\u0323 m\u01a1\u0301i n\u00e2\u0301u se\u0303 co\u0301 mu\u0300i h\u01b0\u01a1ng \u0111\u00e2\u0323m h\u01a1n khi l\u01b0u tr\u01b0\u0303 la\u0323i l\u00e2u h\u01a1n mu\u0300i se\u0303 nha\u0323t \u0111i. Tuy nhi\u00ean vi\u00ea\u0323c l\u01b0u tr\u01b0\u0303 ( aging ) 1 sa\u0309n ph\u00e2\u0309m lu\u00f4n co\u0301 \u0111i\u00ea\u0309m l\u01a1\u0323i cu\u0309a no\u0301, \u0111\u00f4\u0301i v\u01a1\u0301i \u0111\u01b0\u01a1\u0300ng mi\u0301a th\u00f4 aging \u0111\u01b0\u01a1\u0300ng se\u0303 giu\u0301p \u0111\u01b0\u01a1\u0300ng di\u0323u vi\u0323 ,b\u00f4ng nhe\u0323 h\u01a1n d\u00ea\u0303 cho vi\u00ea\u0323c la\u0300m ba\u0301nh h\u01a1n.<\/p>\n<\/figcaption><\/figure>","protected":false},"excerpt":{"rendered":"<p>\u0110\u01b0\u1eddng m\u00eda th\u00f4 h\u1eefu c\u01a1 Wangkanai Organic xu\u1ea5t x\u1ee9 t\u1eeb Th\u00e1i Lan, \u0111\u01b0\u1ee3c s\u1ea3n xu\u1ea5t t\u1eeb ngu\u1ed3n nguy\u00ean li\u1ec7u khai<\/p>","protected":false},"featured_media":29975,"comment_status":"open","ping_status":"closed","template":"","meta":[],"product_brand":[],"product_cat":[730,595,36,256,134],"product_tag":[],"class_list":{"0":"post-29974","1":"product","2":"type-product","3":"status-publish","4":"has-post-thumbnail","6":"product_cat-cac-nuoc-khac","7":"product_cat-gia-vi-va-che-bien","8":"product_cat-thuc-pham-tieu-dung","9":"product_cat-thuc-pham-huu-co","10":"product_cat-thucpham-saykho","12":"first","13":"instock","14":"sale","15":"shipping-taxable","16":"purchasable","17":"product-type-simple"},"_links":{"self":[{"href":"https:\/\/havamall.com\/en\/wp-json\/wp\/v2\/product\/29974","targetHints":{"allow":["GET"]}}],"collection":[{"href":"https:\/\/havamall.com\/en\/wp-json\/wp\/v2\/product"}],"about":[{"href":"https:\/\/havamall.com\/en\/wp-json\/wp\/v2\/types\/product"}],"replies":[{"embeddable":true,"href":"https:\/\/havamall.com\/en\/wp-json\/wp\/v2\/comments?post=29974"}],"version-history":[{"count":0,"href":"https:\/\/havamall.com\/en\/wp-json\/wp\/v2\/product\/29974\/revisions"}],"wp:featuredmedia":[{"embeddable":true,"href":"https:\/\/havamall.com\/en\/wp-json\/wp\/v2\/media\/29975"}],"wp:attachment":[{"href":"https:\/\/havamall.com\/en\/wp-json\/wp\/v2\/media?parent=29974"}],"wp:term":[{"taxonomy":"product_brand","embeddable":true,"href":"https:\/\/havamall.com\/en\/wp-json\/wp\/v2\/product_brand?post=29974"},{"taxonomy":"product_cat","embeddable":true,"href":"https:\/\/havamall.com\/en\/wp-json\/wp\/v2\/product_cat?post=29974"},{"taxonomy":"product_tag","embeddable":true,"href":"https:\/\/havamall.com\/en\/wp-json\/wp\/v2\/product_tag?post=29974"}],"curies":[{"name":"wp","href":"https:\/\/api.w.org\/{rel}","templated":true}]}}