{"id":29991,"date":"2022-12-21T16:59:40","date_gmt":"2022-12-21T09:59:40","guid":{"rendered":"https:\/\/havamall.com\/?post_type=product&#038;p=29991"},"modified":"2026-01-31T16:59:50","modified_gmt":"2026-01-31T09:59:50","slug":"dung-cu-nhoi-lap-xuong-xuc-xich-bang-tay-tien-loi-kem-2-pheu","status":"publish","type":"product","link":"https:\/\/havamall.com\/en\/shop\/dung-cu-nhoi-lap-xuong-xuc-xich-bang-tay-tien-loi-kem-2-pheu\/","title":{"rendered":"D\u1ee5ng C\u1ee5 Nh\u1ed3i L\u1ea1p X\u01b0\u1edfng X\u00fac X\u00edch b\u1eb1ng Tay Ti\u1ec7n L\u1ee3i K\u00e8m 2 Ph\u1ec5u"},"content":{"rendered":"<p>L\u00e0m x\u00fac x\u00edch hay l\u1ea1p x\u01b0\u1edfng t\u1ea1i nh\u00e0 c\u00f4ng \u0111o\u1ea1n m\u1ea5t th\u1eddi gian nh\u1ea5t v\u1eabn l\u00e0 nh\u1ed3i th\u1ecbt v\u00e0o v\u1ecf x\u00fac x\u00edch Collagen. \u0110\u1ec3 gi\u00fap b\u1ea1n l\u00e0m x\u00fac x\u00edch, l\u1ea1p x\u01b0\u1edfng nhanh ch\u00f3ng d\u1ec5 d\u00e0ng h\u01a1n th\u00ec Havamall \u0111\u00e3 c\u00f3 d\u1ee5ng c\u1ee5 nh\u1ed3i x\u00fac x\u00edch v\u00f4 c\u00f9ng ti\u1ec7n l\u1ee3i<\/p>\n<p><img fetchpriority=\"high\" decoding=\"async\" class=\"aligncenter\" src=\"https:\/\/havamall.com\/wp-content\/uploads\/2022\/12\/53fbfa957b7613c0e8b2a0952efb1650.jpg\" alt=\"D\u1ee5ng c\u1ee5 nh\u1ed3i x\u00fac x\u00edch, l\u1ea1p x\u01b0\u1edfng h\u00e0ng cao c\u1ea5p thao t\u00e1c r\u1ec5 r\u00e0ng | Tiki\" width=\"827\" height=\"827\" \/><\/p>\n<div class=\"tab-float\">\n<div id=\"tab-1\" class=\"tab-content content_extab current\">\n<div class=\"rte section expand\">\n<div id=\"content\">\n<p>&nbsp;<\/p>\n<h2><strong>\u0110\u1eb7c \u0111i\u1ec3m n\u1ed5i b\u1eadt c\u1ee7a s\u1ea3n ph\u1ea9m<\/strong><\/h2>\n<p>&#8211; Ch\u1ea5t li\u1ec7u: \u1ed0ng nh\u1ef1a tr\u1eafng \u0111\u1ea3m b\u1ea3o v\u1ec7 sinh (B\u1ed9 d\u1ee5ng c\u1ee5 nh\u1ed3i ch\u1ea5t li\u1ec7u nh\u1ef1a PP \u0111\u01b0\u1ee3c cho l\u00e0 an to\u00e0n nh\u1ea5t d\u00f9ng \u0111\u1ec3 b\u1ea3o qu\u1ea3n v\u00e0 s\u1eed d\u1ee5ng trong th\u1ef1c ph\u1ea9m \u0103n u\u1ed1ng).<\/p>\n<p>&#8211; T\u1ef1 l\u00e0m x\u00fac x\u00edch, l\u1ea1p x\u01b0\u1edfng, d\u1ed3i, m\u1ef1c nh\u1ed3i.. t\u1ea1i nh\u00e0 tuy \u0111\u01a1n gi\u1ea3n nh\u01b0 s\u1ebd r\u1ea5t m\u1ea5t c\u00f4ng n\u1ebfu b\u1ea1n kh\u00f4ng c\u00f3 d\u1ee5ng c\u1ee5 nh\u1ed3i x\u00fac x\u00edch b\u1eb1ng tay n\u00e0y. \u0110\u00f9n nhanh g\u1ecdn, nh\u1ed3i 3 Kg th\u1ecbt t\u01b0\u01a1ng \u0111\u01b0\u01a1ng 15m x\u00fac x\u00edch ch\u1ec9 m\u1ea5t 10 ph\u00fat. Th\u1ecbt \u0111\u01b0\u1ee3c nh\u1ed3i \u0111\u1ec1u, \u0111\u1eb9p m\u1eaft<\/p>\n<p>&#8211; Tr\u1ecdng l\u01b0\u1ee3ng: 500g S\u1eed d\u1ee5ng \u0111\u01a1n gi\u1ea3n, d\u1ec5 d\u00e0ng v\u1ec7 sinh sau m\u1ed7i l\u1ea7n s\u1eed d\u1ee5ng.<\/p>\n<p>&#8211; C\u00f4ng d\u1ee5ng: D\u00f9ng l\u00e0m v\u1ecf nh\u1ed3i x\u00fac x\u00edch, l\u1ea1p x\u01b0\u1edfng.<\/p>\n<p>B\u1ed9 d\u1ee5ng c\u1ee5 nh\u1ed3i ch\u1ea5t li\u1ec7u nh\u1ef1a PP \u0111\u01b0\u1ee3c cho l\u00e0 an to\u00e0n nh\u1ea5t d\u00f9ng \u0111\u1ec3 b\u1ea3o qu\u1ea3n v\u00e0 s\u1eed d\u1ee5ng trong th\u1ef1c ph\u1ea9m \u0103n u\u1ed1ng. D\u1ee5ng c\u1ee5 v\u1edbi c\u00e1c \u1ed1ng nh\u1ed3i d\u00e0i gi\u00fap gi\u1eef ch\u1eb7t v\u1ecf trong l\u00fac nh\u1ed3i th\u1ecbt. D\u1ee5ng c\u1ee5 d\u1ed3n th\u1ecbt l\u00e0m x\u00fac x\u00edch, l\u1ea1p x\u01b0\u1edfng ho\u1eb7c l\u00e0m c\u00e1c m\u00f3n nh\u01b0 m\u1ef1c nh\u1ed3i th\u1ecbt.<\/p>\n<p>==&gt; D\u1ee5ng c\u1ee5 l\u00e0m x\u00fac x\u00edch l\u1ea1p x\u01b0\u1edfng b\u1eb1ng tay, c\u00e1c b\u1ea1n\u00a0ch\u1ec9 c\u1ea7n cho th\u1ecbt xay v\u00e0o xoay nh\u1eb9 nh\u00e0ng l\u00e0 th\u1ecbt t\u1ef1 \u0111\u00f9n ra \u0111\u1ec1u, \u0111\u1eb9p, si\u00eau nhanh, si\u00eau d\u1ec5.<\/p>\n<p>&#8211;\u00a0B\u1ea1n l\u01b0u \u00fd khi \u0111\u00f9n x\u00fac x\u00edch n\u00ean lu\u1ed3ng ng\u01b0\u1ee3c v\u1ecf x\u00fac x\u00edch Collagen v\u00e0o \u0111\u1ea7u ph\u1ec5u \u0111\u1ec3 khi nh\u1ed3i th\u1ecbt ra \u0111\u1ebfn \u0111\u00e2u th\u00ec k\u00e9o v\u1ecf ra \u0111\u1ebfn \u0111\u1ea5y.\u00a0Nhi\u1ec1u b\u1ea1n lay hoay kh\u00f4ng nh\u1ed3i \u0111\u01b0\u1ee3c v\u00ec \u0111\u1ec3 lu\u00f4n cu\u1ed9n v\u1ecf x\u00fac x\u00edch c\u00f2n n\u00e9n, l\u1ed7 nh\u1ecf n\u00ean kh\u00f4ng nh\u00e9t \u0111\u01b0\u1ee3c v\u00e0o \u0111\u1ea7u ph\u1ec5u.<\/p>\n<p><img decoding=\"async\" class=\"aligncenter\" src=\"https:\/\/havamall.com\/wp-content\/uploads\/2026\/01\/f8f9e51f133a016a348a60f3488beba8.jpg\" alt=\"nh\u1ed3i_x\u00fac_x\u00edch gi\u00e1 t\u1ed1t Th\u00e1ng 12, 2022 | Mua ngay | Shopee Vi\u1ec7t Nam\" width=\"765\" height=\"765\" \/><\/p>\n<p><strong>\u0110i\u1ec3m n\u1ed5i b\u1eadt:<\/strong><\/p>\n<ul>\n<li>\u0110\u00f9n nhanh g\u1ecdn, nh\u1ed3i 3 Kg th\u1ecbt t\u01b0\u01a1ng \u0111\u01b0\u01a1ng 15m x\u00fac x\u00edch ch\u1ec9 m\u1ea5t 10 ph\u00fat.Th\u1ecbt \u0111\u01b0\u1ee3c nh\u1ed3i \u0111\u1ec1u, \u0111\u1eb9p m\u1eaft<\/li>\n<li>D\u1ee5ng c\u1ee5 v\u1edbi c\u00e1c \u1ed1ng nh\u1ed3i d\u00e0i gi\u00fap gi\u1eef ch\u1eb7t v\u1ecf trong l\u00fac nh\u1ed3i th\u1ecbt.<\/li>\n<li>Ch\u1ea5t li\u1ec7u nh\u1ef1a PP \u0111\u01b0\u1ee3c cho l\u00e0 an to\u00e0n nh\u1ea5t d\u00f9ng \u0111\u1ec3 b\u1ea3o qu\u1ea3n v\u00e0 s\u1eed d\u1ee5ng trong th\u1ef1c ph\u1ea9m \u0103n u\u1ed1ng.<\/li>\n<li>S\u1eed d\u1ee5ng \u0111\u01a1n gi\u1ea3n, d\u1ec5 d\u00e0ng v\u1ec7 sinh sau m\u1ed7i l\u1ea7n s\u1eed d\u1ee5ng.<\/li>\n<li>C\u00f4ng d\u1ee5ng: D\u00f9ng l\u00e0m v\u1ecf nh\u1ed3i x\u00fac x\u00edch, l\u1ea1p x\u01b0\u1edfng.<\/li>\n<li>Tr\u1ecdng l\u01b0\u1ee3ng: 300g<\/li>\n<\/ul>\n<p><img decoding=\"async\" class=\"aligncenter\" src=\"https:\/\/havamall.com\/wp-content\/uploads\/2022\/12\/496ac32af5b5fa5bf8c96030b7486bed.jpg\" alt=\"Gi\u1ea3m gi\u00e1 Combo d\u1ee5ng c\u1ee5 nh\u1ed3i x\u00fac x\u00edch l\u1ea1p x\u01b0\u1edfng - D\u1ee5ng c\u1ee5 nh\u1ed3i l\u00f2ng l\u00e0m x\u00fac x\u00edch, l\u1ea1p s\u01b0\u1eddn ti\u1ec7n \u00edch m\u1eabu m\u1edbi - BeeCost\" \/><\/p>\n<p><strong>H\u01b0\u1edbng d\u1eabn s\u1eed d\u1ee5ng:<\/strong><\/p>\n<p>Cho th\u1ecbt xay v\u00e0o xoay nh\u1eb9 nh\u00e0ng theo chi\u1ec1u kim \u0111\u1ed3ng h\u1ed3 l\u00e0 th\u1ecbt t\u1ef1 \u0111\u00f9n ra \u0111\u1ec1u, \u0111\u1eb9p, nhanh v\u00e0 c\u1ef1c k\u1ef3 d\u1ec5 d\u00e0ng.<\/p>\n<p>*** L\u01b0u \u00fd khi \u0111\u00f9n x\u00fac x\u00edch n\u00ean lu\u1ed3ng ng\u01b0\u1ee3c v\u1ecf x\u00fac x\u00edch v\u00e0o \u0111\u1ea7u ph\u1ec5u \u0111\u1ec3 khi nh\u1ed3i th\u1ecbt ra \u0111\u1ebfn \u0111\u00e2u th\u00ec k\u00e9o v\u1ecf ra \u0111\u1ebfn \u0111\u1ea5y. Nhi\u1ec1u b\u1ea1n lay hoay kh\u00f4ng nh\u1ed3i \u0111\u01b0\u1ee3c v\u00ec \u0111\u1ec3 lu\u00f4n cu\u1ed9n v\u1ecf x\u00fac x\u00edch c\u00f2n n\u00e9n, l\u1ed7 nh\u1ecf n\u00ean kh\u00f4ng nh\u00e9t \u0111\u01b0\u1ee3c v\u00e0o \u0111\u1ea7u ph\u1ec5u.<\/p>\n<p><img decoding=\"async\" class=\"aligncenter\" src=\"https:\/\/havamall.com\/wp-content\/uploads\/2022\/12\/21f3095242c2f4256427cb053b3af928.jpeg\" alt=\"D\u1ee5ng c\u1ee5 nh\u1ed3i l\u00f2ng, x\u00fac x\u00edch, l\u1ea1p s\u01b0\u1eddn ch\u1ea5t li\u1ec7u nh\u1ef1a an to\u00e0n ti\u1ec7n d\u1ee5ng - d\u1ee5ng c\u1ee5 l\u00e0m x\u00fac x\u00edch t\u1ea1i nh\u00e0 - M\u1ef9 Ph\u1ea9m Kh\u00e1c | TheFaceHolic.com\" \/><\/p>\n<\/div>\n<\/div>\n<\/div>\n<\/div>","protected":false},"excerpt":{"rendered":"<p>L\u00e0m x\u00fac x\u00edch hay l\u1ea1p x\u01b0\u1edfng t\u1ea1i nh\u00e0 c\u00f4ng \u0111o\u1ea1n m\u1ea5t th\u1eddi gian nh\u1ea5t v\u1eabn l\u00e0 nh\u1ed3i th\u1ecbt v\u00e0o v\u1ecf<\/p>","protected":false},"featured_media":29992,"comment_status":"open","ping_status":"closed","template":"","meta":[],"product_brand":[],"product_cat":[393,35],"product_tag":[],"class_list":{"0":"post-29991","1":"product","2":"type-product","3":"status-publish","4":"has-post-thumbnail","6":"product_cat-bep-phong-an","7":"product_cat-nha-cua-doi-song","9":"first","10":"instock","11":"sale","12":"shipping-taxable","13":"purchasable","14":"product-type-simple"},"_links":{"self":[{"href":"https:\/\/havamall.com\/en\/wp-json\/wp\/v2\/product\/29991","targetHints":{"allow":["GET"]}}],"collection":[{"href":"https:\/\/havamall.com\/en\/wp-json\/wp\/v2\/product"}],"about":[{"href":"https:\/\/havamall.com\/en\/wp-json\/wp\/v2\/types\/product"}],"replies":[{"embeddable":true,"href":"https:\/\/havamall.com\/en\/wp-json\/wp\/v2\/comments?post=29991"}],"version-history":[{"count":0,"href":"https:\/\/havamall.com\/en\/wp-json\/wp\/v2\/product\/29991\/revisions"}],"wp:featuredmedia":[{"embeddable":true,"href":"https:\/\/havamall.com\/en\/wp-json\/wp\/v2\/media\/29992"}],"wp:attachment":[{"href":"https:\/\/havamall.com\/en\/wp-json\/wp\/v2\/media?parent=29991"}],"wp:term":[{"taxonomy":"product_brand","embeddable":true,"href":"https:\/\/havamall.com\/en\/wp-json\/wp\/v2\/product_brand?post=29991"},{"taxonomy":"product_cat","embeddable":true,"href":"https:\/\/havamall.com\/en\/wp-json\/wp\/v2\/product_cat?post=29991"},{"taxonomy":"product_tag","embeddable":true,"href":"https:\/\/havamall.com\/en\/wp-json\/wp\/v2\/product_tag?post=29991"}],"curies":[{"name":"wp","href":"https:\/\/api.w.org\/{rel}","templated":true}]}}