{"id":30072,"date":"2022-12-27T16:09:21","date_gmt":"2022-12-27T09:09:21","guid":{"rendered":"https:\/\/havamall.com\/?post_type=product&#038;p=30072"},"modified":"2026-03-18T14:01:18","modified_gmt":"2026-03-18T07:01:18","slug":"hat-macca-nguyen-vo-macadamias-australia-vi-vani-225g","status":"publish","type":"product","link":"https:\/\/havamall.com\/en\/shop\/hat-macca-nguyen-vo-macadamias-australia-vi-vani-225g\/","title":{"rendered":"H\u1ea1t macca nguy\u00ean v\u1ecf Macadamias Australia v\u1ecb Vani 225g"},"content":{"rendered":"<p><strong>TH\u00c0NH PH\u1ea6N:<\/strong><\/p>\n<p>H\u1ea1t Macca nguy\u00ean v\u1ecf 96%, H\u01b0\u01a1ng li\u1ec7u [H\u01b0\u01a1ng v\u1ecb (bao g\u1ed3m s\u1eefa), ch\u1ea5t t\u1ea1o ng\u1ecdt (951, 955, 961), mu\u1ed1i, s\u1eefa \u0111\u1eb7c c\u00f3 \u0111\u01b0\u1eddng].<\/p>\n<p><img fetchpriority=\"high\" decoding=\"async\" class=\"aligncenter\" src=\"https:\/\/havamall.com\/wp-content\/uploads\/2022\/12\/1-12.jpg\" alt=\"H\u1ea1t macadamias \u00dac th\u01a1m ngon t\u1ef1 nhi\u00ean t\u1ed1t cho s\u1ee9c kh\u1ecfe\" width=\"792\" height=\"792\" \/><\/p>\n<p><strong>C\u00d4NG D\u1ee4NG C\u1ee6A H\u1ea0T MACCA:<\/strong><\/p>\n<p>&#8211; H\u1ea1t Macca \u0111\u01b0\u1ee3c m\u1ec7nh danh l\u00e0 \u2018\u2019HO\u00c0NG H\u1eacU C\u1ee6A QU\u1ea2 KH\u00d4\u201d v\u1edbi nhi\u1ec1u c\u00f4ng d\u1ee5ng tuy\u1ec7t v\u1eddi m\u00e0 n\u00f3 mang l\u1ea1i.<\/p>\n<p>&#8211; H\u1ea1t c\u00f3 k\u00edch c\u1ee1 t\u1eeb 2 \u2014 3 centimeter, h\u00ecnh tr\u00f2n, m\u00e0u cr\u00e8me, r\u1ea5t th\u01a1m, m\u1ec1m nh\u01b0 b\u01a1 v\u00e0 tan m\u1ecbn tr\u00ean \u0111\u1ea7u l\u01b0\u1ee1i khi cho v\u00e0o mi\u1ec7ng.<\/p>\n<p><strong>T\u1ea1i sao n\u00f3i Macca l\u00e0 Ho\u00e0ng h\u1eadu c\u1ee7a c\u00e1c lo\u1ea1i qu\u1ea3 kh\u00f4?<\/strong><\/p>\n<p>&#8211; Trong nh\u00e2n c\u1ee7a lo\u1ea1i q\u1ee7a n\u00e0y c\u00f3 h\u00e0m l\u01b0\u1ee3ng d\u1ea7u t\u1edbi 78%, cao h\u01a1n h\u1eb3n l\u1ea1c (44,8%), nh\u00e2n \u0111i\u1ec1u (47%)&#8230;<\/p>\n<p>&#8211; H\u00e0m l\u01b0\u1ee3ng Protein trong nh\u00e2n c\u00f3 t\u1edbi 9,2%, g\u1ed3m 20 lo\u1ea1i acid amin trong \u0111\u00f3 c\u00f3 8 lo\u1ea1i acid amin c\u1ea7n thi\u1ebft cho c\u01a1 th\u1ec3 con ng\u01b0\u1eddi.<\/p>\n<p>&#8211; Nh\u00e2n macca c\u00f3 ch\u1ee9a nhi\u1ec1u ch\u1ea5t kho\u00e1ng, nhi\u1ec1u lo\u1ea1i Vitamin r\u1ea5t c\u00f3 l\u1ee3i cho b\u00e0 b\u1ea7u v\u00e0 tr\u1ebb em. H\u1ea1t Macca gi\u00fap cung c\u1ea5p ngu\u1ed3n n\u0103ng l\u01b0\u1ee3ng d\u1ed3i d\u00e0o v\u1edbi h\u00e0m l\u01b0\u1ee3ng calo cao g\u1ea5p \u0111\u00f4i so v\u1edbi c\u00e1c lo\u1ea1i h\u1ea1t kh\u00e1c, c\u00f3 t\u00e1c d\u1ee5ng gi\u1ea3m cholesterol, ph\u00f2ng tr\u1eeb b\u1ec7nh x\u01a1 c\u1ee9ng \u0111\u1ed9ng m\u1ea1ch, c\u00e1c lo\u1ea1i b\u1ec7nh li\u00ean quan \u0111\u1ebfn tim m\u1ea1ch v\u00e0 huy\u1ebft \u00e1p.<\/p>\n<p>&#8211; Ph\u1ee5 n\u1eef mang thai \u0103n lo\u1ea1i qu\u1ea3 n\u00e0y s\u1ebd gi\u00fap cho kh\u1ea9u ph\u1ea7n \u0103n c\u1ee7a m\u00ecnh th\u00eam phong ph\u00fa v\u00e0 g\u00f3p ph\u1ea7n t\u00edch l\u0169y n\u0103ng l\u01b0\u1ee3ng cho thai nhi.<\/p>\n<p>&#8211; Macca c\u00f2n \u0111\u01b0\u1ee3c xem l\u00e0 m\u1ed9t trong nh\u1eefng lo\u1ea1i h\u1ea1t gi\u00fap c\u00e1c ch\u1ecb em c\u00f3 th\u1ec3 tho\u1ea3i m\u00e1i \u0103n v\u1eb7t trong qu\u00e1 tr\u00ecnh \u0103n ki\u00eang.<\/p>\n<p><img decoding=\"async\" class=\"aligncenter\" src=\"https:\/\/havamall.com\/wp-content\/uploads\/2022\/12\/macadamias-australia-vi-vani-goi-225g-6_8c366813f6d14b2ebc4e2ab5eba3fda8_grande.jpg\" alt=\"H\u1ea1t macca nguy\u00ean v\u1ecf Macadamias Australia v\u1ecb Vani g\u00f3i 225g \u2013 H\u00e0ng \u00dac Thom Dang\" width=\"671\" height=\"447\" \/><\/p>\n<p><strong>H\u01af\u1edaNG D\u1eaaN S\u1eec D\u1ee4NG:<\/strong><\/p>\n<p>&#8211; H\u00e0ng ng\u00e0y v\u00e0o bu\u1ed5i s\u00e1ng v\u00e0 bu\u1ed5i chi\u1ec1u \u0103n t\u1eeb 4-5 h\u1ea1t macca s\u1ebd l\u00e0m cho l\u00e0n da m\u1ecbn m\u00e0ng, t\u01b0\u01a1i tr\u1ebb, gi\u1ea3m \u0111\u01b0\u1ee3c Cholesterol gi\u00fap l\u01b0u th\u00f4ng m\u1ea1ch m\u00e1u, gi\u1ea3m t\u00edch t\u1ee5 m\u1ea3ng b\u00e1m trong m\u1ea1ch m\u00e1u v\u00e0 ch\u1ed1ng l\u00e3o h\u00f3a r\u1ea5t t\u1ed1t \u0111\u1eb7c bi\u1ec7t gi\u00fap b\u1ed5 sung m\u1ed9t l\u01b0\u1ee3ng l\u1edbn h\u00e0m l\u01b0\u1ee3ng calo c\u1ea7n thi\u1ebft cho c\u01a1 th\u1ec3<\/p>\n<p>&#8211; H\u1ea1t macca \u0103n li\u1ec1n d\u00f9ng k\u00ecm k\u1eb9p \u0111\u1ec3 t\u00e1ch v\u1ecf macca ra sau \u0111\u00f3 \u0103n ph\u1ea7n nh\u00e2n. Ngon h\u01a1n khi b\u1ecf h\u1ea1t macca v\u00e0o l\u00f2 vi s\u00f3ng v\u1edbi nhi\u1ec7t \u0111\u1ed9 nh\u1eb9 r\u1ed3i l\u1ea5y ra b\u00f3c \u0103n, s\u1ebd c\u00f3 v\u1ecb th\u01a1m ngon v\u00e0 b\u00f9i h\u01a1n.<\/p>\n<p>&#8211; Trong m\u1ed7i t\u00fai macca \u0111\u1ec1u c\u00f3 1 mi\u1ebfng s\u1eaft. C\u1eafm \u0111\u1ea7u nh\u1ecdn v\u00e0o ch\u1ed7 n\u1ee9t tr\u00ean h\u1ea1t macca v\u00e0 v\u1eb7n h\u1ea1t s\u1ebd t\u1ef1 m\u1edf<\/p>\n<p><img decoding=\"async\" class=\"aligncenter\" src=\"https:\/\/havamall.com\/wp-content\/uploads\/2022\/12\/dc1bb9e48a76f5867bd409fd5e36d268.jpg\" alt=\"macadamias australia Ch\u1ea5t L\u01b0\u1ee3ng, Gi\u00e1 T\u1ed1t 2021 | Lazada.vn\" \/><\/p>\n<p><strong>B\u1ea2O QU\u1ea2N:<\/strong><\/p>\n<p>B\u1ea3o qu\u1ea3n n\u01a1i kh\u00f4 r\u00e1o, tho\u00e1ng m\u00e1t.<\/p>\n","protected":false},"excerpt":{"rendered":"<p>TH\u00c0NH PH\u1ea6N: H\u1ea1t Macca nguy\u00ean v\u1ecf 96%, H\u01b0\u01a1ng li\u1ec7u [H\u01b0\u01a1ng v\u1ecb (bao g\u1ed3m s\u1eefa), ch\u1ea5t t\u1ea1o ng\u1ecdt (951, 955, 961),<\/p>","protected":false},"featured_media":30073,"comment_status":"open","ping_status":"closed","template":"","meta":[],"product_brand":[],"product_cat":[730,36,143,134],"product_tag":[],"class_list":{"0":"post-30072","1":"product","2":"type-product","3":"status-publish","4":"has-post-thumbnail","6":"product_cat-cac-nuoc-khac","7":"product_cat-thuc-pham-tieu-dung","8":"product_cat-thuc-pham-dong-hop","9":"product_cat-thucpham-saykho","11":"first","12":"instock","13":"sale","14":"shipping-taxable","15":"purchasable","16":"product-type-simple"},"_links":{"self":[{"href":"https:\/\/havamall.com\/en\/wp-json\/wp\/v2\/product\/30072","targetHints":{"allow":["GET"]}}],"collection":[{"href":"https:\/\/havamall.com\/en\/wp-json\/wp\/v2\/product"}],"about":[{"href":"https:\/\/havamall.com\/en\/wp-json\/wp\/v2\/types\/product"}],"replies":[{"embeddable":true,"href":"https:\/\/havamall.com\/en\/wp-json\/wp\/v2\/comments?post=30072"}],"version-history":[{"count":0,"href":"https:\/\/havamall.com\/en\/wp-json\/wp\/v2\/product\/30072\/revisions"}],"wp:featuredmedia":[{"embeddable":true,"href":"https:\/\/havamall.com\/en\/wp-json\/wp\/v2\/media\/30073"}],"wp:attachment":[{"href":"https:\/\/havamall.com\/en\/wp-json\/wp\/v2\/media?parent=30072"}],"wp:term":[{"taxonomy":"product_brand","embeddable":true,"href":"https:\/\/havamall.com\/en\/wp-json\/wp\/v2\/product_brand?post=30072"},{"taxonomy":"product_cat","embeddable":true,"href":"https:\/\/havamall.com\/en\/wp-json\/wp\/v2\/product_cat?post=30072"},{"taxonomy":"product_tag","embeddable":true,"href":"https:\/\/havamall.com\/en\/wp-json\/wp\/v2\/product_tag?post=30072"}],"curies":[{"name":"wp","href":"https:\/\/api.w.org\/{rel}","templated":true}]}}