{"id":30152,"date":"2023-01-06T17:25:40","date_gmt":"2023-01-06T10:25:40","guid":{"rendered":"https:\/\/havamall.com\/?post_type=product&#038;p=30152"},"modified":"2025-07-10T16:26:16","modified_gmt":"2025-07-10T09:26:16","slug":"la-thi-la-say-kho-thuong-hieu-havafoodies-dill-dried","status":"publish","type":"product","link":"https:\/\/havamall.com\/en\/shop\/la-thi-la-say-kho-thuong-hieu-havafoodies-dill-dried\/","title":{"rendered":"L\u00e1 Th\u00ec L\u00e0 S\u1ea5y Kh\u00f4 Th\u01b0\u01a1ng Hi\u1ec7u Havafoodies &#8211; Dill Dried"},"content":{"rendered":"<div class=\"o9v6fnle cxmmr5t8 oygrvhab hcukyx3x c1et5uql ii04i59q\">\n<div dir=\"auto\">\n<p><strong>TH\u00d4NG TIN S\u1ea2N PH\u00c2M<\/strong><\/p>\n<table border=\"1\" cellspacing=\"0\">\n<tbody>\n<tr>\n<td><strong>Th\u01b0\u01a1ng hi\u1ec7u<\/strong><\/td>\n<td>Havafood<\/td>\n<\/tr>\n<tr>\n<td><b>Xu\u1ea5t x\u1ee9<\/b><\/td>\n<td>Vi\u1ec7t Nam<\/td>\n<\/tr>\n<tr>\n<td><strong>Th\u00e0nh ph\u1ea7n<\/strong><\/td>\n<td>L\u00e1 Th\u00ec L\u00e0 S\u1ea5y Kh\u00f4<\/td>\n<\/tr>\n<tr>\n<td><strong>H\u1ea1n s\u1eed d\u1ee5ng<\/strong><\/td>\n<td>Xem tr\u00ean bao b\u00ec s\u1ea3n ph\u1ea9m<\/td>\n<\/tr>\n<tr>\n<td><strong>C\u00e1ch s\u1eed d\u1ee5ng<\/strong><\/td>\n<td>D\u00f9ng \u0111\u1ec3 n\u00eam n\u1ebfm, ch\u1ebf bi\u1ebfn m\u00f3n \u0103n<\/td>\n<\/tr>\n<tr>\n<td><strong>Nh\u1eadp kh\u1ea9u &amp; \u0111\u00f3ng g\u00f3i<\/strong><\/td>\n<td>Vi\u1ec7t Nam<\/td>\n<\/tr>\n<tr>\n<td><strong>\u00a0B\u1ea3o qu\u1ea3n<\/strong><\/td>\n<td>N\u01a1i tho\u00e1ng m\u00e1t, tr\u00e1nh \u00e1nh n\u1eafng tr\u1ef1c ti\u1ebfp, tho\u00e1ng m\u00e1t<\/td>\n<\/tr>\n<tr>\n<td><strong>Kh\u1ed1i l\u01b0\u1ee3ng t\u1ecbnh<\/strong><\/td>\n<td>10g, H\u1ee7 20g, G\u00f3i 100g<\/td>\n<\/tr>\n<\/tbody>\n<\/table>\n<p>&nbsp;<\/p>\n<p><strong>\u0110\u1eb6C \u0110I\u1ec2M S\u1ea2N PH\u1ea8M<\/strong><\/p>\n<\/div>\n<div dir=\"auto\">Rau th\u00ec l\u00e0 kh\u00f4ng ch\u1ec9 l\u00e0 lo\u1ea1i rau gi\u00fap c\u00e1c m\u00f3n canh, m\u00f3n kho, m\u00f3n tr\u1ed9n tr\u1edf n\u00ean ngon mi\u1ec7ng h\u01a1n. M\u00e0 n\u00f3 c\u00f2n c\u00f3 nhi\u1ec1u t\u00e1c d\u1ee5ng trong vi\u1ec7c h\u1ed7 tr\u1ee3 s\u1ee9c kh\u1ecfe, ch\u1eefa b\u1ec7nh t\u1ed1t. Theo \u0110\u00f4ng y, l\u00e1 th\u00ec l\u00e0 c\u00f3 m\u00f9i th\u01a1m h\u0103ng h\u1eafc, h\u01a1i \u0111\u1eafng c\u00f3 v\u1ecb cay. T\u00ednh \u1ea5m, kh\u00f4ng \u0111\u1ed9c d\u00f9ng \u0111\u1ec3 b\u1ed5 th\u1eadn, m\u1ea1nh t\u1ef3, ti\u00eau tr\u01b0\u1edbng.<\/div>\n<\/div>\n<div class=\"o9v6fnle cxmmr5t8 oygrvhab hcukyx3x c1et5uql ii04i59q\">\n<div dir=\"auto\"><\/div>\n<\/div>\n<div dir=\"auto\"><img fetchpriority=\"high\" decoding=\"async\" class=\"aligncenter\" src=\"https:\/\/havamall.com\/wp-content\/uploads\/-000\/\/1\/dehydrate-dill-feat1.jpg\" alt=\"How to Dehydrate Dill Weed - The Purposeful Pantry\" width=\"879\" height=\"879\" \/><\/div>\n<div class=\"o9v6fnle cxmmr5t8 oygrvhab hcukyx3x c1et5uql ii04i59q\">\n<div dir=\"auto\">\u2013 Th\u00ec l\u00e0 l\u00e0 nguy\u00ean li\u1ec7u kh\u00f4ng th\u1ec3 thi\u1ebfu, \u0111\u01b0\u1ee3c s\u1eed d\u1ee5ng nhi\u1ec1u trong c\u00e1c c\u00f4ng th\u1ee9c m\u00f3n \u0103n \u0111\u0103c tr\u01b0ng c\u1ee7a Vi\u1ec7t Nam. \u0110\u1eb7c bi\u1ec7t, khi ch\u1ebf bi\u1ebfn c\u00e1c m\u00f3n \u0111\u1ed3 \u0103n s\u1ebd ph\u1ea3i s\u1eed d\u1ee5ng r\u1ea5t nhi\u1ec1u nh\u1eefng lo\u1ea1i gia v\u1ecb kh\u00e1c nhau. \u0110i\u1ec1u n\u00e0y s\u1ebd khi\u1ebfn cho c\u00e1c b\u1ea1n t\u1ed1n m\u1ed9t kho\u1ea3n chi ph\u00ed kha kh\u00e1 n\u1ebfu mu\u1ed1n m\u1ed9t m\u00f3n \u0103n chu\u1ea9n v\u1ecb.<\/div>\n<div dir=\"auto\">\u2013 S\u1ea3n ph\u1ea9m ch\u00ednh l\u00e0 l\u1ef1a ch\u1ecdn t\u1ed1i \u01b0u cho ng\u01b0\u1eddi ti\u00eau d\u00f9ng b\u1edfi s\u1ef1 k\u1ebft h\u1ee3p ho\u00e0n h\u1ea3o c\u00e1c gia v\u1ecb \u0111\u1eb7c tr\u01b0ng n\u00ean r\u1ea5t thu\u1eadn ti\u1ec7n trong vi\u1ec7c n\u00eam n\u1ebfm c\u00e1c m\u00f3n \u0103n, \u0111\u01b0\u1ee3c s\u1eed d\u1ee5ng nh\u01b0 gia v\u1ecb tuy\u1ec7t h\u1ea3o cho m\u00f3n canh, m\u00f3n x\u00e0o ho\u1eb7c n\u00eam \u0111\u1ec3 b\u1ed5 sung h\u01b0\u01a1ng v\u1ecb<\/div>\n<\/div>\n<p><strong>C\u00d4NG D\u1ee4NG<\/strong><br \/>\nDo \u0111\u01b0\u1ee3c k\u1ebft h\u1ee3p t\u1eeb nhi\u1ec1u lo\u1ea1i gia v\u1ecb kh\u00e1c nhau n\u00ean s\u1ea3n ph\u1ea9m th\u00edch h\u1ee3p v\u1edbi c\u00e1c m\u00f3n ch\u1ebf bi\u1ebfn t\u1eeb th\u1ecbt l\u1ee3n, th\u1ecbt b\u00f2, th\u1ecbt g\u00e0, h\u1ea3i s\u1ea3n,\u2026 S\u1eed d\u1ee5ng gia v\u1ecb r\u1ea5t thu\u1eadn ti\u1ec7n, c\u00f3 th\u1ec3 thay th\u1ebf \u0111\u01b0\u1ee3c nhi\u1ec1u gia v\u1ecb kh\u00e1c nhau, do \u0111\u00f3 kh\u00f4ng c\u1ea7n t\u00edch tr\u1eef nhi\u1ec1u lo\u1ea1i gia v\u1ecb trong b\u1ebfp.<\/p>\n<p><img decoding=\"async\" class=\"size-full wp-image-16795 aligncenter\" src=\"https:\/\/havamall.com\/wp-content\/uploads\/2020\/10\/01db9f634d85352d940d06c3ab554e0e.jpg\" alt=\"\" width=\"600\" height=\"375\" srcset=\"https:\/\/havamall.com\/wp-content\/uploads\/2020\/10\/01db9f634d85352d940d06c3ab554e0e.jpg 600w, https:\/\/havamall.com\/wp-content\/uploads\/2020\/10\/01db9f634d85352d940d06c3ab554e0e-150x94.jpg 150w\" sizes=\"(max-width: 600px) 100vw, 600px\" \/><\/p>\n<p><em>Gia v\u1ecb \u00dd nh\u00e0\u00a0<strong>Havamall<\/strong>\u00a0lu\u00f4n \u0111\u1ea3m b\u1ea3o an to\u00e0n s\u1ee9c kh\u1ecfe cho ng\u01b0\u1eddi ti\u00eau d\u00f9ng v\u1edbi nguy\u00ean li\u1ec7u ho\u00e0n to\u00e0n t\u1ef1 nhi\u00ean, kh\u00f4ng l\u1eabn b\u1ea5t k\u1ef3 t\u1ea1p ch\u1ea5t, kh\u00f4ng ch\u1ee9a ch\u1ea5t b\u1ea3o qu\u1ea3n, kh\u00f4ng s\u1eed d\u1ee5ng ch\u1ea5t t\u1ea1o m\u00f9i v\u00e0 kh\u00f4ng ch\u1ea5t t\u1ea1o m\u00e0u<\/em><\/p>\n<p><strong>L\u00e1 th\u00ec l\u00e0<\/strong>\u00a0\u0111\u01b0\u1ee3c\u00a0\u0111\u01b0a v\u00e0o ch\u1ebf bi\u1ebfn \u0111\u01b0\u1ee3c ch\u1ecdn l\u1ecdc t\u1eeb nh\u1eefng nguy\u00ean li\u1ec7u s\u1ea1ch, \u0111\u1ea3m b\u1ea3o ngu\u1ed3n nguy\u00ean an to\u00e0n th\u1ef1c ph\u1ea9m, ch\u1ea5t l\u01b0\u1ee3ng, r\u00f5 r\u00e0ng ngu\u1ed3n g\u1ed1c xu\u1ea5t x\u1ee9. Ngo\u00e0i ra, to\u00e0n b\u1ed9 quy tr\u00ecnh s\u1ea3n xu\u1ea5t c\u1ee7a c\u00f4ng ty \u0111\u1ec1u \u0111\u01b0\u1ee3c ki\u1ec3m so\u00e1t nghi\u00eam ng\u1eb7t theo c\u00e1c ti\u00eau chu\u1ea9n qu\u1ed1c t\u1ebf, \u0111\u1ea1t ch\u1ee9ng ch\u1ec9 ISO 9001:2015, FSSC, Sedex, HALAL \u0111\u00e1p \u1ee9ng y\u00eau c\u1ea7u c\u1ee7a ng\u01b0\u1eddi ti\u00eau d\u00f9ng trong v\u00e0 ngo\u00e0i n\u01b0\u1edbc.\u00a0<strong>L\u00e1 th\u00ec l\u00e0<\/strong>\u00a0\u0111\u01b0\u1ee3c s\u1ea3n xu\u1ea5t t\u1eeb 100% nguy\u00ean li\u1ec7u t\u1ef1 nhi\u00ean, kh\u00f4ng l\u1eabn t\u1ea1p ch\u1ea5t, kh\u00f4ng s\u1eed d\u1ee5ng ch\u1ea5t ph\u1ee5 gia, an to\u00e0n cho s\u1ee9c kh\u1ecfe ng\u01b0\u1eddi d\u00f9ng. S\u1ea3n ph\u1ea9m \u1edf d\u1ea1ng kh\u00f4, m\u00e0u n\u00e2u \u0111\u1ebfn xanh \u0111en, m\u00f9i v\u00e0 v\u1ecb \u0111\u1eb7c tr\u01b0ng c\u1ee7a th\u00ec l\u00e0. S\u1eed d\u1ee5ng\u00a0<strong>th\u00ec l\u00e0 kh\u00f4<\/strong>\u00a0thay v\u00ec t\u01b0\u01a1i s\u1ebd gi\u00fap gia v\u1ecb d\u1ec5 d\u00e0ng th\u1ea5m v\u00e0o th\u1ef1c ph\u1ea9m, gia t\u0103ng h\u01b0\u01a1ng v\u1ecb c\u1ee7a m\u00f3n \u0103n, ti\u1ebft ki\u1ec7m th\u1eddi gian n\u1ea5u n\u01b0\u1edbng.<\/p>\n<p><img decoding=\"async\" class=\"aligncenter\" src=\"https:\/\/media.istockphoto.com\/id\/1126475256\/photo\/dried-chopped-dill-in-a-dark-wood-bowl-next-to-fresh-dill-leaves-isolated-on-white-from-above.jpg?s=612x612&amp;w=0&amp;k=20&amp;c=ibaqVvtzCJYGF4oyERtGf1EGrJw07bqp0hvIBv4jA40=\" alt=\"Dried Chopped Dill In A Dark Wood Bowl Next To Fresh Dill Leaves Isolated On White From Above Stock Photo - Download Image Now - iStock\" \/><\/p>","protected":false},"excerpt":{"rendered":"<p>TH\u00d4NG TIN S\u1ea2N PH\u00c2M Th\u01b0\u01a1ng hi\u1ec7u Havafood Xu\u1ea5t x\u1ee9 Vi\u1ec7t Nam Th\u00e0nh ph\u1ea7n L\u00e1 Th\u00ec L\u00e0 S\u1ea5y Kh\u00f4 H\u1ea1n s\u1eed<\/p>","protected":false},"featured_media":41066,"comment_status":"open","ping_status":"closed","template":"","meta":[],"product_brand":[],"product_cat":[154,595,36,134],"product_tag":[],"class_list":{"0":"post-30152","1":"product","2":"type-product","3":"status-publish","4":"has-post-thumbnail","6":"product_cat-gia-vi","7":"product_cat-gia-vi-va-che-bien","8":"product_cat-thuc-pham-tieu-dung","9":"product_cat-thucpham-saykho","11":"first","12":"instock","13":"sale","14":"shipping-taxable","15":"purchasable","16":"product-type-variable"},"_links":{"self":[{"href":"https:\/\/havamall.com\/en\/wp-json\/wp\/v2\/product\/30152","targetHints":{"allow":["GET"]}}],"collection":[{"href":"https:\/\/havamall.com\/en\/wp-json\/wp\/v2\/product"}],"about":[{"href":"https:\/\/havamall.com\/en\/wp-json\/wp\/v2\/types\/product"}],"replies":[{"embeddable":true,"href":"https:\/\/havamall.com\/en\/wp-json\/wp\/v2\/comments?post=30152"}],"version-history":[{"count":0,"href":"https:\/\/havamall.com\/en\/wp-json\/wp\/v2\/product\/30152\/revisions"}],"wp:featuredmedia":[{"embeddable":true,"href":"https:\/\/havamall.com\/en\/wp-json\/wp\/v2\/media\/41066"}],"wp:attachment":[{"href":"https:\/\/havamall.com\/en\/wp-json\/wp\/v2\/media?parent=30152"}],"wp:term":[{"taxonomy":"product_brand","embeddable":true,"href":"https:\/\/havamall.com\/en\/wp-json\/wp\/v2\/product_brand?post=30152"},{"taxonomy":"product_cat","embeddable":true,"href":"https:\/\/havamall.com\/en\/wp-json\/wp\/v2\/product_cat?post=30152"},{"taxonomy":"product_tag","embeddable":true,"href":"https:\/\/havamall.com\/en\/wp-json\/wp\/v2\/product_tag?post=30152"}],"curies":[{"name":"wp","href":"https:\/\/api.w.org\/{rel}","templated":true}]}}