{"id":30218,"date":"2023-02-03T14:37:37","date_gmt":"2023-02-03T07:37:37","guid":{"rendered":"https:\/\/havamall.com\/?post_type=product&#038;p=30218"},"modified":"2025-06-10T11:51:34","modified_gmt":"2025-06-10T04:51:34","slug":"nu-bach-hoa-karina-capers-tay-ban-nha-lo-thuy-tinh-845g","status":"publish","type":"product","link":"https:\/\/havamall.com\/en\/shop\/nu-bach-hoa-karina-capers-tay-ban-nha-lo-thuy-tinh-845g\/","title":{"rendered":"N\u1ee5 B\u1ea1ch Hoa Karina &#8211; Capers T\u00e2y Ban Nha L\u1ecd Thu\u1ef7 Tinh 845g"},"content":{"rendered":"<h2><strong>TH\u00d4NG TIN CHUNG<\/strong><\/h2>\n<div>\n<table border=\"2\">\n<tbody>\n<tr>\n<td><strong>Ph\u00e2n nh\u00f3m<\/strong><\/td>\n<td>N\u1ee5 B\u1ea1ch Hoa<\/td>\n<\/tr>\n<tr>\n<td><strong>Xu\u1ea5t x\u1ee9<\/strong><\/td>\n<td>T\u00e2y Ban Nha<\/td>\n<\/tr>\n<tr>\n<td><strong>Th\u00e0nh ph\u1ea7n<\/strong><\/td>\n<td>N\u1ee5 B\u1ea1ch Hoa, gi\u1ea5m, mu\u1ed1i&#8230;<\/td>\n<\/tr>\n<tr>\n<td><strong>Quy c\u00e1ch<\/strong><\/td>\n<td>\u0110\u00f3ng g\u00f3i 846g<\/td>\n<\/tr>\n<tr>\n<td><strong>B\u1ea3o qu\u1ea3n<\/strong><\/td>\n<td>Nhi\u1ec7t \u0111\u1ed9 th\u01b0\u1eddng<\/td>\n<\/tr>\n<tr>\n<td><strong>H\u1ea1n s\u1eed d\u1ee5ng<\/strong><\/td>\n<td>Xem tr\u1ef1c ti\u1ebfp tr\u00ean bao b\u00ec s\u1ea3n ph\u1ea9m.<\/td>\n<\/tr>\n<tr>\n<td><strong>H\u01b0\u1edbng d\u1eabn s\u1eed d\u1ee5ng<\/strong><\/td>\n<td>Ph\u00f9 h\u1ee3p v\u1edbi c\u00e1c m\u00f3n pizza, m\u1ef3 \u00dd, salad,\u2026<\/td>\n<\/tr>\n<\/tbody>\n<\/table>\n<\/div>\n<p>N\u1ee5 b\u1ea1ch hoa Karina nh\u1eadp nguy\u00ean h\u1ed9p t\u1eeb T\u00e2y Ban Nha N\u1ee5 b\u1ea1ch hoa \u0111\u1ef1c s\u1ea3n xu\u1ea5t gi\u1ed1ng tr\u00e1i \u00f4 liu mu\u1ed1i nh\u01b0ng c\u00f3 v\u1ecb \u0111\u1eb7c tr\u01b0ng chua ng\u1ecdt, r\u1ea5t t\u1ed1t cho ti\u00eau h\u00f3a. N\u1ee5 b\u1ea1ch hoa c\u00f3 th\u1ec3 d\u00f9ng \u0111\u1ec3 \u0103n s\u1ed1ng ho\u1eb7c d\u00f9ng k\u00e8m v\u1edbi c\u00e1c m\u00f3n \u0103n kh\u00e1c nh\u01b0 c\u00e1 h\u1ed3i n\u01b0\u1edbng n\u1ee5 b\u1ea1ch hoa, c\u00e1 thu s\u1ed1t n\u1ee5 b\u1ea1ch hoa\u2026 d\u00f9ng l\u00e0m gia v\u1ecb ho\u1eb7c tr\u1ed9n g\u1ecfi, salad, k\u1ebft h\u1ee3p v\u1edbi c\u00e1c m\u00f3n c\u00e1, th\u1ecbt b\u00f2 r\u1ea5t ngon. N\u1ee5 b\u1ea1ch hoa t\u1ed1t cho ti\u00eau h\u00f3a, ch\u1ed1ng l\u00e3o h\u00f3a, cung c\u1ea5p ch\u1ea5t s\u1eaft cho ph\u1ee5 n\u1eef \u0111\u1ed9 tu\u1ed5i sinh s\u1ea3n. Th\u01b0\u1eddng xuy\u00ean d\u00f9ng n\u1ee5 b\u1ea1ch hoa s\u1ebd gi\u1ea3m \u0111\u01b0\u1ee3c nguy c\u01a1 b\u1ecb ung th\u01b0 v\u00e0 tim m\u1ea1ch. G\u1ee3i \u00fd s\u1eed d\u1ee5ng n\u1ee5 b\u1ea1ch hoa Karina capers.<\/p>\n<p><img fetchpriority=\"high\" decoding=\"async\" class=\"aligncenter\" src=\"https:\/\/havamall.com\/wp-content\/uploads\/2023\/02\/capers-1.jpg\" alt=\"What Are Capers? A Chef Explains How to Cook Them \u2014 Eat This Not That\" width=\"1048\" height=\"768\" \/><\/p>\n<p>\u2013 R\u1eafc l\u00ean m\u00ec \u00dd, pizza, c\u00e1 h\u1ed3i s\u1ed1t kem s\u1eefa, th\u1ecbt x\u00f4ng kh\u00f3i l\u00e1t m\u1ecfng\u2026 \u0111\u1ec3 mang l\u1ea1i h\u01b0\u01a1ng v\u1ecb \u00dd v\u00e0o m\u00f3n \u0103n h\u00e0ng ng\u00e0y<\/p>\n<p>\u2013 R\u1ea5t ngon khi d\u00f9ng k\u00e8m c\u00e1 h\u1ed3i x\u00f4ng kh\u00f3i, cream cheese v\u00e0 b\u00e1nh m\u00ec n\u01b0\u1edbng gi\u00f2n<\/p>\n<p>\u2013 L\u01b0u \u00fd: Capers kh\u00e1 m\u1eb7n n\u00ean b\u1ea1n ch\u1ec9 n\u00ean d\u00f9ng t\u1eebng \u00edt m\u1ed9t Th\u00e0nh ph\u1ea7n:\u00a0N\u1ee5 b\u1ea1ch hoa (capers), gi\u1ea5m r\u01b0\u1ee3u vang tr\u1eafng, mu\u1ed1i H\u01b0\u1edbng d\u1eabn s\u1eed d\u1ee5ng: \u0102n tr\u1ef1c ti\u1ebfp ho\u1eb7c ch\u1ebf bi\u1ebfn t\u00f9y th\u00edch H\u01b0\u1edbng d\u1eabn b\u1ea3o qu\u1ea3n: B\u1ea3o qu\u1ea3n n\u01a1i tho\u00e1ng m\u00e1t, tr\u00e1nh \u00e1nh n\u1eafng tr\u1ef1c ti\u1ebfp v\u00e0 nhi\u1ec7t \u0111\u1ed9 cao<\/p>\n<p><img decoding=\"async\" class=\"aligncenter\" src=\"https:\/\/havamall.com\/wp-content\/uploads\/2023\/02\/capersexplainer-1621456829.jpg\" alt=\"What Are Capers? - How To Use Capers\" width=\"803\" height=\"602\" \/><\/p>\n<h2><strong>G\u1ee3i \u00fd s\u1eed d\u1ee5ng n\u1ee5 b\u1ea1ch hoa Karina capers.<\/strong><\/h2>\n<p>\u2013 R\u1eafc l\u00ean m\u00ec \u00dd, pizza, c\u00e1 h\u1ed3i s\u1ed1t kem s\u1eefa, th\u1ecbt x\u00f4ng kh\u00f3i l\u00e1t m\u1ecfng\u2026 \u0111\u1ec3 mang l\u1ea1i h\u01b0\u01a1ng v\u1ecb \u00dd v\u00e0o m\u00f3n \u0103n h\u00e0ng ng\u00e0y<br \/>\n\u2013 R\u1ea5t ngon khi d\u00f9ng k\u00e8m c\u00e1 h\u1ed3i x\u00f4ng kh\u00f3i, cream cheese v\u00e0 b\u00e1nh m\u00ec n\u01b0\u1edbng gi\u00f2n<br \/>\n\u2013 L\u01b0u \u00fd: Capers kh\u00e1 m\u1eb7n n\u00ean b\u1ea1n ch\u1ec9 n\u00ean d\u00f9ng t\u1eebng \u00edt m\u1ed9t<\/p>\n<p><strong>Th\u00e0nh ph\u1ea7n:<\/strong>\u00a0N\u1ee5 b\u1ea1ch hoa (capers), gi\u1ea5m r\u01b0\u1ee3u vang tr\u1eafng, mu\u1ed1i<\/p>\n<h2>QUY C\u00c1CH S\u1ea2N PH\u1ea8M V\u00c0 CH\u1ea4T LI\u1ec6U BAO B\u00cc:<\/h2>\n<p>Quy c\u00e1ch s\u1ea3n ph\u1ea9m: 870g<br \/>\nCh\u1ea5t li\u1ec7u bao b\u00ec: S\u1ea3n ph\u1ea9m \u0111\u01b0\u1ee3c \u0111\u1ef1ng trong h\u0169\u00a0th\u1ee7y tinh. Bao b\u00ec \u0111\u1ea3m b\u1ea3o v\u1ec7 sinh an to\u00e0n th\u1ef1c ph\u1ea9m theo quy \u0111\u1ecbnh c\u1ee7a B\u1ed9 y t\u1ebf.<\/p>\n<h2>C\u01a0 S\u1ede S\u1ea2N XU\u1ea4T S\u1ea2N PH\u1ea8M:<\/h2>\n<p>S\u1ea3n xu\u1ea5t t\u1ea1i: ACEITUNAS KARINA, S.L.<br \/>\n\u0110\u1ecba ch\u1ec9: Camino de la Silla, 3a fase 30820 ALCANTARILLA (Murcia) (T\u00e2y Ban Nha).<\/p>\n<p><img decoding=\"async\" class=\"aligncenter\" src=\"https:\/\/havamall.com\/wp-content\/uploads\/2023\/02\/Broiled-Salmon-012.jpg\" alt=\"15 Great Capers Recipes \u2013 A Couple Cooks\" \/><\/p>","protected":false},"excerpt":{"rendered":"<p>TH\u00d4NG TIN CHUNG Ph\u00e2n nh\u00f3m N\u1ee5 B\u1ea1ch Hoa Xu\u1ea5t x\u1ee9 T\u00e2y Ban Nha Th\u00e0nh ph\u1ea7n N\u1ee5 B\u1ea1ch Hoa, gi\u1ea5m, mu\u1ed1i&#8230;<\/p>","protected":false},"featured_media":30220,"comment_status":"open","ping_status":"closed","template":"","meta":[],"product_brand":[],"product_cat":[727,36,143],"product_tag":[],"class_list":{"0":"post-30218","1":"product","2":"type-product","3":"status-publish","4":"has-post-thumbnail","6":"product_cat-nhap-khau-tay-ban-nha","7":"product_cat-thuc-pham-tieu-dung","8":"product_cat-thuc-pham-dong-hop","10":"first","11":"outofstock","12":"sale","13":"shipping-taxable","14":"purchasable","15":"product-type-simple"},"_links":{"self":[{"href":"https:\/\/havamall.com\/en\/wp-json\/wp\/v2\/product\/30218","targetHints":{"allow":["GET"]}}],"collection":[{"href":"https:\/\/havamall.com\/en\/wp-json\/wp\/v2\/product"}],"about":[{"href":"https:\/\/havamall.com\/en\/wp-json\/wp\/v2\/types\/product"}],"replies":[{"embeddable":true,"href":"https:\/\/havamall.com\/en\/wp-json\/wp\/v2\/comments?post=30218"}],"version-history":[{"count":0,"href":"https:\/\/havamall.com\/en\/wp-json\/wp\/v2\/product\/30218\/revisions"}],"wp:featuredmedia":[{"embeddable":true,"href":"https:\/\/havamall.com\/en\/wp-json\/wp\/v2\/media\/30220"}],"wp:attachment":[{"href":"https:\/\/havamall.com\/en\/wp-json\/wp\/v2\/media?parent=30218"}],"wp:term":[{"taxonomy":"product_brand","embeddable":true,"href":"https:\/\/havamall.com\/en\/wp-json\/wp\/v2\/product_brand?post=30218"},{"taxonomy":"product_cat","embeddable":true,"href":"https:\/\/havamall.com\/en\/wp-json\/wp\/v2\/product_cat?post=30218"},{"taxonomy":"product_tag","embeddable":true,"href":"https:\/\/havamall.com\/en\/wp-json\/wp\/v2\/product_tag?post=30218"}],"curies":[{"name":"wp","href":"https:\/\/api.w.org\/{rel}","templated":true}]}}