{"id":30259,"date":"2023-02-07T17:18:19","date_gmt":"2023-02-07T10:18:19","guid":{"rendered":"https:\/\/havamall.com\/?post_type=product&#038;p=30259"},"modified":"2025-03-27T10:49:35","modified_gmt":"2025-03-27T03:49:35","slug":"bot-gia-vi-ga-chien-han-quoc-gochujang-hieu-lobo-gochujang-hot-wing-glaze-mix","status":"publish","type":"product","link":"https:\/\/havamall.com\/en\/shop\/bot-gia-vi-ga-chien-han-quoc-gochujang-hieu-lobo-gochujang-hot-wing-glaze-mix\/","title":{"rendered":"B\u1ed9t Gia V\u1ecb G\u00e0 Chi\u00ean H\u00e0n Qu\u1ed1c Gochujang Hi\u1ec7u Lobo &#8211; Gochujang Hot Wing Glaze Mix 100g"},"content":{"rendered":"<h2><strong>TH\u00d4NG TIN CHUNG<\/strong><\/h2>\n<table border=\"2\" width=\"476\">\n<tbody>\n<tr>\n<td><strong>Th\u01b0\u01a1ng hi\u1ec7u<\/strong><\/td>\n<td>LOBO<\/td>\n<\/tr>\n<tr>\n<td><strong>Xu\u1ea5t x\u1ee9<\/strong><\/td>\n<td>Th\u00e1i Lan<\/td>\n<\/tr>\n<tr>\n<td><strong>Th\u00e0nh ph\u1ea7n<\/strong><\/td>\n<td>\u0110\u01b0\u1eddng, \u1edbt, gia v\u1ecb, b\u1ed9t \u0111\u1eadu n\u00e0nh, d\u1ea7u n\u00e0nh, b\u1ed9t c\u00e0 chua,&#8230;<\/td>\n<\/tr>\n<tr>\n<td><strong>Quy c\u00e1ch<\/strong><\/td>\n<td>100g<\/td>\n<\/tr>\n<tr>\n<td><strong>B\u1ea3o qu\u1ea3n<\/strong><\/td>\n<td>B\u1ea3o qu\u1ea3n n\u1edbi kh\u00f4 r\u00e1o, tho\u00e1ng m\u00e1t.<\/td>\n<\/tr>\n<tr>\n<td><strong>H\u1ea1n s\u1eed d\u1ee5ng<\/strong><\/td>\n<td>Xem tr\u1ef1c ti\u1ebfp tr\u00ean bao b\u00ec s\u1ea3n ph\u1ea9m.<\/td>\n<\/tr>\n<\/tbody>\n<\/table>\n<p><strong>Gia v\u1ecb c\u00e1nh g\u00e0 chi\u00ean H\u00e0n Qu\u1ed1c LOBO<\/strong>\u00a0l\u00e0 s\u1ea3n ph\u1ea9m b\u1ed9t\u00a0gia v\u1ecb\u00a0tr\u1ed9n s\u1eb5n, gi\u00fap b\u1ea1n t\u1ea1o n\u00ean h\u01b0\u01a1ng v\u1ecb th\u01a1m ngon \u0111\u00fang chu\u1ea9n cho m\u00f3n c\u00e1nh g\u00e0 chi\u00ean H\u00e0n Qu\u1ed1c mang h\u01b0\u01a1ng v\u1ecb \u0111\u1eb7c tr\u01b0ng c\u1ee7a \u1ea9m th\u1ef1c Th\u00e1i Lan.<\/p>\n<p>S\u1eed d\u1ee5ng g\u00f3i gia v\u1ecb tr\u1ed9n s\u1eb5n, b\u00e0 n\u1ed9i tr\u1ee3 s\u1ebd ti\u1ebft ki\u1ec7m \u0111\u01b0\u1ee3c kh\u00e1 nhi\u1ec1u th\u1eddi gian v\u00e0 c\u00f4ng s\u1ee9c chu\u1ea9n b\u1ecb v\u00e0 s\u01a1 ch\u1ebf nguy\u00ean li\u1ec7u.<\/p>\n<p><img fetchpriority=\"high\" decoding=\"async\" class=\"wp-image-30260 aligncenter\" src=\"https:\/\/havamall.com\/wp-content\/uploads\/2023\/02\/b-300x300.png\" alt=\"\" width=\"655\" height=\"655\" \/><\/p>\n<h2><strong>\u0110\u1eb6C \u0110I\u1ec2M N\u1ed4I B\u1eacT C\u1ee6A S\u1ea2N PH\u1ea8M<\/strong><\/h2>\n<p>Gia v\u1ecb Lobo Th\u00e1i Lan l\u00e0 gia v\u1ecb chuy\u00ean d\u1ee5ng t\u1ea1o n\u00ean h\u01b0\u01a1ng v\u1ecb tuy\u1ec7t ngon \u0111\u01b0\u1ee3c nhi\u1ec1u ng\u01b0\u1eddi y\u00eau th\u00edch tr\u00ean kh\u1eafp th\u1ebf gi\u1edbi, \u0111\u1eb7c bi\u1ec7t l\u00e0 h\u1ee3p v\u1edbi kh\u1ea9u v\u1ecb c\u1ee7a ng\u01b0\u1eddi Vi\u1ec7t Nam.<\/p>\n<p>Gia v\u1ecb Lobo \u0111\u01b0\u1ee3c s\u1ea3n xu\u1ea5t tr\u00ean d\u00e2y chuy\u1ec1n c\u00f4ng ngh\u1ec7 hi\u1ec7n \u0111\u1ea1i, kh\u00e9p k\u00edn, \u0111\u1ea3m b\u1ea3o an to\u00e0n v\u1ec7 sinh th\u1ef1c ph\u1ea9m.<\/p>\n<p>Ch\u1ecdn l\u1ecdc t\u1eeb ngu\u1ed3n nguy\u00ean li\u1ec7u thi\u00ean nhi\u00ean \u0111\u1eb7c tr\u01b0ng c\u1ee7a x\u1ee9 s\u1edf Ch\u00f9a V\u00e0ng, mang \u0111\u1ebfn h\u01b0\u01a1ng v\u1ecb th\u01a1m ngon \u0111\u1eadm \u0111\u00e0 \u0111\u00fang chu\u1ea9n.<\/p>\n<p>G\u00f3i gia v\u1ecb S\u1ed1t Gochujang hi\u1ec7u Lobo c\u00f3 th\u1ec3 gi\u00fap b\u1ea1n d\u1ec5 d\u00e0ng ch\u1ebf bi\u1ebfn m\u00f3n G\u00e0 R\u00e1n S\u1ed1t Cay \u0111\u1eadm h\u01b0\u01a1ng v\u1ecb H\u00e0n Qu\u1ed1c &#8211; 1 g\u00f3i s\u1ed1t 100g c\u00f3 th\u1ec3 ch\u1ebf bi\u1ebfn 1kg th\u1ecbt<\/p>\n<p><img decoding=\"async\" class=\"wp-image-30261 aligncenter\" src=\"https:\/\/havamall.com\/wp-content\/uploads\/2023\/02\/fvfd-300x300.png\" alt=\"\" width=\"653\" height=\"653\" \/><\/p>\n<h2><strong>H\u01af\u1edaNG D\u1eaaN S\u1eec D\u1ee4NG<\/strong><\/h2>\n<p>1. Chu\u1ea9n b\u1ecb tr\u01b0\u1edbc 1 kg th\u1ecbt g\u00e0 l\u0103n b\u1ed9t v\u00e0 chi\u00ean \u0111\u1ebfn gi\u00f2n.<\/p>\n<p>2. Cho g\u00f3i gia v\u1ecb Gochujang 100g Hi\u1ec7u Lobo n\u00e0y v\u00e0o 120ml n\u01b0\u1edbc v\u00e0 khu\u1ea5y cho \u0111\u1ebfn khi h\u00f2a quy\u1ec7n l\u1ea1i.<\/p>\n<p>3. Sau \u0111\u00f3 x\u00f3c \u0111\u1ec1u h\u1ed7n h\u1ee3p gia v\u1ecb n\u00e0y v\u1edbi 1 kg th\u1ecbt g\u00e0 \u0111\u00e3 chi\u00ean gi\u00f2n tr\u01b0\u1edbc \u0111\u00f3.<\/p>\n<p>4. G\u1ea5p ra \u0111\u0129a v\u00e0 nh\u01b0 v\u1eady l\u00e0 b\u1ea1n \u0111\u00e3 c\u00f3 1 m\u00f3n G\u00e0 R\u00e1n S\u1ed1t Cay chu\u1ea9n phong c\u00e1ch H\u00e0n Qu\u1ed1c.<\/p>\n<p><img decoding=\"async\" class=\"wp-image-30262 aligncenter\" src=\"https:\/\/havamall.com\/wp-content\/uploads\/2023\/02\/nb-300x300.png\" alt=\"\" width=\"658\" height=\"658\" \/><\/p>","protected":false},"excerpt":{"rendered":"<p>TH\u00d4NG TIN CHUNG Th\u01b0\u01a1ng hi\u1ec7u LOBO Xu\u1ea5t x\u1ee9 Th\u00e1i Lan Th\u00e0nh ph\u1ea7n \u0110\u01b0\u1eddng, \u1edbt, gia v\u1ecb, b\u1ed9t \u0111\u1eadu n\u00e0nh, d\u1ea7u<\/p>","protected":false},"featured_media":30264,"comment_status":"open","ping_status":"closed","template":"","meta":[],"product_brand":[],"product_cat":[730,36],"product_tag":[],"class_list":{"0":"post-30259","1":"product","2":"type-product","3":"status-publish","4":"has-post-thumbnail","6":"product_cat-cac-nuoc-khac","7":"product_cat-thuc-pham-tieu-dung","8":"pa_brand-lobo","10":"first","11":"instock","12":"sale","13":"shipping-taxable","14":"purchasable","15":"product-type-simple"},"_links":{"self":[{"href":"https:\/\/havamall.com\/en\/wp-json\/wp\/v2\/product\/30259","targetHints":{"allow":["GET"]}}],"collection":[{"href":"https:\/\/havamall.com\/en\/wp-json\/wp\/v2\/product"}],"about":[{"href":"https:\/\/havamall.com\/en\/wp-json\/wp\/v2\/types\/product"}],"replies":[{"embeddable":true,"href":"https:\/\/havamall.com\/en\/wp-json\/wp\/v2\/comments?post=30259"}],"version-history":[{"count":0,"href":"https:\/\/havamall.com\/en\/wp-json\/wp\/v2\/product\/30259\/revisions"}],"wp:featuredmedia":[{"embeddable":true,"href":"https:\/\/havamall.com\/en\/wp-json\/wp\/v2\/media\/30264"}],"wp:attachment":[{"href":"https:\/\/havamall.com\/en\/wp-json\/wp\/v2\/media?parent=30259"}],"wp:term":[{"taxonomy":"product_brand","embeddable":true,"href":"https:\/\/havamall.com\/en\/wp-json\/wp\/v2\/product_brand?post=30259"},{"taxonomy":"product_cat","embeddable":true,"href":"https:\/\/havamall.com\/en\/wp-json\/wp\/v2\/product_cat?post=30259"},{"taxonomy":"product_tag","embeddable":true,"href":"https:\/\/havamall.com\/en\/wp-json\/wp\/v2\/product_tag?post=30259"}],"curies":[{"name":"wp","href":"https:\/\/api.w.org\/{rel}","templated":true}]}}