{"id":30265,"date":"2023-02-08T09:47:38","date_gmt":"2023-02-08T02:47:38","guid":{"rendered":"https:\/\/havamall.com\/?post_type=product&#038;p=30265"},"modified":"2025-03-27T10:49:28","modified_gmt":"2025-03-27T03:49:28","slug":"bot-rau-cau-huong-hanh-nhan-hieu-lobo-agar-dessert-mix-almond-flavor-130g","status":"publish","type":"product","link":"https:\/\/havamall.com\/en\/shop\/bot-rau-cau-huong-hanh-nhan-hieu-lobo-agar-dessert-mix-almond-flavor-130g\/","title":{"rendered":"B\u1ed9t Rau C\u00e2u H\u01b0\u01a1ng H\u1ea1nh Nh\u00e2n Hi\u1ec7u Lobo &#8211; Agar Dessert Mix Almond Flavor 130g"},"content":{"rendered":"<h2><strong>TH\u00d4NG TIN CHUNG<\/strong><\/h2>\n<table border=\"2\" width=\"476\">\n<tbody>\n<tr>\n<td><strong>Th\u01b0\u01a1ng hi\u1ec7u<\/strong><\/td>\n<td>LOBO<\/td>\n<\/tr>\n<tr>\n<td><strong>Xu\u1ea5t x\u1ee9<\/strong><\/td>\n<td>Th\u00e1i Lan<\/td>\n<\/tr>\n<tr>\n<td><strong>Th\u00e0nh ph\u1ea7n<\/strong><\/td>\n<td>\u0110\u01b0\u1eddng, kem kh\u00f4ng s\u1eefa, ch\u1ea5t t\u1ea1o gel,&#8230;<\/td>\n<\/tr>\n<tr>\n<td><strong>Quy c\u00e1ch<\/strong><\/td>\n<td>130g<\/td>\n<\/tr>\n<tr>\n<td><strong>B\u1ea3o qu\u1ea3n<\/strong><\/td>\n<td>B\u1ea3o qu\u1ea3n n\u01a1i kh\u00f4 r\u00e1o, tho\u00e1ng m\u00e1t, tr\u00e1nh \u00e1nh n\u1eafng tr\u1ef1c ti\u1ebfp<\/td>\n<\/tr>\n<tr>\n<td><strong>H\u1ea1n s\u1eed d\u1ee5ng<\/strong><\/td>\n<td>Xem tr\u1ef1c ti\u1ebfp tr\u00ean bao b\u00ec s\u1ea3n ph\u1ea9m.<\/td>\n<\/tr>\n<\/tbody>\n<\/table>\n<h2><strong>B\u1ed8T RAU C\u00c2U H\u1ea0NH NH\u00c2N LOBO<\/strong><\/h2>\n<p>S\u1ea3n ph\u1ea9m \u0111\u1ebfn t\u1eeb th\u01b0\u01a1ng hi\u1ec7u Lobo. \u0110\u00e2y l\u00e0 m\u1ed9t th\u01b0\u01a1ng hi\u1ec7u n\u1ed5i ti\u1ebfng c\u1ee7a Th\u00e1i Lan, chuy\u00ean cung c\u1ea5p c\u00e1c lo\u1ea1i gia v\u1ecb cho m\u00f3n \u0103n th\u00eam ph\u1ea7n th\u01a1m ngon. Hi\u1ec7n nay, c\u00e1c s\u1ea3n ph\u1ea9m c\u1ee7a Lobo r\u1ea5t \u0111\u01b0\u1ee3c \u01b0u chu\u1ed9ng t\u1ea1i Vi\u1ec7t Nam b\u1edfi ng\u01b0\u1eddi n\u1ea5u s\u1ebd ti\u1ebft ki\u1ec7m nhi\u1ec1u th\u1eddi gian v\u00e0 c\u00f4ng s\u1ee9c \u0111\u1ec3 t\u1ea1o ra m\u1ed9t b\u1eefa c\u01a1m ho\u00e0n ch\u1ec9nh. V\u1edbi th\u00e0nh ph\u1ea7n g\u1ed3m nh\u1eefng nguy\u00ean li\u1ec7u an to\u00e0n, gia v\u1ecb Lobo \u0111\u1ea3m b\u1ea3o v\u1ec7 sinh th\u1ef1c ph\u1ea9m tuy\u1ec7t \u0111\u1ed1i.<\/p>\n<p><img fetchpriority=\"high\" decoding=\"async\" class=\"wp-image-30266 aligncenter\" src=\"https:\/\/havamall.com\/wp-content\/uploads\/2023\/02\/1-copy-291x300.png\" alt=\"\" width=\"618\" height=\"637\" \/><\/p>\n<p>B\u1ed9t rau c\u00e2u h\u1ea1nh nh\u00e2n hi\u1ec7u Lobo Th\u00e1i Lan 130g c\u00f3 d\u1ea1ng b\u1ed9t, \u0111\u01b0\u1ee3c nghi\u1ec1n nh\u1ecf v\u00e0 k\u0129, d\u1ec5 d\u00e0ng h\u00f2a tan v\u1edbi c\u00e1c lo\u1ea1i nguy\u00ean li\u1ec7u kh\u00e1c, gi\u00fap th\u1ea1ch c\u00f3 \u0111\u1ed9 gi\u00f2n \u0111\u1ec1u, kh\u00f4ng b\u1ecb v\u00f3n c\u1ee5c. B\u1ea1n c\u00f3 th\u1ec3 s\u1eed d\u1ee5ng s\u1ea3n ph\u1ea9m \u0111\u1ec3 l\u00e0m th\u1ea1ch rau c\u00e2u m\u1ed9t c\u00e1ch \u0111\u01a1n gi\u1ea3n v\u00e0 d\u1ec5 d\u00e0ng ch\u1ec9 v\u1edbi m\u1ed9t v\u00e0i thao t\u00e1c. S\u1ea3n ph\u1ea9m \u0111\u01b0\u1ee3c \u0111\u00f3ng g\u00f3i trong t\u00fai k\u00edn, ti\u1ec7n l\u1ee3i khi s\u1eed d\u1ee5ng v\u00e0 b\u1ea3o qu\u1ea3n.<\/p>\n<h2><strong>C\u00c1CH L\u00c0M RAU C\u00c2U H\u1ea0NH NH\u00c2N<\/strong><\/h2>\n<h5><em><strong>Nguy\u00ean li\u1ec7u<\/strong><\/em><\/h5>\n<p>&#8211; B\u1ed9t rau c\u00e2u h\u1ea1nh nh\u00e2n<\/p>\n<p>&#8211; B\u1ed9t tr\u00e0 xanh Matcha ho\u1eb7c b\u1ed9t tr\u00e0 \u00d4 Long.<\/p>\n<p>&#8211; S\u1eefa t\u01b0\u01a1i kh\u00f4ng \u0111\u01b0\u1eddng. Do b\u1ed9t h\u1ea1nh nh\u00e2n \u0111\u00e3 c\u00f3 n\u00eam s\u1eb5n \u0111\u1ed9 ng\u1ecdt, n\u00ean ch\u1ec9 c\u1ea7n s\u1eed d\u1ee5ng lo\u1ea1i s\u1eefa t\u01b0\u01a1i kh\u00f4ng \u0111\u01b0\u1eddng l\u00e0 \u0111\u01b0\u1ee3c, \u0111\u1ec3 tr\u00e1nh b\u1ecb qu\u00e1 ng\u1ecdt.<\/p>\n<p>&#8211; N\u01b0\u1edbc l\u1ecdc b\u00ecnh th\u01b0\u1eddng.<\/p>\n<p><img decoding=\"async\" class=\"wp-image-30270 aligncenter\" src=\"https:\/\/havamall.com\/wp-content\/uploads\/2023\/02\/3-258x300.png\" alt=\"\" width=\"623\" height=\"724\" \/><\/p>\n<h5><em><strong>C\u00e1ch n\u1ea5u<\/strong><\/em><\/h5>\n<p>B\u01b0\u1edbc 1: Chu\u1ea9n b\u1ecb \u0111\u1ee7 04 nguy\u00ean v\u1eadt li\u1ec7u tr\u00ean. Ghi ch\u00fa nh\u1ecf: Theo t\u1edd h\u01b0\u1edbng d\u1eabn d\u00e1n tr\u00ean g\u00f3i b\u1ed9t th\u00ec c\u1ee9 01 g\u00f3i 130g n\u00e0y l\u00e0 h\u00f2a v\u1edbi 500ml n\u01b0\u1edbc. Theo v\u1eady m\u00e0 m\u00ecnh t\u1ef1 c\u00e2n \u0111\u1ed1i l\u01b0\u1ee3ng s\u1eefa t\u01b0\u01a1i &amp; l\u01b0\u1ee3ng n\u01b0\u1edbc th\u00edch h\u1ee3p. B\u1ecf s\u1eefa t\u01b0\u01a1i nhi\u1ec1u th\u00ec s\u1ebd \u00e1t b\u1edbt m\u00f9i h\u1ea1nh nh\u00e2n c\u1ee7a b\u1ed9t rau c\u00e2u, nh\u01b0ng \u0103n v\u1eabn h\u1ebft x\u1ea9y. C\u00f2n b\u1ecf s\u1eefa t\u01b0\u01a1i \u00edt l\u1ea1i, \u0111\u1ec3 l\u01b0\u1ee3ng n\u01b0\u1edbc nhi\u1ec1u h\u01a1n th\u00ec m\u00f9i h\u1ea1nh nh\u00e2n s\u1ebd \u0111\u1eadm \u0111\u00e0 h\u01a1n<\/p>\n<p>B\u01b0\u1edbc 2: \u0110\u1ed5 \u00edt n\u01b0\u1edbc v\u00e0o n\u1ed3i n\u1ea5u s\u00f4i l\u00ean, xong \u0111\u1ed5 b\u1ed9t rau c\u00e2u v\u00e0o khu\u1ea5y \u0111\u1ec1u cho tan h\u1ebft.<\/p>\n<p>B\u01b0\u1edbc 3: Sau khi b\u1ed9t trong n\u1ed3i \u0111\u01b0\u1ee3c khu\u1ea5y tan h\u1ebft, m\u00ecnh \u0111\u1ed5 th\u00eam s\u1eefa &amp; n\u01b0\u1edbc v\u00f4 cho \u0111\u1ee7 theo ti\u00eau chu\u1ea9n 500ml tr\u00ean, n\u1ea5u cho s\u00f4i l\u00ean r\u1ed3i t\u1eaft b\u1ebfp. Trong qu\u00e1 tr\u00ecnh n\u1ea5u s\u00f4i, l\u01b0u \u00fd li\u00ean t\u1ee5c khu\u1ea5y \u0111\u1ec1u \u0111\u1ec3 \u0111\u00e1nh tan lu\u00f4n l\u01b0\u1ee3ng b\u1ed9t ch\u01b0a tan h\u1ebft n\u1ebfu c\u00f3.<\/p>\n<p>B\u01b0\u1edbc 4: Chu\u1ea9n b\u1ecb n\u01b0\u1edbc tr\u00e0 (Matcha tr\u00e0 xanh ho\u1eb7c b\u1ed9t tr\u00e0 \u00d4 Long) \u0111\u1ec3 cho v\u00e0o m\u1ebb rau c\u00e2u h\u1ea1nh nh\u00e2n b\u1eb1ng c\u00e1ch l\u1ea5y l\u01b0\u1ee3ng b\u1ed9t tr\u00e0 v\u1eeba \u0111\u1ee7 ho\u00e0 v\u00e0o \u00edt n\u01b0\u1edbc \u1ea5m.<\/p>\n<p>B\u01b0\u1edbc 5: D\u00f9ng mu\u1ed7ng khu\u1ea5y cho b\u1ed9t tr\u00e0 tan h\u1ebft trong n\u01b0\u1edbc \u1ea5m. Mu\u1ed1n cho tan h\u1ebft ho\u00e0n to\u00e0n \u0111\u00f2i h\u1ecfi l\u00f2ng ki\u00ean nh\u1eabn v\u00ec ph\u1ea3i khu\u1ea5y kh\u00e1 l\u00e2u.<\/p>\n<p>B\u01b0\u1edbc 6: Ch\u1ecdn lo\u1ea1i \u0111\u0129a c\u00f3 \u0111\u00e1y s\u00e2u m\u1ed9t ch\u00fat \u0111\u1ec3 \u0111\u1ed5 rau c\u00e2u h\u1ea1nh nh\u00e2n \u0111\u00e3 n\u1ea5u xong v\u00e0o, \u0111\u1ec3 ngu\u1ed9i.<\/p>\n<p>B\u01b0\u1edbc 7: B\u1ecf n\u01b0\u1edbc tr\u00e0 m\u00ecnh \u0111\u00e3 pha xong v\u00e0o \u0111\u0129a rau c\u00e2u h\u1ea1nh nh\u00e2n. B\u1ecf l\u01b0\u1ee3ng n\u01b0\u1edbc tr\u00e0 nhi\u1ec1u hay \u00edt c\u0169ng t\u00f9y gu c\u1ee7a t\u1eebng ng\u01b0\u1eddi.<\/p>\n<p>B\u01b0\u1edbc 8: Khu\u1ea5y \u0111\u1ec1u \u0111\u1ec3 th\u00e0nh h\u1ed7n h\u1ee3p s\u1eefa h\u1ea1nh nh\u00e2n + n\u01b0\u1edbc Matcha. H\u1ed7n h\u1ee3p s\u1ebd c\u00f3 m\u00e0u xanh l\u00e1 ph\u01a1n ph\u1edbt.<\/p>\n<p>B\u01b0\u1edbc 9: Ch\u1edd m\u1ebb rau c\u00e2u \u0111\u1ee7 ngu\u1ed9i th\u00ec \u0111em b\u1ecf v\u00e0o ng\u0103n m\u00e1t t\u1ee7 l\u1ea1nh kho\u1ea3ng 1h l\u00e0 rau c\u00e2u \u0111\u00f4ng \u0111\u1eb7c l\u1ea1i &amp; \u0111\u1ee7 \u0111\u1ed9 l\u1ea1nh \u0111\u1ec3 \u0103n.<\/p>\n<p><img decoding=\"async\" class=\"wp-image-30268 aligncenter\" src=\"https:\/\/havamall.com\/wp-content\/uploads\/2023\/02\/2-284x300.png\" alt=\"\" width=\"647\" height=\"683\" \/><\/p>","protected":false},"excerpt":{"rendered":"<p>TH\u00d4NG TIN CHUNG Th\u01b0\u01a1ng hi\u1ec7u LOBO Xu\u1ea5t x\u1ee9 Th\u00e1i Lan Th\u00e0nh ph\u1ea7n \u0110\u01b0\u1eddng, kem kh\u00f4ng s\u1eefa, ch\u1ea5t t\u1ea1o gel,&#8230; Quy<\/p>","protected":false},"featured_media":30269,"comment_status":"open","ping_status":"closed","template":"","meta":[],"product_brand":[],"product_cat":[730,36],"product_tag":[],"class_list":{"0":"post-30265","1":"product","2":"type-product","3":"status-publish","4":"has-post-thumbnail","6":"product_cat-cac-nuoc-khac","7":"product_cat-thuc-pham-tieu-dung","8":"pa_brand-lobo","10":"first","11":"instock","12":"sale","13":"shipping-taxable","14":"purchasable","15":"product-type-simple"},"_links":{"self":[{"href":"https:\/\/havamall.com\/en\/wp-json\/wp\/v2\/product\/30265","targetHints":{"allow":["GET"]}}],"collection":[{"href":"https:\/\/havamall.com\/en\/wp-json\/wp\/v2\/product"}],"about":[{"href":"https:\/\/havamall.com\/en\/wp-json\/wp\/v2\/types\/product"}],"replies":[{"embeddable":true,"href":"https:\/\/havamall.com\/en\/wp-json\/wp\/v2\/comments?post=30265"}],"version-history":[{"count":0,"href":"https:\/\/havamall.com\/en\/wp-json\/wp\/v2\/product\/30265\/revisions"}],"wp:featuredmedia":[{"embeddable":true,"href":"https:\/\/havamall.com\/en\/wp-json\/wp\/v2\/media\/30269"}],"wp:attachment":[{"href":"https:\/\/havamall.com\/en\/wp-json\/wp\/v2\/media?parent=30265"}],"wp:term":[{"taxonomy":"product_brand","embeddable":true,"href":"https:\/\/havamall.com\/en\/wp-json\/wp\/v2\/product_brand?post=30265"},{"taxonomy":"product_cat","embeddable":true,"href":"https:\/\/havamall.com\/en\/wp-json\/wp\/v2\/product_cat?post=30265"},{"taxonomy":"product_tag","embeddable":true,"href":"https:\/\/havamall.com\/en\/wp-json\/wp\/v2\/product_tag?post=30265"}],"curies":[{"name":"wp","href":"https:\/\/api.w.org\/{rel}","templated":true}]}}