{"id":30284,"date":"2023-02-08T11:32:52","date_gmt":"2023-02-08T04:32:52","guid":{"rendered":"https:\/\/havamall.com\/?post_type=product&#038;p=30284"},"modified":"2026-03-18T13:55:28","modified_gmt":"2026-03-18T06:55:28","slug":"sot-gia-vi-xao-thit-bam-lobo-seasoning-paste-for-spicy-northern-thai-pork-with-tomato","status":"publish","type":"product","link":"https:\/\/havamall.com\/en\/shop\/sot-gia-vi-xao-thit-bam-lobo-seasoning-paste-for-spicy-northern-thai-pork-with-tomato\/","title":{"rendered":"S\u1ed1t Gia V\u1ecb X\u00e0o Th\u1ecbt B\u1eb1m LOBO &#8211; Seasoning Paste For Spicy Northern Thai Pork With Tomato 50g"},"content":{"rendered":"<h2><strong>TH\u00d4NG TIN CHUNG<\/strong><\/h2>\n<table border=\"2\" width=\"476\">\n<tbody>\n<tr>\n<td><strong>Th\u01b0\u01a1ng hi\u1ec7u<\/strong><\/td>\n<td>LOBO<\/td>\n<\/tr>\n<tr>\n<td><strong>Xu\u1ea5t x\u1ee9<\/strong><\/td>\n<td>Th\u00e1i Lan<\/td>\n<\/tr>\n<tr>\n<td><strong>Th\u00e0nh ph\u1ea7n<\/strong><\/td>\n<td>\u0110\u01b0\u1eddng, mu\u1ed1i, gia v\u1ecb, h\u00e0nh, l\u00e1 chanh, m\u00f9i t\u00e2y, ri\u1ec1ng, c\u00e2y ti\u00eau h\u1ed3i, \u0111inh h\u01b0\u01a1ng,\u2026<\/td>\n<\/tr>\n<tr>\n<td><strong>Quy c\u00e1ch<\/strong><\/td>\n<td>50g<\/td>\n<\/tr>\n<tr>\n<td><strong>B\u1ea3o qu\u1ea3n<\/strong><\/td>\n<td>B\u1ea3o qu\u1ea3n n\u01a1i kh\u00f4 r\u00e1o, tho\u00e1ng m\u00e1t, tr\u00e1nh \u00e1nh n\u1eafng tr\u1ef1c ti\u1ebfp<\/td>\n<\/tr>\n<tr>\n<td><strong>H\u1ea1n s\u1eed d\u1ee5ng<\/strong><\/td>\n<td>Xem tr\u1ef1c ti\u1ebfp tr\u00ean bao b\u00ec s\u1ea3n ph\u1ea9m.<\/td>\n<\/tr>\n<\/tbody>\n<\/table>\n<h2><strong>B\u1ed8T GIA V\u1eca X\u00c0O TH\u1ecaT B\u1eb0M LOBO<\/strong><\/h2>\n<p>S\u1ea3n ph\u1ea9m \u0111\u1ebfn t\u1eeb th\u01b0\u01a1ng hi\u1ec7u Lobo. \u0110\u00e2y l\u00e0 m\u1ed9t th\u01b0\u01a1ng hi\u1ec7u n\u1ed5i ti\u1ebfng c\u1ee7a Th\u00e1i Lan, chuy\u00ean cung c\u1ea5p c\u00e1c lo\u1ea1i gia v\u1ecb cho m\u00f3n \u0103n th\u00eam ph\u1ea7n th\u01a1m ngon. Hi\u1ec7n nay, c\u00e1c s\u1ea3n ph\u1ea9m c\u1ee7a Lobo r\u1ea5t \u0111\u01b0\u1ee3c \u01b0u chu\u1ed9ng t\u1ea1i Vi\u1ec7t Nam b\u1edfi ng\u01b0\u1eddi n\u1ea5u s\u1ebd ti\u1ebft ki\u1ec7m nhi\u1ec1u th\u1eddi gian v\u00e0 c\u00f4ng s\u1ee9c \u0111\u1ec3 t\u1ea1o ra m\u1ed9t b\u1eefa c\u01a1m ho\u00e0n ch\u1ec9nh. V\u1edbi th\u00e0nh ph\u1ea7n g\u1ed3m nh\u1eefng nguy\u00ean li\u1ec7u an to\u00e0n, gia v\u1ecb Lobo \u0111\u1ea3m b\u1ea3o v\u1ec7 sinh th\u1ef1c ph\u1ea9m tuy\u1ec7t \u0111\u1ed1i.<\/p>\n<p>Gia v\u1ecb Lobo Th\u00e1i Lan l\u00e0 gia v\u1ecb chuy\u00ean d\u1ee5ng t\u1ea1o n\u00ean h\u01b0\u01a1ng v\u1ecb tuy\u1ec7t ngon \u0111\u01b0\u1ee3c nhi\u1ec1u ng\u01b0\u1eddi y\u00eau th\u00edch tr\u00ean kh\u1eafp th\u1ebf gi\u1edbi, \u0111\u1eb7c bi\u1ec7t l\u00e0 h\u1ee3p v\u1edbi kh\u1ea9u v\u1ecb c\u1ee7a ng\u01b0\u1eddi Vi\u1ec7t Nam.<\/p>\n<p><img fetchpriority=\"high\" decoding=\"async\" class=\"wp-image-30285 aligncenter\" src=\"https:\/\/havamall.com\/wp-content\/uploads\/2023\/02\/11-300x225.png\" alt=\"\" width=\"660\" height=\"495\" \/><\/p>\n<h2><strong>\u0110\u1eb6C \u0110I\u1ec2M N\u1ed4I B\u00c2T C\u1ee6A S\u1ea2N PH\u1ea8M<\/strong><\/h2>\n<p>&#8211; Gia v\u1ecb Lobo \u0111\u01b0\u1ee3c s\u1ea3n xu\u1ea5t tr\u00ean d\u00e2y chuy\u1ec1n c\u00f4ng ngh\u1ec7 hi\u1ec7n \u0111\u1ea1i, kh\u00e9p k\u00edn, \u0111\u1ea3m b\u1ea3o an to\u00e0n v\u1ec7 sinh th\u1ef1c ph\u1ea9m.<\/p>\n<p>&#8211; Ch\u1ecdn l\u1ecdc t\u1eeb ngu\u1ed3n nguy\u00ean li\u1ec7u thi\u00ean nhi\u00ean \u0111\u1eb7c tr\u01b0ng c\u1ee7a x\u1ee9 s\u1edf Ch\u00f9a V\u00e0ng, mang \u0111\u1ebfn h\u01b0\u01a1ng v\u1ecb th\u01a1m ngon \u0111\u1eadm \u0111\u00e0 \u0111\u00fang chu\u1ea9n.<\/p>\n<p>&#8211; G\u00f3i gia v\u1ecb s\u1ed1t th\u1ecbt gi\u00fap b\u1ea1n ch\u1ebf bi\u1ebfn m\u00f3n M\u1ef3 \u00dd th\u01a1m ngon \u0111\u1eadm \u0111\u00e0 m\u1ed9t c\u00e1ch nhanh nh\u1ea5t.<\/p>\n<p>&#8211; Ch\u1ec9 c\u1ea7n g\u00f3i s\u1ed1t th\u1ecbt Lobo + c\u00e0 chua t\u01b0\u01a1i + n\u01b0\u1edbc + th\u1ecbt b\u00f2 b\u1ea7m = s\u1ed1t m\u1ef3 \u00dd th\u01a1m ngon chu\u1ea9n v\u1ecb.<\/p>\n<p><img decoding=\"async\" class=\"wp-image-30286 aligncenter\" src=\"https:\/\/havamall.com\/wp-content\/uploads\/2023\/02\/12-300x200.png\" alt=\"\" width=\"686\" height=\"457\" \/><\/p>\n<h2><strong>H\u01af\u1edaNG D\u1eaaN S\u1eec D\u1ee4NG<\/strong><\/h2>\n<h5><em><strong>Chu\u1ea9n b\u1ecb:<\/strong><\/em><\/h5>\n<p>&#8211; 200g th\u1ecbt b\u1eb1m (heo, g\u00e0 ,b\u00f2, t\u00f4m)<\/p>\n<p>&#8211; D\u01b0a leo, c\u00e0 chua, b\u1eafp c\u1ea3i, rau s\u1ed1ng (tu\u1ef3 th\u00edch)<\/p>\n<h5><em><strong>C\u00e1ch l\u00e0m:<\/strong><\/em><\/h5>\n<p>&#8211; \u0110un n\u00f3ng d\u1ea7u trong ch\u1ea3o<\/p>\n<p>&#8211;\u00a0\u0110\u1ec3 th\u1ecbt b\u1eb1m v\u00e0o\u00a0x\u00e0o, sau \u0111\u00f3 cho g\u00f3i gia v\u1ecb x\u00e0o th\u1ecbt v\u00e0o<\/p>\n<p>&#8211; Th\u00eam \u00edt n\u01b0\u1edbc cho ch\u00edn th\u1ecbt, n\u00eam l\u1ea1i cho v\u1eeba \u0103n. \u0102n k\u00e8m v\u1edbi c\u01a1m, m\u1ef3 \u00dd,rau s\u1ed1ng<\/p>\n<p><img decoding=\"async\" class=\"wp-image-30287 aligncenter\" src=\"https:\/\/havamall.com\/wp-content\/uploads\/2023\/02\/13-300x201.png\" alt=\"\" width=\"687\" height=\"460\" \/><\/p>","protected":false},"excerpt":{"rendered":"<p>TH\u00d4NG TIN CHUNG Th\u01b0\u01a1ng hi\u1ec7u LOBO Xu\u1ea5t x\u1ee9 Th\u00e1i Lan Th\u00e0nh ph\u1ea7n \u0110\u01b0\u1eddng, mu\u1ed1i, gia v\u1ecb, h\u00e0nh, l\u00e1 chanh, m\u00f9i<\/p>","protected":false},"featured_media":30289,"comment_status":"open","ping_status":"closed","template":"","meta":[],"product_brand":[],"product_cat":[730,36],"product_tag":[],"class_list":{"0":"post-30284","1":"product","2":"type-product","3":"status-publish","4":"has-post-thumbnail","6":"product_cat-cac-nuoc-khac","7":"product_cat-thuc-pham-tieu-dung","8":"pa_brand-lobo","10":"first","11":"instock","12":"sale","13":"shipping-taxable","14":"purchasable","15":"product-type-simple"},"_links":{"self":[{"href":"https:\/\/havamall.com\/en\/wp-json\/wp\/v2\/product\/30284","targetHints":{"allow":["GET"]}}],"collection":[{"href":"https:\/\/havamall.com\/en\/wp-json\/wp\/v2\/product"}],"about":[{"href":"https:\/\/havamall.com\/en\/wp-json\/wp\/v2\/types\/product"}],"replies":[{"embeddable":true,"href":"https:\/\/havamall.com\/en\/wp-json\/wp\/v2\/comments?post=30284"}],"version-history":[{"count":0,"href":"https:\/\/havamall.com\/en\/wp-json\/wp\/v2\/product\/30284\/revisions"}],"wp:featuredmedia":[{"embeddable":true,"href":"https:\/\/havamall.com\/en\/wp-json\/wp\/v2\/media\/30289"}],"wp:attachment":[{"href":"https:\/\/havamall.com\/en\/wp-json\/wp\/v2\/media?parent=30284"}],"wp:term":[{"taxonomy":"product_brand","embeddable":true,"href":"https:\/\/havamall.com\/en\/wp-json\/wp\/v2\/product_brand?post=30284"},{"taxonomy":"product_cat","embeddable":true,"href":"https:\/\/havamall.com\/en\/wp-json\/wp\/v2\/product_cat?post=30284"},{"taxonomy":"product_tag","embeddable":true,"href":"https:\/\/havamall.com\/en\/wp-json\/wp\/v2\/product_tag?post=30284"}],"curies":[{"name":"wp","href":"https:\/\/api.w.org\/{rel}","templated":true}]}}