{"id":30315,"date":"2023-02-08T16:52:05","date_gmt":"2023-02-08T09:52:05","guid":{"rendered":"https:\/\/havamall.com\/?post_type=product&#038;p=30315"},"modified":"2025-03-27T10:44:39","modified_gmt":"2025-03-27T03:44:39","slug":"sup-gia-vi-ga-ham-lobo-tom-ka-paste-50g","status":"publish","type":"product","link":"https:\/\/havamall.com\/en\/shop\/sup-gia-vi-ga-ham-lobo-tom-ka-paste-50g\/","title":{"rendered":"S\u00fap Gia V\u1ecb G\u00e0 H\u1ea7m Lobo &#8211; Tom Ka Paste 50g"},"content":{"rendered":"<h2><strong>TH\u00d4NG TIN CHUNG<\/strong><\/h2>\n<table border=\"2\" width=\"476\">\n<tbody>\n<tr>\n<td><strong>Th\u01b0\u01a1ng hi\u1ec7u<\/strong><\/td>\n<td>LOBO<\/td>\n<\/tr>\n<tr>\n<td><strong>Xu\u1ea5t x\u1ee9<\/strong><\/td>\n<td>Th\u00e1i Lan<\/td>\n<\/tr>\n<tr>\n<td><strong>Th\u00e0nh ph\u1ea7n<\/strong><\/td>\n<td>Mu\u1ed1i, ri\u1ec1ng, s\u1ea3, d\u1ea7u th\u1ef1c v\u1eadt, \u0111\u01b0\u1eddng, gia v\u1ecb,&#8230;<\/td>\n<\/tr>\n<tr>\n<td><strong>Quy c\u00e1ch<\/strong><\/td>\n<td>50g<\/td>\n<\/tr>\n<tr>\n<td><strong>B\u1ea3o qu\u1ea3n<\/strong><\/td>\n<td>B\u1ea3o qu\u1ea3n n\u01a1i kh\u00f4 r\u00e1o, tho\u00e1ng m\u00e1t, tr\u00e1nh \u00e1nh n\u1eafng tr\u1ef1c ti\u1ebfp<\/td>\n<\/tr>\n<tr>\n<td><strong>H\u1ea1n s\u1eed d\u1ee5ng<\/strong><\/td>\n<td>Xem tr\u1ef1c ti\u1ebfp tr\u00ean bao b\u00ec s\u1ea3n ph\u1ea9m.<\/td>\n<\/tr>\n<\/tbody>\n<\/table>\n<h2><strong>S\u00daP G\u00c0 H\u1ea6M LOBO<\/strong><\/h2>\n<p>S\u1ea3n ph\u1ea9m \u0111\u1ebfn t\u1eeb th\u01b0\u01a1ng hi\u1ec7u Lobo. \u0110\u00e2y l\u00e0 m\u1ed9t th\u01b0\u01a1ng hi\u1ec7u n\u1ed5i ti\u1ebfng c\u1ee7a Th\u00e1i Lan, chuy\u00ean cung c\u1ea5p c\u00e1c lo\u1ea1i gia v\u1ecb cho m\u00f3n \u0103n th\u00eam ph\u1ea7n th\u01a1m ngon. Hi\u1ec7n nay, c\u00e1c s\u1ea3n ph\u1ea9m c\u1ee7a Lobo r\u1ea5t \u0111\u01b0\u1ee3c \u01b0u chu\u1ed9ng t\u1ea1i Vi\u1ec7t Nam b\u1edfi ng\u01b0\u1eddi n\u1ea5u s\u1ebd ti\u1ebft ki\u1ec7m nhi\u1ec1u th\u1eddi gian v\u00e0 c\u00f4ng s\u1ee9c \u0111\u1ec3 t\u1ea1o ra m\u1ed9t b\u1eefa c\u01a1m ho\u00e0n ch\u1ec9nh. V\u1edbi th\u00e0nh ph\u1ea7n g\u1ed3m nh\u1eefng nguy\u00ean li\u1ec7u an to\u00e0n, gia v\u1ecb Lobo \u0111\u1ea3m b\u1ea3o v\u1ec7 sinh th\u1ef1c ph\u1ea9m tuy\u1ec7t \u0111\u1ed1i.<\/p>\n<p>Gia v\u1ecb Lobo Th\u00e1i Lan l\u00e0 gia v\u1ecb chuy\u00ean d\u1ee5ng t\u1ea1o n\u00ean h\u01b0\u01a1ng v\u1ecb tuy\u1ec7t ngon \u0111\u01b0\u1ee3c nhi\u1ec1u ng\u01b0\u1eddi y\u00eau th\u00edch tr\u00ean kh\u1eafp th\u1ebf gi\u1edbi, \u0111\u1eb7c bi\u1ec7t l\u00e0 h\u1ee3p v\u1edbi kh\u1ea9u v\u1ecb c\u1ee7a ng\u01b0\u1eddi Vi\u1ec7t Nam.<\/p>\n<p><img fetchpriority=\"high\" decoding=\"async\" class=\"wp-image-30316 aligncenter\" src=\"https:\/\/havamall.com\/wp-content\/uploads\/2023\/02\/2a-300x199.png\" alt=\"\" width=\"591\" height=\"392\" \/><\/p>\n<p>Tom Kha Gai hay c\u00f2n g\u1ecdi l\u00e0 s\u00fap g\u00e0 n\u01b0\u1edbc c\u1ed1t d\u1eeba Th\u00e1i Lan ch\u00ednh l\u00e0 m\u00f3n \u0103n truy\u1ec1n th\u1ed1ng c\u1ee7a ng\u01b0\u1eddi d\u00e2n Th\u00e1i Lan. L\u00e0 m\u1ed9t m\u00f3n \u0103n kh\u00f4ng th\u1ec3 thi\u1ebfu trong c\u00e1c b\u1eefa c\u01a1m c\u1ee7a gia \u0111\u00ecnh ng\u01b0\u1eddi Th\u00e1i Lan, Tom Kha Gai l\u00e0 s\u1ef1 k\u1ebft h\u1ee3p ho\u00e0n h\u1ea3o c\u1ee7a c\u00e1c gia v\u1ecb chua, cay, m\u1eb7n, ng\u1ecdt \u0111\u1eb7c tr\u01b0ng c\u1ee7a Th\u00e1i Lan.<\/p>\n<p>V\u1edbi th\u00e0nh ph\u1ea7n ch\u1ee7 y\u1ebfu l\u00e0 x\u01b0\u01a1ng g\u00e0 \u0111\u01b0\u1ee3c h\u1ea7m v\u1edbi n\u01b0\u1edbc c\u1ed1t d\u1eeba \u0111\u1ec3 t\u1ea1o \u0111\u1ed9 b\u00e9o cho m\u00f3n \u0103n, th\u1ecbt g\u00e0 ch\u1eb7t \u0111\u01b0\u1ee3c n\u1ea5u th\u00eam v\u00e0o \u0111\u00f3 \u0111\u1ec3 t\u0103ng th\u00eam v\u1ecb ngon ng\u1ecdt.<\/p>\n<p><img decoding=\"async\" class=\"wp-image-30317 aligncenter\" src=\"https:\/\/havamall.com\/wp-content\/uploads\/2023\/02\/2b-259x300.png\" alt=\"\" width=\"604\" height=\"699\" \/><\/p>\n<p>Ng\u00e0y nay, kh\u00f4ng ch\u1ec9 n\u1ea5u v\u1edbi th\u1ecbt g\u00e0 , m\u00f3n \u0103n n\u00e0y c\u00f2n \u0111\u01b0\u1ee3c s\u00e1ng t\u1ea1o n\u1ea5u v\u1edbi th\u1ecbt heo (Tom Kha Mu), \u0111\u1eadu ph\u1ee5 (Tom Kha Taohu) hay h\u1ea3i s\u1ea3n (Tom Kha Thale) \u0111\u1ec3 cho ra \u0111\u1eddi nh\u1eefng phi\u00ean b\u1ea3n s\u00fap m\u1edbi th\u01a1m ngon v\u00e0 h\u1ea5p d\u1eabn h\u01a1n.<\/p>\n<p>Tr\u01b0\u1edbc \u0111\u00e2y \u0111\u1ec3 n\u1ea5u \u0111\u01b0\u1ee3c m\u00f3n n\u00e0y th\u00ec c\u00e1c \u0111\u1ea7u b\u1ebfp ph\u1ea3i chu\u1ea9n b\u1ecb kh\u00e1 nhi\u1ec1u nguy\u00ean li\u1ec7u, gia v\u1ecb, l\u00e0m m\u1ea5t kh\u00e1 nhi\u1ec1u th\u1eddi gian v\u00e0 c\u00f4ng s\u1ee9c. Nay th\u01b0\u01a1ng hi\u1ec7u th\u1ef1c ph\u1ea9m Lobo Th\u00e1i Lan \u0111\u00e3 cho ra g\u00f3i &#8220;Gia V\u1ecb Tom Kha ho\u00e0n ch\u1ec9nh&#8221;, gi\u00fap c\u00e1c \u0111\u1ea7u b\u1ebfp v\u00e0 ch\u1ecb em n\u1ed9i tr\u1ee3 n\u1ea5u \u0111\u01b0\u1ee3c m\u00f3n \u0103n ngon chu\u1ea9n v\u1ecb m\u1ed9t c\u00e1ch d\u1ec5 d\u00e0ng.<\/p>\n<p><img decoding=\"async\" class=\"wp-image-30318 aligncenter\" src=\"https:\/\/havamall.com\/wp-content\/uploads\/2023\/02\/2c-300x200.png\" alt=\"\" width=\"602\" height=\"401\" \/><\/p>\n<h2><strong>\u0110\u1eb6C \u0110I\u1ec2M N\u1ed4I B\u1eacT C\u1ee6A S\u1ea2N PH\u1ea8M<\/strong><\/h2>\n<p>\u2013 Gia v\u1ecb Lobo Th\u00e1i Lan l\u00e0 gia v\u1ecb chuy\u00ean d\u1ee5ng t\u1ea1o n\u00ean h\u01b0\u01a1ng v\u1ecb tuy\u1ec7t ngon \u0111\u01b0\u1ee3c nhi\u1ec1u ng\u01b0\u1eddi y\u00eau th\u00edch tr\u00ean kh\u1eafp th\u1ebf gi\u1edbi, \u0111\u1eb7c bi\u1ec7t l\u00e0 h\u1ee3p v\u1edbi kh\u1ea9u v\u1ecb c\u1ee7a ng\u01b0\u1eddi Vi\u1ec7t Nam.<\/p>\n<p>\u2013 Gia v\u1ecb Lobo \u0111\u01b0\u1ee3c s\u1ea3n xu\u1ea5t tr\u00ean d\u00e2y chuy\u1ec1n c\u00f4ng ngh\u1ec7 hi\u1ec7n \u0111\u1ea1i, kh\u00e9p k\u00edn, \u0111\u1ea3m b\u1ea3o an to\u00e0n v\u1ec7 sinh th\u1ef1c ph\u1ea9m.<\/p>\n<p>\u2013 Ch\u1ecdn l\u1ecdc t\u1eeb ngu\u1ed3n nguy\u00ean li\u1ec7u thi\u00ean nhi\u00ean \u0111\u1eb7c tr\u01b0ng c\u1ee7a x\u1ee9 s\u1edf Ch\u00f9a V\u00e0ng, mang \u0111\u1ebfn h\u01b0\u01a1ng v\u1ecb th\u01a1m ngon \u0111\u1eadm \u0111\u00e0 \u0111\u00fang chu\u1ea9n.<\/p>\n<p><img loading=\"lazy\" decoding=\"async\" class=\"wp-image-30319 aligncenter\" src=\"https:\/\/havamall.com\/wp-content\/uploads\/2023\/02\/2b-copy-300x200.png\" alt=\"\" width=\"617\" height=\"411\" \/><\/p>\n<h2><strong>H\u01af\u1edaNG D\u1eaaN S\u1eec D\u1ee4NG<\/strong><\/h2>\n<h5><em><strong>Nguy\u00ean li\u1ec7u<\/strong><\/em><\/h5>\n<p>&#8211; 1 g\u00f3i gia v\u1ecb h\u1ea7m g\u00e0 Lobo, 480ml n\u01b0\u1edbc c\u1ed1t d\u1eeba<\/p>\n<p>&#8211; Th\u1ecbt g\u00e0 300g, n\u1ea5m r\u01a1m, s\u1ea3 c\u1eaft l\u00e1t, \u1edbt, rau th\u01a1m<\/p>\n<h5><em><strong>C\u00e1ch l\u00e0m<\/strong><\/em><\/h5>\n<p>&#8211; \u01af\u1edbp 300g th\u1ecbt g\u00e0 v\u1edbi g\u00f3i gia v\u1ecb. sau \u0111\u00f3 \u0111un s\u00f4i 240ml n\u01b0\u1edbc c\u1ed1t d\u1eeba, \u0111\u1ec3 s\u1ea3 c\u1eaft l\u00e1t v\u00e0o n\u1ea5u ch\u00edn. Ho\u1eb7c \u01b0\u1edbp th\u1ecbt g\u00e0 v\u1edbi g\u00f3i gia v\u1ecb xong x\u00e0o s\u01a1 cho x\u0103n l\u1ea1i, \u0111\u1ec3 \u01b0\u1edbc c\u1ed1t d\u1eeba, s\u1ea3 v\u00e0o n\u1ea5u ch\u00edn.<\/p>\n<p>&#8211; \u0110\u1ec3 240ml n\u01b0\u1edbc c\u1ed1t d\u1eeba c\u00f2n l\u1ea1i v\u00e0o n\u1ea5u ch\u00edn<\/p>\n<p>&#8211; Sau c\u00f9ng \u0111\u1ec3 \u1edbt, n\u1ea5m r\u01a1m v\u00e0o n\u00eam l\u1ea1i cho v\u1eeba \u0103n<\/p>","protected":false},"excerpt":{"rendered":"<p>TH\u00d4NG TIN CHUNG Th\u01b0\u01a1ng hi\u1ec7u LOBO Xu\u1ea5t x\u1ee9 Th\u00e1i Lan Th\u00e0nh ph\u1ea7n Mu\u1ed1i, ri\u1ec1ng, s\u1ea3, d\u1ea7u th\u1ef1c v\u1eadt, \u0111\u01b0\u1eddng, gia<\/p>","protected":false},"featured_media":30320,"comment_status":"open","ping_status":"closed","template":"","meta":[],"product_brand":[],"product_cat":[730,36],"product_tag":[],"class_list":{"0":"post-30315","1":"product","2":"type-product","3":"status-publish","4":"has-post-thumbnail","6":"product_cat-cac-nuoc-khac","7":"product_cat-thuc-pham-tieu-dung","8":"pa_brand-lobo","10":"first","11":"instock","12":"sale","13":"shipping-taxable","14":"purchasable","15":"product-type-simple"},"_links":{"self":[{"href":"https:\/\/havamall.com\/en\/wp-json\/wp\/v2\/product\/30315","targetHints":{"allow":["GET"]}}],"collection":[{"href":"https:\/\/havamall.com\/en\/wp-json\/wp\/v2\/product"}],"about":[{"href":"https:\/\/havamall.com\/en\/wp-json\/wp\/v2\/types\/product"}],"replies":[{"embeddable":true,"href":"https:\/\/havamall.com\/en\/wp-json\/wp\/v2\/comments?post=30315"}],"version-history":[{"count":0,"href":"https:\/\/havamall.com\/en\/wp-json\/wp\/v2\/product\/30315\/revisions"}],"wp:featuredmedia":[{"embeddable":true,"href":"https:\/\/havamall.com\/en\/wp-json\/wp\/v2\/media\/30320"}],"wp:attachment":[{"href":"https:\/\/havamall.com\/en\/wp-json\/wp\/v2\/media?parent=30315"}],"wp:term":[{"taxonomy":"product_brand","embeddable":true,"href":"https:\/\/havamall.com\/en\/wp-json\/wp\/v2\/product_brand?post=30315"},{"taxonomy":"product_cat","embeddable":true,"href":"https:\/\/havamall.com\/en\/wp-json\/wp\/v2\/product_cat?post=30315"},{"taxonomy":"product_tag","embeddable":true,"href":"https:\/\/havamall.com\/en\/wp-json\/wp\/v2\/product_tag?post=30315"}],"curies":[{"name":"wp","href":"https:\/\/api.w.org\/{rel}","templated":true}]}}