{"id":30441,"date":"2023-02-15T10:17:59","date_gmt":"2023-02-15T03:17:59","guid":{"rendered":"https:\/\/havamall.com\/?post_type=product&#038;p=30441"},"modified":"2023-02-15T10:18:31","modified_gmt":"2023-02-15T03:18:31","slug":"thach-trai-cay-havafoodies-tui-200g","status":"publish","type":"product","link":"https:\/\/havamall.com\/en\/shop\/thach-trai-cay-havafoodies-tui-200g\/","title":{"rendered":"Th\u1ea1ch Tr\u00e1i C\u00e2y Havafoodies T\u00fai 200g"},"content":{"rendered":"<p>Th\u1ea1ch tr\u00e1i c\u00e2y\u00a0l\u00e0 m\u1ed9t lo\u1ea1i topping quen thu\u1ed9c trong pha ch\u1ebf, gi\u00fap cho tr\u00e0 s\u1eefa \u0111\u1eadm v\u1ecb, b\u00e9o ng\u1eady, chu\u1ea9n v\u1ecb\u00a0tr\u00e1i c\u00e2y t\u1ef1 nhi\u00ean, th\u01a1m ngon h\u01a1n so v\u1edbi vi\u1ec7c d\u00f9ng c\u00e1c lo\u1ea1i th\u1ea1ch t\u1ef1 n\u1ea5u kh\u00e1c.<\/p>\n<p>V\u1edbi h\u01b0\u01a1ng v\u1ecb ng\u1ecdt thanh, th\u01a1m \u0111\u1eb7c tr\u01b0ng v\u1ecb c\u00e0 ph\u00ea dai th\u01b0\u1eddng d\u00f9ng \u0111\u1ec3 thay th\u1ebf tr\u00e2n ch\u00e2u. \u0110\u00e2y l\u00e0 s\u1ea3n ph\u1ea9m r\u1ea5t \u0111\u01b0\u1ee3c \u01b0a d\u00f9ng t\u1ea1i c\u00e1c qu\u00e1n tr\u00e0 s\u1eefa l\u1edbn nh\u1ecf tr\u00ean to\u00e0n qu\u1ed1c hi\u1ec7n nay.<\/p>\n<p><img fetchpriority=\"high\" decoding=\"async\" class=\"wp-image-30442 aligncenter\" src=\"https:\/\/havamall.com\/wp-content\/uploads\/2023\/02\/254925689_1767883793396370_8863852638999536665_n-300x249.jpg\" alt=\"\" width=\"635\" height=\"527\" \/><\/p>\n<h2 id=\"ftoc-heading-2\" class=\"ftwp-heading\"><strong>\u0110\u1eb7c \u0111i\u1ec3m c\u1ee7a th\u1ea1ch tr\u00e1i c\u00e2y<\/strong><\/h2>\n<p>S\u1ea3n ph\u1ea9m \u0111\u01b0\u1ee3c l\u00e0m 100% t\u1eeb b\u1ed9t konjac t\u1ef1 nhi\u00ean, kh\u00f4ng \u0111\u01b0\u1eddng h\u00f3a h\u1ecdc, kh\u00f4ng ph\u1ea9m m\u00e0u h\u00f3a h\u1ecdc, kh\u00f4ng d\u00f9ng ch\u1ea5t b\u1ea3o qu\u1ea3n t\u1ea1o n\u00ean h\u01b0\u01a1ng v\u1ecb \u0111\u1ed9c \u0111\u00e1o, h\u1ea5p d\u1eabn.<\/p>\n<p>Th\u1ea1ch tr\u00e1i c\u00e2y c\u00f3 v\u1ecb gi\u00f2n dai, th\u01a1m ngon, \u0111\u00f3ng h\u1ed9p ti\u1ec7n l\u1ee3i cho pha ch\u1ebf ly tr\u00e0 s\u1eefa.<\/p>\n<p><img decoding=\"async\" class=\"wp-image-30443 aligncenter\" src=\"https:\/\/havamall.com\/wp-content\/uploads\/2023\/02\/255414889_1767883830063033_8640812898665419980_n-300x238.jpg\" alt=\"\" width=\"615\" height=\"488\" \/><\/p>\n<h2 id=\"ftoc-heading-3\" class=\"ftwp-heading\"><strong>H\u01b0\u1edbng d\u1eabn s\u1eed d\u1ee5ng v\u00e0 b\u1ea3o qu\u1ea3n<\/strong><\/h2>\n<p>&#8211; S\u1ea3n ph\u1ea9m l\u00e0 gi\u1ea3i ph\u00e1p t\u1ed1i \u01b0u v\u00e0 \u0111\u01b0\u1ee3c \u01b0a chu\u1ed9ng s\u1eed d\u1ee5ng trong pha ch\u1ebf tr\u00e0 s\u1eefa. L\u00e0 m\u1ed9t trong nh\u1eefng nguy\u00ean li\u1ec7u quan tr\u1ecdng s\u1ebd gi\u00fap b\u1ea1n t\u1ea1o n\u00ean m\u00f3n tr\u00e0 s\u1eefa mang v\u1ecb tr\u00e1i c\u00e2y th\u01a1m ng\u1eady \u0111\u1eb7c tr\u01b0ng.<\/p>\n<p>&#8211; B\u1ea3o qu\u1ea3n \u1edf \u0111i\u1ec1u ki\u1ec7n nhi\u1ec7t \u0111\u1ed9 ph\u00f2ng, n\u01a1i kh\u00f4 r\u00e1o, tr\u00e1nh \u00e1nh n\u1eafng tr\u1ef1c ti\u1ebfp.<\/p>\n<p>&#8211; B\u1ea3o qu\u1ea3n trong ng\u0103n m\u00e1t t\u1ee7 l\u1ea1nh sau khi m\u1edf bao b\u00ec, s\u1eed d\u1ee5ng \u0111\u01b0\u1ee3c trong 7 ng\u00e0y.<\/p>","protected":false},"excerpt":{"rendered":"<p>Th\u1ea1ch tr\u00e1i c\u00e2y\u00a0l\u00e0 m\u1ed9t lo\u1ea1i topping quen thu\u1ed9c trong pha ch\u1ebf, gi\u00fap cho tr\u00e0 s\u1eefa \u0111\u1eadm v\u1ecb, b\u00e9o ng\u1eady, chu\u1ea9n<\/p>","protected":false},"featured_media":30444,"comment_status":"open","ping_status":"closed","template":"","meta":[],"product_brand":[],"product_cat":[36],"product_tag":[],"class_list":{"0":"post-30441","1":"product","2":"type-product","3":"status-publish","4":"has-post-thumbnail","6":"product_cat-thuc-pham-tieu-dung","7":"pa_brand-skx","9":"first","10":"instock","11":"sale","12":"shipping-taxable","13":"purchasable","14":"product-type-simple"},"_links":{"self":[{"href":"https:\/\/havamall.com\/en\/wp-json\/wp\/v2\/product\/30441","targetHints":{"allow":["GET"]}}],"collection":[{"href":"https:\/\/havamall.com\/en\/wp-json\/wp\/v2\/product"}],"about":[{"href":"https:\/\/havamall.com\/en\/wp-json\/wp\/v2\/types\/product"}],"replies":[{"embeddable":true,"href":"https:\/\/havamall.com\/en\/wp-json\/wp\/v2\/comments?post=30441"}],"version-history":[{"count":0,"href":"https:\/\/havamall.com\/en\/wp-json\/wp\/v2\/product\/30441\/revisions"}],"wp:featuredmedia":[{"embeddable":true,"href":"https:\/\/havamall.com\/en\/wp-json\/wp\/v2\/media\/30444"}],"wp:attachment":[{"href":"https:\/\/havamall.com\/en\/wp-json\/wp\/v2\/media?parent=30441"}],"wp:term":[{"taxonomy":"product_brand","embeddable":true,"href":"https:\/\/havamall.com\/en\/wp-json\/wp\/v2\/product_brand?post=30441"},{"taxonomy":"product_cat","embeddable":true,"href":"https:\/\/havamall.com\/en\/wp-json\/wp\/v2\/product_cat?post=30441"},{"taxonomy":"product_tag","embeddable":true,"href":"https:\/\/havamall.com\/en\/wp-json\/wp\/v2\/product_tag?post=30441"}],"curies":[{"name":"wp","href":"https:\/\/api.w.org\/{rel}","templated":true}]}}