{"id":30452,"date":"2023-02-15T10:52:36","date_gmt":"2023-02-15T03:52:36","guid":{"rendered":"https:\/\/havamall.com\/?post_type=product&#038;p=30452"},"modified":"2026-03-02T15:13:58","modified_gmt":"2026-03-02T08:13:58","slug":"dau-cuc-havafoodies-tui-500g-pinto-beans","status":"publish","type":"product","link":"https:\/\/havamall.com\/en\/shop\/dau-cuc-havafoodies-tui-500g-pinto-beans\/","title":{"rendered":"\u0110\u1eadu C\u00fac Havafoodies T\u00fai 500g &#8211; Pinto Beans"},"content":{"rendered":"<p>\u0110\u1eadu pinto \u2013 hay c\u00f2n g\u1ecdi l\u00e0 \u0111\u1eadu c\u00fac (\u0111\u1eadu \u0111\u1ed1m), l\u00e0 m\u1ed9t lo\u1ea1i \u0111\u1eadu r\u1ea5t \u201cn\u1ed5i ti\u1ebfng\u201d t\u1ea1i M\u1ef9 v\u00e0 Mexico v\u00ec nh\u1eefng l\u1ee3i \u00edch dinh d\u01b0\u1ee1ng r\u1ea5t t\u1ed1t cho s\u1ee9c kh\u1ecfe. Lo\u1ea1i \u0111\u1eadu c\u00f3 ngu\u1ed3n g\u1ed1c t\u1eeb \u1ea4n \u0110\u1ed9 n\u00e0y c\u00f3 l\u1edbp v\u1ecf m\u00e0u \u0111\u1ecf ho\u1eb7c tr\u1eafng v\u00e0 \u0111\u01b0\u1ee3c \u01b0a chu\u1ed9ng kh\u00f4ng k\u00e9m g\u00ec \u0111\u1eadu n\u00e0nh. T\u1ea1i n\u01b0\u1edbc ta, do c\u00f3 h\u01b0\u01a1ng v\u1ecb th\u01a1m b\u00f9i \u0111\u1eb7c tr\u01b0ng v\u00e0 gi\u00e0u \u0111\u1ea1m, \u0111\u1eadu pinto c\u0169ng th\u01b0\u1eddng \u0111\u01b0\u1ee3c s\u1eed d\u1ee5ng \u0111\u1ec3 ch\u1ebf bi\u1ebfn c\u00e1c m\u00f3n s\u00fap, canh h\u1ea7m c\u00f9ng salad tr\u1ed9n.<\/p>\n<p>\u0110\u1eadu pinto kh\u00f4ng ch\u1ec9 gi\u00e0u protein, \u0111\u1eadu pinto c\u00f2n l\u00e0 ngu\u1ed3n gi\u00e0u ch\u1ea5t x\u01a1 c\u00f9ng nhi\u1ec1u d\u01b0\u1ee1ng ch\u1ea5t kh\u00e1c. V\u00e0 \u0111\u1eb7c bi\u1ec7t, lo\u1ea1i \u0111\u1eadu n\u00e0y ch\u00ednh l\u00e0 ngu\u1ed3n th\u1ef1c ph\u1ea9m c\u1ef1c k\u1ef3 t\u1ed1t cho h\u1ec7 ti\u00eau h\u00f3a v\u00e0 gi\u00fap\u00a0ng\u0103n ng\u1eeba b\u1ec7nh ti\u1ec3u \u0111\u01b0\u1eddng.<\/p>\n<p><img decoding=\"async\" class=\"aligncenter\" src=\"https:\/\/havamall.com\/wp-content\/uploads\/2018\/06\/1414141.large.jpg\" alt=\"K\u00e1\u00ba\u00bft qu\u00e1\u00ba\u00a3 h\u00c3\u00acnh \u00e1\u00ba\u00a3nh cho pinto beans\" \/><\/p>\n<h2><strong>Gi\u00e1 tr\u1ecb ch\u1ec9 s\u1ed1 GI c\u1ee7a \u0111\u1eadu pinto<\/strong><\/h2>\n<p>\u0110\u1eadu pinto l\u00e0 lo\u1ea1i \u0111\u1eadu c\u00f3 ch\u1ec9 s\u1ed1 glycemic (GI) kh\u00e1 th\u1ea5p. GI l\u00e0 ch\u1ec9 s\u1ed1 \u0111\u01b0\u1eddng huy\u1ebft c\u1ee7a th\u1ef1c ph\u1ea9m c\u00f3 t\u00e1c d\u1ee5ng ph\u1ea3n \u00e1nh t\u1ed1c \u0111\u1ed9 l\u00e0m t\u0103ng \u0111\u01b0\u1eddng huy\u1ebft trong c\u01a1 th\u1ec3. V\u00e0 trong \u0111\u00f3, m\u1ed9t kh\u1ea9u ph\u1ea7n \u0111\u1eadu pinto h\u1ea5p c\u00f3 gi\u00e1 tr\u1ecb GI l\u00e0 33 \u2013 \u0111i\u1ec1u n\u00e0y c\u00f3 ngh\u0129a l\u00e0 sau khi \u0103n \u0111\u1eadu pinto, m\u1ee9c \u0111\u01b0\u1eddng trong m\u00e1u c\u1ee7a b\u1ea1n ch\u1ec9 t\u0103ng nh\u1eb9. \u0110\u00e2y c\u0169ng l\u00e0 l\u00fd do t\u1ea1i sao lo\u1ea1i \u0111\u1eadu n\u00e0y r\u1ea5t hi\u1ec7u qu\u1ea3 trong vi\u1ec7c ng\u0103n ng\u1eeba v\u00e0 ki\u1ec3m so\u00e1t b\u1ec7nh ti\u1ec3u \u0111\u01b0\u1eddng.<\/p>\n<h2><img fetchpriority=\"high\" decoding=\"async\" class=\"aligncenter\" src=\"https:\/\/havamall.com\/wp-content\/uploads\/-000\/\/1\/dau-pinto-tmt-foods-goi-500g-201912121443446622.jpg\" alt=\"\u0110\u1eadu pinto TMT Foods 500g t\u1ea1i bachhoaxanh.com\" width=\"655\" height=\"491\" \/><\/h2>\n<h2><strong>\u0110\u1eadu pinto l\u00e0 ngu\u1ed3n ch\u1ea5t x\u01a1 d\u1ed3i d\u00e0o<\/strong><\/h2>\n<p>C\u00e1c carbohydrate ph\u1ee9c h\u1ee3p ch\u1ee9a trong \u0111\u1eadu pinto c\u00f3 th\u1ec3 cung c\u1ea5p cho b\u1ea1n m\u1ed9t l\u01b0\u1ee3ng ch\u1ea5t x\u01a1 c\u00f9ng ngu\u1ed3n n\u0103ng l\u01b0\u1ee3ng \u00edt calo, \u0111\u1ed3ng th\u1eddi g\u1ea7n nh\u01b0 kh\u00f4ng l\u00e0m t\u0103ng m\u1ee9c \u0111\u01b0\u1eddng huy\u1ebft. \u0110\u1eadu pinto l\u00e0 ngu\u1ed3n th\u1ef1c ph\u1ea9m c\u00f3 ch\u1ee9a \u0111\u1ebfn 2 lo\u1ea1i ch\u1ea5t x\u01a1 t\u1ed1t cho s\u1ee9c kh\u1ecfe. Hai lo\u1ea1i ch\u1ea5t x\u01a1 n\u00e0y ch\u1ecbu tr\u00e1ch nhi\u1ec7m cho c\u00e1c ch\u1ee9c n\u0103ng kh\u00e1c nhau c\u1ee7a\u00a0qu\u00e1 tr\u00ecnh ti\u00eau h\u00f3a. Trong \u0111\u00f3, ch\u1ea5t x\u01a1 h\u00f2a tan s\u1ebd ph\u00e2n h\u1ee7y m\u1ed9t ph\u1ea7n th\u00e0nh h\u1ee3p ch\u1ea5t gelatin gi\u00fap l\u00e0m ch\u1eadm s\u1ef1 ph\u00e1 h\u1ee7y c\u00e1c carbohydrate trong su\u1ed1t qu\u00e1 tr\u00ecnh ti\u00eau h\u00f3a, c\u00f3 t\u00e1c d\u1ee5ng \u1ed5n \u0111\u1ecbnh m\u1ee9c \u0111\u01b0\u1eddng huy\u1ebft.<\/p>\n<h2><img decoding=\"async\" class=\"wp-image-20942 aligncenter\" src=\"https:\/\/havamall.com\/wp-content\/uploads\/2021\/07\/htg-300x157.png\" alt=\"\" width=\"655\" height=\"343\" \/><\/h2>\n<h2><strong>Ng\u0103n ng\u1eeba b\u1ec7nh ti\u00eau h\u00f3a v\u00e0 ti\u1ec3u \u0111\u01b0\u1eddng<\/strong><\/h2>\n<p>Theo B\u1ed9 y t\u1ebf v\u00e0 D\u1ecbch v\u1ee5 nh\u00e2n sinh Hoa K\u1ef3, thay v\u00ec ti\u00eau th\u1ee5 th\u1ecbt, vi\u1ec7c th\u00eam \u0111\u1eadu pinto c\u00f9ng c\u00e1c lo\u1ea1i \u0111\u1eadu kh\u00e1c v\u00e0o ch\u1ebf \u0111\u1ed9 \u0103n h\u1eb1ng ng\u00e0y kh\u00f4ng ch\u1ec9 gi\u00fap b\u1ea1n t\u0103ng c\u01b0\u1eddng h\u1ea5p thu protein m\u00e0 c\u00f2n l\u00e0m gi\u1ea3m m\u1ee9c ti\u00eau th\u1ee5 calo, ch\u1ea5t b\u00e9o b\u00e3o h\u00f2a c\u00f9ng cholesterol. Ch\u1ea5t x\u01a1 c\u00f9ng c\u00e1c d\u01b0\u1ee1ng ch\u1ea5t kh\u00e1c ch\u1ee9a trong c\u00e1c lo\u1ea1i \u0111\u1eadu c\u00f3 th\u1ec3 gi\u00fap t\u0103ng c\u01b0\u1eddng s\u1ef1 ki\u1ec3m so\u00e1t m\u1ee9c glycemic gi\u00fap l\u00e0m gi\u1ea3m nguy c\u01a1 g\u00e2y\u00a0b\u1ec7nh ti\u1ec3u \u0111\u01b0\u1eddng tu\u00fdp 2.<\/p>\n<p>B\u00ean c\u1ea1nh \u0111\u00f3, do ch\u1ee9a h\u00e0m l\u01b0\u1ee3ng cao ch\u1ea5t x\u01a1 h\u00f2a tan n\u00ean k\u00e9o d\u00e0i qu\u00e1 tr\u00ecnh ti\u00eau h\u00f3a gi\u00fap b\u1ea1n no l\u00e2u h\u01a1n. C\u00e1c lo\u1ea1i \u0111\u1eadu, \u0111\u1eb7c bi\u1ec7t l\u00e0 \u0111\u1eadu pinto, ch\u1ec9 g\u00e2y s\u1ef1 dao \u0111\u1ed9ng nh\u1ecf v\u1ec1 m\u1ee9c \u0111\u01b0\u1eddng huy\u1ebft trong c\u01a1 th\u1ec3. V\u00ec th\u1ebf, vi\u1ec7c ti\u00eau th\u1ee5 \u0111\u1eadu pinto m\u1ed7i ng\u00e0y c\u00f3 th\u1ec3 gi\u00fap \u1ed5n \u0111\u1ecbnh m\u1ee9c \u0111\u01b0\u1eddng trong m\u00e1u, \u0111\u1ed3ng th\u1eddi c\u1ea3i thi\u1ec7n s\u1ef1 ki\u1ec3m so\u00e1t m\u1ee9c glucose trong m\u00e1u.<\/p>\n<p>\u0110\u1ec3 ng\u0103n ng\u1eeba c\u0169ng nh\u01b0 ki\u1ec3m so\u00e1t h\u00e0m l\u01b0\u1ee3ng \u0111\u01b0\u1eddng trong m\u00e1u, b\u1ea1n c\u00f3 th\u1ec3 th\u00eam \u0111\u1eadu pinto v\u00e0o ch\u1ebf \u0111\u1ed9 \u0103n h\u1eb1ng ng\u00e0y. B\u1eb1ng c\u00e1ch ch\u1ebf bi\u1ebfn lo\u1ea1i \u0111\u1eadu n\u00e0y k\u1ebft h\u1ee3p c\u00f9ng c\u00e1c th\u1ef1c ph\u1ea9m l\u00e0nh m\u1ea1nh kh\u00e1c, b\u1eefa \u0103n c\u1ee7a gia \u0111\u00ecnh b\u1ea1n s\u1ebd tr\u1edf n\u00ean dinh d\u01b0\u1ee1ng h\u01a1n r\u1ea5t nhi\u1ec1u \u0111\u1ea5y!<\/p>\n<h2><strong>H\u01b0\u1edbng d\u1eabn s\u1eed d\u1ee5ng<\/strong><\/h2>\n<div>\n<p>\u2013 R\u1eeda s\u1ea1ch \u0111\u1eadu v\u00e0 ng\u00e2m \u0111\u1eadu trong n\u01b0\u1edbc s\u1ea1ch kho\u1ea3ng 8 gi\u1edd (hay qua \u0111\u00eam) tr\u01b0\u1edbc khi ch\u1ebf bi\u1ebfn. D\u00f9ng l\u00e0m salads, n\u1ea5u x\u00f4i, n\u1ea5u ch\u00e8, x\u00e0o th\u1eadp c\u1ea9m, s\u1eefa \u0111\u1eadu, nghi\u1ec1n nhuy\u1ec5n + d\u1ea7u oliu d\u00f9ng v\u1edbi b\u00e1nh m\u00ec, b\u1ed9t dinh d\u01b0\u1ee1ng,\u00a0l\u00e0m b\u00e1nh, d\u00f9ng n\u1ea5u v\u1edbi c\u01a1m, \u00a0s\u00fap \u0111\u1eadu, l\u00e0m n\u01b0\u1edbc s\u1ed1t\u2026<\/p>\n<p>\u2013 Gi\u1eef \u1ea9m \u0111\u1eadu nguy\u00ean h\u1ea1t t\u01b0\u01a1i s\u1ed1ng th\u00eam 12-18h sau khi ng\u00e2m, h\u1ea1t \u0111\u1eadu s\u1ebd n\u1ea9y m\u1ea7m c\u00e0ng th\u00eam d\u01b0\u1ee1ng ch\u1ea5t, d\u00f9ng l\u00e0m gi\u00e1, rau m\u1ea7m, sinh t\u1ed1\u2026<\/p>\n<p><img decoding=\"async\" class=\"aligncenter\" src=\"https:\/\/havamall.com\/wp-content\/uploads\/2018\/06\/iStock_000022897591_Medium-min-e1444410605937-1200x810.jpg\" alt=\"K\u00e1\u00ba\u00bft qu\u00e1\u00ba\u00a3 h\u00c3\u00acnh \u00e1\u00ba\u00a3nh cho pinto beans\" width=\"634\" height=\"428\" \/><\/p>\n<\/div>","protected":false},"excerpt":{"rendered":"<p>\u0110\u1eadu pinto \u2013 hay c\u00f2n g\u1ecdi l\u00e0 \u0111\u1eadu c\u00fac (\u0111\u1eadu \u0111\u1ed1m), l\u00e0 m\u1ed9t lo\u1ea1i \u0111\u1eadu r\u1ea5t \u201cn\u1ed5i ti\u1ebfng\u201d t\u1ea1i M\u1ef9<\/p>","protected":false},"featured_media":44908,"comment_status":"open","ping_status":"closed","template":"","meta":[],"product_brand":[],"product_cat":[594,36,134],"product_tag":[],"class_list":{"0":"post-30452","1":"product","2":"type-product","3":"status-publish","4":"has-post-thumbnail","6":"product_cat-dau-cu-qua-kho","7":"product_cat-thuc-pham-tieu-dung","8":"product_cat-thucpham-saykho","9":"pa_brand-skx","11":"first","12":"instock","13":"sale","14":"shipping-taxable","15":"purchasable","16":"product-type-simple"},"_links":{"self":[{"href":"https:\/\/havamall.com\/en\/wp-json\/wp\/v2\/product\/30452","targetHints":{"allow":["GET"]}}],"collection":[{"href":"https:\/\/havamall.com\/en\/wp-json\/wp\/v2\/product"}],"about":[{"href":"https:\/\/havamall.com\/en\/wp-json\/wp\/v2\/types\/product"}],"replies":[{"embeddable":true,"href":"https:\/\/havamall.com\/en\/wp-json\/wp\/v2\/comments?post=30452"}],"version-history":[{"count":0,"href":"https:\/\/havamall.com\/en\/wp-json\/wp\/v2\/product\/30452\/revisions"}],"wp:featuredmedia":[{"embeddable":true,"href":"https:\/\/havamall.com\/en\/wp-json\/wp\/v2\/media\/44908"}],"wp:attachment":[{"href":"https:\/\/havamall.com\/en\/wp-json\/wp\/v2\/media?parent=30452"}],"wp:term":[{"taxonomy":"product_brand","embeddable":true,"href":"https:\/\/havamall.com\/en\/wp-json\/wp\/v2\/product_brand?post=30452"},{"taxonomy":"product_cat","embeddable":true,"href":"https:\/\/havamall.com\/en\/wp-json\/wp\/v2\/product_cat?post=30452"},{"taxonomy":"product_tag","embeddable":true,"href":"https:\/\/havamall.com\/en\/wp-json\/wp\/v2\/product_tag?post=30452"}],"curies":[{"name":"wp","href":"https:\/\/api.w.org\/{rel}","templated":true}]}}