{"id":30541,"date":"2023-02-21T09:08:44","date_gmt":"2023-02-21T02:08:44","guid":{"rendered":"https:\/\/havamall.com\/?post_type=product&#038;p=30541"},"modified":"2024-12-20T11:50:23","modified_gmt":"2024-12-20T04:50:23","slug":"cot-lau-xuong-ham-thao-moc-hadilao-broth-flavour-hot-pot-seasoning-110g","status":"publish","type":"product","link":"https:\/\/havamall.com\/en\/shop\/cot-lau-xuong-ham-thao-moc-hadilao-broth-flavour-hot-pot-seasoning-110g\/","title":{"rendered":"C\u1ed1t L\u1ea9u X\u01b0\u01a1ng H\u1ea7m Th\u1ea3o M\u1ed9c HADILAO &#8211; Broth Flavour Hot Pot Seasoning 110g"},"content":{"rendered":"<p>&nbsp;<\/p>\n<h2><strong>TH\u00d4NG TIN CHUNG<\/strong><\/h2>\n<div>\n<table border=\"2\">\n<tbody>\n<tr>\n<td><strong>Th\u01b0\u01a1ng hi\u1ec7u<\/strong><\/td>\n<td>Haidilao<\/td>\n<\/tr>\n<tr>\n<td><strong>Xu\u1ea5t x\u1ee9<\/strong><\/td>\n<td>Malaysia<\/td>\n<\/tr>\n<tr>\n<td><strong>Th\u00e0nh ph\u1ea7n<\/strong><\/td>\n<td>G\u00f3i b\u1ed9t s\u00fap: Maltodextrin (gluten), gia v\u1ecb tinh ch\u1ea5t g\u00e0, b\u1ed9t ng\u1ecdt, mu\u1ed1i \u0103n, h\u01b0\u01a1ng li\u1ec7u; G\u00f3i s\u00fap x\u01b0\u01a1ng: N\u01b0\u1edbc h\u1ea7m x\u01b0\u01a1ng c\u00f4 \u0111\u1eb7c (x\u01b0\u01a1ng g\u00e0, x\u01b0\u01a1ng heo, m\u1ee1 \u0103n \u0111\u01b0\u1ee3c, mu\u1ed1i, \u0111\u01b0\u1eddng), n\u01b0\u1edbc, mu\u1ed1i, kali sorbat, h\u01b0\u01a1ng li\u1ec7u; G\u00f3i m\u1ee1 g\u00e0: M\u1ee1 g\u00e0 \u0103n \u0111\u01b0\u1ee3c, mu\u1ed1i, vitamin E, h\u01b0\u01a1ng li\u1ec7uG\u00f3i kh\u00f4: T\u00e1o \u0111\u1ecf, k\u1ef7 t\u1eed<\/td>\n<\/tr>\n<tr>\n<td><strong>Quy c\u00e1ch<\/strong><\/td>\n<td>G\u00f3i 110g<\/td>\n<\/tr>\n<tr>\n<td><strong>B\u1ea3o qu\u1ea3n<\/strong><\/td>\n<td>N\u01a1i kh\u00f4 r\u00e1o, tho\u00e1ng m\u00e1t v\u00e0 tr\u00e1nh \u00e1nh n\u1eafng m\u1eb7t tr\u1eddi<\/td>\n<\/tr>\n<tr>\n<td><strong>H\u1ea1n s\u1eed d\u1ee5ng<\/strong><\/td>\n<td>Xem tr\u1ef1c ti\u1ebfp tr\u00ean bao b\u00ec s\u1ea3n ph\u1ea9m.\u00a0N\u00ean d\u00f9ng trong v\u00f2ng 1 tu\u1ea7n sau khi b\u00f3c s\u1ea3n ph\u1ea9m<\/td>\n<\/tr>\n<\/tbody>\n<\/table>\n<\/div>\n<h2><strong>C\u1ed0T L\u1ea8U X\u01af\u01a0NG H\u1ea6M TH\u1ea2O M\u1ed8C CHUA HAIDILAO<\/strong><\/h2>\n<p>Haidilao la\u0300 thu\u031bo\u031bng hie\u0323\u0302u chuo\u0302\u0303i nha\u0300 ha\u0300ng la\u0302\u0309u no\u0302\u0309i tie\u0302\u0301ng vo\u031b\u0301i 466 chi nha\u0301nh tre\u0302n the\u0302\u0301 gio\u031b\u0301i. Ra \u0111o\u031b\u0300i tu\u031b\u0300 na\u0306m 1994 tu\u031b\u0300 mo\u0323\u0302t cu\u031b\u0309a ha\u0300ng nho\u0309 ta\u0323i Tru\u0300ng kha\u0301nh, sau nhie\u0302\u0300u na\u0306m xa\u0302y du\u031b\u0323ng, Haidilao da\u0302\u0300n kha\u0306\u0309ng \u0111i\u0323nh vi\u0323 the\u0302\u0301, tro\u031b\u0309 tha\u0300nh con thuye\u0302\u0300n \u0111u\u031ba Va\u0306n ho\u0301a a\u0302\u0309m thu\u031b\u0323c Trung Hoa \u0111i xa ho\u031bn, \u0111e\u0302\u0301n ga\u0302\u0300n ho\u031bn vo\u031b\u0301i ba\u0323n be\u0300 na\u0306m cha\u0302u.<\/p>\n<p>M\u1eb7c d\u00f9 c\u00f3 d\u1ecbch v\u1ee5 ch\u0103m s\u00f3c kh\u00e1ch h\u00e0ng mi\u1ec5n ph\u00ed r\u1ea5t \u0111\u1eb7c bi\u1ec7t nh\u01b0ng \u0111\u00e2u \u0111\u00f3 v\u1eabn c\u00f3 m\u1ed9t nh\u00f3m kh\u00e1ch h\u00e0ng th\u00edch qu\u00e2y qu\u1ea7n \u1edf nh\u00e0 \u0103n, mu\u1ed1n t\u1ef1 tay ch\u1ebf bi\u1ebfn m\u00f3n \u0103n y\u00eau th\u00edch. \u0110\u1ec3 \u0111\u00e1p \u1ee9ng lu\u00f4n nhu c\u1ea7u n\u00e0y\u00a0<em>Haidilao<\/em>\u00a0\u0111\u00e3 cho ra m\u1eaft c\u00e1c lo\u1ea1i g\u00f3i n\u01b0\u1edbc c\u1ed1t l\u1ea9u, g\u00f3i s\u1ed1t x\u00e0o cay, \u0111i\u1ec3n h\u00ecnh nh\u01b0 l\u00e0\u00a0<strong>N\u01b0\u1edbc c\u1ed1t x\u01b0\u01a1ng h\u1ea7m th\u1ea3o m\u1ed9c Hadilao.<\/strong><\/p>\n<p><img fetchpriority=\"high\" decoding=\"async\" class=\"wp-image-30542 aligncenter\" src=\"https:\/\/havamall.com\/wp-content\/uploads\/2023\/02\/20248203_1119319228200293_2137787065316651463_o-300x111.jpeg\" alt=\"\" width=\"611\" height=\"226\" \/><\/p>\n<p>Kh\u00f4ng ch\u1ec9 t\u1ea1o d\u1ea5u \u1ea5n \u0111\u1eadm v\u1edbi m\u00f3n\u00a0l\u1ea9u T\u1ee9 Xuy\u00ean\u00a0cay x\u00e9 l\u01b0\u1ee1i khi\u1ebfn ng\u01b0\u1eddi \u0103n ph\u1ea3i h\u00edt h\u00e0 th\u00edch th\u00fa, m\u00e0\u00a0Haidilao\u00a0c\u00f2n g\u00e2y th\u01b0\u01a1ng nh\u1edb v\u1edbi ng\u01b0\u1eddi ti\u00eau d\u00f9ng b\u1edfi nh\u1eefng lo\u1ea1i l\u1ea9u c\u00f3 h\u01b0\u01a1ng v\u1ecb nh\u1eb9 nh\u00e0ng nh\u01b0ng s\u00e2u s\u1eafc d\u00e0nh cho team kh\u00f4ng gi\u1ecfi \u0103n cay nh\u01b0\u00a0l\u1ea9u n\u1ea5m,\u00a0l\u1ea9u th\u1eadp c\u1ea9m kh\u00f4ng cay, hay \u0111\u1eb7c bi\u1ec7t nh\u1ea5t l\u00e0\u00a0<strong>l\u1ea9u x\u01b0\u01a1ng h\u1ea7m th\u1ea3o m\u1ed9c.<\/strong><\/p>\n<p style=\"text-align: center;\"><img decoding=\"async\" class=\"alignnone wp-image-30543\" src=\"https:\/\/havamall.com\/wp-content\/uploads\/2023\/02\/4671e4fb5f49d87ac4e1379fbe949497_750x750-300x300.png\" alt=\"\" width=\"605\" height=\"605\" \/><\/p>\n<p>\u0110\u00e2y l\u00e0 m\u1ed9t trong nh\u1eefng lo\u1ea1i l\u1ea9u tinh hoa nh\u1ea5t c\u1ee7a\u00a0Haidilao\u00a0chinh ph\u1ee5c \u0111\u01b0\u1ee3c v\u1ecb gi\u00e1c c\u1ee7a ng\u01b0\u1eddi l\u1edbn l\u1eabn tr\u1ebb em, \u0111\u01b0\u1ee3c n\u1ea5u t\u1eeb c\u00f4 \u0111\u1eb7c s\u00fap h\u1ea7m x\u01b0\u01a1ng heo v\u00e0 x\u01b0\u01a1ng g\u00e0, c\u00f3 h\u01b0\u01a1ng v\u1ecb th\u01a1m ng\u1ecdt t\u1ef1 nhi\u00ean. Ch\u00ednh v\u00ec th\u1ebf m\u00e0\u00a0l\u1ea9u Tr\u01b0\u1eddng Th\u1ecd\u00a0th\u01b0\u1eddng \u0111\u01b0\u1ee3c th\u1ef1c kh\u00e1ch ch\u1ecdn nhi\u1ec1u trong ph\u1ea7n l\u1ea9u uy\u00ean \u01b0\u01a1ng 2 ng\u0103n b\u00ean c\u1ea1nh m\u1ed9t v\u1ecb l\u1ea9u cay n\u1ed3ng n\u00e0n. S\u1ef1 \u0111\u1ed1i ngh\u1ecbch gi\u1eefa hai m\u00f9i v\u1ecb s\u1ebd g\u00f3p ph\u1ea7n c\u00e2n b\u1eb1ng v\u1ecb gi\u00e1c, gi\u00fap b\u1eefa \u0103n tr\u1edf n\u00ean ngon mi\u1ec7ng h\u01a1n.<\/p>\n<p style=\"text-align: center;\"><img decoding=\"async\" class=\"alignnone wp-image-30544\" src=\"https:\/\/havamall.com\/wp-content\/uploads\/2023\/02\/Screen-Shot-2023-02-20-at-5.27.25-PM-260x300.png\" alt=\"\" width=\"592\" height=\"683\" \/><\/p>\n<p><strong>C\u1ed1t l\u1ea9u x\u01b0\u01a1ng h\u1ea7m th\u1ea3o m\u1ed9c Haidilao 110g<\/strong>\u00a0l\u00e0 m\u1ed9t phi\u00ean b\u1ea3n \u0111\u00f3ng g\u00f3i s\u1eb5n ti\u1ec7n l\u1ee3i, \u0111\u01b0\u1ee3c Haidilao thu nh\u1ecf l\u1ea1i b\u1eb1ng m\u1ed9t g\u00f3i b\u1ed9t \u0111\u1eb7c bi\u1ec7t, gi\u00fap ng\u01b0\u1eddi ti\u00eau d\u00f9ng c\u00f3 th\u1ec3 t\u1ef1 n\u1ea5u ngay t\u1ea1i nh\u00e0 m\u1ed9t c\u00e1ch r\u1ea5t \u0111\u01a1n gi\u1ea3n.<\/p>\n<p>G\u00f3i b\u1ed9t c\u00f3 m\u00e0u tr\u1eafng, \u0111\u01b0\u1ee3c l\u00e0m t\u1eeb s\u1ef1 \u0111\u00fac k\u1ebft gi\u1eefa c\u00e1c lo\u1ea1i gia v\u1ecb nh\u01b0\u00a0b\u1ed9t n\u00eam g\u00e0, mu\u1ed1i, \u0111\u01b0\u1eddng, b\u1ed9t h\u00e0nh, t\u1ecfi\u2026t\u1ea1o n\u00ean m\u1ed9t lo\u1ea1i n\u01b0\u1edbc l\u1ea9u c\u00f3 m\u00e0u tr\u1eafng th\u01a1m ng\u1ecdt, v\u00ec v\u1eady m\u00e0 n\u00f3 c\u00f2n \u0111\u01b0\u1ee3c g\u1ecdi l\u00e0\u00a0c\u1ed1t l\u1ea9u s\u1eefa Haidilao. \u0110\u1eb7c bi\u1ec7t g\u00f3i s\u00fap x\u01b0\u01a1ng c\u00f4 \u0111\u1eb7c k\u00e8m theo \u0111\u01b0\u1ee3c l\u00e0m t\u1eeb x\u01b0\u01a1ng heo v\u00e0 x\u01b0\u01a1ng g\u00e0 c\u00e0ng l\u00e0m cho v\u1ecb n\u01b0\u1edbc l\u1ea9u th\u00eam tinh t\u00fay v\u00e0 \u0111\u1eadm \u0111\u00e0. Tuy kh\u00f4ng b\u1eaft m\u1eaft \u0111\u1ecf r\u1ef1c nh\u01b0\u00a0l\u1ea9u cay mala\u00a0nh\u01b0ng v\u1edbi m\u00e0u tr\u1eafng nh\u1eb9 nh\u00e0ng c\u1ee7a\u00a0<strong>l\u1ea9u S\u1eefa<\/strong>\u00a0l\u1ea1i d\u1ec5 g\u00e2y cu\u1ed1n h\u00fat \u0111\u1ebfn ng\u01b0\u1eddi d\u00f9ng ngay t\u1eeb c\u00e1i h\u00fap n\u01b0\u1edbc \u0111\u1ea7u ti\u00ean.<\/p>\n<p style=\"text-align: center;\"><img loading=\"lazy\" decoding=\"async\" class=\"alignnone wp-image-30545\" src=\"https:\/\/havamall.com\/wp-content\/uploads\/2023\/02\/Screen-Shot-2023-02-20-at-5.27.10-PM-300x298.png\" alt=\"\" width=\"609\" height=\"605\" \/><\/p>\n<p>Ngo\u00e0i ra, \u0111\u1ec3 t\u0103ng th\u00eam m\u00e0u s\u1eafc t\u00f4 \u0111i\u1ec3m gi\u1eefa m\u1ed9t n\u1ed3i n\u01b0\u1edbc l\u1ea9u tr\u1eafng, s\u1ea3n ph\u1ea9m c\u00f2n c\u00f3 th\u00eam\u00a0t\u00e1o \u0111\u1ecf\u00a0v\u00e0 k\u1ef7 t\u1eed, \u0111\u1ec1u l\u00e0 nh\u1eefng nguy\u00ean li\u1ec7u th\u01b0\u1eddng d\u00f9ng nhi\u1ec1u trong \u1ea9m th\u1ef1c Trung Hoa nh\u1eb1m gi\u00fap m\u00f3n \u0103n nh\u00e2n \u0111\u00f4i h\u01b0\u01a1ng v\u1ecb v\u00e0 b\u1ed5 d\u01b0\u1ee1ng h\u01a1n. G\u00f3i m\u1ee1 g\u00e0 n\u1ea5u c\u00f9ng c\u0169ng nh\u1eb1m l\u00e0m t\u0103ng th\u00eam v\u1ecb b\u00e9o cho m\u00f3n l\u1ea9u tr\u1edf n\u00ean h\u1ea5p d\u1eabn. T\u1ea5t c\u1ea3 \u0111\u1ec1u \u0111\u01b0\u1ee3c l\u1ef1a ch\u1ecdn k\u1ef9, nghi\u00eam ng\u1eb7t v\u00e0 \u0111\u1ea1t ch\u1ea5t l\u01b0\u1ee3ng n\u00ean b\u1ea1n ho\u00e0n to\u00e0n c\u00f3 th\u1ec3 y\u00ean t\u00e2m khi d\u00f9ng.<\/p>\n<p>V\u1edbi g\u00f3i c\u1ed1t n\u00e0y, b\u1ea1n ch\u1ec9 c\u1ea7n cho g\u00f3i b\u1ed9t v\u00e0o kho\u1ea3ng 1000ml n\u01b0\u1edbc d\u00f9ng l\u1ea9u \u0111\u00e3 chu\u1ea9n b\u1ecb s\u1eb5n, n\u1ea5u s\u00f4i c\u00f9ng v\u1edbi c\u00e1c nguy\u00ean li\u1ec7u kh\u00e1c l\u00e0 s\u1ebd d\u1ec5 d\u00e0ng c\u00f3 ngay m\u1ed9t n\u1ed3i l\u1ea9u Tr\u01b0\u1eddng Th\u1ecd t\u1ea1i nh\u00e0, qu\u00e2y qu\u1ea7n c\u00f9ng gia \u0111\u00ecnh. \u0110\u1eebng qu\u00ean cho th\u00eam v\u00e0o c\u00e1c lo\u1ea1i\u00a0vi\u00ean th\u1ea3 l\u1ea9u,\u00a0rau,\u00a0n\u1ea5m,&#8230;\u0111\u1ec3 cho m\u00f3n hotpot c\u1ee7a b\u1ea1n c\u00e0ng tr\u1edf n\u00ean phong ph\u00fa h\u01a1n nh\u00e9!<\/p>\n<h2><strong>H\u01af\u1edaNG D\u1eaaN S\u1eec D\u1ee4NG<\/strong><\/h2>\n<p>Cho g\u00f3i b\u1ed9t v\u00e0o 1000ml-1200ml n\u01b0\u1edbc s\u00f4i (ngon h\u01a1n n\u1ebfu d\u00f9ng n\u01b0\u1edbc h\u1ea7m x\u01b0\u01a1ng ho\u1eb7c n\u01b0\u1edbc lu\u1ed9c g\u00e0), sau \u0111\u00f3 cho th\u00eam h\u00e0nh l\u00e1, g\u1eebng,\u2026t\u00f9y theo s\u1edf th\u00edch c\u00e1 nh\u00e2n. Sau khi n\u01b0\u1edbc s\u00f4i cho c\u00e1c m\u00f3n \u0103n kh\u00e1c v\u00e0o n\u1ea5u ch\u00edn v\u00e0 th\u01b0\u1edfng th\u1ee9c.<\/p>","protected":false},"excerpt":{"rendered":"<p>&nbsp; TH\u00d4NG TIN CHUNG Th\u01b0\u01a1ng hi\u1ec7u Haidilao Xu\u1ea5t x\u1ee9 Malaysia Th\u00e0nh ph\u1ea7n G\u00f3i b\u1ed9t s\u00fap: Maltodextrin (gluten), gia v\u1ecb tinh<\/p>","protected":false},"featured_media":30546,"comment_status":"open","ping_status":"closed","template":"","meta":[],"product_brand":[],"product_cat":[36],"product_tag":[],"class_list":{"0":"post-30541","1":"product","2":"type-product","3":"status-publish","4":"has-post-thumbnail","6":"product_cat-thuc-pham-tieu-dung","8":"first","9":"outofstock","10":"sale","11":"shipping-taxable","12":"purchasable","13":"product-type-simple"},"_links":{"self":[{"href":"https:\/\/havamall.com\/en\/wp-json\/wp\/v2\/product\/30541","targetHints":{"allow":["GET"]}}],"collection":[{"href":"https:\/\/havamall.com\/en\/wp-json\/wp\/v2\/product"}],"about":[{"href":"https:\/\/havamall.com\/en\/wp-json\/wp\/v2\/types\/product"}],"replies":[{"embeddable":true,"href":"https:\/\/havamall.com\/en\/wp-json\/wp\/v2\/comments?post=30541"}],"version-history":[{"count":0,"href":"https:\/\/havamall.com\/en\/wp-json\/wp\/v2\/product\/30541\/revisions"}],"wp:featuredmedia":[{"embeddable":true,"href":"https:\/\/havamall.com\/en\/wp-json\/wp\/v2\/media\/30546"}],"wp:attachment":[{"href":"https:\/\/havamall.com\/en\/wp-json\/wp\/v2\/media?parent=30541"}],"wp:term":[{"taxonomy":"product_brand","embeddable":true,"href":"https:\/\/havamall.com\/en\/wp-json\/wp\/v2\/product_brand?post=30541"},{"taxonomy":"product_cat","embeddable":true,"href":"https:\/\/havamall.com\/en\/wp-json\/wp\/v2\/product_cat?post=30541"},{"taxonomy":"product_tag","embeddable":true,"href":"https:\/\/havamall.com\/en\/wp-json\/wp\/v2\/product_tag?post=30541"}],"curies":[{"name":"wp","href":"https:\/\/api.w.org\/{rel}","templated":true}]}}