{"id":30654,"date":"2023-03-01T14:11:27","date_gmt":"2023-03-01T07:11:27","guid":{"rendered":"https:\/\/havamall.com\/?post_type=product&#038;p=30654"},"modified":"2023-03-09T15:00:07","modified_gmt":"2023-03-09T08:00:07","slug":"muong-dong-tich-hop-nen-ca-phe-2-trong-1-tien-loi","status":"publish","type":"product","link":"https:\/\/havamall.com\/en\/shop\/muong-dong-tich-hop-nen-ca-phe-2-trong-1-tien-loi\/","title":{"rendered":"Mu\u1ed7ng \u0110ong T\u00edch H\u1ee3p N\u00e9n C\u00e0 Ph\u00ea 2 Trong 1 Ti\u1ec7n L\u1ee3i"},"content":{"rendered":"<p>Th\u00eca \u0111ong c\u00e0 ph\u00ea k\u1ebft h\u1ee3p n\u00e9n c\u00e0 ph\u00ea m\u1ed9t d\u1ee5ng c\u1ee5 nh\u1ecf nh\u01b0ng gi\u1ea3i quy\u1ebft v\u1ea5n \u0111\u1ec1 thi\u1ebfu ch\u00ednh x\u00e1c v\u00e0 t\u1ed1n th\u1eddi gian c\u1ee7a vi\u1ec7c u\u1edbc ch\u1eebng l\u01b0\u1ee3ng c\u00e0 ph\u00ea, b\u1ed9t s\u1eefa, \u0111\u01b0\u1eddng trong l\u00fac pha ch\u1ebf.<\/p>\n<p>Th\u00edch h\u1ee3p v\u1edbi c\u00e1c qu\u00e1n c\u00e0 ph\u00ea, nh\u00e0 h\u00e0ng c\u1ea7n \u0111\u1ed9 ch\u00ednh x\u00e1c cao v\u00e0 nhanh ch\u00f3ng trong \u0111\u1ecbnh l\u01b0\u1ee3ng c\u00e1c th\u00e0nh ph\u1ea7n pha ch\u1ebf. Chi\u1ebfc th\u00eca n\u00e0y ph\u00f9 h\u1ee3p \u0111\u1ec3 s\u1eed d\u1ee5ng v\u1edbi t\u1ea5t c\u1ea3 c\u00e1c lo\u1ea1i m\u00e1y pha c\u00e0 ph\u00ea v\u00e0 c\u00e0 ph\u00ea h\u00f2a tan.<\/p>\n<p><img fetchpriority=\"high\" decoding=\"async\" class=\"wp-image-30655 aligncenter\" src=\"https:\/\/havamall.com\/wp-content\/uploads\/2023\/03\/z4146924043728_eb93fc242b3dd8b3ffeeee97368beab8-300x249.png\" alt=\"\" width=\"617\" height=\"512\" \/><\/p>\n<p>Mu\u1ed7ng \u0111o l\u01b0\u1eddng l\u00e0 ph\u1ee5 ki\u1ec7n kh\u00f4ng th\u1ec3 thi\u1ebfu trong qu\u1ea7y bar c\u1ee7a qu\u00e1n cafe. Mu\u1ed7ng \u0111o l\u01b0\u1eddng g\u1ea7n ch\u00ednh x\u00e1c l\u01b0\u1ee3ng b\u1ed9t cafe s\u1eed d\u1ee5ng khi pha ch\u1ebf, gi\u00fap ch\u1ea5t l\u01b0\u1ee3ng m\u1ed7i ly cafe pha ra \u0111\u1ed3ng \u0111\u1ec1u nhau.<\/p>\n<p>Thi\u1ebft k\u1ebf c\u1ed5 \u0111i\u1ec3n hai trong m\u1ed9t, c\u00f3 th\u1ec3 \u0111\u01b0\u1ee3c s\u1eed d\u1ee5ng nh\u01b0 mu\u1ed7ng \u0111o l\u01b0\u1eddng v\u00e0 d\u1ee5ng c\u1ee5 n\u00e9n c\u00e0 ph\u00ea Thi\u1ebft k\u1ebf tay c\u1ea7m d\u00e0i, l\u1ef1c n\u00e9n ch\u1eafc ch\u1eafn. D\u1ec5 d\u00e0ng cho h\u1ea1t c\u00e0 ph\u00ea, b\u1ed9t c\u00e0 ph\u00ea, s\u1eefa b\u1ed9t, ng\u0169 c\u1ed1c, v.v.<\/p>\n<p><img decoding=\"async\" class=\"wp-image-30656 aligncenter\" src=\"https:\/\/havamall.com\/wp-content\/uploads\/2023\/03\/z4146924472461_4f5e44ed8661f31304ec2461ec624b11-300x300.png\" alt=\"\" width=\"610\" height=\"610\" \/><\/p>\n<h2><strong>C\u00d4NG D\u1ee4NG C\u1ee6A S\u1ea2N PH\u1ea8M<\/strong><\/h2>\n<p>&#8211; Ph\u1ee5 ki\u1ec7n kh\u00f4ng th\u1ec3 thi\u1ebfu c\u1ee7a m\u1ed7i ng\u01b0\u1eddi y\u00eau th\u00edch c\u00e0 ph\u00ea v\u00e0 c\u00e0 ph\u00ea espresso<\/p>\n<p>&#8211; H\u1ed7 tr\u1ee3 thi\u1ebft th\u1ef1c \u0111\u1ec3 chia ph\u1ea7n c\u00e0 ph\u00ea espresso v\u00e0 \u0111\u1ec3 \u00e9p b\u1ed9t c\u00e0 ph\u00ea trong m\u00e1y pha c\u00e0 ph\u00ea espresso hay trong ph\u1ee5 ki\u1ec7n pha c\u00e0 ph\u00ea<\/p>\n<p>&#8211; Th\u00eca \u0111o c\u00e0 ph\u00ea \u0111o b\u1ed9t c\u00e0 ph\u00ea cho m\u1ed9t c\u1ed1c S\u1ef1 k\u1ebft h\u1ee3p gi\u1eefa tem espresso v\u00e0 th\u00eca \u0111ong c\u00e0 ph\u00ea.<\/p>\n<p><img decoding=\"async\" class=\"wp-image-30657 aligncenter\" src=\"https:\/\/havamall.com\/wp-content\/uploads\/2023\/03\/z4146925060136_d5ba85829101248fb7bf51df60a7a143-300x300.jpg\" alt=\"\" width=\"602\" height=\"602\" \/><\/p>","protected":false},"excerpt":{"rendered":"<p>Th\u00eca \u0111ong c\u00e0 ph\u00ea k\u1ebft h\u1ee3p n\u00e9n c\u00e0 ph\u00ea m\u1ed9t d\u1ee5ng c\u1ee5 nh\u1ecf nh\u01b0ng gi\u1ea3i quy\u1ebft v\u1ea5n \u0111\u1ec1 thi\u1ebfu ch\u00ednh<\/p>","protected":false},"featured_media":30658,"comment_status":"open","ping_status":"closed","template":"","meta":[],"product_brand":[],"product_cat":[393,35],"product_tag":[],"class_list":{"0":"post-30654","1":"product","2":"type-product","3":"status-publish","4":"has-post-thumbnail","6":"product_cat-bep-phong-an","7":"product_cat-nha-cua-doi-song","9":"first","10":"instock","11":"sale","12":"shipping-taxable","13":"purchasable","14":"product-type-simple"},"_links":{"self":[{"href":"https:\/\/havamall.com\/en\/wp-json\/wp\/v2\/product\/30654","targetHints":{"allow":["GET"]}}],"collection":[{"href":"https:\/\/havamall.com\/en\/wp-json\/wp\/v2\/product"}],"about":[{"href":"https:\/\/havamall.com\/en\/wp-json\/wp\/v2\/types\/product"}],"replies":[{"embeddable":true,"href":"https:\/\/havamall.com\/en\/wp-json\/wp\/v2\/comments?post=30654"}],"version-history":[{"count":0,"href":"https:\/\/havamall.com\/en\/wp-json\/wp\/v2\/product\/30654\/revisions"}],"wp:featuredmedia":[{"embeddable":true,"href":"https:\/\/havamall.com\/en\/wp-json\/wp\/v2\/media\/30658"}],"wp:attachment":[{"href":"https:\/\/havamall.com\/en\/wp-json\/wp\/v2\/media?parent=30654"}],"wp:term":[{"taxonomy":"product_brand","embeddable":true,"href":"https:\/\/havamall.com\/en\/wp-json\/wp\/v2\/product_brand?post=30654"},{"taxonomy":"product_cat","embeddable":true,"href":"https:\/\/havamall.com\/en\/wp-json\/wp\/v2\/product_cat?post=30654"},{"taxonomy":"product_tag","embeddable":true,"href":"https:\/\/havamall.com\/en\/wp-json\/wp\/v2\/product_tag?post=30654"}],"curies":[{"name":"wp","href":"https:\/\/api.w.org\/{rel}","templated":true}]}}